{"id":1956,"date":"2025-09-10T16:41:13","date_gmt":"2025-09-10T16:41:13","guid":{"rendered":"https:\/\/www.lianyuanceramic.com\/?post_type=product&#038;p=1956"},"modified":"2025-09-23T07:20:07","modified_gmt":"2025-09-23T07:20:07","slug":"wholesale-embossed-porcelain-dinnerware","status":"publish","type":"product","link":"https:\/\/www.lianyuanceramic.com\/es\/product\/wholesale-embossed-porcelain-dinnerware\/","title":{"rendered":"Mayorista Vajilla de Porcelana en Relieve, Juego de Vajilla en Relieve para Hotel al por Mayor"},"content":{"rendered":"<figure class=\"wp-block-image size-full\"><img decoding=\"async\" width=\"1092\" height=\"727\" src=\"https:\/\/www.lianyuanceramic.com\/wp-content\/uploads\/2025\/09\/Wholesale-ceramic-relief-bowls-colorful-dinnerware-sets-in-bulk.webp\" alt=\"Mayorista Vajilla de Porcelana Gofrada\" class=\"wp-image-2068\" srcset=\"https:\/\/www.lianyuanceramic.com\/wp-content\/uploads\/2025\/09\/Wholesale-ceramic-relief-bowls-colorful-dinnerware-sets-in-bulk.webp 1092w, https:\/\/www.lianyuanceramic.com\/wp-content\/uploads\/2025\/09\/Wholesale-ceramic-relief-bowls-colorful-dinnerware-sets-in-bulk-300x200.webp 300w, https:\/\/www.lianyuanceramic.com\/wp-content\/uploads\/2025\/09\/Wholesale-ceramic-relief-bowls-colorful-dinnerware-sets-in-bulk-768x511.webp 768w, https:\/\/www.lianyuanceramic.com\/wp-content\/uploads\/2025\/09\/Wholesale-ceramic-relief-bowls-colorful-dinnerware-sets-in-bulk-18x12.webp 18w, https:\/\/www.lianyuanceramic.com\/wp-content\/uploads\/2025\/09\/Wholesale-ceramic-relief-bowls-colorful-dinnerware-sets-in-bulk-600x399.webp 600w\" sizes=\"(max-width: 1092px) 100vw, 1092px\" \/><\/figure>\n\n\n\n<div class=\"wp-block-columns is-layout-flex wp-container-core-columns-is-layout-9d6595d7 wp-block-columns-is-layout-flex\">\n<div class=\"wp-block-column is-layout-flow wp-block-column-is-layout-flow\">\n<h2 class=\"wp-block-heading\">Vajilla de porcelana repujada Caracter\u00edsticas:<\/h2>\n\n\n\n<p><strong>Patr\u00f3n exquisito<\/strong>: El dise\u00f1o de textura floral y geom\u00e9trica del interior combina la est\u00e9tica con un efecto de presentaci\u00f3n de la marca en la mesa, mejorando el estilo del restaurante.<\/p>\n\n\n\n<p><strong>Gran atractivo visual<\/strong>: El colorido juego de vajilla atrae f\u00e1cilmente las miradas en restaurantes, cafeter\u00edas o mesas familiares, realzando la belleza general.<\/p>\n\n\n\n<p><strong>Porcelana de alta calidad:<\/strong> Fabricado en porcelana de alta calidad, es ecol\u00f3gico, no t\u00f3xico y duradero.<\/p>\n\n\n\n<p><strong>Tecnolog\u00eda In-Glaze:<\/strong> Gracias a la tecnolog\u00eda de esmaltado interior, la superficie es brillante y suave al tacto, y el color es suave y duradero.<\/p>\n\n\n\n<p><strong>Bonito aspecto:<\/strong> El dise\u00f1o en relieve a\u00f1ade una sensaci\u00f3n tridimensional y art\u00edstica, lo que hace que la vajilla sea m\u00e1s de gama alta y est\u00e9 m\u00e1s orientada al dise\u00f1o.<\/p>\n\n\n\n<p><strong>Vajilla completa: <\/strong>Incluye vajilla, juegos de t\u00e9, juegos de caf\u00e9, platos de postre, platos de fruta, soperas, bandejas, etc. Una variedad de especificaciones, adecuado para diferentes escenas de comedor.<\/p>\n<\/div>\n\n\n\n<div class=\"wp-block-column is-layout-flow wp-block-column-is-layout-flow\">\n<h2 class=\"wp-block-heading\">Vajilla de porcelana repujada personalizada:<\/h2>\n\n\n\n<p>Lianyuan ofrece varias opciones de vajilla personalizada seg\u00fan las necesidades de la marca o las tendencias de la moda, por lo que resulta ideal para uso personal y comercial.<\/p>\n\n\n\n<p><strong>Dise\u00f1o:&nbsp;<\/strong>Formas y motivos variados.<\/p>\n\n\n\n<p><strong>Composici\u00f3n del conjunto:<\/strong>&nbsp;Juegos de tazas de cer\u00e1mica personalizados con combinaciones de tazas, cuencos y cucharas.<\/p>\n\n\n\n<p><strong>Tama\u00f1o:&nbsp;<\/strong>Elija entre varios tama\u00f1os para adaptarse a las diferentes raciones de comida.<\/p>\n\n\n\n<p><strong>Material:<\/strong>&nbsp;Cer\u00e1mica, porcelana, porcelana china o pregunte por alternativas.<\/p>\n\n\n\n<p><strong>Artesan\u00eda:&nbsp;<\/strong>Calcoman\u00edas de esmalte, cambio de horno, pintadas a mano, motivos en relieve u otros.<\/p>\n\n\n\n<p><strong>Embalaje:&nbsp;<\/strong>Bulk Pack, caja de color, caja de regalo, caja expositora, caja postal, etc.<\/p>\n<\/div>\n<\/div>","protected":false},"excerpt":{"rendered":"<div class=\"D5aOJc vJwDU\">\n<div data-zone-id=\"0\" data-line-index=\"0\" data-line=\"true\">\n<p>Vajilla de porcelana repujada al por mayor fabricada en porcelana de alta calidad con un<span class=\"index_module_AiSummary__content__p__bold__497e669f\">\u00a0dise\u00f1o elegante<\/span>Con dise\u00f1os coloridos y tama\u00f1os vers\u00e1tiles. Duraderas, f\u00e1ciles de limpiar y perfectas para el hogar, hoteles, restaurantes, bodas y fiestas. P\u00f3ngase en contacto con nosotros para recibir propuestas personalizadas y cat\u00e1logos de productos.<\/p>\n<\/div>\n<\/div>\n<h2>Vajilla de porcelana repujada Par\u00e1metros:<\/h2>\n<table style=\"border-collapse: collapse; width: 370.82pt;\" border=\"0\" width=\"618\" cellspacing=\"0\" cellpadding=\"0\">\n<tbody>\n<tr style=\"height: 15.60pt;\">\n<td class=\"et3\" style=\"height: 15.60pt; width: 108.00pt;\" width=\"180\" height=\"26\">Fabricante<\/td>\n<td class=\"et3\" style=\"width: 263.25pt;\" width=\"438\">Lianyuan<\/td>\n<\/tr>\n<tr style=\"height: 15.60pt;\">\n<td class=\"et3\" style=\"height: 15.60pt;\" height=\"26\">Tipo de producto<\/td>\n<td class=\"et3\">Juegos de t\u00e9, Juegos de servicio, Cuencos, Platos<\/td>\n<\/tr>\n<tr style=\"height: 15.60pt;\">\n<td class=\"et3\" style=\"height: 15.60pt;\" height=\"26\">Patr\u00f3n<\/td>\n<td class=\"et3\">Exquisito motivo de rombos a rayas, motivo floral interior<\/td>\n<\/tr>\n<tr style=\"height: 15.60pt;\">\n<td class=\"et3\" style=\"height: 15.60pt;\" height=\"26\">Color<\/td>\n<td class=\"et3\">Rosa, Verde, Naranja, Amarillo<\/td>\n<\/tr>\n<tr style=\"height: 15.60pt;\">\n<td class=\"et3\" style=\"height: 15.60pt;\" height=\"26\">Material<\/td>\n<td class=\"et3\">Porcelana resistente<\/td>\n<\/tr>\n<tr style=\"height: 15.60pt;\">\n<td class=\"et3\" style=\"height: 15.60pt;\" height=\"26\">Artesan\u00eda<\/td>\n<td class=\"et3\">Calcoman\u00eda en esmalte, en relieve<\/td>\n<\/tr>\n<tr style=\"height: 15.60pt;\">\n<td class=\"et3\" style=\"height: 15.60pt;\" height=\"26\">Aplicaci\u00f3n<\/td>\n<td class=\"et3\">Apto para microondas, lavavajillas y horno<\/td>\n<\/tr>\n<tr style=\"height: 15.60pt;\">\n<td class=\"et3\" style=\"height: 15.60pt;\" height=\"26\">A medida<\/td>\n<td class=\"et3\">Color\/Tama\u00f1o\/Logotipo\/Embalaje<\/td>\n<\/tr>\n<\/tbody>\n<\/table>","protected":false},"featured_media":1954,"comment_status":"open","ping_status":"closed","template":"","meta":{"_acf_changed":false},"product_brand":[],"product_cat":[17,18,19],"product_tag":[30,29,27],"class_list":{"0":"post-1956","1":"product","2":"type-product","3":"status-publish","4":"has-post-thumbnail","6":"product_cat-dinnerware-wholesale","7":"product_cat-wholesale-custom-tea-set","8":"product_cat-serveware-wholesale","9":"product_tag-custom-porcelain-dinnerware","10":"product_tag-hand-painted-embossed-dinnerware-wholesale","11":"product_tag-wholesale-decal-ceramics","13":"first","14":"instock","15":"shipping-taxable","16":"product-type-simple"},"acf":[],"_links":{"self":[{"href":"https:\/\/www.lianyuanceramic.com\/es\/wp-json\/wp\/v2\/product\/1956","targetHints":{"allow":["GET"]}}],"collection":[{"href":"https:\/\/www.lianyuanceramic.com\/es\/wp-json\/wp\/v2\/product"}],"about":[{"href":"https:\/\/www.lianyuanceramic.com\/es\/wp-json\/wp\/v2\/types\/product"}],"replies":[{"embeddable":true,"href":"https:\/\/www.lianyuanceramic.com\/es\/wp-json\/wp\/v2\/comments?post=1956"}],"wp:featuredmedia":[{"embeddable":true,"href":"https:\/\/www.lianyuanceramic.com\/es\/wp-json\/wp\/v2\/media\/1954"}],"wp:attachment":[{"href":"https:\/\/www.lianyuanceramic.com\/es\/wp-json\/wp\/v2\/media?parent=1956"}],"wp:term":[{"taxonomy":"product_brand","embeddable":true,"href":"https:\/\/www.lianyuanceramic.com\/es\/wp-json\/wp\/v2\/product_brand?post=1956"},{"taxonomy":"product_cat","embeddable":true,"href":"https:\/\/www.lianyuanceramic.com\/es\/wp-json\/wp\/v2\/product_cat?post=1956"},{"taxonomy":"product_tag","embeddable":true,"href":"https:\/\/www.lianyuanceramic.com\/es\/wp-json\/wp\/v2\/product_tag?post=1956"}],"curies":[{"name":"wp","href":"https:\/\/api.w.org\/{rel}","templated":true}]}}