{"id":1886,"date":"2025-08-15T03:30:04","date_gmt":"2025-08-15T03:30:04","guid":{"rendered":"https:\/\/www.lianyuanceramic.com\/?post_type=product&#038;p=1886"},"modified":"2025-08-15T03:34:14","modified_gmt":"2025-08-15T03:34:14","slug":"wholesale-western-dinnerware","status":"publish","type":"product","link":"https:\/\/www.lianyuanceramic.com\/es\/product\/wholesale-western-dinnerware\/","title":{"rendered":"Mayorista Vajilla Occidental, Juegos de Tazas Estilo Brit\u00e1nico Patrones Arquitect\u00f3nicos Rurales Personalizados"},"content":{"rendered":"<div class=\"wp-block-columns is-layout-flex wp-container-core-columns-is-layout-9d6595d7 wp-block-columns-is-layout-flex\">\n<div class=\"wp-block-column is-layout-flow wp-block-column-is-layout-flow\">\n<h2 class=\"wp-block-heading\">Vajilla occidental al por mayor Caracter\u00edsticas:<\/h2>\n\n\n\n<p><strong>Dise\u00f1o arquitect\u00f3nico rural: <\/strong>Arquitectura cl\u00e1sica occidental, estilo pastoril, afecto natural.<\/p>\n\n\n\n<p><strong>Diversas opciones de color<\/strong>: El azul, el verde, el rojo y el negro ofrecen combinaciones flexibles, creando f\u00e1cilmente un ambiente de comedor \u00fanico.<\/p>\n\n\n\n<p><strong>Artesan\u00eda en porcelana de alta temperatura: <\/strong>La cocci\u00f3n a alta temperatura da como resultado un cuerpo de porcelana duradero y de grano fino que resiste el desgaste diario y mantiene un color vibrante y duradero.<\/p>\n\n\n\n<p><strong>C\u00f3moda capacidad:<\/strong> La taza contiene la cantidad justa de comida y bebida, perfectamente proporcionada al plato de servir, lo que la hace perfecta para disfrutar del t\u00e9, el caf\u00e9 o los postres.<\/p>\n\n\n\n<p><strong>Vers\u00e1til<\/strong>: Adecuado tanto para restaurantes como para hogares, tambi\u00e9n es un estupendo regalo navide\u00f1o, recuerdo o art\u00edculo de exposici\u00f3n.<\/p>\n\n\n\n<p><strong>Personalizaci\u00f3n flexible:<\/strong> Se pueden imprimir gr\u00e1ficos, logotipos y envases personalizados para realzar la singularidad de su marca.<\/p>\n\n\n\n<h2 class=\"wp-block-heading\">Vajilla Western personalizada:<\/h2>\n\n\n\n<p>Lianyuan ofrece una gran variedad de vajillas personalizadas adaptadas a las necesidades de la marca o a las tendencias de la moda, por lo que resultan ideales tanto para uso personal como comercial.<\/p>\n\n\n\n<ul class=\"wp-block-list\">\n<li><strong>Dise\u00f1o:&nbsp;<\/strong>Dise\u00f1o de color s\u00f3lido<\/li>\n\n\n\n<li><strong>Composici\u00f3n del conjunto:<\/strong>&nbsp;Juegos de tazas de cer\u00e1mica personalizados con combinaciones de tazas, cuencos y cucharas.<\/li>\n\n\n\n<li><strong>Tama\u00f1o:&nbsp;<\/strong>Elija entre varios tama\u00f1os para adaptarse a las diferentes raciones de comida.<\/li>\n\n\n\n<li><strong>Material:<\/strong>&nbsp;Cer\u00e1mica, porcelana, porcelana china o pregunte por alternativas.<\/li>\n\n\n\n<li><strong>Artesan\u00eda:&nbsp;<\/strong>Calcoman\u00edas de esmalte, cambio de horno, pintadas a mano, motivos en relieve u otros.<\/li>\n\n\n\n<li><strong>Embalaje:&nbsp;<\/strong>Bulk Pack, caja de color, caja de regalo, caja expositora, caja postal, etc.<\/li>\n<\/ul>\n<\/div>\n\n\n\n<div class=\"wp-block-column is-layout-flow wp-block-column-is-layout-flow\"><div class=\"wp-block-image\">\n<figure class=\"aligncenter size-full\"><img decoding=\"async\" width=\"733\" height=\"823\" src=\"https:\/\/www.lianyuanceramic.com\/wp-content\/uploads\/2025\/08\/Wholesale-Western-Dinnerware-1.webp\" alt=\"Vajilla del Oeste al por mayor\" class=\"wp-image-1916\" style=\"object-fit:cover\" srcset=\"https:\/\/www.lianyuanceramic.com\/wp-content\/uploads\/2025\/08\/Wholesale-Western-Dinnerware-1.webp 733w, https:\/\/www.lianyuanceramic.com\/wp-content\/uploads\/2025\/08\/Wholesale-Western-Dinnerware-1-267x300.webp 267w, https:\/\/www.lianyuanceramic.com\/wp-content\/uploads\/2025\/08\/Wholesale-Western-Dinnerware-1-11x12.webp 11w, https:\/\/www.lianyuanceramic.com\/wp-content\/uploads\/2025\/08\/Wholesale-Western-Dinnerware-1-600x674.webp 600w\" sizes=\"(max-width: 733px) 100vw, 733px\" \/><\/figure>\n<\/div><\/div>\n<\/div>\n\n\n\n<div class=\"wp-block-columns is-layout-flex wp-container-core-columns-is-layout-9d6595d7 wp-block-columns-is-layout-flex\">\n<div class=\"wp-block-column is-layout-flow wp-block-column-is-layout-flow\">\n<figure class=\"wp-block-image size-full\"><img decoding=\"async\" width=\"700\" height=\"700\" src=\"https:\/\/www.lianyuanceramic.com\/wp-content\/uploads\/2025\/08\/Western-dinnerware-wholesale-3.webp\" alt=\"Vajilla occidental al por mayor..\" class=\"wp-image-1890\" srcset=\"https:\/\/www.lianyuanceramic.com\/wp-content\/uploads\/2025\/08\/Western-dinnerware-wholesale-3.webp 700w, https:\/\/www.lianyuanceramic.com\/wp-content\/uploads\/2025\/08\/Western-dinnerware-wholesale-3-300x300.webp 300w, https:\/\/www.lianyuanceramic.com\/wp-content\/uploads\/2025\/08\/Western-dinnerware-wholesale-3-150x150.webp 150w, https:\/\/www.lianyuanceramic.com\/wp-content\/uploads\/2025\/08\/Western-dinnerware-wholesale-3-12x12.webp 12w, https:\/\/www.lianyuanceramic.com\/wp-content\/uploads\/2025\/08\/Western-dinnerware-wholesale-3-600x600.webp 600w, https:\/\/www.lianyuanceramic.com\/wp-content\/uploads\/2025\/08\/Western-dinnerware-wholesale-3-100x100.webp 100w\" sizes=\"(max-width: 700px) 100vw, 700px\" \/><\/figure>\n<\/div>\n\n\n\n<div class=\"wp-block-column is-layout-flow wp-block-column-is-layout-flow\">\n<figure class=\"wp-block-image size-full\"><img decoding=\"async\" width=\"840\" height=\"825\" src=\"https:\/\/www.lianyuanceramic.com\/wp-content\/uploads\/2025\/08\/Wholesale-Western-Dinnerware-3.webp\" alt=\"Vajilla del Oeste al por mayor\" class=\"wp-image-1918\" srcset=\"https:\/\/www.lianyuanceramic.com\/wp-content\/uploads\/2025\/08\/Wholesale-Western-Dinnerware-3.webp 840w, https:\/\/www.lianyuanceramic.com\/wp-content\/uploads\/2025\/08\/Wholesale-Western-Dinnerware-3-300x295.webp 300w, https:\/\/www.lianyuanceramic.com\/wp-content\/uploads\/2025\/08\/Wholesale-Western-Dinnerware-3-768x754.webp 768w, https:\/\/www.lianyuanceramic.com\/wp-content\/uploads\/2025\/08\/Wholesale-Western-Dinnerware-3-12x12.webp 12w, https:\/\/www.lianyuanceramic.com\/wp-content\/uploads\/2025\/08\/Wholesale-Western-Dinnerware-3-600x589.webp 600w\" sizes=\"(max-width: 840px) 100vw, 840px\" \/><\/figure>\n<\/div>\n<\/div>","protected":false},"excerpt":{"rendered":"<div class=\"D5aOJc vJwDU\">\n<div data-zone-id=\"0\" data-line-index=\"0\" data-line=\"true\">\n<p>Vajilla occidental al por mayor, aplicando la est\u00e9tica europea y los estilos arquitect\u00f3nicos occidentales, cocci\u00f3n a alta temperatura, cuatro colores disponibles y exquisita artesan\u00eda. Suministros directos de f\u00e1brica, descuentos de personalizaci\u00f3n a granel, \u00a1bienvenido a consultar ahora!<\/p>\n<\/div>\n<\/div>\n<h2>Vajilla occidental al por mayor Par\u00e1metros:<\/h2>\n<table style=\"border-collapse: collapse; width: 370.82pt;\" border=\"0\" width=\"618\" cellspacing=\"0\" cellpadding=\"0\">\n<tbody>\n<tr style=\"height: 15.60pt;\">\n<td class=\"et3\" style=\"height: 15.60pt; width: 108.00pt;\" width=\"180\" height=\"26\">Fabricante<\/td>\n<td class=\"et3\" style=\"width: 263.25pt;\" width=\"438\">Lianyuan<\/td>\n<\/tr>\n<tr style=\"height: 15.60pt;\">\n<td class=\"et3\" style=\"height: 15.60pt;\" height=\"26\">Tipo de producto<\/td>\n<td class=\"et3\">Juegos de tazas de t\u00e9 y platillos, tazas de caf\u00e9, soporte para postres y magdalenas, platos para servir, lecheras, bandejas, jarrones<\/td>\n<\/tr>\n<tr style=\"height: 15.60pt;\">\n<td class=\"et3\" style=\"height: 15.60pt;\" height=\"26\">Patr\u00f3n<\/td>\n<td class=\"et3\">Estilo brit\u00e1nico<\/td>\n<\/tr>\n<tr style=\"height: 15.60pt;\">\n<td class=\"et3\" style=\"height: 15.60pt;\" height=\"26\">Color<\/td>\n<td class=\"et3\">Multi<\/td>\n<\/tr>\n<tr style=\"height: 15.60pt;\">\n<td class=\"et3\" style=\"height: 15.60pt;\" height=\"26\">Material<\/td>\n<td class=\"et3\">Porcelana resistente<\/td>\n<\/tr>\n<tr style=\"height: 15.60pt;\">\n<td class=\"et3\" style=\"height: 15.60pt;\" height=\"26\">Artesan\u00eda<\/td>\n<td class=\"et3\">Calcoman\u00eda In-Glaze<\/td>\n<\/tr>\n<tr style=\"height: 15.60pt;\">\n<td class=\"et3\" style=\"height: 15.60pt;\" height=\"26\">Aplicaci\u00f3n<\/td>\n<td class=\"et3\">Apto para microondas, lavavajillas y horno<\/td>\n<\/tr>\n<tr style=\"height: 15.60pt;\">\n<td class=\"et3\" style=\"height: 15.60pt;\" height=\"26\">A medida<\/td>\n<td class=\"et3\">Color\/Tama\u00f1o\/Logotipo\/Embalaje<\/td>\n<\/tr>\n<\/tbody>\n<\/table>","protected":false},"featured_media":1888,"comment_status":"open","ping_status":"closed","template":"","meta":{"_acf_changed":false},"product_brand":[],"product_cat":[17,18,19],"product_tag":[30,27],"class_list":{"0":"post-1886","1":"product","2":"type-product","3":"status-publish","4":"has-post-thumbnail","6":"product_cat-dinnerware-wholesale","7":"product_cat-wholesale-custom-tea-set","8":"product_cat-serveware-wholesale","9":"product_tag-custom-porcelain-dinnerware","10":"product_tag-wholesale-decal-ceramics","12":"first","13":"instock","14":"shipping-taxable","15":"product-type-simple"},"acf":[],"_links":{"self":[{"href":"https:\/\/www.lianyuanceramic.com\/es\/wp-json\/wp\/v2\/product\/1886","targetHints":{"allow":["GET"]}}],"collection":[{"href":"https:\/\/www.lianyuanceramic.com\/es\/wp-json\/wp\/v2\/product"}],"about":[{"href":"https:\/\/www.lianyuanceramic.com\/es\/wp-json\/wp\/v2\/types\/product"}],"replies":[{"embeddable":true,"href":"https:\/\/www.lianyuanceramic.com\/es\/wp-json\/wp\/v2\/comments?post=1886"}],"wp:featuredmedia":[{"embeddable":true,"href":"https:\/\/www.lianyuanceramic.com\/es\/wp-json\/wp\/v2\/media\/1888"}],"wp:attachment":[{"href":"https:\/\/www.lianyuanceramic.com\/es\/wp-json\/wp\/v2\/media?parent=1886"}],"wp:term":[{"taxonomy":"product_brand","embeddable":true,"href":"https:\/\/www.lianyuanceramic.com\/es\/wp-json\/wp\/v2\/product_brand?post=1886"},{"taxonomy":"product_cat","embeddable":true,"href":"https:\/\/www.lianyuanceramic.com\/es\/wp-json\/wp\/v2\/product_cat?post=1886"},{"taxonomy":"product_tag","embeddable":true,"href":"https:\/\/www.lianyuanceramic.com\/es\/wp-json\/wp\/v2\/product_tag?post=1886"}],"curies":[{"name":"wp","href":"https:\/\/api.w.org\/{rel}","templated":true}]}}