{"id":1862,"date":"2025-08-15T02:47:33","date_gmt":"2025-08-15T02:47:33","guid":{"rendered":"https:\/\/www.lianyuanceramic.com\/?post_type=product&#038;p=1862"},"modified":"2025-08-15T02:51:08","modified_gmt":"2025-08-15T02:51:08","slug":"wholesale-everyday-tableware","status":"publish","type":"product","link":"https:\/\/www.lianyuanceramic.com\/es\/product\/wholesale-everyday-tableware\/","title":{"rendered":"Mayorista Vajilla de Uso Diario, Vajilla Lindo Dibujos animados No T\u00f3xico a Granel"},"content":{"rendered":"<div class=\"wp-block-image\">\n<figure class=\"aligncenter size-full is-resized\"><img decoding=\"async\" width=\"4096\" height=\"2868\" src=\"https:\/\/www.lianyuanceramic.com\/wp-content\/uploads\/2025\/07\/Custom-logo-dinnerware.jpg\" alt=\"Vajilla con logotipo personalizado\" class=\"wp-image-1865\" style=\"width:703px;height:auto\" srcset=\"https:\/\/www.lianyuanceramic.com\/wp-content\/uploads\/2025\/07\/Custom-logo-dinnerware.jpg 4096w, https:\/\/www.lianyuanceramic.com\/wp-content\/uploads\/2025\/07\/Custom-logo-dinnerware-300x210.jpg 300w, https:\/\/www.lianyuanceramic.com\/wp-content\/uploads\/2025\/07\/Custom-logo-dinnerware-768x538.jpg 768w, https:\/\/www.lianyuanceramic.com\/wp-content\/uploads\/2025\/07\/Custom-logo-dinnerware-18x12.jpg 18w, https:\/\/www.lianyuanceramic.com\/wp-content\/uploads\/2025\/07\/Custom-logo-dinnerware-1200x840.jpg 1200w, https:\/\/www.lianyuanceramic.com\/wp-content\/uploads\/2025\/07\/Custom-logo-dinnerware-600x420.jpg 600w\" sizes=\"(max-width: 4096px) 100vw, 4096px\" \/><\/figure>\n<\/div>\n\n\n<div class=\"wp-block-columns is-layout-flex wp-container-core-columns-is-layout-9d6595d7 wp-block-columns-is-layout-flex\">\n<div class=\"wp-block-column is-layout-flow wp-block-column-is-layout-flow\">\n<h2 class=\"wp-block-heading\">Caracter\u00edsticas de la vajilla de uso cotidiano:<\/h2>\n\n\n\n<p><strong>Exquisito dise\u00f1o de ilustraci\u00f3n de dibujos animados:<\/strong> con ilustraciones de personajes dibujados a mano - estilo suave y rom\u00e1ntico, combinado con un bonito fondo de manchas de color, puede realzar el ambiente de la cena<\/p>\n\n\n\n<p><strong>Combinaciones de colores:<\/strong> La vajilla puede combinarse libremente en varios colores, como rosa, morado, verde y beige, para adaptarse a cualquier mesa de comedor.<\/p>\n\n\n\n<p><strong>Cer\u00e1mica de alta calidad<\/strong>: Cocida a altas temperaturas, la porcelana es delicada, suave, duradera y resistente a la decoloraci\u00f3n.<\/p>\n\n\n\n<p><strong>Vajilla completa:<\/strong> Incluye platos, tetera, tazas de caf\u00e9, jarra de leche, azucarero y mucho m\u00e1s, perfecto para el desayuno, el t\u00e9 de la tarde y las comidas de todos los d\u00edas.<\/p>\n\n\n\n<p><strong>Polivalente:<\/strong> Adecuado para uso dom\u00e9stico, cafeter\u00edas, tiendas de postres y regalos, combina belleza y practicidad.<\/p>\n\n\n\n<p><strong>Servicio OEM\/ODM<\/strong>: Podemos dise\u00f1ar logotipos de marca, motivos exclusivos o ilustraciones con temas festivos seg\u00fan las necesidades del cliente para que la vajilla sea m\u00e1s reconocible.<\/p>\n<\/div>\n\n\n\n<div class=\"wp-block-column is-layout-flow wp-block-column-is-layout-flow\">\n<h2 class=\"wp-block-heading\">Vajilla cotidiana personalizada:<\/h2>\n\n\n\n<p>Lianyuan ofrece una gran variedad de vajillas personalizadas adaptadas a las necesidades de la marca o a las tendencias de la moda, por lo que resultan ideales tanto para uso personal como comercial.<\/p>\n\n\n\n<p><strong>Dise\u00f1o:&nbsp;<\/strong>Dise\u00f1o de color s\u00f3lido<\/p>\n\n\n\n<p><strong>Composici\u00f3n del conjunto:<\/strong>&nbsp;Juegos de tazas de cer\u00e1mica personalizados con combinaciones de tazas, cuencos y cucharas.<\/p>\n\n\n\n<p><strong>Tama\u00f1o:&nbsp;<\/strong>Elija entre varios tama\u00f1os para adaptarse a las diferentes raciones de comida.<\/p>\n\n\n\n<p><strong>Material:<\/strong>&nbsp;Cer\u00e1mica, porcelana, porcelana china o pregunte por alternativas.<\/p>\n\n\n\n<p><strong>Artesan\u00eda:&nbsp;<\/strong>Calcoman\u00edas de esmalte, cambio de horno, pintadas a mano, motivos en relieve u otros.<\/p>\n\n\n\n<p><strong>Embalaje:&nbsp;<\/strong>Bulk Pack, caja de color, caja de regalo, caja expositora, caja postal, etc.<\/p>\n<\/div>\n<\/div>","protected":false},"excerpt":{"rendered":"<div class=\"D5aOJc vJwDU\">\n<div data-zone-id=\"0\" data-line-index=\"0\" data-line=\"true\">\n<p>Bienvenido a personalizar y vender al por mayor nuestra vajilla cotidiana, estilo est\u00e9tico de ilustraciones de personajes de dibujos animados, m\u00faltiples colores y combinaciones, de alta calidad y duradero, perfecto para el hogar, cafeter\u00eda y uso de regalo. Lianyuan ofrece una variedad de tama\u00f1os y un conjunto completo de vajilla, el apoyo a OEM y ODM. \u00a1P\u00f3ngase en contacto con nosotros para un presupuesto ahora!<\/p>\n<\/div>\n<\/div>\n<h2>Venta al por mayor de vajilla de uso cotidiano Par\u00e1metros:<\/h2>\n<table style=\"border-collapse: collapse; width: 370.82pt;\" border=\"0\" width=\"618\" cellspacing=\"0\" cellpadding=\"0\">\n<tbody>\n<tr style=\"height: 15.60pt;\">\n<td class=\"et3\" style=\"height: 15.60pt; width: 108.00pt;\" width=\"180\" height=\"26\">Fabricante<\/td>\n<td class=\"et3\" style=\"width: 263.25pt;\" width=\"438\">Lianyuan<\/td>\n<\/tr>\n<tr style=\"height: 15.60pt;\">\n<td class=\"et3\" style=\"height: 15.60pt;\" height=\"26\">Tipo de producto<\/td>\n<td class=\"et3\">Platos y cuencos, Juegos de t\u00e9, Soporte para tartas, Platos de postre, Azucareros, Bandejas,<\/td>\n<\/tr>\n<tr style=\"height: 15.60pt;\">\n<td class=\"et3\" style=\"height: 15.60pt;\" height=\"26\">Patr\u00f3n<\/td>\n<td class=\"et3\">Estilo a la moda<\/td>\n<\/tr>\n<tr style=\"height: 15.60pt;\">\n<td class=\"et3\" style=\"height: 15.60pt;\" height=\"26\">Color<\/td>\n<td class=\"et3\">Multi<\/td>\n<\/tr>\n<tr style=\"height: 15.60pt;\">\n<td class=\"et3\" style=\"height: 15.60pt;\" height=\"26\">Material<\/td>\n<td class=\"et3\">Porcelana resistente<\/td>\n<\/tr>\n<tr style=\"height: 15.60pt;\">\n<td class=\"et3\" style=\"height: 15.60pt;\" height=\"26\">Artesan\u00eda<\/td>\n<td class=\"et3\">Calcoman\u00eda In-Glaze<\/td>\n<\/tr>\n<tr style=\"height: 15.60pt;\">\n<td class=\"et3\" style=\"height: 15.60pt;\" height=\"26\">Aplicaci\u00f3n<\/td>\n<td class=\"et3\">Apto para microondas, lavavajillas y horno<\/td>\n<\/tr>\n<tr style=\"height: 15.60pt;\">\n<td class=\"et3\" style=\"height: 15.60pt;\" height=\"26\">A medida<\/td>\n<td class=\"et3\">Color\/Tama\u00f1o\/Logotipo\/Embalaje<\/td>\n<\/tr>\n<\/tbody>\n<\/table>","protected":false},"featured_media":1863,"comment_status":"open","ping_status":"closed","template":"","meta":{"_acf_changed":false},"product_brand":[],"product_cat":[17,18],"product_tag":[30,27],"class_list":{"0":"post-1862","1":"product","2":"type-product","3":"status-publish","4":"has-post-thumbnail","6":"product_cat-dinnerware-wholesale","7":"product_cat-wholesale-custom-tea-set","8":"product_tag-custom-porcelain-dinnerware","9":"product_tag-wholesale-decal-ceramics","11":"first","12":"instock","13":"shipping-taxable","14":"product-type-simple"},"acf":[],"_links":{"self":[{"href":"https:\/\/www.lianyuanceramic.com\/es\/wp-json\/wp\/v2\/product\/1862","targetHints":{"allow":["GET"]}}],"collection":[{"href":"https:\/\/www.lianyuanceramic.com\/es\/wp-json\/wp\/v2\/product"}],"about":[{"href":"https:\/\/www.lianyuanceramic.com\/es\/wp-json\/wp\/v2\/types\/product"}],"replies":[{"embeddable":true,"href":"https:\/\/www.lianyuanceramic.com\/es\/wp-json\/wp\/v2\/comments?post=1862"}],"wp:featuredmedia":[{"embeddable":true,"href":"https:\/\/www.lianyuanceramic.com\/es\/wp-json\/wp\/v2\/media\/1863"}],"wp:attachment":[{"href":"https:\/\/www.lianyuanceramic.com\/es\/wp-json\/wp\/v2\/media?parent=1862"}],"wp:term":[{"taxonomy":"product_brand","embeddable":true,"href":"https:\/\/www.lianyuanceramic.com\/es\/wp-json\/wp\/v2\/product_brand?post=1862"},{"taxonomy":"product_cat","embeddable":true,"href":"https:\/\/www.lianyuanceramic.com\/es\/wp-json\/wp\/v2\/product_cat?post=1862"},{"taxonomy":"product_tag","embeddable":true,"href":"https:\/\/www.lianyuanceramic.com\/es\/wp-json\/wp\/v2\/product_tag?post=1862"}],"curies":[{"name":"wp","href":"https:\/\/api.w.org\/{rel}","templated":true}]}}