{"id":1773,"date":"2025-08-15T03:57:32","date_gmt":"2025-08-15T03:57:32","guid":{"rendered":"https:\/\/www.lianyuanceramic.com\/?post_type=product&#038;p=1773"},"modified":"2025-08-15T03:57:58","modified_gmt":"2025-08-15T03:57:58","slug":"wholesale-porcelain-dinnerware-sets","status":"publish","type":"product","link":"https:\/\/www.lianyuanceramic.com\/es\/product\/wholesale-porcelain-dinnerware-sets\/","title":{"rendered":"Mayorista Vajillas de Porcelana para Boda, Juego de Tazas Florales de Oto\u00f1o Personalizadas"},"content":{"rendered":"<figure class=\"wp-block-image size-full\"><img decoding=\"async\" width=\"4096\" height=\"2437\" src=\"https:\/\/www.lianyuanceramic.com\/wp-content\/uploads\/2025\/07\/wholesale-dinnerware-for-weddings.jpg\" alt=\"venta al por mayor de vajillas para bodas\" class=\"wp-image-1859\" srcset=\"https:\/\/www.lianyuanceramic.com\/wp-content\/uploads\/2025\/07\/wholesale-dinnerware-for-weddings.jpg 4096w, https:\/\/www.lianyuanceramic.com\/wp-content\/uploads\/2025\/07\/wholesale-dinnerware-for-weddings-300x178.jpg 300w, https:\/\/www.lianyuanceramic.com\/wp-content\/uploads\/2025\/07\/wholesale-dinnerware-for-weddings-768x457.jpg 768w, https:\/\/www.lianyuanceramic.com\/wp-content\/uploads\/2025\/07\/wholesale-dinnerware-for-weddings-18x12.jpg 18w, https:\/\/www.lianyuanceramic.com\/wp-content\/uploads\/2025\/07\/wholesale-dinnerware-for-weddings-1200x714.jpg 1200w, https:\/\/www.lianyuanceramic.com\/wp-content\/uploads\/2025\/07\/wholesale-dinnerware-for-weddings-600x357.jpg 600w\" sizes=\"(max-width: 4096px) 100vw, 4096px\" \/><\/figure>\n\n\n\n<div class=\"wp-block-columns is-layout-flex wp-container-core-columns-is-layout-9d6595d7 wp-block-columns-is-layout-flex\">\n<div class=\"wp-block-column is-layout-flow wp-block-column-is-layout-flow\">\n<h2 class=\"wp-block-heading\">Vajilla de Porcelana al por mayor Caracter\u00edsticas:<\/h2>\n\n\n\n<p><strong>Lujoso dise\u00f1o de flores: <\/strong>El elegante dise\u00f1o floral rojo y dorado, combinado con la fina artesan\u00eda de los bordes, a\u00f1ade un toque art\u00edstico a la mesa.<\/p>\n\n\n\n<p><strong>Formas diversificadas:<\/strong> Los diferentes dise\u00f1os de formas pueden satisfacer necesidades de uso espec\u00edficas. <br>Las formas circulares (como cuencos y tazas) son estables, f\u00e1ciles de limpiar y permiten aprovechar al m\u00e1ximo el espacio.<br>Las formas cuadradas (como platos y tablas de cortar) son f\u00e1ciles de apilar y almacenar, adecuadas para la producci\u00f3n a gran escala<\/p>\n\n\n\n<p><strong>Saludable y seguro<\/strong>Esmalte sin plomo ni cadmio, seguro para el contacto con alimentos, apto para uso diario y en banquetes.<\/p>\n\n\n\n<p><strong>Porcelana de alta calidad:<\/strong> De porcelana duradera, resistente al calor y al desgaste, certificado FDA, LFGB, apto para el mercado mundial.<\/p>\n\n\n\n<p><strong>Tecnolog\u00eda de calcoman\u00eda In-Glaze:<\/strong> Gracias a la tecnolog\u00eda de calcoman\u00eda en esmalte, la superficie es brillante y suave al tacto, y el color es suave y duradero.<\/p>\n\n\n\n<p><strong>Vajilla completa: <\/strong>cubriendo la vajilla para la decoraci\u00f3n del hogar, incluyendo vajilla, juegos de t\u00e9, juegos de caf\u00e9, platos de postre, azucareros, lecheras, platos de fruta, soperas, bandejas, jarrones, etc. Una variedad de especificaciones, adecuadas para diferentes escenas de comedor.<\/p>\n<\/div>\n\n\n\n<div class=\"wp-block-column is-layout-flow wp-block-column-is-layout-flow\">\n<h2 class=\"wp-block-heading\">Vajillas de porcelana personalizadas:<\/h2>\n\n\n\n<p>Lianyuan ofrece varias opciones de vajilla personalizada seg\u00fan las necesidades de la marca o las tendencias de la moda, por lo que resulta ideal para uso personal y comercial.<\/p>\n\n\n\n<p><strong>Dise\u00f1o:&nbsp;<\/strong>Dise\u00f1o de color s\u00f3lido<\/p>\n\n\n\n<p><strong>Composici\u00f3n del conjunto:<\/strong>&nbsp;Juegos de tazas de cer\u00e1mica personalizados con combinaciones de tazas, cuencos y cucharas.<\/p>\n\n\n\n<p><strong>Tama\u00f1o:&nbsp;<\/strong>Elija entre varios tama\u00f1os para adaptarse a las diferentes raciones de comida.<\/p>\n\n\n\n<p><strong>Material:<\/strong>&nbsp;Cer\u00e1mica, porcelana, porcelana china o pregunte por alternativas.<\/p>\n\n\n\n<p><strong>Artesan\u00eda:&nbsp;<\/strong>Calcoman\u00edas de esmalte, cambio de horno, pintadas a mano, motivos en relieve u otros.<\/p>\n\n\n\n<p><strong>Embalaje:&nbsp;<\/strong>Bulk Pack, caja de color, caja de regalo, caja expositora, caja postal, etc.<\/p>\n<\/div>\n<\/div>","protected":false},"excerpt":{"rendered":"<div class=\"D5aOJc vJwDU\">\n<div data-zone-id=\"0\" data-line-index=\"0\" data-line=\"true\">\n<p>Vajilla de porcelana al por mayor, dise\u00f1o floral vintage, sin plomo y sin cadmio, por lo que es una opci\u00f3n de gama alta y duradera para banquetes de boda, hoteles y mesas de comedor en casa. Directo de f\u00e1brica de Lianyuan, ofreciendo servicios de OEM. \u00a1Bienvenido a preguntar!<\/p>\n<\/div>\n<\/div>\n<h2>Vajillas de porcelana Par\u00e1metros:<\/h2>\n<table style=\"border-collapse: collapse; width: 370.82pt;\" border=\"0\" width=\"618\" cellspacing=\"0\" cellpadding=\"0\">\n<tbody>\n<tr style=\"height: 15.60pt;\">\n<td class=\"et3\" style=\"height: 15.60pt; width: 108.00pt;\" width=\"180\" height=\"26\">Fabricante<\/td>\n<td class=\"et3\" style=\"width: 263.25pt;\" width=\"438\">Lianyuan<\/td>\n<\/tr>\n<tr style=\"height: 15.60pt;\">\n<td class=\"et3\" style=\"height: 15.60pt;\" height=\"26\">Tipo de producto<\/td>\n<td class=\"et3\">Juegos de t\u00e9, azucareros, jarras de leche, platos, soperas, jarrones, servilleteros<\/td>\n<\/tr>\n<tr style=\"height: 15.60pt;\">\n<td class=\"et3\" style=\"height: 15.60pt;\" height=\"26\">Patr\u00f3n<\/td>\n<td class=\"et3\">Exquisito estampado floral naranja<\/td>\n<\/tr>\n<tr style=\"height: 15.60pt;\">\n<td class=\"et3\" style=\"height: 15.60pt;\" height=\"26\">Color<\/td>\n<td class=\"et3\">Naranja<\/td>\n<\/tr>\n<tr style=\"height: 15.60pt;\">\n<td class=\"et3\" style=\"height: 15.60pt;\" height=\"26\">Material<\/td>\n<td class=\"et3\">Porcelana resistente<\/td>\n<\/tr>\n<tr style=\"height: 15.60pt;\">\n<td class=\"et3\" style=\"height: 15.60pt;\" height=\"26\">Artesan\u00eda<\/td>\n<td class=\"et3\">Calcoman\u00eda In-Glaze<\/td>\n<\/tr>\n<tr style=\"height: 15.60pt;\">\n<td class=\"et3\" style=\"height: 15.60pt;\" height=\"26\">Aplicaci\u00f3n<\/td>\n<td class=\"et3\">Apto para microondas, lavavajillas y horno<\/td>\n<\/tr>\n<tr style=\"height: 15.60pt;\">\n<td class=\"et3\" style=\"height: 15.60pt;\" height=\"26\">A medida<\/td>\n<td class=\"et3\">Color\/Tama\u00f1o\/Logotipo\/Embalaje<\/td>\n<\/tr>\n<\/tbody>\n<\/table>","protected":false},"featured_media":1858,"comment_status":"open","ping_status":"closed","template":"","meta":{"_acf_changed":false},"product_brand":[],"product_cat":[17,18,19,21],"product_tag":[30,27],"class_list":{"0":"post-1773","1":"product","2":"type-product","3":"status-publish","4":"has-post-thumbnail","6":"product_cat-dinnerware-wholesale","7":"product_cat-wholesale-custom-tea-set","8":"product_cat-serveware-wholesale","9":"product_cat-ceramic-home-decor-manufacturer","10":"product_tag-custom-porcelain-dinnerware","11":"product_tag-wholesale-decal-ceramics","13":"first","14":"instock","15":"shipping-taxable","16":"product-type-simple"},"acf":[],"_links":{"self":[{"href":"https:\/\/www.lianyuanceramic.com\/es\/wp-json\/wp\/v2\/product\/1773","targetHints":{"allow":["GET"]}}],"collection":[{"href":"https:\/\/www.lianyuanceramic.com\/es\/wp-json\/wp\/v2\/product"}],"about":[{"href":"https:\/\/www.lianyuanceramic.com\/es\/wp-json\/wp\/v2\/types\/product"}],"replies":[{"embeddable":true,"href":"https:\/\/www.lianyuanceramic.com\/es\/wp-json\/wp\/v2\/comments?post=1773"}],"wp:featuredmedia":[{"embeddable":true,"href":"https:\/\/www.lianyuanceramic.com\/es\/wp-json\/wp\/v2\/media\/1858"}],"wp:attachment":[{"href":"https:\/\/www.lianyuanceramic.com\/es\/wp-json\/wp\/v2\/media?parent=1773"}],"wp:term":[{"taxonomy":"product_brand","embeddable":true,"href":"https:\/\/www.lianyuanceramic.com\/es\/wp-json\/wp\/v2\/product_brand?post=1773"},{"taxonomy":"product_cat","embeddable":true,"href":"https:\/\/www.lianyuanceramic.com\/es\/wp-json\/wp\/v2\/product_cat?post=1773"},{"taxonomy":"product_tag","embeddable":true,"href":"https:\/\/www.lianyuanceramic.com\/es\/wp-json\/wp\/v2\/product_tag?post=1773"}],"curies":[{"name":"wp","href":"https:\/\/api.w.org\/{rel}","templated":true}]}}