{"id":1743,"date":"2025-07-19T09:11:13","date_gmt":"2025-07-19T09:11:13","guid":{"rendered":"https:\/\/www.lianyuanceramic.com\/?post_type=product&#038;p=1743"},"modified":"2025-10-22T01:32:12","modified_gmt":"2025-10-22T01:32:12","slug":"custom-white-dinnerware-set","status":"publish","type":"product","link":"https:\/\/www.lianyuanceramic.com\/es\/product\/custom-white-dinnerware-set\/","title":{"rendered":"Vajilla Blanca Personalizada para Bodas, Tarro de Cer\u00e1mica Estilo INS a Granel"},"content":{"rendered":"<div class=\"wp-block-columns is-layout-flex wp-container-core-columns-is-layout-9d6595d7 wp-block-columns-is-layout-flex\">\n<div class=\"wp-block-column is-layout-flow wp-block-column-is-layout-flow\">\n<figure class=\"wp-block-image size-full\"><img decoding=\"async\" width=\"700\" height=\"700\" src=\"https:\/\/www.lianyuanceramic.com\/wp-content\/uploads\/2025\/07\/wholesale-best-white-tableware1.jpg\" alt=\"venta al por mayor la mejor vajilla blanca1\" class=\"wp-image-1785\" style=\"aspect-ratio:1;object-fit:cover\" srcset=\"https:\/\/www.lianyuanceramic.com\/wp-content\/uploads\/2025\/07\/wholesale-best-white-tableware1.jpg 700w, https:\/\/www.lianyuanceramic.com\/wp-content\/uploads\/2025\/07\/wholesale-best-white-tableware1-300x300.jpg 300w, https:\/\/www.lianyuanceramic.com\/wp-content\/uploads\/2025\/07\/wholesale-best-white-tableware1-150x150.jpg 150w, https:\/\/www.lianyuanceramic.com\/wp-content\/uploads\/2025\/07\/wholesale-best-white-tableware1-12x12.jpg 12w, https:\/\/www.lianyuanceramic.com\/wp-content\/uploads\/2025\/07\/wholesale-best-white-tableware1-600x600.jpg 600w, https:\/\/www.lianyuanceramic.com\/wp-content\/uploads\/2025\/07\/wholesale-best-white-tableware1-100x100.jpg 100w\" sizes=\"(max-width: 700px) 100vw, 700px\" \/><\/figure>\n<\/div>\n\n\n\n<div class=\"wp-block-column is-layout-flow wp-block-column-is-layout-flow\">\n<figure class=\"wp-block-image size-full\"><img decoding=\"async\" width=\"700\" height=\"700\" src=\"https:\/\/www.lianyuanceramic.com\/wp-content\/uploads\/2025\/07\/Wholesale-Best-White-Tableware.jpg\" alt=\"Mayorista Best Vajilla Blanca\" class=\"wp-image-1784\" srcset=\"https:\/\/www.lianyuanceramic.com\/wp-content\/uploads\/2025\/07\/Wholesale-Best-White-Tableware.jpg 700w, https:\/\/www.lianyuanceramic.com\/wp-content\/uploads\/2025\/07\/Wholesale-Best-White-Tableware-300x300.jpg 300w, https:\/\/www.lianyuanceramic.com\/wp-content\/uploads\/2025\/07\/Wholesale-Best-White-Tableware-150x150.jpg 150w, https:\/\/www.lianyuanceramic.com\/wp-content\/uploads\/2025\/07\/Wholesale-Best-White-Tableware-12x12.jpg 12w, https:\/\/www.lianyuanceramic.com\/wp-content\/uploads\/2025\/07\/Wholesale-Best-White-Tableware-600x600.jpg 600w, https:\/\/www.lianyuanceramic.com\/wp-content\/uploads\/2025\/07\/Wholesale-Best-White-Tableware-100x100.jpg 100w\" sizes=\"(max-width: 700px) 100vw, 700px\" \/><\/figure>\n<\/div>\n<\/div>\n\n\n\n<div class=\"wp-block-columns is-layout-flex wp-container-core-columns-is-layout-9d6595d7 wp-block-columns-is-layout-flex\">\n<div class=\"wp-block-column is-layout-flow wp-block-column-is-layout-flow\">\n<h2 class=\"wp-block-heading\">Vajilla Blanca Caracter\u00edsticas:<\/h2>\n\n\n\n<p><strong>Aspecto exquisito<\/strong>m\u00e1s ligero que la cer\u00e1mica ordinaria, con mayor blancura y brillo, material transparente, superficie lisa y textura de alta gama.<\/p>\n\n\n\n<p><strong>F\u00e1cil de limpiar<\/strong>: dise\u00f1o de baja absorci\u00f3n de agua que evita eficazmente que queden manchas, facilitando la limpieza.<\/p>\n\n\n\n<p><strong>Amplia compatibilidad<\/strong>puede utilizarse con seguridad en microondas, lavavajillas, hornos y congeladores para satisfacer las diversas necesidades de uso de las cocinas modernas<\/p>\n\n\n\n<p><strong>Cocci\u00f3n a alta temperatura<\/strong>: La cocci\u00f3n a 1320\u00b0C se utiliza para el moldeo, seguida del esmaltado secundario y la cocci\u00f3n a 1150\u00b0C, y finalmente se combina con el proceso de horneado de calcas a 700-900\u00b0C para crear vajillas de cer\u00e1mica de alta gama con una estructura densa y una textura delicada.<\/p>\n\n\n\n<p><strong>No t\u00f3xico y saludable:<\/strong> no contiene metales pesados nocivos como plomo, mercurio y cadmio, es seguro de usar y cumple las normas internacionales sobre contacto con alimentos.<\/p>\n\n\n\n<p><strong>Resistente y duradero: <\/strong>La cocci\u00f3n a alta temperatura garantiza una gran dureza, una fuerte resistencia a los impactos, un bajo \u00edndice de rotura, una baja absorci\u00f3n de agua y una mayor vida \u00fatil.<\/p>\n\n\n\n<p><strong>Adaptaci\u00f3n multiescenario<\/strong>: adecuado para una gran variedad de escenarios de aplicaci\u00f3n, como hoteles, hogares, restaurantes, banquetes y comercios, para satisfacer las necesidades de distintos clientes.<\/p>\n<\/div>\n\n\n\n<div class=\"wp-block-column is-layout-flow wp-block-column-is-layout-flow\">\n<h2 class=\"wp-block-heading\">Vajilla Blanca Personalizada:<\/h2>\n\n\n\n<p>Lianyuan dise\u00f1a seg\u00fan los requisitos del cliente, como nueva forma, material, color, tama\u00f1o, impresi\u00f3n, embalaje, etc.; Se acepta OEM y ODM; Cualquier combinaci\u00f3n de vajilla que le guste.<\/p>\n\n\n\n<p><strong>Tama\u00f1o:&nbsp;<\/strong>Elija entre varios tama\u00f1os para adaptarse a las diferentes raciones de comida.<\/p>\n\n\n\n<p><strong>Material:<\/strong>&nbsp;Cer\u00e1mica, porcelana, porcelana china o pregunte por alternativas.<\/p>\n\n\n\n<p><strong>Artesan\u00eda:&nbsp;<\/strong>Calcoman\u00edas de esmalte, cambio de horno, pintadas a mano, motivos en relieve u otros.<\/p>\n\n\n\n<p><strong>Embalaje:&nbsp;<\/strong>Bulk Pack, caja de color, caja de regalo, caja expositora, caja postal, etc.<\/p>\n<\/div>\n<\/div>","protected":false},"excerpt":{"rendered":"<div class=\"D5aOJc vJwDU\">\n<div data-zone-id=\"0\" data-line-index=\"0\" data-line=\"true\">\n<p>Bienvenido a los juegos de vajilla blanca a granel, incluyendo platos de cer\u00e1mica de lujo, tazones de sopa y tarros de almacenamiento de cocina, etc., adecuados para uso dom\u00e9stico. Ofrecemos varios tama\u00f1os y juegos completos de vajilla, y apoyamos OEM y ODM. \u00a1P\u00f3ngase en contacto con nosotros ahora para obtener una cotizaci\u00f3n!<\/p>\n<\/div>\n<\/div>\n<h2>Vajilla Blanca Par\u00e1metros:<\/h2>\n<table style=\"border-collapse: collapse; width: 370.82pt;\" border=\"0\" width=\"618\" cellspacing=\"0\" cellpadding=\"0\">\n<tbody>\n<tr style=\"height: 15.60pt;\">\n<td class=\"et3\" style=\"height: 15.60pt; width: 108.00pt;\" width=\"180\" height=\"26\">Fabricante<\/td>\n<td class=\"et3\" style=\"width: 263.25pt;\" width=\"438\">Lianyuan<\/td>\n<\/tr>\n<tr style=\"height: 15.60pt;\">\n<td class=\"et3\" style=\"height: 15.60pt;\" height=\"26\">Tipo de producto<\/td>\n<td class=\"et3\">Platos llanos, Plato para arroz, Taz\u00f3n para fideos, Tazones para sopa, Bandejas para servir, Tarros para especias, Tarros de almacenaje<\/td>\n<\/tr>\n<tr style=\"height: 15.60pt;\">\n<td class=\"et3\" style=\"height: 15.60pt;\" height=\"26\">Patr\u00f3n<\/td>\n<td class=\"et3\">Bordes irregulares, Floral<\/td>\n<\/tr>\n<tr style=\"height: 15.60pt;\">\n<td class=\"et3\" style=\"height: 15.60pt;\" height=\"26\">Color<\/td>\n<td class=\"et3\">Blanco<\/td>\n<\/tr>\n<tr style=\"height: 15.60pt;\">\n<td class=\"et3\" style=\"height: 15.60pt;\" height=\"26\">Material<\/td>\n<td class=\"et3\">Dolomita dura<\/td>\n<\/tr>\n<tr style=\"height: 15.60pt;\">\n<td class=\"et3\" style=\"height: 15.60pt;\" height=\"26\">Artesan\u00eda<\/td>\n<td class=\"et3\">Glaseado blanco, gofrado<\/td>\n<\/tr>\n<tr style=\"height: 15.60pt;\">\n<td class=\"et3\" style=\"height: 15.60pt;\" height=\"26\">Aplicaci\u00f3n<\/td>\n<td class=\"et3\">Cocina, Almac\u00e9n<\/td>\n<\/tr>\n<tr style=\"height: 15.60pt;\">\n<td class=\"et3\" style=\"height: 15.60pt;\" height=\"26\">A medida<\/td>\n<td class=\"et3\">Tama\u00f1o\/Logotipo\/Embalaje<\/td>\n<\/tr>\n<\/tbody>\n<\/table>","protected":false},"featured_media":1778,"comment_status":"open","ping_status":"closed","template":"","meta":{"_acf_changed":false},"product_brand":[],"product_cat":[17,19,21],"product_tag":[30,29],"class_list":{"0":"post-1743","1":"product","2":"type-product","3":"status-publish","4":"has-post-thumbnail","6":"product_cat-dinnerware-wholesale","7":"product_cat-serveware-wholesale","8":"product_cat-ceramic-home-decor-manufacturer","9":"product_tag-custom-porcelain-dinnerware","10":"product_tag-hand-painted-embossed-dinnerware-wholesale","12":"first","13":"instock","14":"shipping-taxable","15":"product-type-simple"},"acf":[],"_links":{"self":[{"href":"https:\/\/www.lianyuanceramic.com\/es\/wp-json\/wp\/v2\/product\/1743","targetHints":{"allow":["GET"]}}],"collection":[{"href":"https:\/\/www.lianyuanceramic.com\/es\/wp-json\/wp\/v2\/product"}],"about":[{"href":"https:\/\/www.lianyuanceramic.com\/es\/wp-json\/wp\/v2\/types\/product"}],"replies":[{"embeddable":true,"href":"https:\/\/www.lianyuanceramic.com\/es\/wp-json\/wp\/v2\/comments?post=1743"}],"wp:featuredmedia":[{"embeddable":true,"href":"https:\/\/www.lianyuanceramic.com\/es\/wp-json\/wp\/v2\/media\/1778"}],"wp:attachment":[{"href":"https:\/\/www.lianyuanceramic.com\/es\/wp-json\/wp\/v2\/media?parent=1743"}],"wp:term":[{"taxonomy":"product_brand","embeddable":true,"href":"https:\/\/www.lianyuanceramic.com\/es\/wp-json\/wp\/v2\/product_brand?post=1743"},{"taxonomy":"product_cat","embeddable":true,"href":"https:\/\/www.lianyuanceramic.com\/es\/wp-json\/wp\/v2\/product_cat?post=1743"},{"taxonomy":"product_tag","embeddable":true,"href":"https:\/\/www.lianyuanceramic.com\/es\/wp-json\/wp\/v2\/product_tag?post=1743"}],"curies":[{"name":"wp","href":"https:\/\/api.w.org\/{rel}","templated":true}]}}