{"id":1741,"date":"2025-08-01T11:13:53","date_gmt":"2025-08-01T11:13:53","guid":{"rendered":"https:\/\/www.lianyuanceramic.com\/?post_type=product&#038;p=1741"},"modified":"2025-08-01T11:17:05","modified_gmt":"2025-08-01T11:17:05","slug":"wholesale-dinnerware-set-decals","status":"publish","type":"product","link":"https:\/\/www.lianyuanceramic.com\/es\/product\/wholesale-dinnerware-set-decals\/","title":{"rendered":"Mayorista Vajilla Set Calcomanias, Juego de T\u00e9 Vintage Floral Personalizado"},"content":{"rendered":"<figure class=\"wp-block-image size-full\"><img decoding=\"async\" width=\"1082\" height=\"702\" src=\"https:\/\/www.lianyuanceramic.com\/wp-content\/uploads\/2025\/08\/Wholesale-Dinnerware-Set-Decals.png\" alt=\"Vajilla al por mayor Calcoman\u00edas\" class=\"wp-image-1883\" srcset=\"https:\/\/www.lianyuanceramic.com\/wp-content\/uploads\/2025\/08\/Wholesale-Dinnerware-Set-Decals.png 1082w, https:\/\/www.lianyuanceramic.com\/wp-content\/uploads\/2025\/08\/Wholesale-Dinnerware-Set-Decals-300x195.png 300w, https:\/\/www.lianyuanceramic.com\/wp-content\/uploads\/2025\/08\/Wholesale-Dinnerware-Set-Decals-768x498.png 768w, https:\/\/www.lianyuanceramic.com\/wp-content\/uploads\/2025\/08\/Wholesale-Dinnerware-Set-Decals-18x12.png 18w, https:\/\/www.lianyuanceramic.com\/wp-content\/uploads\/2025\/08\/Wholesale-Dinnerware-Set-Decals-600x389.png 600w\" sizes=\"(max-width: 1082px) 100vw, 1082px\" \/><\/figure>\n\n\n\n<div class=\"wp-block-columns is-layout-flex wp-container-core-columns-is-layout-9d6595d7 wp-block-columns-is-layout-flex\">\n<div class=\"wp-block-column is-layout-flow wp-block-column-is-layout-flow\">\n<h2 class=\"wp-block-heading\">Vajilla Set Calcoman\u00edas Caracter\u00edsticas:<\/h2>\n\n\n\n<p><strong>Motivo floral vintage:<\/strong> El juego presenta exquisitos motivos florales retro, el dise\u00f1o est\u00e1 inspirado en la cultura tradicional europea y oriental, lleno de sabor cl\u00e1sico y elegancia, y cada pieza de la vajilla es una manifestaci\u00f3n de arte.<\/p>\n\n\n\n<p><strong>Combinaci\u00f3n de colores \u00fanica: <\/strong>Una armoniosa combinaci\u00f3n de colores puede dar a la gente una sensaci\u00f3n de comodidad y orden a primera vista en el espacio.<\/p>\n\n\n\n<p><strong>Porcelana de alta calidad:<\/strong> De porcelana duradera, resistente al calor y al desgaste, certificado FDA, LFGB, apto para el mercado mundial.<\/p>\n\n\n\n<p><strong>Tecnolog\u00eda de calcoman\u00eda In-Glaze:<\/strong> Gracias a la tecnolog\u00eda de calcoman\u00eda en esmalte, la superficie es brillante y suave al tacto, y el color es suave y duradero.<\/p>\n\n\n\n<p><strong>Vajilla completa: <\/strong>cubriendo la vajilla para la decoraci\u00f3n del hogar, incluyendo vajilla, juegos de t\u00e9, juegos de caf\u00e9, platos de postre, azucareros, lecheras, platos de fruta, soperas, bandejas, jarrones, etc. Una variedad de especificaciones, adecuadas para diferentes escenas de comedor.<\/p>\n<\/div>\n\n\n\n<div class=\"wp-block-column is-layout-flow wp-block-column-is-layout-flow\">\n<h2 class=\"wp-block-heading\">Calcoman\u00edas personalizadas para vajilla:<\/h2>\n\n\n\n<p>Lianyuan ofrece varias opciones de vajilla personalizada seg\u00fan las necesidades de la marca o las tendencias de la moda, por lo que resulta ideal para uso personal y comercial.<\/p>\n\n\n\n<p><strong>Dise\u00f1o:&nbsp;<\/strong>Dise\u00f1o de color s\u00f3lido<\/p>\n\n\n\n<p><strong>Composici\u00f3n del conjunto:<\/strong>&nbsp;Juegos de tazas de cer\u00e1mica personalizados con combinaciones de tazas, cuencos y cucharas.<\/p>\n\n\n\n<p><strong>Tama\u00f1o:&nbsp;<\/strong>Elija entre varios tama\u00f1os para adaptarse a las diferentes raciones de comida.<\/p>\n\n\n\n<p><strong>Material:<\/strong>&nbsp;Cer\u00e1mica, porcelana, porcelana china o pregunte por alternativas.<\/p>\n\n\n\n<p><strong>Artesan\u00eda:&nbsp;<\/strong>Calcoman\u00edas de esmalte, cambio de horno, pintadas a mano, motivos en relieve u otros.<\/p>\n\n\n\n<p><strong>Embalaje:&nbsp;<\/strong>Bulk Pack, caja de color, caja de regalo, caja expositora, caja postal, etc.<\/p>\n<\/div>\n<\/div>","protected":false},"excerpt":{"rendered":"<div class=\"D5aOJc vJwDU\">\n<div data-zone-id=\"0\" data-line-index=\"0\" data-line=\"true\">\n<p>Vajilla al por mayor de calcoman\u00edas, con un dise\u00f1o vintage de calcoman\u00edas rosas, son elegantes y \u00fanicas. Fabricaci\u00f3n de alta tecnolog\u00eda, superficie lisa, segura y no t\u00f3xica. Proporcionamos una gama completa de vajillas, juegos de t\u00e9 y jarrones, apoyando la personalizaci\u00f3n de la marca. P\u00f3ngase en contacto con nosotros para solicitar un presupuesto.<\/p>\n<\/div>\n<\/div>\n<h2>Vajilla Set Calcoman\u00edas Par\u00e1metros:<\/h2>\n<table style=\"border-collapse: collapse; width: 370.82pt;\" border=\"0\" width=\"618\" cellspacing=\"0\" cellpadding=\"0\">\n<tbody>\n<tr style=\"height: 15.60pt;\">\n<td class=\"et3\" style=\"height: 15.60pt; width: 108.00pt;\" width=\"180\" height=\"26\">Fabricante<\/td>\n<td class=\"et3\" style=\"width: 263.25pt;\" width=\"438\">Lianyuan<\/td>\n<\/tr>\n<tr style=\"height: 15.60pt;\">\n<td class=\"et3\" style=\"height: 15.60pt;\" height=\"26\">Tipo de producto<\/td>\n<td class=\"et3\">\n<p>Juegos de t\u00e9, Juegos de caf\u00e9, Tazas, Platos, Cuencos, Lecheras, Azucarera, Jarrones<\/p>\n<\/td>\n<\/tr>\n<tr style=\"height: 15.60pt;\">\n<td class=\"et3\" style=\"height: 15.60pt;\" height=\"26\">Patr\u00f3n<\/td>\n<td class=\"et3\">Estilo rural<\/td>\n<\/tr>\n<tr style=\"height: 15.60pt;\">\n<td class=\"et3\" style=\"height: 15.60pt;\" height=\"26\">Color<\/td>\n<td class=\"et3\">Rosa<\/td>\n<\/tr>\n<tr style=\"height: 15.60pt;\">\n<td class=\"et3\" style=\"height: 15.60pt;\" height=\"26\">Material<\/td>\n<td class=\"et3\">Cer\u00e1mica de porcelana<\/td>\n<\/tr>\n<tr style=\"height: 15.60pt;\">\n<td class=\"et3\" style=\"height: 15.60pt;\" height=\"26\">Artesan\u00eda<\/td>\n<td class=\"et3\">Calcoman\u00eda In-Glaze<\/td>\n<\/tr>\n<tr style=\"height: 15.60pt;\">\n<td class=\"et3\" style=\"height: 15.60pt;\" height=\"26\">Aplicaci\u00f3n<\/td>\n<td class=\"et3\">Apto para microondas, lavavajillas y horno<\/td>\n<\/tr>\n<tr style=\"height: 15.60pt;\">\n<td class=\"et3\" style=\"height: 15.60pt;\" height=\"26\">A medida<\/td>\n<td class=\"et3\">Color\/Tama\u00f1o\/Logotipo\/Embalaje<\/td>\n<\/tr>\n<\/tbody>\n<\/table>","protected":false},"featured_media":1861,"comment_status":"open","ping_status":"closed","template":"","meta":{"_acf_changed":false},"product_brand":[],"product_cat":[17,18,21],"product_tag":[30,27],"class_list":{"0":"post-1741","1":"product","2":"type-product","3":"status-publish","4":"has-post-thumbnail","6":"product_cat-dinnerware-wholesale","7":"product_cat-wholesale-custom-tea-set","8":"product_cat-ceramic-home-decor-manufacturer","9":"product_tag-custom-porcelain-dinnerware","10":"product_tag-wholesale-decal-ceramics","12":"first","13":"instock","14":"shipping-taxable","15":"product-type-simple"},"acf":[],"_links":{"self":[{"href":"https:\/\/www.lianyuanceramic.com\/es\/wp-json\/wp\/v2\/product\/1741","targetHints":{"allow":["GET"]}}],"collection":[{"href":"https:\/\/www.lianyuanceramic.com\/es\/wp-json\/wp\/v2\/product"}],"about":[{"href":"https:\/\/www.lianyuanceramic.com\/es\/wp-json\/wp\/v2\/types\/product"}],"replies":[{"embeddable":true,"href":"https:\/\/www.lianyuanceramic.com\/es\/wp-json\/wp\/v2\/comments?post=1741"}],"wp:featuredmedia":[{"embeddable":true,"href":"https:\/\/www.lianyuanceramic.com\/es\/wp-json\/wp\/v2\/media\/1861"}],"wp:attachment":[{"href":"https:\/\/www.lianyuanceramic.com\/es\/wp-json\/wp\/v2\/media?parent=1741"}],"wp:term":[{"taxonomy":"product_brand","embeddable":true,"href":"https:\/\/www.lianyuanceramic.com\/es\/wp-json\/wp\/v2\/product_brand?post=1741"},{"taxonomy":"product_cat","embeddable":true,"href":"https:\/\/www.lianyuanceramic.com\/es\/wp-json\/wp\/v2\/product_cat?post=1741"},{"taxonomy":"product_tag","embeddable":true,"href":"https:\/\/www.lianyuanceramic.com\/es\/wp-json\/wp\/v2\/product_tag?post=1741"}],"curies":[{"name":"wp","href":"https:\/\/api.w.org\/{rel}","templated":true}]}}