{"id":1473,"date":"2025-03-26T07:36:18","date_gmt":"2025-03-26T07:36:18","guid":{"rendered":"https:\/\/www.lianyuanceramic.com\/?post_type=product&#038;p=1473"},"modified":"2025-12-10T02:27:56","modified_gmt":"2025-12-10T02:27:56","slug":"wholesale-antique-dinnerware","status":"publish","type":"product","link":"https:\/\/www.lianyuanceramic.com\/es\/product\/wholesale-antique-dinnerware\/","title":{"rendered":"Mayorista Vajillas Antiguas, Vajillas Vintage a Granel"},"content":{"rendered":"<div class=\"wp-block-image\">\n<figure class=\"aligncenter size-full\"><img decoding=\"async\" width=\"4590\" height=\"2679\" src=\"https:\/\/www.lianyuanceramic.com\/wp-content\/uploads\/2025\/03\/Wholesale-Antique-Dinnerware-Vintage-Tea-Set-Vase-Custom-in-Bulk-3.webp\" alt=\"Mayorista Vajilla Antigua, Juego de T\u00e9 Vintage Jarr\u00f3n Personalizado al por mayor\" class=\"wp-image-1478\" style=\"aspect-ratio:1.7133569174873315;object-fit:cover\" srcset=\"https:\/\/www.lianyuanceramic.com\/wp-content\/uploads\/2025\/03\/Wholesale-Antique-Dinnerware-Vintage-Tea-Set-Vase-Custom-in-Bulk-3.webp 4590w, https:\/\/www.lianyuanceramic.com\/wp-content\/uploads\/2025\/03\/Wholesale-Antique-Dinnerware-Vintage-Tea-Set-Vase-Custom-in-Bulk-3-300x175.webp 300w, https:\/\/www.lianyuanceramic.com\/wp-content\/uploads\/2025\/03\/Wholesale-Antique-Dinnerware-Vintage-Tea-Set-Vase-Custom-in-Bulk-3-768x448.webp 768w, https:\/\/www.lianyuanceramic.com\/wp-content\/uploads\/2025\/03\/Wholesale-Antique-Dinnerware-Vintage-Tea-Set-Vase-Custom-in-Bulk-3-18x12.webp 18w, https:\/\/www.lianyuanceramic.com\/wp-content\/uploads\/2025\/03\/Wholesale-Antique-Dinnerware-Vintage-Tea-Set-Vase-Custom-in-Bulk-3-1200x700.webp 1200w, https:\/\/www.lianyuanceramic.com\/wp-content\/uploads\/2025\/03\/Wholesale-Antique-Dinnerware-Vintage-Tea-Set-Vase-Custom-in-Bulk-3-600x350.webp 600w\" sizes=\"(max-width: 4590px) 100vw, 4590px\" \/><\/figure>\n<\/div>\n\n\n<div class=\"wp-block-columns is-layout-flex wp-container-core-columns-is-layout-9d6595d7 wp-block-columns-is-layout-flex\">\n<div class=\"wp-block-column is-layout-flow wp-block-column-is-layout-flow\">\n<h2 class=\"wp-block-heading\">Vajilla Antigua Caracter\u00edsticas:<\/h2>\n\n\n\n<p><strong>Dise\u00f1o retro de estilo europeo: <\/strong>Patrones de estilo rococ\u00f3 franc\u00e9s y victoriano, pintados al \u00f3leo, que representan figuras aristocr\u00e1ticas, paisajes pastorales, escenas de la corte barroca, destacando la exquisita est\u00e9tica retro.<\/p>\n\n\n\n<p><strong>Forma de pista retro:<\/strong> Encajes, ondulaciones, tallas huecas y otras decoraciones hacen que la forma general sea m\u00e1s elegante y noble.<\/p>\n\n\n\n<p><strong>Combinaci\u00f3n \u00fanica de colores verde y dorado: <\/strong>fondo verde con relieve dorado, ritual de cena elegante, real y noble.<\/p>\n\n\n\n<p><strong>Porcelana de alta calidad:<\/strong> De porcelana duradera, resistente al calor y al desgaste, certificado FDA, LFGB, apto para el mercado mundial.<\/p>\n\n\n\n<p><strong>Tecnolog\u00eda de calcoman\u00eda In-Glaze:<\/strong> Gracias a la tecnolog\u00eda de calcoman\u00eda en esmalte, la superficie es brillante y suave al tacto, y el color es suave y duradero.<\/p>\n\n\n\n<p><strong>Vajilla completa: <\/strong>cubriendo la vajilla para la decoraci\u00f3n del hogar, incluyendo vajilla, juegos de t\u00e9, juegos de caf\u00e9, platos de postre, azucareros, lecheras, platos de fruta, soperas, bandejas, jarrones, etc. Una variedad de especificaciones, adecuadas para diferentes escenas de comedor.<\/p>\n<\/div>\n\n\n\n<div class=\"wp-block-column is-layout-flow wp-block-column-is-layout-flow\">\n<figure class=\"wp-block-image size-full\"><img decoding=\"async\" width=\"1160\" height=\"1080\" src=\"https:\/\/www.lianyuanceramic.com\/wp-content\/uploads\/2025\/03\/Wholesale-Antique-Dinnerware-Vintage-Tea-Set-Vase-Custom-in-Bulk-2.webp\" alt=\"Mayorista Vajilla Antigua, Juego de T\u00e9 Vintage Jarr\u00f3n Personalizado al por mayor\" class=\"wp-image-1477\" style=\"aspect-ratio:1;object-fit:cover\" srcset=\"https:\/\/www.lianyuanceramic.com\/wp-content\/uploads\/2025\/03\/Wholesale-Antique-Dinnerware-Vintage-Tea-Set-Vase-Custom-in-Bulk-2.webp 1160w, https:\/\/www.lianyuanceramic.com\/wp-content\/uploads\/2025\/03\/Wholesale-Antique-Dinnerware-Vintage-Tea-Set-Vase-Custom-in-Bulk-2-300x279.webp 300w, https:\/\/www.lianyuanceramic.com\/wp-content\/uploads\/2025\/03\/Wholesale-Antique-Dinnerware-Vintage-Tea-Set-Vase-Custom-in-Bulk-2-768x715.webp 768w, https:\/\/www.lianyuanceramic.com\/wp-content\/uploads\/2025\/03\/Wholesale-Antique-Dinnerware-Vintage-Tea-Set-Vase-Custom-in-Bulk-2-13x12.webp 13w, https:\/\/www.lianyuanceramic.com\/wp-content\/uploads\/2025\/03\/Wholesale-Antique-Dinnerware-Vintage-Tea-Set-Vase-Custom-in-Bulk-2-600x559.webp 600w\" sizes=\"(max-width: 1160px) 100vw, 1160px\" \/><\/figure>\n<\/div>\n<\/div>\n\n\n\n<div class=\"wp-block-columns is-layout-flex wp-container-core-columns-is-layout-9d6595d7 wp-block-columns-is-layout-flex\">\n<div class=\"wp-block-column is-layout-flow wp-block-column-is-layout-flow\">\n<figure class=\"wp-block-image size-full\"><img decoding=\"async\" width=\"658\" height=\"658\" src=\"https:\/\/www.lianyuanceramic.com\/wp-content\/uploads\/2025\/03\/Wholesale-Antique-Dinnerware-Vintage-Tea-Set-Vase-Custom-in-Bulk-5.webp\" alt=\"Mayorista Vajilla Antigua, Juego de T\u00e9 Vintage Jarr\u00f3n Personalizado al por mayor\" class=\"wp-image-1480\" srcset=\"https:\/\/www.lianyuanceramic.com\/wp-content\/uploads\/2025\/03\/Wholesale-Antique-Dinnerware-Vintage-Tea-Set-Vase-Custom-in-Bulk-5.webp 658w, https:\/\/www.lianyuanceramic.com\/wp-content\/uploads\/2025\/03\/Wholesale-Antique-Dinnerware-Vintage-Tea-Set-Vase-Custom-in-Bulk-5-300x300.webp 300w, https:\/\/www.lianyuanceramic.com\/wp-content\/uploads\/2025\/03\/Wholesale-Antique-Dinnerware-Vintage-Tea-Set-Vase-Custom-in-Bulk-5-150x150.webp 150w, https:\/\/www.lianyuanceramic.com\/wp-content\/uploads\/2025\/03\/Wholesale-Antique-Dinnerware-Vintage-Tea-Set-Vase-Custom-in-Bulk-5-12x12.webp 12w, https:\/\/www.lianyuanceramic.com\/wp-content\/uploads\/2025\/03\/Wholesale-Antique-Dinnerware-Vintage-Tea-Set-Vase-Custom-in-Bulk-5-600x600.webp 600w, https:\/\/www.lianyuanceramic.com\/wp-content\/uploads\/2025\/03\/Wholesale-Antique-Dinnerware-Vintage-Tea-Set-Vase-Custom-in-Bulk-5-100x100.webp 100w\" sizes=\"(max-width: 658px) 100vw, 658px\" \/><\/figure>\n<\/div>\n\n\n\n<div class=\"wp-block-column is-layout-flow wp-block-column-is-layout-flow\">\n<h2 class=\"wp-block-heading\">Vajilla antigua personalizada:<\/h2>\n\n\n\n<p>Lianyuan ofrece varias opciones de vajilla personalizada seg\u00fan las necesidades de la marca o las tendencias de la moda, por lo que resulta ideal para uso personal y comercial.<\/p>\n\n\n\n<p><strong>Dise\u00f1o:&nbsp;<\/strong>Dise\u00f1o de color s\u00f3lido<\/p>\n\n\n\n<p><strong>Composici\u00f3n del conjunto:<\/strong>&nbsp;Juegos de tazas de cer\u00e1mica personalizados con combinaciones de tazas, cuencos y cucharas.<\/p>\n\n\n\n<p><strong>Tama\u00f1o:&nbsp;<\/strong>Elija entre varios tama\u00f1os para adaptarse a las diferentes raciones de comida.<\/p>\n\n\n\n<p><strong>Material:<\/strong>&nbsp;Cer\u00e1mica, porcelana, porcelana china o pregunte por alternativas.<\/p>\n\n\n\n<p><strong>Artesan\u00eda:&nbsp;<\/strong>Calcoman\u00edas de esmalte, cambio de horno, pintadas a mano, motivos en relieve u otros.<\/p>\n\n\n\n<p><strong>Embalaje:&nbsp;<\/strong>Bulk Pack, caja de color, caja de regalo, caja expositora, caja postal, etc.<\/p>\n<\/div>\n<\/div>","protected":false},"excerpt":{"rendered":"<div class=\"D5aOJc vJwDU\">\n<div data-zone-id=\"0\" data-line-index=\"0\" data-line=\"true\">\n<p>Vajilla, servicio y juegos de t\u00e9 antiguos al por mayor, de estilo rococ\u00f3 franc\u00e9s y victoriano, con relieve verde y dorado, elegantes para lugares de comida de alto nivel. Ofrecemos una variedad de tama\u00f1os y vajilla completa, apoyo OEM &amp; ODM. \u00a1P\u00f3ngase en contacto con nosotros para una cotizaci\u00f3n ahora!<\/p>\n<\/div>\n<\/div>\n<h2>Vajilla antigua Par\u00e1metros:<\/h2>\n<table style=\"border-collapse: collapse; width: 370.82pt;\" border=\"0\" width=\"618\" cellspacing=\"0\" cellpadding=\"0\">\n<tbody>\n<tr style=\"height: 15.60pt;\">\n<td class=\"et3\" style=\"height: 15.60pt; width: 108.00pt;\" width=\"180\" height=\"26\">Fabricante<\/td>\n<td class=\"et3\" style=\"width: 263.25pt;\" width=\"438\">Lianyuan<\/td>\n<\/tr>\n<tr style=\"height: 15.60pt;\">\n<td class=\"et3\" style=\"height: 15.60pt;\" height=\"26\">Tipo de producto<\/td>\n<td class=\"et3\">Juegos de t\u00e9, Juegos de caf\u00e9, Platos de postre, Azucareros, Lecheras, Platos de fruta, Sopas, Bandejas, Jarrones<\/td>\n<\/tr>\n<tr style=\"height: 15.60pt;\">\n<td class=\"et3\" style=\"height: 15.60pt;\" height=\"26\">Patr\u00f3n<\/td>\n<td class=\"et3\">Estilo rococ\u00f3 franc\u00e9s y victoriano<\/td>\n<\/tr>\n<tr style=\"height: 15.60pt;\">\n<td class=\"et3\" style=\"height: 15.60pt;\" height=\"26\">Color<\/td>\n<td class=\"et3\">Verde, Multi<\/td>\n<\/tr>\n<tr style=\"height: 15.60pt;\">\n<td class=\"et3\" style=\"height: 15.60pt;\" height=\"26\">Material<\/td>\n<td class=\"et3\">Porcelana resistente<\/td>\n<\/tr>\n<tr style=\"height: 15.60pt;\">\n<td class=\"et3\" style=\"height: 15.60pt;\" height=\"26\">Artesan\u00eda<\/td>\n<td class=\"et3\">Calcoman\u00eda In-Glaze<\/td>\n<\/tr>\n<tr style=\"height: 15.60pt;\">\n<td class=\"et3\" style=\"height: 15.60pt;\" height=\"26\">Aplicaci\u00f3n<\/td>\n<td class=\"et3\">Apto para microondas, lavavajillas y horno<\/td>\n<\/tr>\n<tr style=\"height: 15.60pt;\">\n<td class=\"et3\" style=\"height: 15.60pt;\" height=\"26\">A medida<\/td>\n<td class=\"et3\">Color\/Tama\u00f1o\/Logotipo\/Embalaje<\/td>\n<\/tr>\n<\/tbody>\n<\/table>","protected":false},"featured_media":1477,"comment_status":"open","ping_status":"closed","template":"","meta":{"_acf_changed":false},"product_brand":[],"product_cat":[17,18,19,21],"product_tag":[30,27],"class_list":{"0":"post-1473","1":"product","2":"type-product","3":"status-publish","4":"has-post-thumbnail","6":"product_cat-dinnerware-wholesale","7":"product_cat-wholesale-custom-tea-set","8":"product_cat-serveware-wholesale","9":"product_cat-ceramic-home-decor-manufacturer","10":"product_tag-custom-porcelain-dinnerware","11":"product_tag-wholesale-decal-ceramics","13":"first","14":"instock","15":"shipping-taxable","16":"product-type-simple"},"acf":[],"_links":{"self":[{"href":"https:\/\/www.lianyuanceramic.com\/es\/wp-json\/wp\/v2\/product\/1473","targetHints":{"allow":["GET"]}}],"collection":[{"href":"https:\/\/www.lianyuanceramic.com\/es\/wp-json\/wp\/v2\/product"}],"about":[{"href":"https:\/\/www.lianyuanceramic.com\/es\/wp-json\/wp\/v2\/types\/product"}],"replies":[{"embeddable":true,"href":"https:\/\/www.lianyuanceramic.com\/es\/wp-json\/wp\/v2\/comments?post=1473"}],"wp:featuredmedia":[{"embeddable":true,"href":"https:\/\/www.lianyuanceramic.com\/es\/wp-json\/wp\/v2\/media\/1477"}],"wp:attachment":[{"href":"https:\/\/www.lianyuanceramic.com\/es\/wp-json\/wp\/v2\/media?parent=1473"}],"wp:term":[{"taxonomy":"product_brand","embeddable":true,"href":"https:\/\/www.lianyuanceramic.com\/es\/wp-json\/wp\/v2\/product_brand?post=1473"},{"taxonomy":"product_cat","embeddable":true,"href":"https:\/\/www.lianyuanceramic.com\/es\/wp-json\/wp\/v2\/product_cat?post=1473"},{"taxonomy":"product_tag","embeddable":true,"href":"https:\/\/www.lianyuanceramic.com\/es\/wp-json\/wp\/v2\/product_tag?post=1473"}],"curies":[{"name":"wp","href":"https:\/\/api.w.org\/{rel}","templated":true}]}}