{"id":1470,"date":"2025-03-26T07:04:45","date_gmt":"2025-03-26T07:04:45","guid":{"rendered":"https:\/\/www.lianyuanceramic.com\/?post_type=product&#038;p=1470"},"modified":"2025-03-27T03:10:06","modified_gmt":"2025-03-27T03:10:06","slug":"wholesale-white-dinnerware","status":"publish","type":"product","link":"https:\/\/www.lianyuanceramic.com\/es\/product\/wholesale-white-dinnerware\/","title":{"rendered":"Mayorista Vajilla Blanca, Platos de Cer\u00e1mica en Relieve para Restaurante al por Mayor"},"content":{"rendered":"<div class=\"wp-block-columns is-layout-flex wp-container-core-columns-is-layout-9d6595d7 wp-block-columns-is-layout-flex\">\n<div class=\"wp-block-column is-layout-flow wp-block-column-is-layout-flow\">\n<h2 class=\"wp-block-heading\">Vajilla Blanca Caracter\u00edsticas:<\/h2>\n\n\n\n<p><strong>Material de alta gama: <\/strong>Hecho de dolomita, respetuoso con el medio ambiente e inofensivo, suave y duradero, se mantendr\u00e1 como nuevo despu\u00e9s de un uso prolongado.<\/p>\n\n\n\n<p><strong>Dise\u00f1o floral en relieve: <\/strong>El borde del plato tiene un dise\u00f1o en relieve y un toque \u00fanico, que resulta adecuado para cenas elegantes y de alto nivel, a\u00f1adiendo un sentido art\u00edstico a la mesa de comedor.<\/p>\n\n\n\n<p><strong>Varias especificaciones y formas: <\/strong>Los platos del mismo dise\u00f1o, de diferentes tama\u00f1os, cuadrados y rectangulares, pueden combinarse con diferentes platos, o contener frutas, etc., y resultan muy pr\u00e1cticos.<\/p>\n\n\n\n<p><strong>Personalizaci\u00f3n por lotes:<\/strong> Ofrecemos servicios personalizados seg\u00fan las necesidades del cliente. El patr\u00f3n de relieve, el tama\u00f1o del plato, etc. pueden ajustarse seg\u00fan el estilo de la marca del cliente y el tema del restaurante para satisfacer diferentes necesidades empresariales.<\/p>\n<\/div>\n\n\n\n<div class=\"wp-block-column is-layout-flow wp-block-column-is-layout-flow\"><div class=\"wp-block-image\">\n<figure class=\"aligncenter size-full\"><img decoding=\"async\" width=\"2890\" height=\"1774\" src=\"https:\/\/www.lianyuanceramic.com\/wp-content\/uploads\/2025\/03\/wholesale-white-embossed-dinnerware-tableware-for-restaurant-bulk-2.webp\" alt=\"mayorista vajilla en relieve blanca, vajilla para restaurante al por mayor (2)\" class=\"wp-image-1471\" style=\"object-fit:cover\" srcset=\"https:\/\/www.lianyuanceramic.com\/wp-content\/uploads\/2025\/03\/wholesale-white-embossed-dinnerware-tableware-for-restaurant-bulk-2.webp 2890w, https:\/\/www.lianyuanceramic.com\/wp-content\/uploads\/2025\/03\/wholesale-white-embossed-dinnerware-tableware-for-restaurant-bulk-2-300x184.webp 300w, https:\/\/www.lianyuanceramic.com\/wp-content\/uploads\/2025\/03\/wholesale-white-embossed-dinnerware-tableware-for-restaurant-bulk-2-768x471.webp 768w, https:\/\/www.lianyuanceramic.com\/wp-content\/uploads\/2025\/03\/wholesale-white-embossed-dinnerware-tableware-for-restaurant-bulk-2-18x12.webp 18w, https:\/\/www.lianyuanceramic.com\/wp-content\/uploads\/2025\/03\/wholesale-white-embossed-dinnerware-tableware-for-restaurant-bulk-2-1200x737.webp 1200w, https:\/\/www.lianyuanceramic.com\/wp-content\/uploads\/2025\/03\/wholesale-white-embossed-dinnerware-tableware-for-restaurant-bulk-2-600x368.webp 600w\" sizes=\"(max-width: 2890px) 100vw, 2890px\" \/><\/figure>\n<\/div><\/div>\n<\/div>\n\n\n\n<div class=\"wp-block-columns is-layout-flex wp-container-core-columns-is-layout-9d6595d7 wp-block-columns-is-layout-flex\">\n<div class=\"wp-block-column is-layout-flow wp-block-column-is-layout-flow\"><div class=\"wp-block-image\">\n<figure class=\"aligncenter size-full\"><img decoding=\"async\" width=\"2890\" height=\"1774\" src=\"https:\/\/www.lianyuanceramic.com\/wp-content\/uploads\/2025\/03\/wholesale-white-embossed-dinnerware-tableware-for-restaurant-bulk-2.webp\" alt=\"mayorista vajilla en relieve blanca, vajilla para restaurante al por mayor (2)\" class=\"wp-image-1471\" style=\"object-fit:cover\" srcset=\"https:\/\/www.lianyuanceramic.com\/wp-content\/uploads\/2025\/03\/wholesale-white-embossed-dinnerware-tableware-for-restaurant-bulk-2.webp 2890w, https:\/\/www.lianyuanceramic.com\/wp-content\/uploads\/2025\/03\/wholesale-white-embossed-dinnerware-tableware-for-restaurant-bulk-2-300x184.webp 300w, https:\/\/www.lianyuanceramic.com\/wp-content\/uploads\/2025\/03\/wholesale-white-embossed-dinnerware-tableware-for-restaurant-bulk-2-768x471.webp 768w, https:\/\/www.lianyuanceramic.com\/wp-content\/uploads\/2025\/03\/wholesale-white-embossed-dinnerware-tableware-for-restaurant-bulk-2-18x12.webp 18w, https:\/\/www.lianyuanceramic.com\/wp-content\/uploads\/2025\/03\/wholesale-white-embossed-dinnerware-tableware-for-restaurant-bulk-2-1200x737.webp 1200w, https:\/\/www.lianyuanceramic.com\/wp-content\/uploads\/2025\/03\/wholesale-white-embossed-dinnerware-tableware-for-restaurant-bulk-2-600x368.webp 600w\" sizes=\"(max-width: 2890px) 100vw, 2890px\" \/><\/figure>\n<\/div><\/div>\n\n\n\n<div class=\"wp-block-column is-layout-flow wp-block-column-is-layout-flow\">\n<h2 class=\"wp-block-heading\">Vajilla personalizada en relieve blanco<\/h2>\n\n\n\n<p>Lianyuan ofrece varias opciones de vajilla personalizada seg\u00fan las necesidades de la marca o las tendencias de la moda, por lo que resulta ideal para uso personal y comercial.<\/p>\n\n\n\n<p><strong>Dise\u00f1o:&nbsp;<\/strong>Elija motivos florales o cree su propio dise\u00f1o.<\/p>\n\n\n\n<p><strong>Composici\u00f3n del conjunto:<\/strong>&nbsp;Juegos de tazas de cer\u00e1mica personalizados con combinaciones de tazas, cuencos y cucharas.<\/p>\n\n\n\n<p><strong>Tama\u00f1o:&nbsp;<\/strong>Elija entre varios tama\u00f1os para adaptarse a las diferentes raciones de comida.<\/p>\n\n\n\n<p><strong>Material:<\/strong>&nbsp;Cer\u00e1mica, porcelana, porcelana china o pregunte por alternativas.<\/p>\n\n\n\n<p><strong>Artesan\u00eda:&nbsp;<\/strong>Calcoman\u00edas de esmalte, cambio de horno, pintadas a mano, motivos en relieve u otros.<\/p>\n\n\n\n<p><strong>Embalaje:&nbsp;<\/strong>Bulk Pack, caja de color, caja de regalo, caja expositora, caja postal, etc.<\/p>\n<\/div>\n<\/div>","protected":false},"excerpt":{"rendered":"<div class=\"D5aOJc vJwDU\" style=\"text-align: left;\">\n<p>Vajilla blanca al por mayor, plato cuadrado de cer\u00e1mica con dise\u00f1o en relieve de flores, hecho de dolomita, perfecto para restaurantes y caf\u00e9s de gama alta, etc. Soporte OEM\/ODM, entrega r\u00e1pida en todo el mundo. \u00a1Bienvenido a ponerse en contacto con nosotros para una cotizaci\u00f3n ahora!<\/p>\n<\/div>\n<h2 class=\"D5aOJc vJwDU\" style=\"text-align: left;\">\u00a0<\/h2>\n<h2 class=\"D5aOJc vJwDU\" style=\"text-align: left;\">Vajilla Blanca Par\u00e1metros:<\/h2>\n<table style=\"border-collapse: collapse; width: 370.82pt;\" border=\"0\" width=\"618\" cellspacing=\"0\" cellpadding=\"0\">\n<tbody>\n<tr style=\"height: 15.60pt;\">\n<td class=\"et3\" style=\"height: 15.60pt; width: 108.00pt;\" width=\"180\" height=\"26\">Fabricante<\/td>\n<td width=\"438\">Lianyuan<\/td>\n<\/tr>\n<tr>\n<td height=\"26\">Tipo de producto<\/td>\n<td>Platos llanos, Platos de servicio<\/td>\n<\/tr>\n<tr>\n<td height=\"26\">Patr\u00f3n<\/td>\n<td>Dise\u00f1o en relieve<\/td>\n<\/tr>\n<tr>\n<td height=\"26\">Color<\/td>\n<td>Blanco<\/td>\n<\/tr>\n<tr>\n<td height=\"26\">Material<\/td>\n<td>\n<p>Dolomita<\/p>\n<\/td>\n<\/tr>\n<tr>\n<td height=\"26\">Artesan\u00eda<\/td>\n<td>Glaseado blanco<\/td>\n<\/tr>\n<tr>\n<td height=\"26\">Aplicaci\u00f3n<\/td>\n<td>Apto para microondas, lavavajillas y horno<\/td>\n<\/tr>\n<tr>\n<td height=\"26\">A medida<\/td>\n<td>Color\/Tama\u00f1o\/Logotipo\/Embalaje<\/td>\n<\/tr>\n<\/tbody>\n<\/table>","protected":false},"featured_media":1472,"comment_status":"open","ping_status":"closed","template":"","meta":{"_acf_changed":false},"product_brand":[],"product_cat":[19],"product_tag":[32],"class_list":{"0":"post-1470","1":"product","2":"type-product","3":"status-publish","4":"has-post-thumbnail","6":"product_cat-serveware-wholesale","7":"product_tag-dolomite-dinnerware-wholesale","9":"first","10":"instock","11":"shipping-taxable","12":"product-type-simple"},"acf":[],"_links":{"self":[{"href":"https:\/\/www.lianyuanceramic.com\/es\/wp-json\/wp\/v2\/product\/1470","targetHints":{"allow":["GET"]}}],"collection":[{"href":"https:\/\/www.lianyuanceramic.com\/es\/wp-json\/wp\/v2\/product"}],"about":[{"href":"https:\/\/www.lianyuanceramic.com\/es\/wp-json\/wp\/v2\/types\/product"}],"replies":[{"embeddable":true,"href":"https:\/\/www.lianyuanceramic.com\/es\/wp-json\/wp\/v2\/comments?post=1470"}],"wp:featuredmedia":[{"embeddable":true,"href":"https:\/\/www.lianyuanceramic.com\/es\/wp-json\/wp\/v2\/media\/1472"}],"wp:attachment":[{"href":"https:\/\/www.lianyuanceramic.com\/es\/wp-json\/wp\/v2\/media?parent=1470"}],"wp:term":[{"taxonomy":"product_brand","embeddable":true,"href":"https:\/\/www.lianyuanceramic.com\/es\/wp-json\/wp\/v2\/product_brand?post=1470"},{"taxonomy":"product_cat","embeddable":true,"href":"https:\/\/www.lianyuanceramic.com\/es\/wp-json\/wp\/v2\/product_cat?post=1470"},{"taxonomy":"product_tag","embeddable":true,"href":"https:\/\/www.lianyuanceramic.com\/es\/wp-json\/wp\/v2\/product_tag?post=1470"}],"curies":[{"name":"wp","href":"https:\/\/api.w.org\/{rel}","templated":true}]}}