{"id":1445,"date":"2025-03-22T10:02:31","date_gmt":"2025-03-22T10:02:31","guid":{"rendered":"https:\/\/www.lianyuanceramic.com\/?post_type=product&#038;p=1445"},"modified":"2025-03-26T03:13:10","modified_gmt":"2025-03-26T03:13:10","slug":"wholesale-dinnerware-for-weddings","status":"publish","type":"product","link":"https:\/\/www.lianyuanceramic.com\/es\/product\/wholesale-dinnerware-for-weddings\/","title":{"rendered":"Mayorista Vajilla para Bodas, Platos Blancos con Cuentas al por mayor"},"content":{"rendered":"<div class=\"wp-block-columns is-layout-flex wp-container-core-columns-is-layout-9d6595d7 wp-block-columns-is-layout-flex\">\n<div class=\"wp-block-column is-layout-flow wp-block-column-is-layout-flow\">\n<h2 class=\"wp-block-heading\">Caracter\u00edsticas de la Vajilla para Bodas :<\/h2>\n\n\n\n<p><strong>Cocci\u00f3n a alta temperatura de dolomita<\/strong>: cocido a una alta temperatura de m\u00e1s de 1300\u00b0C, con una estructura densa, resistente al calor y duradera.<\/p>\n\n\n\n<p><strong>Seguro y respetuoso con el medio ambiente:<\/strong> El esmalte es suave y delicado, sano y respetuoso con el medio ambiente, y no contiene sustancias nocivas como plomo y cadmio.<\/p>\n\n\n\n<p><strong>Dise\u00f1o con cuentas<\/strong>: Es decorativo y realza el grado general de la vajilla, a la vez que realza el tacto y la sensaci\u00f3n de la vajilla.<\/p>\n\n\n\n<p><strong>Tacto c\u00f3modo y delicado<\/strong>Los bordes est\u00e1n pulidos, por lo que no es f\u00e1cil hacerse da\u00f1o en las manos al utilizarlo y mejora la experiencia del usuario.<\/p>\n\n\n\n<p><strong>Adaptable a varios estilos de comedor<\/strong>Ideal para escenas de alto nivel, como bodas, restaurantes franceses, caf\u00e9s boutique, t\u00e9 de la tarde, etc.<\/p>\n<\/div>\n\n\n\n<div class=\"wp-block-column is-layout-flow wp-block-column-is-layout-flow\"><div class=\"wp-block-image\">\n<figure class=\"aligncenter size-full\"><img decoding=\"async\" width=\"1000\" height=\"579\" src=\"https:\/\/www.lianyuanceramic.com\/wp-content\/uploads\/2025\/03\/wholesale-dinnerware-for-weddings-1.webp\" alt=\"venta al por mayor de vajillas para bodas (1)\" class=\"wp-image-1446\" style=\"object-fit:cover\" srcset=\"https:\/\/www.lianyuanceramic.com\/wp-content\/uploads\/2025\/03\/wholesale-dinnerware-for-weddings-1.webp 1000w, https:\/\/www.lianyuanceramic.com\/wp-content\/uploads\/2025\/03\/wholesale-dinnerware-for-weddings-1-300x174.webp 300w, https:\/\/www.lianyuanceramic.com\/wp-content\/uploads\/2025\/03\/wholesale-dinnerware-for-weddings-1-768x445.webp 768w, https:\/\/www.lianyuanceramic.com\/wp-content\/uploads\/2025\/03\/wholesale-dinnerware-for-weddings-1-18x10.webp 18w, https:\/\/www.lianyuanceramic.com\/wp-content\/uploads\/2025\/03\/wholesale-dinnerware-for-weddings-1-600x347.webp 600w\" sizes=\"(max-width: 1000px) 100vw, 1000px\" \/><\/figure>\n<\/div><\/div>\n<\/div>\n\n\n\n<div class=\"wp-block-columns is-layout-flex wp-container-core-columns-is-layout-9d6595d7 wp-block-columns-is-layout-flex\">\n<div class=\"wp-block-column is-layout-flow wp-block-column-is-layout-flow\"><div class=\"wp-block-image\">\n<figure class=\"aligncenter size-full\"><img decoding=\"async\" width=\"1000\" height=\"579\" src=\"https:\/\/www.lianyuanceramic.com\/wp-content\/uploads\/2025\/03\/wholesale-dinnerware-for-weddings-1.webp\" alt=\"venta al por mayor de vajillas para bodas (1)\" class=\"wp-image-1446\" style=\"object-fit:cover\" srcset=\"https:\/\/www.lianyuanceramic.com\/wp-content\/uploads\/2025\/03\/wholesale-dinnerware-for-weddings-1.webp 1000w, https:\/\/www.lianyuanceramic.com\/wp-content\/uploads\/2025\/03\/wholesale-dinnerware-for-weddings-1-300x174.webp 300w, https:\/\/www.lianyuanceramic.com\/wp-content\/uploads\/2025\/03\/wholesale-dinnerware-for-weddings-1-768x445.webp 768w, https:\/\/www.lianyuanceramic.com\/wp-content\/uploads\/2025\/03\/wholesale-dinnerware-for-weddings-1-18x10.webp 18w, https:\/\/www.lianyuanceramic.com\/wp-content\/uploads\/2025\/03\/wholesale-dinnerware-for-weddings-1-600x347.webp 600w\" sizes=\"(max-width: 1000px) 100vw, 1000px\" \/><\/figure>\n<\/div><\/div>\n\n\n\n<div class=\"wp-block-column is-layout-flow wp-block-column-is-layout-flow\">\n<h2 class=\"wp-block-heading\">Vajillas personalizadas para bodas<\/h2>\n\n\n\n<p>Lianyuan ofrece varias opciones de vajilla personalizada seg\u00fan las necesidades de la marca o las tendencias de la moda, por lo que resulta ideal para uso personal y comercial.<\/p>\n\n\n\n<p><strong>Dise\u00f1o:&nbsp;<\/strong>Elija motivos florales o cree su propio dise\u00f1o.<\/p>\n\n\n\n<p><strong>Composici\u00f3n del conjunto:<\/strong>&nbsp;Juegos de tazas de cer\u00e1mica personalizados con combinaciones de tazas, cuencos y cucharas.<\/p>\n\n\n\n<p><strong>Tama\u00f1o:&nbsp;<\/strong>Elija entre varios tama\u00f1os para adaptarse a las diferentes raciones de comida.<\/p>\n\n\n\n<p><strong>Material:<\/strong>&nbsp;Cer\u00e1mica, porcelana, porcelana china o pregunte por alternativas.<\/p>\n\n\n\n<p><strong>Artesan\u00eda:&nbsp;<\/strong>Calcoman\u00edas de esmalte, cambio de horno, pintadas a mano, motivos en relieve u otros.<\/p>\n\n\n\n<p><strong>Embalaje:&nbsp;<\/strong>Bulk Pack, caja de color, caja de regalo, caja expositora, caja postal, etc.<\/p>\n<\/div>\n<\/div>","protected":false},"excerpt":{"rendered":"<div class=\"D5aOJc vJwDU\" style=\"text-align: left;\">\n<p>Vajilla al por mayor para bodas, dise\u00f1o de cuentas con forma rectangular cuadrada redonda, elegante y de alta gama. Perfecto para bodas, restaurantes y t\u00e9 de la tarde. Soporte OEM\/ODM, entrega r\u00e1pida en todo el mundo. \u00a1Bienvenido a pedir al por mayor, p\u00f3ngase en contacto con nosotros ahora!<\/p>\n<\/div>\n<h2 class=\"D5aOJc vJwDU\" style=\"text-align: left;\">\u00a0<\/h2>\n<h2 class=\"D5aOJc vJwDU\" style=\"text-align: left;\">Par\u00e1metro de Vajilla para Bodas :<\/h2>\n<table style=\"border-collapse: collapse; width: 370.82pt;\" border=\"0\" width=\"618\" cellspacing=\"0\" cellpadding=\"0\">\n<tbody>\n<tr style=\"height: 15.60pt;\">\n<td class=\"et3\" style=\"height: 15.60pt; width: 108.00pt;\" width=\"180\" height=\"26\">Fabricante<\/td>\n<td width=\"438\">Lianyuan<\/td>\n<\/tr>\n<tr>\n<td height=\"26\">Tipo de producto<\/td>\n<td>Platos llanos, Platos de servicio<\/td>\n<\/tr>\n<tr>\n<td height=\"26\">Patr\u00f3n<\/td>\n<td>Dise\u00f1o con cuentas<\/td>\n<\/tr>\n<tr>\n<td height=\"26\">Color<\/td>\n<td>Blanco<\/td>\n<\/tr>\n<tr>\n<td height=\"26\">Material<\/td>\n<td>\n<p>Dolomita<\/p>\n<\/td>\n<\/tr>\n<tr>\n<td height=\"26\">Artesan\u00eda<\/td>\n<td>Glaseado blanco<\/td>\n<\/tr>\n<tr>\n<td height=\"26\">Aplicaci\u00f3n<\/td>\n<td>Apto para microondas, lavavajillas y horno<\/td>\n<\/tr>\n<tr>\n<td height=\"26\">A medida<\/td>\n<td>Color\/Tama\u00f1o\/Logotipo\/Embalaje<\/td>\n<\/tr>\n<\/tbody>\n<\/table>","protected":false},"featured_media":1447,"comment_status":"open","ping_status":"closed","template":"","meta":{"_acf_changed":false},"product_brand":[],"product_cat":[19],"product_tag":[32],"class_list":{"0":"post-1445","1":"product","2":"type-product","3":"status-publish","4":"has-post-thumbnail","6":"product_cat-serveware-wholesale","7":"product_tag-dolomite-dinnerware-wholesale","9":"first","10":"instock","11":"shipping-taxable","12":"product-type-simple"},"acf":[],"_links":{"self":[{"href":"https:\/\/www.lianyuanceramic.com\/es\/wp-json\/wp\/v2\/product\/1445","targetHints":{"allow":["GET"]}}],"collection":[{"href":"https:\/\/www.lianyuanceramic.com\/es\/wp-json\/wp\/v2\/product"}],"about":[{"href":"https:\/\/www.lianyuanceramic.com\/es\/wp-json\/wp\/v2\/types\/product"}],"replies":[{"embeddable":true,"href":"https:\/\/www.lianyuanceramic.com\/es\/wp-json\/wp\/v2\/comments?post=1445"}],"wp:featuredmedia":[{"embeddable":true,"href":"https:\/\/www.lianyuanceramic.com\/es\/wp-json\/wp\/v2\/media\/1447"}],"wp:attachment":[{"href":"https:\/\/www.lianyuanceramic.com\/es\/wp-json\/wp\/v2\/media?parent=1445"}],"wp:term":[{"taxonomy":"product_brand","embeddable":true,"href":"https:\/\/www.lianyuanceramic.com\/es\/wp-json\/wp\/v2\/product_brand?post=1445"},{"taxonomy":"product_cat","embeddable":true,"href":"https:\/\/www.lianyuanceramic.com\/es\/wp-json\/wp\/v2\/product_cat?post=1445"},{"taxonomy":"product_tag","embeddable":true,"href":"https:\/\/www.lianyuanceramic.com\/es\/wp-json\/wp\/v2\/product_tag?post=1445"}],"curies":[{"name":"wp","href":"https:\/\/api.w.org\/{rel}","templated":true}]}}