{"id":1413,"date":"2025-03-21T03:10:09","date_gmt":"2025-03-21T03:10:09","guid":{"rendered":"https:\/\/www.lianyuanceramic.com\/?post_type=product&#038;p=1413"},"modified":"2025-03-22T09:16:59","modified_gmt":"2025-03-22T09:16:59","slug":"restaurant-dinnerware-wholesale","status":"publish","type":"product","link":"https:\/\/www.lianyuanceramic.com\/es\/product\/restaurant-dinnerware-wholesale\/","title":{"rendered":"Vajilla de Restaurante al por mayor, Vajilla Dolomire blanca a granel"},"content":{"rendered":"<div class=\"wp-block-columns is-layout-flex wp-container-core-columns-is-layout-9d6595d7 wp-block-columns-is-layout-flex\">\n<div class=\"wp-block-column is-layout-flow wp-block-column-is-layout-flow\">\n<h2 class=\"wp-block-heading\">Vajilla de restaurante Caracter\u00edsticas:<\/h2>\n\n\n\n<p><strong>Material de dolomita respetuoso con el medio ambiente:<\/strong> Fabricado con dolomita reciclada, es ligero, duradero y blanco.<\/p>\n\n\n\n<p><strong>Esmalte blanco y liso: <\/strong>Gracias a la tecnolog\u00eda de esmaltado blanco, la superficie es lisa y brillante, mostrando una gran calidad.<\/p>\n\n\n\n<p><strong>Dise\u00f1o de aspecto martillado:<\/strong> El dise\u00f1o martillado aporta una sensaci\u00f3n de riqueza, minimalista y \u00fanica.<\/p>\n\n\n\n<p><strong>M\u00faltiples opciones de color:<\/strong> Adem\u00e1s del blanco cl\u00e1sico, tambi\u00e9n hay rojo activo, azul y verde, colisiones de colores brillantes, adecuados para diversas ocasiones de comer.<\/p>\n\n\n\n<p><strong>M\u00faltiples especificaciones de juegos de vajilla para restaurantes<\/strong>platos, platos hondos, tazas, tazas de caf\u00e9, teteras, etc., pueden satisfacer las diversas necesidades de los distintos restaurantes y hoteles.<\/p>\n<\/div>\n\n\n\n<div class=\"wp-block-column is-layout-flow wp-block-column-is-layout-flow\"><div class=\"wp-block-image\">\n<figure class=\"aligncenter size-full\"><img decoding=\"async\" width=\"2915\" height=\"1648\" src=\"https:\/\/www.lianyuanceramic.com\/wp-content\/uploads\/2025\/03\/Restaurant-Dinnerware-Wholesale-White-Dolomire-Serveware-Bulk-11.webp\" alt=\"Vajilla de Restaurante al por mayor, Vajilla Dolomita Blanca al por mayor\" class=\"wp-image-1436\" style=\"object-fit:cover\" srcset=\"https:\/\/www.lianyuanceramic.com\/wp-content\/uploads\/2025\/03\/Restaurant-Dinnerware-Wholesale-White-Dolomire-Serveware-Bulk-11.webp 2915w, https:\/\/www.lianyuanceramic.com\/wp-content\/uploads\/2025\/03\/Restaurant-Dinnerware-Wholesale-White-Dolomire-Serveware-Bulk-11-300x170.webp 300w, https:\/\/www.lianyuanceramic.com\/wp-content\/uploads\/2025\/03\/Restaurant-Dinnerware-Wholesale-White-Dolomire-Serveware-Bulk-11-768x434.webp 768w, https:\/\/www.lianyuanceramic.com\/wp-content\/uploads\/2025\/03\/Restaurant-Dinnerware-Wholesale-White-Dolomire-Serveware-Bulk-11-18x10.webp 18w, https:\/\/www.lianyuanceramic.com\/wp-content\/uploads\/2025\/03\/Restaurant-Dinnerware-Wholesale-White-Dolomire-Serveware-Bulk-11-1200x678.webp 1200w, https:\/\/www.lianyuanceramic.com\/wp-content\/uploads\/2025\/03\/Restaurant-Dinnerware-Wholesale-White-Dolomire-Serveware-Bulk-11-600x339.webp 600w\" sizes=\"(max-width: 2915px) 100vw, 2915px\" \/><\/figure>\n<\/div><\/div>\n<\/div>\n\n\n\n<div class=\"wp-block-columns is-layout-flex wp-container-core-columns-is-layout-9d6595d7 wp-block-columns-is-layout-flex\">\n<div class=\"wp-block-column is-layout-flow wp-block-column-is-layout-flow\"><div class=\"wp-block-image\">\n<figure class=\"aligncenter size-full\"><img decoding=\"async\" width=\"1000\" height=\"615\" src=\"https:\/\/www.lianyuanceramic.com\/wp-content\/uploads\/2025\/03\/Restaurant-Dinnerware-Wholesale-White-Dolomire-Serveware-Bulk-12.webp\" alt=\"Vajilla de Restaurante al por mayor, Vajilla Dolomita Blanca al por mayor\" class=\"wp-image-1437\" style=\"object-fit:cover\" srcset=\"https:\/\/www.lianyuanceramic.com\/wp-content\/uploads\/2025\/03\/Restaurant-Dinnerware-Wholesale-White-Dolomire-Serveware-Bulk-12.webp 1000w, https:\/\/www.lianyuanceramic.com\/wp-content\/uploads\/2025\/03\/Restaurant-Dinnerware-Wholesale-White-Dolomire-Serveware-Bulk-12-300x185.webp 300w, https:\/\/www.lianyuanceramic.com\/wp-content\/uploads\/2025\/03\/Restaurant-Dinnerware-Wholesale-White-Dolomire-Serveware-Bulk-12-768x472.webp 768w, https:\/\/www.lianyuanceramic.com\/wp-content\/uploads\/2025\/03\/Restaurant-Dinnerware-Wholesale-White-Dolomire-Serveware-Bulk-12-18x12.webp 18w, https:\/\/www.lianyuanceramic.com\/wp-content\/uploads\/2025\/03\/Restaurant-Dinnerware-Wholesale-White-Dolomire-Serveware-Bulk-12-600x369.webp 600w\" sizes=\"(max-width: 1000px) 100vw, 1000px\" \/><\/figure>\n<\/div><\/div>\n\n\n\n<div class=\"wp-block-column is-layout-flow wp-block-column-is-layout-flow\">\n<h2 class=\"wp-block-heading\">Vajilla a medida para restaurantes <\/h2>\n\n\n\n<p>Lianyuan ofrece varias opciones de vajilla personalizada seg\u00fan las necesidades de la marca o las tendencias de la moda, por lo que resulta ideal para uso personal y comercial.<\/p>\n\n\n\n<p><strong>Dise\u00f1o:&nbsp;<\/strong>Elija motivos florales o cree su propio dise\u00f1o.<\/p>\n\n\n\n<p><strong>Composici\u00f3n del conjunto:<\/strong>&nbsp;Juegos de tazas de cer\u00e1mica personalizados con combinaciones de tazas, cuencos y cucharas.<\/p>\n\n\n\n<p><strong>Tama\u00f1o:&nbsp;<\/strong>Elija entre varios tama\u00f1os para adaptarse a las diferentes raciones de comida.<\/p>\n\n\n\n<p><strong>Material:<\/strong>&nbsp;Cer\u00e1mica, porcelana, porcelana china o pregunte por alternativas.<\/p>\n\n\n\n<p><strong>Artesan\u00eda:&nbsp;<\/strong>Calcoman\u00edas de esmalte, cambio de horno, pintadas a mano, motivos en relieve u otros.<\/p>\n\n\n\n<p><strong>Embalaje:&nbsp;<\/strong>Paquete a granel, caja de color, caja de regalo, caja expositora, caja de correo, etc.<\/p>\n<\/div>\n<\/div>","protected":false},"excerpt":{"rendered":"<div class=\"D5aOJc vJwDU\" style=\"text-align: left;\">Bienvenido a la vajilla de restaurante al por mayor con acabado martillado, varias especificaciones, juegos de vajilla sencillos y exquisitos para restaurantes. \u00a1Ventas directas de f\u00e1brica, descuentos de personalizaci\u00f3n a granel est\u00e1n disponibles, consulte ahora!<\/div>\n<h2 class=\"D5aOJc vJwDU\" style=\"text-align: left;\">Vajilla de restaurante Par\u00e1metro:<\/h2>\n<table style=\"border-collapse: collapse; width: 370.82pt;\" border=\"0\" width=\"618\" cellspacing=\"0\" cellpadding=\"0\">\n<tbody>\n<tr style=\"height: 15.60pt;\">\n<td class=\"et3\" style=\"height: 15.60pt; width: 108.00pt;\" width=\"180\" height=\"26\">Fabricante<\/td>\n<td width=\"438\">Lianyuan<\/td>\n<\/tr>\n<tr>\n<td height=\"26\">Tipo de producto<\/td>\n<td>Platos, cuencos, soperas, tazas y teteras<\/td>\n<\/tr>\n<tr>\n<td height=\"26\">Patr\u00f3n<\/td>\n<td>Dise\u00f1o martillado<\/td>\n<\/tr>\n<tr>\n<td height=\"26\">Color<\/td>\n<td>Blanco<\/td>\n<\/tr>\n<tr>\n<td height=\"26\">Material<\/td>\n<td>\n<p>Dolomita<\/p>\n<\/td>\n<\/tr>\n<tr>\n<td height=\"26\">Artesan\u00eda<\/td>\n<td>Glaseado blanco<\/td>\n<\/tr>\n<tr>\n<td height=\"26\">Aplicaci\u00f3n<\/td>\n<td>Apto para microondas, lavavajillas y horno<\/td>\n<\/tr>\n<tr>\n<td height=\"26\">A medida<\/td>\n<td>Color\/Tama\u00f1o\/Logotipo\/Embalaje<\/td>\n<\/tr>\n<\/tbody>\n<\/table>","protected":false},"featured_media":1429,"comment_status":"open","ping_status":"closed","template":"","meta":{"_acf_changed":false},"product_brand":[],"product_cat":[19,17],"product_tag":[32],"class_list":{"0":"post-1413","1":"product","2":"type-product","3":"status-publish","4":"has-post-thumbnail","6":"product_cat-serveware-wholesale","7":"product_cat-dinnerware-wholesale","8":"product_tag-dolomite-dinnerware-wholesale","10":"first","11":"instock","12":"shipping-taxable","13":"product-type-simple"},"acf":[],"_links":{"self":[{"href":"https:\/\/www.lianyuanceramic.com\/es\/wp-json\/wp\/v2\/product\/1413","targetHints":{"allow":["GET"]}}],"collection":[{"href":"https:\/\/www.lianyuanceramic.com\/es\/wp-json\/wp\/v2\/product"}],"about":[{"href":"https:\/\/www.lianyuanceramic.com\/es\/wp-json\/wp\/v2\/types\/product"}],"replies":[{"embeddable":true,"href":"https:\/\/www.lianyuanceramic.com\/es\/wp-json\/wp\/v2\/comments?post=1413"}],"wp:featuredmedia":[{"embeddable":true,"href":"https:\/\/www.lianyuanceramic.com\/es\/wp-json\/wp\/v2\/media\/1429"}],"wp:attachment":[{"href":"https:\/\/www.lianyuanceramic.com\/es\/wp-json\/wp\/v2\/media?parent=1413"}],"wp:term":[{"taxonomy":"product_brand","embeddable":true,"href":"https:\/\/www.lianyuanceramic.com\/es\/wp-json\/wp\/v2\/product_brand?post=1413"},{"taxonomy":"product_cat","embeddable":true,"href":"https:\/\/www.lianyuanceramic.com\/es\/wp-json\/wp\/v2\/product_cat?post=1413"},{"taxonomy":"product_tag","embeddable":true,"href":"https:\/\/www.lianyuanceramic.com\/es\/wp-json\/wp\/v2\/product_tag?post=1413"}],"curies":[{"name":"wp","href":"https:\/\/api.w.org\/{rel}","templated":true}]}}