{"id":1411,"date":"2025-03-26T07:29:30","date_gmt":"2025-03-26T07:29:30","guid":{"rendered":"https:\/\/www.lianyuanceramic.com\/?post_type=product&#038;p=1411"},"modified":"2025-03-27T07:39:01","modified_gmt":"2025-03-27T07:39:01","slug":"wholesale-vintage-blue-and-white-dinnerware","status":"publish","type":"product","link":"https:\/\/www.lianyuanceramic.com\/es\/product\/wholesale-vintage-blue-and-white-dinnerware\/","title":{"rendered":"Mayorista Vajilla Vintage Azul y Blanco, Vajilla de Cer\u00e1mica a Granel"},"content":{"rendered":"<div class=\"wp-block-image\">\n<figure class=\"aligncenter size-full\"><img decoding=\"async\" width=\"4741\" height=\"2671\" src=\"https:\/\/www.lianyuanceramic.com\/wp-content\/uploads\/2025\/03\/wholesale-vintage-blue-and-white-dinnerware.webp\" alt=\"venta al por mayor vajilla vintage azul y blanca\" class=\"wp-image-1410\" style=\"object-fit:cover\" srcset=\"https:\/\/www.lianyuanceramic.com\/wp-content\/uploads\/2025\/03\/wholesale-vintage-blue-and-white-dinnerware.webp 4741w, https:\/\/www.lianyuanceramic.com\/wp-content\/uploads\/2025\/03\/wholesale-vintage-blue-and-white-dinnerware-300x169.webp 300w, https:\/\/www.lianyuanceramic.com\/wp-content\/uploads\/2025\/03\/wholesale-vintage-blue-and-white-dinnerware-768x433.webp 768w, https:\/\/www.lianyuanceramic.com\/wp-content\/uploads\/2025\/03\/wholesale-vintage-blue-and-white-dinnerware-18x10.webp 18w, https:\/\/www.lianyuanceramic.com\/wp-content\/uploads\/2025\/03\/wholesale-vintage-blue-and-white-dinnerware-1200x676.webp 1200w, https:\/\/www.lianyuanceramic.com\/wp-content\/uploads\/2025\/03\/wholesale-vintage-blue-and-white-dinnerware-600x338.webp 600w\" sizes=\"(max-width: 4741px) 100vw, 4741px\" \/><\/figure>\n<\/div>\n\n\n<div class=\"wp-block-columns is-layout-flex wp-container-core-columns-is-layout-9d6595d7 wp-block-columns-is-layout-flex\">\n<div class=\"wp-block-column is-layout-flow wp-block-column-is-layout-flow\">\n<h2 class=\"wp-block-heading\">Vajilla Vintage Azul y Blanco Caracter\u00edsticas:<\/h2>\n\n\n\n<p><strong>Dise\u00f1o retro cl\u00e1sico: <\/strong>Siguiendo el estilo art\u00edstico de la porcelana azul y blanca europea de los siglos XVIII y XIX, combinada con elementos de la porcelana azul y blanca oriental, presenta un temperamento aristocr\u00e1tico retro,.<\/p>\n\n\n\n<p><strong>Material cer\u00e1mico de alta calidad: <\/strong>Cer\u00e1mica de alta calidad cocida a altas temperaturas, que es duradera, no se rompe f\u00e1cilmente y es adecuada para un uso prolongado.<\/p>\n\n\n\n<p><strong>Tecnolog\u00eda de calcoman\u00eda In-Glaze: <\/strong>El proceso de calcoman\u00eda en esmalte se utiliza para integrar el patr\u00f3n en la capa de esmalte bajo cocci\u00f3n a alta temperatura, y la superficie es lisa y no es f\u00e1cil de rayar. Mantiene los colores brillantes durante mucho tiempo para garantizar la durabilidad y la belleza de la vajilla.<\/p>\n\n\n\n<p><strong>Variedad de formas y ricas combinaciones<\/strong>:<br><strong>Una gama completa de vajillas:<\/strong> entre los que se incluyen grandes fuentes, platos llanos, soperas, juegos de t\u00e9, soportes para postres, etc., para satisfacer las distintas necesidades de catering.<br><strong>Dise\u00f1o de forma \u00fanica: <\/strong>Algunos platos est\u00e1n dise\u00f1ados con bordes de encaje, ondulados y tallados para a\u00f1adir una sensaci\u00f3n tridimensional y de capas.<br><strong>Bandejas altas y juegos de t\u00e9 retro: <\/strong>A\u00f1ada platos de postre de pie alto y teteras de ca\u00f1o retro para realzar la sensaci\u00f3n general de refinamiento.<\/p>\n\n\n\n<p><strong>Aplicable a una gran variedad de escenarios, admite la personalizaci\u00f3n por lotes: <\/strong>adecuado para hoteles de alta gama, cafeter\u00edas, restaurantes, banquetes de boda, mercados de regalos y otros fines comerciales.<\/p>\n<\/div>\n\n\n\n<div class=\"wp-block-column is-layout-flow wp-block-column-is-layout-flow\">\n<h2 class=\"wp-block-heading\">Vajilla Vintage Azul y Blanca Personalizada:<\/h2>\n\n\n\n<p>Lianyuan ofrece varias opciones de vajilla personalizada seg\u00fan las necesidades de la marca o las tendencias de la moda, por lo que resulta ideal para uso personal y comercial.<\/p>\n\n\n\n<p><strong>Dise\u00f1o:&nbsp;<\/strong>Dise\u00f1o de color s\u00f3lido<\/p>\n\n\n\n<p><strong>Composici\u00f3n del conjunto:<\/strong>&nbsp;Juegos de tazas de cer\u00e1mica personalizados con combinaciones de tazas, cuencos y cucharas.<\/p>\n\n\n\n<p><strong>Tama\u00f1o:&nbsp;<\/strong>Elija entre varios tama\u00f1os para adaptarse a las diferentes raciones de comida.<\/p>\n\n\n\n<p><strong>Material:<\/strong>&nbsp;Cer\u00e1mica, porcelana, porcelana china o pregunte por alternativas.<\/p>\n\n\n\n<p><strong>Artesan\u00eda:&nbsp;<\/strong>Calcoman\u00edas de esmalte, cambio de horno, pintadas a mano, motivos en relieve u otros.<\/p>\n\n\n\n<p><strong>Embalaje:&nbsp;<\/strong>Bulk Pack, caja de color, caja de regalo, caja expositora, caja postal, etc.<\/p>\n<\/div>\n<\/div>","protected":false},"excerpt":{"rendered":"<div class=\"D5aOJc vJwDU\">\n<div data-zone-id=\"0\" data-line-index=\"0\" data-line=\"true\">\n<p>Vajilla Vintage Azul y Blanco al por mayor, estilo retro brit\u00e1nico cl\u00e1sico, fabricaci\u00f3n de alta calidad, detalles exquisitos, adecuado para hoteles de alta gama, caf\u00e9s, tiendas de postres franceses, casas de t\u00e9 de la tarde brit\u00e1nica, mercados de regalos. \u00a1Salida de f\u00e1brica, apoyo a la personalizaci\u00f3n al por mayor, suministro estable! \u00a1Bienvenido a preguntar!<\/p>\n<\/div>\n<\/div>\n<h2>Vajilla Vintage Azul y Blanco Par\u00e1metro:<\/h2>\n<table style=\"border-collapse: collapse; width: 370.82pt;\" border=\"0\" width=\"618\" cellspacing=\"0\" cellpadding=\"0\">\n<tbody>\n<tr style=\"height: 15.60pt;\">\n<td class=\"et3\" style=\"height: 15.60pt; width: 108.00pt;\" width=\"180\" height=\"26\">Fabricante<\/td>\n<td class=\"et3\" style=\"width: 263.25pt;\" width=\"438\">Lianyuan<\/td>\n<\/tr>\n<tr style=\"height: 15.60pt;\">\n<td class=\"et3\" style=\"height: 15.60pt;\" height=\"26\">Tipo de producto<\/td>\n<td class=\"et3\">\u00a0Platos grandes, platos llanos, soperas, juegos de t\u00e9, soportes para postres, etc.<\/td>\n<\/tr>\n<tr style=\"height: 15.60pt;\">\n<td class=\"et3\" style=\"height: 15.60pt;\" height=\"26\">Patr\u00f3n<\/td>\n<td class=\"et3\">Estilo brit\u00e1nico antiguo<\/td>\n<\/tr>\n<tr style=\"height: 15.60pt;\">\n<td class=\"et3\" style=\"height: 15.60pt;\" height=\"26\">Color<\/td>\n<td class=\"et3\">Azul y blanco<\/td>\n<\/tr>\n<tr style=\"height: 15.60pt;\">\n<td class=\"et3\" style=\"height: 15.60pt;\" height=\"26\">Material<\/td>\n<td class=\"et3\">Porcelana resistente<\/td>\n<\/tr>\n<tr style=\"height: 15.60pt;\">\n<td class=\"et3\" style=\"height: 15.60pt;\" height=\"26\">Artesan\u00eda<\/td>\n<td class=\"et3\">Desactivo In-Glaze\u00a0<\/td>\n<\/tr>\n<tr style=\"height: 15.60pt;\">\n<td class=\"et3\" style=\"height: 15.60pt;\" height=\"26\">Aplicaci\u00f3n<\/td>\n<td class=\"et3\">Apto para microondas, lavavajillas y horno<\/td>\n<\/tr>\n<tr style=\"height: 15.60pt;\">\n<td class=\"et3\" style=\"height: 15.60pt;\" height=\"26\">A medida<\/td>\n<td class=\"et3\">Color\/Tama\u00f1o\/Logotipo\/Embalaje<\/td>\n<\/tr>\n<\/tbody>\n<\/table>","protected":false},"featured_media":1461,"comment_status":"open","ping_status":"closed","template":"","meta":{"_acf_changed":false},"product_brand":[],"product_cat":[17,18,19],"product_tag":[30,27],"class_list":{"0":"post-1411","1":"product","2":"type-product","3":"status-publish","4":"has-post-thumbnail","6":"product_cat-dinnerware-wholesale","7":"product_cat-wholesale-custom-tea-set","8":"product_cat-serveware-wholesale","9":"product_tag-custom-porcelain-dinnerware","10":"product_tag-wholesale-decal-ceramics","12":"first","13":"instock","14":"shipping-taxable","15":"product-type-simple"},"acf":[],"_links":{"self":[{"href":"https:\/\/www.lianyuanceramic.com\/es\/wp-json\/wp\/v2\/product\/1411","targetHints":{"allow":["GET"]}}],"collection":[{"href":"https:\/\/www.lianyuanceramic.com\/es\/wp-json\/wp\/v2\/product"}],"about":[{"href":"https:\/\/www.lianyuanceramic.com\/es\/wp-json\/wp\/v2\/types\/product"}],"replies":[{"embeddable":true,"href":"https:\/\/www.lianyuanceramic.com\/es\/wp-json\/wp\/v2\/comments?post=1411"}],"wp:featuredmedia":[{"embeddable":true,"href":"https:\/\/www.lianyuanceramic.com\/es\/wp-json\/wp\/v2\/media\/1461"}],"wp:attachment":[{"href":"https:\/\/www.lianyuanceramic.com\/es\/wp-json\/wp\/v2\/media?parent=1411"}],"wp:term":[{"taxonomy":"product_brand","embeddable":true,"href":"https:\/\/www.lianyuanceramic.com\/es\/wp-json\/wp\/v2\/product_brand?post=1411"},{"taxonomy":"product_cat","embeddable":true,"href":"https:\/\/www.lianyuanceramic.com\/es\/wp-json\/wp\/v2\/product_cat?post=1411"},{"taxonomy":"product_tag","embeddable":true,"href":"https:\/\/www.lianyuanceramic.com\/es\/wp-json\/wp\/v2\/product_tag?post=1411"}],"curies":[{"name":"wp","href":"https:\/\/api.w.org\/{rel}","templated":true}]}}