{"id":1400,"date":"2025-03-26T07:28:25","date_gmt":"2025-03-26T07:28:25","guid":{"rendered":"https:\/\/www.lianyuanceramic.com\/?post_type=product&#038;p=1400"},"modified":"2025-03-27T07:39:27","modified_gmt":"2025-03-27T07:39:27","slug":"custom-vintage-dinnerware-sets","status":"publish","type":"product","link":"https:\/\/www.lianyuanceramic.com\/es\/product\/custom-vintage-dinnerware-sets\/","title":{"rendered":"Vajilla Vintage Personalizada, Juego de T\u00e9 Retro Brit\u00e1nico al por Mayor"},"content":{"rendered":"<div class=\"wp-block-image\">\n<figure class=\"aligncenter size-full\"><img decoding=\"async\" width=\"4553\" height=\"2136\" src=\"https:\/\/www.lianyuanceramic.com\/wp-content\/uploads\/2025\/03\/wholesale-vintage-dinnerware-sets.webp\" alt=\"venta al por mayor vajillas vintage\" class=\"wp-image-1406\" style=\"object-fit:cover\" srcset=\"https:\/\/www.lianyuanceramic.com\/wp-content\/uploads\/2025\/03\/wholesale-vintage-dinnerware-sets.webp 4553w, https:\/\/www.lianyuanceramic.com\/wp-content\/uploads\/2025\/03\/wholesale-vintage-dinnerware-sets-300x141.webp 300w, https:\/\/www.lianyuanceramic.com\/wp-content\/uploads\/2025\/03\/wholesale-vintage-dinnerware-sets-768x360.webp 768w, https:\/\/www.lianyuanceramic.com\/wp-content\/uploads\/2025\/03\/wholesale-vintage-dinnerware-sets-18x8.webp 18w, https:\/\/www.lianyuanceramic.com\/wp-content\/uploads\/2025\/03\/wholesale-vintage-dinnerware-sets-1200x563.webp 1200w, https:\/\/www.lianyuanceramic.com\/wp-content\/uploads\/2025\/03\/wholesale-vintage-dinnerware-sets-600x281.webp 600w\" sizes=\"(max-width: 4553px) 100vw, 4553px\" \/><\/figure>\n<\/div>\n\n\n<div class=\"wp-block-columns is-layout-flex wp-container-core-columns-is-layout-9d6595d7 wp-block-columns-is-layout-flex\">\n<div class=\"wp-block-column is-layout-flow wp-block-column-is-layout-flow\">\n<h2 class=\"wp-block-heading\">Vajillas Vintage Caracter\u00edsticas:<\/h2>\n\n\n\n<p><strong>Dise\u00f1o retro brit\u00e1nico: <\/strong>elegante combinaci\u00f3n de colores blanco y negro, patr\u00f3n de carruaje brit\u00e1nico, rico estilo retro, mostrando un temperamento elegante y noble.<\/p>\n\n\n\n<p><strong>Cer\u00e1mica de alta calidad<\/strong>: con materiales cer\u00e1micos de alta calidad, seguros y sin plomo, sanos y respetuosos con el medio ambiente.<\/p>\n\n\n\n<p><strong>Calcoman\u00edas In-Glaze: <\/strong>Utilizando calcoman\u00edas en esmalte, el dibujo y el esmalte est\u00e1n integrados, la superficie es lisa y sin juntas, el color es suave y m\u00e1s resistente al desgaste.<\/p>\n\n\n\n<p><strong>Forma retro: <\/strong>La vajilla adopta bordes ondulados y bordes tallados en relieve para realzar la belleza art\u00edstica retro. Los platos de postre de pie alto y las teteras retro aumentan el ritual aristocr\u00e1tico del t\u00e9 de la tarde.<\/p>\n\n\n\n<p><strong>Juego completo de vajilla y jarrones:<\/strong> Juegos de vajilla con el mismo dise\u00f1o: platos llanos, cuencos, soperas, fuentes, teteras y tazas, tazas de caf\u00e9, soportes para tartas, etc., as\u00ed como tarros de cer\u00e1mica para el hogar, jarrones, etc. Una variedad de especificaciones y estilos para satisfacer diferentes necesidades.<\/p>\n\n\n\n<p><strong>Servicios personalizados de apoyo<\/strong>personalizaci\u00f3n, dise\u00f1o de patrones, formas y tama\u00f1os \u00fanicos y otras personalizaciones seg\u00fan las necesidades del restaurante.<\/p>\n<\/div>\n\n\n\n<div class=\"wp-block-column is-layout-flow wp-block-column-is-layout-flow\">\n<h2 class=\"wp-block-heading\">Vajillas vintage personalizadas:<\/h2>\n\n\n\n<p>Lianyuan ofrece varias opciones de vajilla personalizada seg\u00fan las necesidades de la marca o las tendencias de la moda, por lo que resulta ideal para uso personal y comercial.<\/p>\n\n\n\n<p><strong>Dise\u00f1o:&nbsp;<\/strong>Dise\u00f1o de color s\u00f3lido<\/p>\n\n\n\n<p><strong>Composici\u00f3n del conjunto:<\/strong>&nbsp;Juegos de tazas de cer\u00e1mica personalizados con combinaciones de tazas, cuencos y cucharas.<\/p>\n\n\n\n<p><strong>Tama\u00f1o:&nbsp;<\/strong>Elija entre varios tama\u00f1os para adaptarse a las diferentes raciones de comida.<\/p>\n\n\n\n<p><strong>Material:<\/strong>&nbsp;Cer\u00e1mica, porcelana, porcelana china o pregunte por alternativas.<\/p>\n\n\n\n<p><strong>Artesan\u00eda:&nbsp;<\/strong>Calcoman\u00edas de esmalte, cambio de horno, pintadas a mano, motivos en relieve u otros.<\/p>\n\n\n\n<p><strong>Embalaje:&nbsp;<\/strong>Bulk Pack, caja de color, caja de regalo, caja expositora, caja postal, etc.<\/p>\n<\/div>\n<\/div>","protected":false},"excerpt":{"rendered":"<div class=\"D5aOJc vJwDU\">\n<div data-zone-id=\"0\" data-line-index=\"0\" data-line=\"true\">\n<p>Vajillas vintage al por mayor, juegos de t\u00e9, jarrones y mucho m\u00e1s con motivos retro brit\u00e1nicos cl\u00e1sicos, que destilan elegancia y encanto. Hecho de porcelana de alta calidad con tecnolog\u00eda de calcoman\u00eda en esmalte, perfecto para restaurantes de alta gama, caf\u00e9s, y el mercado de regalos. \u00a1P\u00f3ngase en contacto con nosotros ahora para la personalizaci\u00f3n al por mayor y precios de f\u00e1brica!<\/p>\n<\/div>\n<\/div>\n<h2>Vajillas Vintage Par\u00e1metros:<\/h2>\n<table style=\"border-collapse: collapse; width: 370.82pt;\" border=\"0\" width=\"618\" cellspacing=\"0\" cellpadding=\"0\">\n<tbody>\n<tr style=\"height: 15.60pt;\">\n<td class=\"et3\" style=\"height: 15.60pt; width: 108.00pt;\" width=\"180\" height=\"26\">Fabricante<\/td>\n<td class=\"et3\" style=\"width: 263.25pt;\" width=\"438\">Lianyuan<\/td>\n<\/tr>\n<tr style=\"height: 15.60pt;\">\n<td class=\"et3\" style=\"height: 15.60pt;\" height=\"26\">Tipo de producto<\/td>\n<td class=\"et3\">Platos, cuencos, taza de t\u00e9, tetera, jarr\u00f3n, soporte para tartas<\/td>\n<\/tr>\n<tr style=\"height: 15.60pt;\">\n<td class=\"et3\" style=\"height: 15.60pt;\" height=\"26\">Patr\u00f3n<\/td>\n<td class=\"et3\">Estilo brit\u00e1nico antiguo<\/td>\n<\/tr>\n<tr style=\"height: 15.60pt;\">\n<td class=\"et3\" style=\"height: 15.60pt;\" height=\"26\">Color<\/td>\n<td class=\"et3\">Negro<\/td>\n<\/tr>\n<tr style=\"height: 15.60pt;\">\n<td class=\"et3\" style=\"height: 15.60pt;\" height=\"26\">Material<\/td>\n<td class=\"et3\">Porcelana resistente<\/td>\n<\/tr>\n<tr style=\"height: 15.60pt;\">\n<td class=\"et3\" style=\"height: 15.60pt;\" height=\"26\">Artesan\u00eda<\/td>\n<td class=\"et3\">Calcoman\u00eda In-Glaze<\/td>\n<\/tr>\n<tr style=\"height: 15.60pt;\">\n<td class=\"et3\" style=\"height: 15.60pt;\" height=\"26\">Aplicaci\u00f3n<\/td>\n<td class=\"et3\">Apto para microondas, lavavajillas y horno<\/td>\n<\/tr>\n<tr style=\"height: 15.60pt;\">\n<td class=\"et3\" style=\"height: 15.60pt;\" height=\"26\">A medida<\/td>\n<td class=\"et3\">Color\/Tama\u00f1o\/Logotipo\/Embalaje<\/td>\n<\/tr>\n<\/tbody>\n<\/table>","protected":false},"featured_media":1460,"comment_status":"open","ping_status":"closed","template":"","meta":{"_acf_changed":false},"product_brand":[],"product_cat":[17,18,19,21],"product_tag":[30,27],"class_list":{"0":"post-1400","1":"product","2":"type-product","3":"status-publish","4":"has-post-thumbnail","6":"product_cat-dinnerware-wholesale","7":"product_cat-wholesale-custom-tea-set","8":"product_cat-serveware-wholesale","9":"product_cat-ceramic-home-decor-manufacturer","10":"product_tag-custom-porcelain-dinnerware","11":"product_tag-wholesale-decal-ceramics","13":"first","14":"instock","15":"shipping-taxable","16":"product-type-simple"},"acf":[],"_links":{"self":[{"href":"https:\/\/www.lianyuanceramic.com\/es\/wp-json\/wp\/v2\/product\/1400","targetHints":{"allow":["GET"]}}],"collection":[{"href":"https:\/\/www.lianyuanceramic.com\/es\/wp-json\/wp\/v2\/product"}],"about":[{"href":"https:\/\/www.lianyuanceramic.com\/es\/wp-json\/wp\/v2\/types\/product"}],"replies":[{"embeddable":true,"href":"https:\/\/www.lianyuanceramic.com\/es\/wp-json\/wp\/v2\/comments?post=1400"}],"wp:featuredmedia":[{"embeddable":true,"href":"https:\/\/www.lianyuanceramic.com\/es\/wp-json\/wp\/v2\/media\/1460"}],"wp:attachment":[{"href":"https:\/\/www.lianyuanceramic.com\/es\/wp-json\/wp\/v2\/media?parent=1400"}],"wp:term":[{"taxonomy":"product_brand","embeddable":true,"href":"https:\/\/www.lianyuanceramic.com\/es\/wp-json\/wp\/v2\/product_brand?post=1400"},{"taxonomy":"product_cat","embeddable":true,"href":"https:\/\/www.lianyuanceramic.com\/es\/wp-json\/wp\/v2\/product_cat?post=1400"},{"taxonomy":"product_tag","embeddable":true,"href":"https:\/\/www.lianyuanceramic.com\/es\/wp-json\/wp\/v2\/product_tag?post=1400"}],"curies":[{"name":"wp","href":"https:\/\/api.w.org\/{rel}","templated":true}]}}