{"id":1308,"date":"2025-03-06T10:02:45","date_gmt":"2025-03-06T10:02:45","guid":{"rendered":"https:\/\/www.lianyuanceramic.com\/?post_type=product&#038;p=1308"},"modified":"2025-03-06T10:22:03","modified_gmt":"2025-03-06T10:22:03","slug":"tea-cup-and-saucer-set-bulk","status":"publish","type":"product","link":"https:\/\/www.lianyuanceramic.com\/es\/product\/tea-cup-and-saucer-set-bulk\/","title":{"rendered":"Juego de Taza y Plato de T\u00e9 al por mayor, Tazas de Caf\u00e9 de Cer\u00e1mica al por mayor"},"content":{"rendered":"<div class=\"wp-block-columns is-layout-flex wp-container-core-columns-is-layout-9d6595d7 wp-block-columns-is-layout-flex\">\n<div class=\"wp-block-column is-layout-flow wp-block-column-is-layout-flow\">\n<h2 class=\"wp-block-heading\">Caracter\u00edsticas del juego de taza de t\u00e9 y platillo:<\/h2>\n\n\n\n<p><strong>Elegante dise\u00f1o de motivos florales:<\/strong> una variedad de dise\u00f1os florales, naturales y elegantes, hacen que el t\u00e9 sea art\u00edstico y apreciado<\/p>\n\n\n\n<p><strong>Esmalte liso, colores vivos:<\/strong> Utilizando calcoman\u00edas de esmalte, pegadas a la perfecci\u00f3n en la taza de t\u00e9, haciendo que la superficie de la taza de t\u00e9 sea lisa, rica en color, no f\u00e1cil de desvanecer, tacto de alta calidad.<\/p>\n\n\n\n<p><strong>Material cer\u00e1mico seguro: <\/strong>utiliza material de porcelana seguro y no t\u00f3xico, resistente al agrietamiento, puede utilizarse durante mucho tiempo<\/p>\n\n\n\n<p><strong>Combinaci\u00f3n de taza y platillo:<\/strong> el mismo dise\u00f1o de estilo de la combinaci\u00f3n de taza y platillo, proporcionar una variedad de opciones de patr\u00f3n de flores, se puede personalizar el embalaje, el color y el patr\u00f3n, adecuado para el t\u00e9 de la tarde elegante.<\/p>\n\n\n\n<h2 class=\"wp-block-heading\">Juego de taza de t\u00e9 y platillo personalizados:<\/h2>\n\n\n\n<p>Tanto si desea personalizar la marca como dise\u00f1ar un nuevo producto, cu\u00e9ntenos sus ideas ahora. Nuestro equipo de dise\u00f1o y fabricaci\u00f3n de moldes puede satisfacer sus ilimitadas necesidades.<\/p>\n\n\n\n<p><strong>Dise\u00f1o:&nbsp;<\/strong>Elija motivos florales o cree su propio dise\u00f1o.<\/p>\n\n\n\n<p><strong>Composici\u00f3n del conjunto:<\/strong>&nbsp;Juegos de tazas de cer\u00e1mica personalizados con combinaciones de tazas, cuencos y cucharas.<\/p>\n\n\n\n<p><strong>Tama\u00f1o:&nbsp;<\/strong>Elija entre varios tama\u00f1os para adaptarse a las diferentes raciones de comida.<\/p>\n\n\n\n<p><strong>Material:<\/strong>&nbsp;Cer\u00e1mica, porcelana, porcelana china o pregunte por alternativas.<\/p>\n\n\n\n<p><strong>Artesan\u00eda:&nbsp;<\/strong>Calcoman\u00edas de esmalte, cambio de horno, pintadas a mano, motivos en relieve u otros.<\/p>\n\n\n\n<p><strong>Embalaje:&nbsp;<\/strong>Paquete a granel, caja de color, caja de regalo, caja expositora, caja de correo, etc.<\/p>\n<\/div>\n\n\n\n<div class=\"wp-block-column is-layout-flow wp-block-column-is-layout-flow\">\n<figure class=\"wp-block-image size-full\"><img decoding=\"async\" width=\"4160\" height=\"5654\" src=\"https:\/\/www.lianyuanceramic.com\/wp-content\/uploads\/2025\/03\/tea-cup-and-saucer-set-bulk-coffee-cups-4.webp\" alt=\"juego de tazas de t\u00e9 y platillos tazas de caf\u00e9 a granel\" class=\"wp-image-1312\" srcset=\"https:\/\/www.lianyuanceramic.com\/wp-content\/uploads\/2025\/03\/tea-cup-and-saucer-set-bulk-coffee-cups-4.webp 4160w, https:\/\/www.lianyuanceramic.com\/wp-content\/uploads\/2025\/03\/tea-cup-and-saucer-set-bulk-coffee-cups-4-221x300.webp 221w, https:\/\/www.lianyuanceramic.com\/wp-content\/uploads\/2025\/03\/tea-cup-and-saucer-set-bulk-coffee-cups-4-768x1044.webp 768w, https:\/\/www.lianyuanceramic.com\/wp-content\/uploads\/2025\/03\/tea-cup-and-saucer-set-bulk-coffee-cups-4-9x12.webp 9w, https:\/\/www.lianyuanceramic.com\/wp-content\/uploads\/2025\/03\/tea-cup-and-saucer-set-bulk-coffee-cups-4-1200x1631.webp 1200w, https:\/\/www.lianyuanceramic.com\/wp-content\/uploads\/2025\/03\/tea-cup-and-saucer-set-bulk-coffee-cups-4-600x815.webp 600w\" sizes=\"(max-width: 4160px) 100vw, 4160px\" \/><\/figure>\n<\/div>\n<\/div>","protected":false},"excerpt":{"rendered":"<div class=\"D5aOJc vJwDU\">Elegante juego de taza de t\u00e9 y platillo a granel, con ricos dise\u00f1os florales, adecuado para el t\u00e9 y el caf\u00e9 de la tarde. \u00a1Embalaje personalizable, logotipo, etc, para crear una marca \u00fanica para usted, recepci\u00f3n para entrarnos en contacto con para las soluciones de encargo asequibles!<\/div>\n<h2>Par\u00e1metro del juego de taza de t\u00e9 y platillo:<\/h2>\n<table style=\"border-collapse: collapse; width: 370.82pt;\" border=\"0\" width=\"618\" cellspacing=\"0\" cellpadding=\"0\">\n<tbody>\n<tr style=\"height: 15.60pt;\">\n<td class=\"et3\" style=\"height: 15.60pt; width: 108.00pt;\" width=\"180\" height=\"26\">Fabricante<\/td>\n<td class=\"et3\" style=\"width: 263.25pt;\" width=\"438\">Lianyuan<\/td>\n<\/tr>\n<tr style=\"height: 15.60pt;\">\n<td class=\"et3\" style=\"height: 15.60pt;\" height=\"26\">Tipo de producto<\/td>\n<td class=\"et3\">Tazas de t\u00e9 y platillos, Tazas de caf\u00e9<\/td>\n<\/tr>\n<tr style=\"height: 15.60pt;\">\n<td class=\"et3\" style=\"height: 15.60pt;\" height=\"26\">Patr\u00f3n<\/td>\n<td class=\"et3\">Floral<\/td>\n<\/tr>\n<tr style=\"height: 15.60pt;\">\n<td class=\"et3\" style=\"height: 15.60pt;\" height=\"26\">Color<\/td>\n<td class=\"et3\">Colorido<\/td>\n<\/tr>\n<tr style=\"height: 15.60pt;\">\n<td class=\"et3\" style=\"height: 15.60pt;\" height=\"26\">Material<\/td>\n<td class=\"et3\">Porcelana resistente<\/td>\n<\/tr>\n<tr style=\"height: 15.60pt;\">\n<td class=\"et3\" style=\"height: 15.60pt;\" height=\"26\">Artesan\u00eda<\/td>\n<td class=\"et3\">Calcoman\u00eda esmaltada, pintura a mano<\/td>\n<\/tr>\n<tr style=\"height: 15.60pt;\">\n<td class=\"et3\" style=\"height: 15.60pt;\" height=\"26\">Aplicaci\u00f3n<\/td>\n<td class=\"et3\">Apto para microondas, lavavajillas y horno<\/td>\n<\/tr>\n<tr style=\"height: 15.60pt;\">\n<td class=\"et3\" style=\"height: 15.60pt;\" height=\"26\">A medida<\/td>\n<td class=\"et3\">Color\/Tama\u00f1o\/Logotipo\/Embalaje<\/td>\n<\/tr>\n<\/tbody>\n<\/table>","protected":false},"featured_media":1310,"comment_status":"open","ping_status":"closed","template":"","meta":{"_acf_changed":false},"product_brand":[],"product_cat":[18],"product_tag":[30,29,27],"class_list":{"0":"post-1308","1":"product","2":"type-product","3":"status-publish","4":"has-post-thumbnail","6":"product_cat-wholesale-custom-tea-set","7":"product_tag-custom-porcelain-dinnerware","8":"product_tag-hand-painted-embossed-dinnerware-wholesale","9":"product_tag-wholesale-decal-ceramics","11":"first","12":"instock","13":"shipping-taxable","14":"product-type-simple"},"acf":[],"_links":{"self":[{"href":"https:\/\/www.lianyuanceramic.com\/es\/wp-json\/wp\/v2\/product\/1308","targetHints":{"allow":["GET"]}}],"collection":[{"href":"https:\/\/www.lianyuanceramic.com\/es\/wp-json\/wp\/v2\/product"}],"about":[{"href":"https:\/\/www.lianyuanceramic.com\/es\/wp-json\/wp\/v2\/types\/product"}],"replies":[{"embeddable":true,"href":"https:\/\/www.lianyuanceramic.com\/es\/wp-json\/wp\/v2\/comments?post=1308"}],"wp:featuredmedia":[{"embeddable":true,"href":"https:\/\/www.lianyuanceramic.com\/es\/wp-json\/wp\/v2\/media\/1310"}],"wp:attachment":[{"href":"https:\/\/www.lianyuanceramic.com\/es\/wp-json\/wp\/v2\/media?parent=1308"}],"wp:term":[{"taxonomy":"product_brand","embeddable":true,"href":"https:\/\/www.lianyuanceramic.com\/es\/wp-json\/wp\/v2\/product_brand?post=1308"},{"taxonomy":"product_cat","embeddable":true,"href":"https:\/\/www.lianyuanceramic.com\/es\/wp-json\/wp\/v2\/product_cat?post=1308"},{"taxonomy":"product_tag","embeddable":true,"href":"https:\/\/www.lianyuanceramic.com\/es\/wp-json\/wp\/v2\/product_tag?post=1308"}],"curies":[{"name":"wp","href":"https:\/\/api.w.org\/{rel}","templated":true}]}}