{"id":1204,"date":"2025-03-06T09:00:10","date_gmt":"2025-03-06T09:00:10","guid":{"rendered":"https:\/\/www.lianyuanceramic.com\/?post_type=product&#038;p=1204"},"modified":"2025-03-06T09:09:39","modified_gmt":"2025-03-06T09:09:39","slug":"wholesale-cute-dinnerware-sets","status":"publish","type":"product","link":"https:\/\/www.lianyuanceramic.com\/es\/product\/wholesale-cute-dinnerware-sets\/","title":{"rendered":"Mayorista Vajilla, Platos y Tazones de Ceramica al por mayor"},"content":{"rendered":"<div class=\"wp-block-columns is-layout-flex wp-container-core-columns-is-layout-9d6595d7 wp-block-columns-is-layout-flex\">\n<div class=\"wp-block-column is-layout-flow wp-block-column-is-layout-flow\">\n<h2 class=\"wp-block-heading\">Vajilla Cute Caracter\u00edsticas:<\/h2>\n\n\n\n<p><strong>Precioso dise\u00f1o de lunares:<\/strong> Estrella, luna, copo de nieve patrones de la suerte, combinado con textura en relieve, colores ricos, llenos de diversi\u00f3n y atractivo<\/p>\n\n\n\n<p><strong>Fabricaci\u00f3n de alta calidad:<\/strong> Hecho de porcelana duradera, esmalte mate, calcoman\u00edas y artesan\u00eda pintada a mano, el patr\u00f3n de la vajilla es exquisito, c\u00f3modo al tacto y muestra un gusto elegante.<\/p>\n\n\n\n<p><strong>Forma \u00fanica: <\/strong>El dise\u00f1o del plato con bordes irregulares y forma de concha es adecuado para postres y frutas.<\/p>\n\n\n\n<p><strong>Amplia cartera de productos:<\/strong> bandejas festoneadas, juegos de cuencos peque\u00f1os, tazas de t\u00e9, platos ovalados, ensaladeras<\/p>\n<\/div>\n\n\n\n<div class=\"wp-block-column is-layout-flow wp-block-column-is-layout-flow\">\n<figure class=\"wp-block-image size-full\"><img decoding=\"async\" width=\"1143\" height=\"1141\" src=\"https:\/\/www.lianyuanceramic.com\/wp-content\/uploads\/2025\/02\/wholesale-cute-dinnerware-sets-2.webp\" alt=\"venta al por mayor vajillas bonitas\" class=\"wp-image-1207\" srcset=\"https:\/\/www.lianyuanceramic.com\/wp-content\/uploads\/2025\/02\/wholesale-cute-dinnerware-sets-2.webp 1143w, https:\/\/www.lianyuanceramic.com\/wp-content\/uploads\/2025\/02\/wholesale-cute-dinnerware-sets-2-300x300.webp 300w, https:\/\/www.lianyuanceramic.com\/wp-content\/uploads\/2025\/02\/wholesale-cute-dinnerware-sets-2-150x150.webp 150w, https:\/\/www.lianyuanceramic.com\/wp-content\/uploads\/2025\/02\/wholesale-cute-dinnerware-sets-2-768x767.webp 768w, https:\/\/www.lianyuanceramic.com\/wp-content\/uploads\/2025\/02\/wholesale-cute-dinnerware-sets-2-12x12.webp 12w, https:\/\/www.lianyuanceramic.com\/wp-content\/uploads\/2025\/02\/wholesale-cute-dinnerware-sets-2-600x599.webp 600w, https:\/\/www.lianyuanceramic.com\/wp-content\/uploads\/2025\/02\/wholesale-cute-dinnerware-sets-2-100x100.webp 100w\" sizes=\"(max-width: 1143px) 100vw, 1143px\" \/><\/figure>\n<\/div>\n<\/div>\n\n\n\n<div class=\"wp-block-columns is-layout-flex wp-container-core-columns-is-layout-9d6595d7 wp-block-columns-is-layout-flex\">\n<div class=\"wp-block-column is-layout-flow wp-block-column-is-layout-flow\">\n<figure class=\"wp-block-image size-full\"><img decoding=\"async\" width=\"6240\" height=\"4160\" src=\"https:\/\/www.lianyuanceramic.com\/wp-content\/uploads\/2025\/03\/Wholesale-Cute-Dinnerware-Sets-Ceramic-Bowls-Plates-Bulk.webp\" alt=\"Mayorista Vajilla, Platos y Tazones de Ceramica al por mayor\" class=\"wp-image-1303\" srcset=\"https:\/\/www.lianyuanceramic.com\/wp-content\/uploads\/2025\/03\/Wholesale-Cute-Dinnerware-Sets-Ceramic-Bowls-Plates-Bulk.webp 6240w, https:\/\/www.lianyuanceramic.com\/wp-content\/uploads\/2025\/03\/Wholesale-Cute-Dinnerware-Sets-Ceramic-Bowls-Plates-Bulk-300x200.webp 300w, https:\/\/www.lianyuanceramic.com\/wp-content\/uploads\/2025\/03\/Wholesale-Cute-Dinnerware-Sets-Ceramic-Bowls-Plates-Bulk-768x512.webp 768w, https:\/\/www.lianyuanceramic.com\/wp-content\/uploads\/2025\/03\/Wholesale-Cute-Dinnerware-Sets-Ceramic-Bowls-Plates-Bulk-18x12.webp 18w, https:\/\/www.lianyuanceramic.com\/wp-content\/uploads\/2025\/03\/Wholesale-Cute-Dinnerware-Sets-Ceramic-Bowls-Plates-Bulk-1200x800.webp 1200w, https:\/\/www.lianyuanceramic.com\/wp-content\/uploads\/2025\/03\/Wholesale-Cute-Dinnerware-Sets-Ceramic-Bowls-Plates-Bulk-600x400.webp 600w\" sizes=\"(max-width: 6240px) 100vw, 6240px\" \/><\/figure>\n<\/div>\n\n\n\n<div class=\"wp-block-column is-layout-flow wp-block-column-is-layout-flow\">\n<h2 class=\"wp-block-heading\">Vajillas personalizadas Cute<\/h2>\n\n\n\n<p>Lianyuan ofrece varias opciones de vajilla personalizada seg\u00fan las necesidades de la marca o las tendencias de la moda, por lo que resulta ideal para uso personal y comercial.<\/p>\n\n\n\n<p><strong>Dise\u00f1o:&nbsp;<\/strong>Elija motivos florales o cree su propio dise\u00f1o.<\/p>\n\n\n\n<p><strong>Composici\u00f3n del conjunto:<\/strong>&nbsp;Juegos de tazas de cer\u00e1mica personalizados con combinaciones de tazas, cuencos y cucharas.<\/p>\n\n\n\n<p><strong>Tama\u00f1o:&nbsp;<\/strong>Elija entre varios tama\u00f1os para adaptarse a las diferentes raciones de comida.<\/p>\n\n\n\n<p><strong>Material:<\/strong>&nbsp;Cer\u00e1mica, porcelana, porcelana china o pregunte por alternativas.<\/p>\n\n\n\n<p><strong>Artesan\u00eda:&nbsp;<\/strong>Calcoman\u00edas de esmalte, cambio de horno, pintadas a mano, motivos en relieve u otros.<\/p>\n\n\n\n<p><strong>Embalaje:&nbsp;<\/strong>Paquete a granel, caja de color, caja de regalo, caja expositora, caja de correo, etc.<\/p>\n<\/div>\n<\/div>","protected":false},"excerpt":{"rendered":"<div class=\"D5aOJc vJwDU\">Vajillas al por mayor, vajillas personalizadas a precios de f\u00e1brica. Esta vajilla est\u00e1 hecha de porcelana de alta calidad con dise\u00f1o de s\u00edmbolo de la suerte y esmalte mate, lindo para atraer a los consumidores j\u00f3venes. \u00a1Venta directa de f\u00e1brica, bienvenido a preguntar!<\/div>\n<h2>Vajillas Simp\u00e1ticas Par\u00e1metros<\/h2>\n<table style=\"border-collapse: collapse; width: 370.82pt;\" border=\"0\" width=\"618\" cellspacing=\"0\" cellpadding=\"0\">\n<tbody>\n<tr style=\"height: 15.60pt;\">\n<td class=\"et3\" style=\"height: 15.60pt; width: 108.00pt;\" width=\"180\" height=\"26\">Fabricante<\/td>\n<td class=\"et3\" style=\"width: 263.25pt;\" width=\"438\">Lianyuan<\/td>\n<\/tr>\n<tr style=\"height: 15.60pt;\">\n<td class=\"et3\" style=\"height: 15.60pt;\" height=\"26\">Tipo de producto<\/td>\n<td class=\"et3\">Bandejas festoneadas, juegos de cuencos, tazas de t\u00e9, platos ovalados, ensaladeras<\/td>\n<\/tr>\n<tr style=\"height: 15.60pt;\">\n<td class=\"et3\" style=\"height: 15.60pt;\" height=\"26\">Patr\u00f3n<\/td>\n<td class=\"et3\">Floral<\/td>\n<\/tr>\n<tr style=\"height: 15.60pt;\">\n<td class=\"et3\" style=\"height: 15.60pt;\" height=\"26\">Color<\/td>\n<td class=\"et3\">Manchas blancas y de color<\/td>\n<\/tr>\n<tr style=\"height: 15.60pt;\">\n<td class=\"et3\" style=\"height: 15.60pt;\" height=\"26\">Material<\/td>\n<td class=\"et3\">Porcelana resistente<\/td>\n<\/tr>\n<tr style=\"height: 15.60pt;\">\n<td class=\"et3\" style=\"height: 15.60pt;\" height=\"26\">Artesan\u00eda<\/td>\n<td class=\"et3\">Esmalte mate, calcoman\u00eda esmaltada, pintura a mano<\/td>\n<\/tr>\n<tr style=\"height: 15.60pt;\">\n<td class=\"et3\" style=\"height: 15.60pt;\" height=\"26\">Aplicaci\u00f3n<\/td>\n<td class=\"et3\">Apto para microondas, lavavajillas y horno<\/td>\n<\/tr>\n<tr style=\"height: 15.60pt;\">\n<td class=\"et3\" style=\"height: 15.60pt;\" height=\"26\">A medida<\/td>\n<td class=\"et3\">Color\/Tama\u00f1o\/Logotipo\/Embalaje<\/td>\n<\/tr>\n<\/tbody>\n<\/table>","protected":false},"featured_media":1205,"comment_status":"open","ping_status":"closed","template":"","meta":{"_acf_changed":false},"product_brand":[],"product_cat":[17],"product_tag":[30,29,27],"class_list":{"0":"post-1204","1":"product","2":"type-product","3":"status-publish","4":"has-post-thumbnail","6":"product_cat-dinnerware-wholesale","7":"product_tag-custom-porcelain-dinnerware","8":"product_tag-hand-painted-embossed-dinnerware-wholesale","9":"product_tag-wholesale-decal-ceramics","11":"first","12":"instock","13":"shipping-taxable","14":"product-type-simple"},"acf":[],"_links":{"self":[{"href":"https:\/\/www.lianyuanceramic.com\/es\/wp-json\/wp\/v2\/product\/1204","targetHints":{"allow":["GET"]}}],"collection":[{"href":"https:\/\/www.lianyuanceramic.com\/es\/wp-json\/wp\/v2\/product"}],"about":[{"href":"https:\/\/www.lianyuanceramic.com\/es\/wp-json\/wp\/v2\/types\/product"}],"replies":[{"embeddable":true,"href":"https:\/\/www.lianyuanceramic.com\/es\/wp-json\/wp\/v2\/comments?post=1204"}],"wp:featuredmedia":[{"embeddable":true,"href":"https:\/\/www.lianyuanceramic.com\/es\/wp-json\/wp\/v2\/media\/1205"}],"wp:attachment":[{"href":"https:\/\/www.lianyuanceramic.com\/es\/wp-json\/wp\/v2\/media?parent=1204"}],"wp:term":[{"taxonomy":"product_brand","embeddable":true,"href":"https:\/\/www.lianyuanceramic.com\/es\/wp-json\/wp\/v2\/product_brand?post=1204"},{"taxonomy":"product_cat","embeddable":true,"href":"https:\/\/www.lianyuanceramic.com\/es\/wp-json\/wp\/v2\/product_cat?post=1204"},{"taxonomy":"product_tag","embeddable":true,"href":"https:\/\/www.lianyuanceramic.com\/es\/wp-json\/wp\/v2\/product_tag?post=1204"}],"curies":[{"name":"wp","href":"https:\/\/api.w.org\/{rel}","templated":true}]}}