{"id":1165,"date":"2025-02-12T08:18:43","date_gmt":"2025-02-12T08:18:43","guid":{"rendered":"https:\/\/www.lianyuanceramic.com\/?post_type=product&#038;p=1165"},"modified":"2025-02-13T01:06:14","modified_gmt":"2025-02-13T01:06:14","slug":"wholesale-unique-dinnerware-sets","status":"publish","type":"product","link":"https:\/\/www.lianyuanceramic.com\/es\/product\/wholesale-unique-dinnerware-sets\/","title":{"rendered":"Mayorista Vajilla Unica, Juego de T\u00e9 de Cer\u00e1mica Personalizado"},"content":{"rendered":"<div class=\"wp-block-columns is-layout-flex wp-container-core-columns-is-layout-9d6595d7 wp-block-columns-is-layout-flex\">\n<div class=\"wp-block-column is-layout-flow wp-block-column-is-layout-flow\">\n<h2 class=\"wp-block-heading\">Vajillas \u00danicas Caracter\u00edsticas\uff1a<\/h2>\n\n\n\n<p><strong>Aspecto de cer\u00e1mica natural: <\/strong>Textura \u00fanica de cer\u00e1mica natural, cada producto presenta un efecto \u00fanico tallado a mano, calidad duradera, lleno de atm\u00f3sfera art\u00edstica.<\/p>\n\n\n\n<p><strong>Puro dise\u00f1o pintado a mano:<\/strong> pintado a mano en todo, ricos colores, m\u00e1s de moda y moderno, dando la vajilla de gama alta colecci\u00f3n de valor.<\/p>\n\n\n\n<p><strong>Esmalte liso y brillante: <\/strong>cocci\u00f3n a alta temperatura, esmalte liso, presenta una sensaci\u00f3n de alta calidad y gama alta, el color es firme y resistente al desgaste<\/p>\n\n\n\n<p><strong>Dise\u00f1o de combinaci\u00f3n de juego completo: <\/strong>incluye el mismo estilo de platos llanos, juegos de tazas y platillos y cucharas, satisfaciendo toda la gama de necesidades de las familias y las industrias de restauraci\u00f3n.<\/p>\n\n\n\n<p><\/p>\n<\/div>\n\n\n\n<div class=\"wp-block-column is-layout-flow wp-block-column-is-layout-flow\">\n<figure class=\"wp-block-image size-full\"><img decoding=\"async\" width=\"5974\" height=\"3864\" src=\"https:\/\/www.lianyuanceramic.com\/wp-content\/uploads\/2025\/02\/wholesale-unique-dinnerware-sets-1.webp\" alt=\"\" class=\"wp-image-1169\" srcset=\"https:\/\/www.lianyuanceramic.com\/wp-content\/uploads\/2025\/02\/wholesale-unique-dinnerware-sets-1.webp 5974w, https:\/\/www.lianyuanceramic.com\/wp-content\/uploads\/2025\/02\/wholesale-unique-dinnerware-sets-1-300x194.webp 300w, https:\/\/www.lianyuanceramic.com\/wp-content\/uploads\/2025\/02\/wholesale-unique-dinnerware-sets-1-768x497.webp 768w, https:\/\/www.lianyuanceramic.com\/wp-content\/uploads\/2025\/02\/wholesale-unique-dinnerware-sets-1-18x12.webp 18w, https:\/\/www.lianyuanceramic.com\/wp-content\/uploads\/2025\/02\/wholesale-unique-dinnerware-sets-1-1200x776.webp 1200w, https:\/\/www.lianyuanceramic.com\/wp-content\/uploads\/2025\/02\/wholesale-unique-dinnerware-sets-1-600x388.webp 600w\" sizes=\"(max-width: 5974px) 100vw, 5974px\" \/><\/figure>\n<\/div>\n<\/div>\n\n\n\n<div class=\"wp-block-columns is-layout-flex wp-container-core-columns-is-layout-9d6595d7 wp-block-columns-is-layout-flex\">\n<div class=\"wp-block-column is-layout-flow wp-block-column-is-layout-flow\">\n<figure class=\"wp-block-image size-full\"><img decoding=\"async\" width=\"3985\" height=\"4679\" src=\"https:\/\/www.lianyuanceramic.com\/wp-content\/uploads\/2025\/02\/wholesale-unique-dinnerware-sets-2.webp\" alt=\"\" class=\"wp-image-1170\" srcset=\"https:\/\/www.lianyuanceramic.com\/wp-content\/uploads\/2025\/02\/wholesale-unique-dinnerware-sets-2.webp 3985w, https:\/\/www.lianyuanceramic.com\/wp-content\/uploads\/2025\/02\/wholesale-unique-dinnerware-sets-2-256x300.webp 256w, https:\/\/www.lianyuanceramic.com\/wp-content\/uploads\/2025\/02\/wholesale-unique-dinnerware-sets-2-768x902.webp 768w, https:\/\/www.lianyuanceramic.com\/wp-content\/uploads\/2025\/02\/wholesale-unique-dinnerware-sets-2-10x12.webp 10w, https:\/\/www.lianyuanceramic.com\/wp-content\/uploads\/2025\/02\/wholesale-unique-dinnerware-sets-2-1200x1409.webp 1200w, https:\/\/www.lianyuanceramic.com\/wp-content\/uploads\/2025\/02\/wholesale-unique-dinnerware-sets-2-600x704.webp 600w\" sizes=\"(max-width: 3985px) 100vw, 3985px\" \/><\/figure>\n<\/div>\n\n\n\n<div class=\"wp-block-column is-layout-flow wp-block-column-is-layout-flow\">\n<h2 class=\"wp-block-heading\">Vajillas \u00fanicas personalizadas:<\/h2>\n\n\n\n<p>Lianyuan ofrece varias opciones de vajilla personalizada seg\u00fan las necesidades de la marca o las tendencias de la moda, por lo que resulta ideal para uso personal y comercial.<\/p>\n\n\n\n<p><strong>Dise\u00f1o:&nbsp;<\/strong>Una vajilla de colores pintada a mano, que aportar\u00e1 a su hogar un sol radiante y vigoroso.<\/p>\n\n\n\n<p><strong>Composici\u00f3n del conjunto:<\/strong>\u00a0Vajillas de cer\u00e1mica personalizadas con combinaciones de tazas, cuencos y cucharas.<\/p>\n\n\n\n<p><strong>Tama\u00f1o:&nbsp;<\/strong>Elija entre varios tama\u00f1os para adaptarse a las diferentes raciones de comida.<\/p>\n\n\n\n<p><strong>Material:<\/strong>&nbsp;Porcelana resistente<\/p>\n\n\n\n<p><strong>Artesan\u00eda:&nbsp;<\/strong>cruda cer\u00e1mica natural exterior + puro dise\u00f1o pintado a mano<\/p>\n\n\n\n<p><strong>Embalaje:&nbsp;<\/strong>Paquete a granel, caja de color, caja de regalo, caja expositora, caja de correo, etc.<\/p>\n<\/div>\n<\/div>","protected":false},"excerpt":{"rendered":"<p>Vajillas \u00fanicas al por mayor con acabado de gres natural y bonitos dise\u00f1os pintados a mano. Esta completa colecci\u00f3n de vajilla (platos, cuencos y tazas) es moderna y pr\u00e1ctica. Disfrute de un servicio personalizado, precios de f\u00e1brica y una entrega eficaz. \u00a1P\u00f3ngase en contacto con nosotros ahora para hacer su pedido al por mayor!<\/p>\n<h2>Vajilla \u00danica Par\u00e1metro:<\/h2>\n<table style=\"border-collapse: collapse;width: 370.82pt\" border=\"0\" width=\"618\" cellspacing=\"0\" cellpadding=\"0\">\n<tbody>\n<tr style=\"height: 15.60pt\">\n<td class=\"et3\" style=\"height: 15.60pt;width: 108.00pt\" width=\"180\" height=\"26\">Fabricante<\/td>\n<td class=\"et3\" style=\"width: 263.25pt\" width=\"438\">Lianyuan<\/td>\n<\/tr>\n<tr style=\"height: 15.60pt\">\n<td class=\"et3\" style=\"height: 15.60pt\" height=\"26\">Tipo de producto<\/td>\n<td class=\"et3\">Platos, tazas, platillos y jarras<\/td>\n<\/tr>\n<tr style=\"height: 15.60pt\">\n<td class=\"et3\" style=\"height: 15.60pt\" height=\"26\">Patr\u00f3n<\/td>\n<td class=\"et3\">Morden Digen<\/td>\n<\/tr>\n<tr style=\"height: 15.60pt\">\n<td class=\"et3\" style=\"height: 15.60pt\" height=\"26\">Color<\/td>\n<td class=\"et3\">Verde, Azul, Marr\u00f3n, Amarillo, Verde<\/td>\n<\/tr>\n<tr style=\"height: 15.60pt\">\n<td class=\"et3\" style=\"height: 15.60pt\" height=\"26\">Material<\/td>\n<td class=\"et3\">Porcelana resistente<\/td>\n<\/tr>\n<tr style=\"height: 15.60pt\">\n<td class=\"et3\" style=\"height: 15.60pt\" height=\"26\">Artesan\u00eda<\/td>\n<td class=\"et3\">Pintado a mano<\/td>\n<\/tr>\n<tr style=\"height: 15.60pt\">\n<td class=\"et3\" style=\"height: 15.60pt\" height=\"26\">Aplicaci\u00f3n<\/td>\n<td class=\"et3\">Apto para microondas, lavavajillas y horno<\/td>\n<\/tr>\n<tr style=\"height: 15.60pt\">\n<td class=\"et3\" style=\"height: 15.60pt\" height=\"26\">A medida<\/td>\n<td class=\"et3\">Color\/Tama\u00f1o\/Logotipo\/Embalaje<\/td>\n<\/tr>\n<\/tbody>\n<\/table>","protected":false},"featured_media":1172,"comment_status":"open","ping_status":"closed","template":"","meta":{"_acf_changed":false},"product_brand":[],"product_cat":[17,18],"product_tag":[30,29],"class_list":{"0":"post-1165","1":"product","2":"type-product","3":"status-publish","4":"has-post-thumbnail","6":"product_cat-dinnerware-wholesale","7":"product_cat-wholesale-custom-tea-set","8":"product_tag-custom-porcelain-dinnerware","9":"product_tag-hand-painted-embossed-dinnerware-wholesale","11":"first","12":"instock","13":"shipping-taxable","14":"product-type-simple"},"acf":[],"_links":{"self":[{"href":"https:\/\/www.lianyuanceramic.com\/es\/wp-json\/wp\/v2\/product\/1165","targetHints":{"allow":["GET"]}}],"collection":[{"href":"https:\/\/www.lianyuanceramic.com\/es\/wp-json\/wp\/v2\/product"}],"about":[{"href":"https:\/\/www.lianyuanceramic.com\/es\/wp-json\/wp\/v2\/types\/product"}],"replies":[{"embeddable":true,"href":"https:\/\/www.lianyuanceramic.com\/es\/wp-json\/wp\/v2\/comments?post=1165"}],"wp:featuredmedia":[{"embeddable":true,"href":"https:\/\/www.lianyuanceramic.com\/es\/wp-json\/wp\/v2\/media\/1172"}],"wp:attachment":[{"href":"https:\/\/www.lianyuanceramic.com\/es\/wp-json\/wp\/v2\/media?parent=1165"}],"wp:term":[{"taxonomy":"product_brand","embeddable":true,"href":"https:\/\/www.lianyuanceramic.com\/es\/wp-json\/wp\/v2\/product_brand?post=1165"},{"taxonomy":"product_cat","embeddable":true,"href":"https:\/\/www.lianyuanceramic.com\/es\/wp-json\/wp\/v2\/product_cat?post=1165"},{"taxonomy":"product_tag","embeddable":true,"href":"https:\/\/www.lianyuanceramic.com\/es\/wp-json\/wp\/v2\/product_tag?post=1165"}],"curies":[{"name":"wp","href":"https:\/\/api.w.org\/{rel}","templated":true}]}}