{"id":116,"date":"2024-10-17T16:04:23","date_gmt":"2024-10-17T16:04:23","guid":{"rendered":"https:\/\/www.lianyuanceramic.com\/?post_type=product&#038;p=116"},"modified":"2024-12-28T14:10:20","modified_gmt":"2024-12-28T14:10:20","slug":"breakfast-cup-wholesale","status":"publish","type":"product","link":"https:\/\/www.lianyuanceramic.com\/es\/product\/breakfast-cup-wholesale\/","title":{"rendered":"Taza de cer\u00e1mica para el desayuno Taza de caf\u00e9 T\u00e9 Avena al por mayor"},"content":{"rendered":"<div class=\"wp-block-columns is-layout-flex wp-container-core-columns-is-layout-9d6595d7 wp-block-columns-is-layout-flex\">\n<div class=\"wp-block-column is-layout-flow wp-block-column-is-layout-flow\">\n<h2 class=\"wp-block-heading\">Taza de desayuno Caracter\u00edsticas:<\/h2>\n\n\n\n<p><strong>Precioso dise\u00f1o floral con vivos colores<\/strong><br>Bellamente dise\u00f1ado con motivos florales naturales, que son atractivos y elegantes para mejorar la experiencia de desayuno del usuario.<\/p>\n\n\n\n<p><strong>Material cer\u00e1mico duradero<\/strong><br>Hecho de cer\u00e1mica de alta calidad para garantizar la durabilidad y no es f\u00e1cil de romper.<\/p>\n\n\n\n<p><strong>Norma California 65 de alta calidad<\/strong><br>Cumple la normativa de seguridad California 65 para garantizar que no contiene sustancias nocivas y cumple las normas para un uso diario seguro.<\/p>\n\n\n\n<p><strong>Calcoman\u00edas esmaltadas y manualidades pintadas a mano<br><\/strong>La artesan\u00eda en esmalte integra a la perfecci\u00f3n el motivo floral, proporcionando una superficie y un tacto delicados y suaves.<\/p>\n\n\n\n<p><strong>Embalaje en caja de regalo personalizable<\/strong><br>Disponibles en cajas de regalo de bonito dise\u00f1o, con combinaciones de juegos personalizables que pueden incluir varias cantidades de cuencos y cucharas para adaptarse a sus necesidades.<\/p>\n\n\n\n<p><strong>Adecuado para cualquier ocasi\u00f3n<\/strong><br>Dise\u00f1o vers\u00e1til, perfecto para caf\u00e9 con leche, t\u00e9 y sopa, adecuado tanto para desayunos informales como para comedores formales.<\/p>\n<\/div>\n\n\n\n<div class=\"wp-block-column is-layout-flow wp-block-column-is-layout-flow\">\n<figure class=\"wp-block-image size-full\"><img decoding=\"async\" width=\"3333\" height=\"3333\" src=\"https:\/\/www.lianyuanceramic.com\/wp-content\/uploads\/2024\/10\/Breakfast-Cup-wholesale-and-custom-4.webp\" alt=\"Taza de desayuno al por mayor y a medida (4)\" class=\"wp-image-120\" srcset=\"https:\/\/www.lianyuanceramic.com\/wp-content\/uploads\/2024\/10\/Breakfast-Cup-wholesale-and-custom-4.webp 3333w, https:\/\/www.lianyuanceramic.com\/wp-content\/uploads\/2024\/10\/Breakfast-Cup-wholesale-and-custom-4-300x300.webp 300w, https:\/\/www.lianyuanceramic.com\/wp-content\/uploads\/2024\/10\/Breakfast-Cup-wholesale-and-custom-4-150x150.webp 150w, https:\/\/www.lianyuanceramic.com\/wp-content\/uploads\/2024\/10\/Breakfast-Cup-wholesale-and-custom-4-768x768.webp 768w, https:\/\/www.lianyuanceramic.com\/wp-content\/uploads\/2024\/10\/Breakfast-Cup-wholesale-and-custom-4-1200x1200.webp 1200w, https:\/\/www.lianyuanceramic.com\/wp-content\/uploads\/2024\/10\/Breakfast-Cup-wholesale-and-custom-4-600x600.webp 600w, https:\/\/www.lianyuanceramic.com\/wp-content\/uploads\/2024\/10\/Breakfast-Cup-wholesale-and-custom-4-100x100.webp 100w\" sizes=\"(max-width: 3333px) 100vw, 3333px\" \/><\/figure>\n<\/div>\n<\/div>\n\n\n\n<div class=\"wp-block-columns is-layout-flex wp-container-core-columns-is-layout-9d6595d7 wp-block-columns-is-layout-flex\">\n<div class=\"wp-block-column is-layout-flow wp-block-column-is-layout-flow\"><\/div>\n\n\n\n<div class=\"wp-block-column is-layout-flow wp-block-column-is-layout-flow\"><\/div>\n<\/div>\n\n\n\n<div class=\"wp-block-columns is-layout-flex wp-container-core-columns-is-layout-9d6595d7 wp-block-columns-is-layout-flex\">\n<div class=\"wp-block-column is-layout-flow wp-block-column-is-layout-flow\">\n<figure class=\"wp-block-image size-full\"><img decoding=\"async\" width=\"3333\" height=\"3333\" src=\"https:\/\/www.lianyuanceramic.com\/wp-content\/uploads\/2024\/10\/Breakfast-Cup-wholesale-and-custom-2.webp\" alt=\"Taza de desayuno al por mayor y a medida (2)\" class=\"wp-image-118\" srcset=\"https:\/\/www.lianyuanceramic.com\/wp-content\/uploads\/2024\/10\/Breakfast-Cup-wholesale-and-custom-2.webp 3333w, https:\/\/www.lianyuanceramic.com\/wp-content\/uploads\/2024\/10\/Breakfast-Cup-wholesale-and-custom-2-300x300.webp 300w, https:\/\/www.lianyuanceramic.com\/wp-content\/uploads\/2024\/10\/Breakfast-Cup-wholesale-and-custom-2-150x150.webp 150w, https:\/\/www.lianyuanceramic.com\/wp-content\/uploads\/2024\/10\/Breakfast-Cup-wholesale-and-custom-2-768x768.webp 768w, https:\/\/www.lianyuanceramic.com\/wp-content\/uploads\/2024\/10\/Breakfast-Cup-wholesale-and-custom-2-1200x1200.webp 1200w, https:\/\/www.lianyuanceramic.com\/wp-content\/uploads\/2024\/10\/Breakfast-Cup-wholesale-and-custom-2-600x600.webp 600w, https:\/\/www.lianyuanceramic.com\/wp-content\/uploads\/2024\/10\/Breakfast-Cup-wholesale-and-custom-2-100x100.webp 100w\" sizes=\"(max-width: 3333px) 100vw, 3333px\" \/><\/figure>\n<\/div>\n\n\n\n<div class=\"wp-block-column is-layout-flow wp-block-column-is-layout-flow\">\n<h2 class=\"wp-block-heading\">Taza de desayuno personalizada<\/h2>\n\n\n\n<p>Tanto si desea personalizar la marca como dise\u00f1ar un nuevo producto, cu\u00e9ntenos sus ideas ahora. Nuestro equipo de dise\u00f1o y fabricaci\u00f3n de moldes puede satisfacer sus ilimitadas necesidades.<\/p>\n\n\n\n<p><strong>Dise\u00f1o: <\/strong>Elija motivos florales o cree su propio dise\u00f1o.<\/p>\n\n\n\n<p><strong>Composici\u00f3n del conjunto:<\/strong> Juegos de tazas de cer\u00e1mica personalizados con combinaciones de tazas, cuencos y cucharas.<\/p>\n\n\n\n<p><strong>Tama\u00f1o: <\/strong>Elija entre varios tama\u00f1os para adaptarse a las diferentes raciones de comida.<\/p>\n\n\n\n<p><strong>Material:<\/strong> Cer\u00e1mica, porcelana, porcelana china o pregunte por alternativas.<\/p>\n\n\n\n<p><strong>Artesan\u00eda: <\/strong>Calcoman\u00edas de esmalte, cambio de horno, pintadas a mano, motivos en relieve u otros.<\/p>\n\n\n\n<p><strong>Embalaje: <\/strong>Paquete a granel, caja de color, caja de regalo, caja expositora, caja de correo, etc.<\/p>\n<\/div>\n<\/div>\n\n\n\n<p><\/p>","protected":false},"excerpt":{"rendered":"<p>Tazas de desayuno de alta calidad fabricadas por un fabricante profesional de juegos de t\u00e9 de cer\u00e1mica, con un dise\u00f1o floral \u00fanico y exquisito, combinado con la artesan\u00eda del color del esmalte. Hermoso y durable, conveniente para el hogar, negocios y varios lugares de gama alta. Lianyuan fabricantes proporcionan soluciones de vajilla personalizada de una parada para crear productos de marca \u00fanica para usted.<\/p>\n<h2>Par\u00e1metros de la taza de desayuno<\/h2>\n<table width=\"495\">\n<tbody>\n<tr>\n<td width=\"144\">Fabricante<\/td>\n<td width=\"351\">Lianyuan<\/td>\n<\/tr>\n<tr>\n<td>Tipo de producto<\/td>\n<td width=\"351\">Tazas, Tazas, Taza de caf\u00e9 con leche, Taza de t\u00e9<\/td>\n<\/tr>\n<tr>\n<td>Patr\u00f3n<\/td>\n<td>Floral<\/td>\n<\/tr>\n<tr>\n<td>Color<\/td>\n<td>Multicolor<\/td>\n<\/tr>\n<tr>\n<td>Material<\/td>\n<td>Porcelana resistente<\/td>\n<\/tr>\n<tr>\n<td>Artesan\u00eda<\/td>\n<td>Calcoman\u00eda esmaltada y pintura a mano<\/td>\n<\/tr>\n<tr>\n<td>Capacidad<\/td>\n<td>16 onzas ( 450 ml )<\/td>\n<\/tr>\n<tr>\n<td>Aplicaci\u00f3n<\/td>\n<td>Apto para microondas, lavavajillas y horno<\/td>\n<\/tr>\n<tr>\n<td>A medida<\/td>\n<td>Color\/Tama\u00f1o\/Logotipo\/Embalaje<\/td>\n<\/tr>\n<\/tbody>\n<\/table>","protected":false},"featured_media":118,"comment_status":"open","ping_status":"closed","template":"","meta":{"_acf_changed":true},"product_brand":[],"product_cat":[18],"product_tag":[30,29,27],"class_list":{"0":"post-116","1":"product","2":"type-product","3":"status-publish","4":"has-post-thumbnail","6":"product_cat-wholesale-custom-tea-set","7":"product_tag-custom-porcelain-dinnerware","8":"product_tag-hand-painted-embossed-dinnerware-wholesale","9":"product_tag-wholesale-decal-ceramics","11":"first","12":"instock","13":"shipping-taxable","14":"product-type-simple"},"acf":[],"_links":{"self":[{"href":"https:\/\/www.lianyuanceramic.com\/es\/wp-json\/wp\/v2\/product\/116","targetHints":{"allow":["GET"]}}],"collection":[{"href":"https:\/\/www.lianyuanceramic.com\/es\/wp-json\/wp\/v2\/product"}],"about":[{"href":"https:\/\/www.lianyuanceramic.com\/es\/wp-json\/wp\/v2\/types\/product"}],"replies":[{"embeddable":true,"href":"https:\/\/www.lianyuanceramic.com\/es\/wp-json\/wp\/v2\/comments?post=116"}],"wp:featuredmedia":[{"embeddable":true,"href":"https:\/\/www.lianyuanceramic.com\/es\/wp-json\/wp\/v2\/media\/118"}],"wp:attachment":[{"href":"https:\/\/www.lianyuanceramic.com\/es\/wp-json\/wp\/v2\/media?parent=116"}],"wp:term":[{"taxonomy":"product_brand","embeddable":true,"href":"https:\/\/www.lianyuanceramic.com\/es\/wp-json\/wp\/v2\/product_brand?post=116"},{"taxonomy":"product_cat","embeddable":true,"href":"https:\/\/www.lianyuanceramic.com\/es\/wp-json\/wp\/v2\/product_cat?post=116"},{"taxonomy":"product_tag","embeddable":true,"href":"https:\/\/www.lianyuanceramic.com\/es\/wp-json\/wp\/v2\/product_tag?post=116"}],"curies":[{"name":"wp","href":"https:\/\/api.w.org\/{rel}","templated":true}]}}