{"id":1128,"date":"2025-01-17T08:37:42","date_gmt":"2025-01-17T08:37:42","guid":{"rendered":"https:\/\/www.lianyuanceramic.com\/?post_type=product&#038;p=1128"},"modified":"2025-01-17T09:01:58","modified_gmt":"2025-01-17T09:01:58","slug":"wholesale-porcelain-dinnerware","status":"publish","type":"product","link":"https:\/\/www.lianyuanceramic.com\/es\/product\/wholesale-porcelain-dinnerware\/","title":{"rendered":"Mayorista Vajilla de Porcelana Juego de T\u00e9 Elegante Blanco Floral"},"content":{"rendered":"<div class=\"wp-block-columns is-layout-flex wp-container-core-columns-is-layout-9d6595d7 wp-block-columns-is-layout-flex\">\n<div class=\"wp-block-column is-layout-flow wp-block-column-is-layout-flow\">\n<h2 class=\"wp-block-heading\">Vajilla de porcelana Caracter\u00edsticas:<\/h2>\n\n\n\n<p><strong>Porcelana de alta calidad<\/strong><br>Hecho de material de porcelana duradera, textura fina, fuerte y resistente al desgaste, material ecol\u00f3gico y seguro, sin plomo y no t\u00f3xico, adecuado para el uso diario.<\/p>\n\n\n\n<p><strong>Dise\u00f1o elegante y a la moda<\/strong><br>Con un blanco natural y elegante, adornado con hermosos motivos de peque\u00f1as flores, transmite la belleza de la naturaleza y el confort.<\/p>\n\n\n\n<p><strong>Dise\u00f1o de forma irregular<\/strong><br>Rompiendo con la forma tradicional, el dise\u00f1o es \u00fanico, a\u00f1ade sentido art\u00edstico y realza el atractivo del servicio de mesa.<\/p>\n\n\n\n<p><strong>vajilla y juego de t\u00e9<\/strong><br>Cubreplatos, cuencos, tazas de t\u00e9, teteras, etc., adecuados para el t\u00e9 de la tarde, cenas familiares, servicios de hosteler\u00eda de restaurantes, etc.<\/p>\n\n\n\n<p><strong>Atractivo para el mercado<\/strong><br>El elegante dise\u00f1o se ajusta a la est\u00e9tica del mercado mundial, y el envase de regalo puede personalizarse, lo que lo convierte en una opci\u00f3n ideal para bodas, festivales y regalos de empresa.<\/p>\n<\/div>\n\n\n\n<div class=\"wp-block-column is-layout-flow wp-block-column-is-layout-flow\">\n<figure class=\"wp-block-image size-full\"><img decoding=\"async\" width=\"6240\" height=\"4160\" src=\"https:\/\/www.lianyuanceramic.com\/wp-content\/uploads\/2025\/01\/wholesale-porcelain-dinnerware-tea-set-2.webp\" alt=\"venta al por mayor vajilla de porcelana juego de t\u00e9\" class=\"wp-image-1119\" srcset=\"https:\/\/www.lianyuanceramic.com\/wp-content\/uploads\/2025\/01\/wholesale-porcelain-dinnerware-tea-set-2.webp 6240w, https:\/\/www.lianyuanceramic.com\/wp-content\/uploads\/2025\/01\/wholesale-porcelain-dinnerware-tea-set-2-300x200.webp 300w, https:\/\/www.lianyuanceramic.com\/wp-content\/uploads\/2025\/01\/wholesale-porcelain-dinnerware-tea-set-2-768x512.webp 768w, https:\/\/www.lianyuanceramic.com\/wp-content\/uploads\/2025\/01\/wholesale-porcelain-dinnerware-tea-set-2-18x12.webp 18w, https:\/\/www.lianyuanceramic.com\/wp-content\/uploads\/2025\/01\/wholesale-porcelain-dinnerware-tea-set-2-1200x800.webp 1200w, https:\/\/www.lianyuanceramic.com\/wp-content\/uploads\/2025\/01\/wholesale-porcelain-dinnerware-tea-set-2-600x400.webp 600w\" sizes=\"(max-width: 6240px) 100vw, 6240px\" \/><\/figure>\n<\/div>\n<\/div>\n\n\n\n<div class=\"wp-block-columns is-layout-flex wp-container-core-columns-is-layout-9d6595d7 wp-block-columns-is-layout-flex\">\n<div class=\"wp-block-column is-layout-flow wp-block-column-is-layout-flow\">\n<figure class=\"wp-block-image size-full\"><img decoding=\"async\" width=\"4151\" height=\"3452\" src=\"https:\/\/www.lianyuanceramic.com\/wp-content\/uploads\/2025\/01\/wholesale-porcelain-dinnerware-tea-set-1.webp\" alt=\"venta al por mayor vajilla de porcelana juego de t\u00e9\" class=\"wp-image-1118\" srcset=\"https:\/\/www.lianyuanceramic.com\/wp-content\/uploads\/2025\/01\/wholesale-porcelain-dinnerware-tea-set-1.webp 4151w, https:\/\/www.lianyuanceramic.com\/wp-content\/uploads\/2025\/01\/wholesale-porcelain-dinnerware-tea-set-1-300x249.webp 300w, https:\/\/www.lianyuanceramic.com\/wp-content\/uploads\/2025\/01\/wholesale-porcelain-dinnerware-tea-set-1-768x639.webp 768w, https:\/\/www.lianyuanceramic.com\/wp-content\/uploads\/2025\/01\/wholesale-porcelain-dinnerware-tea-set-1-14x12.webp 14w, https:\/\/www.lianyuanceramic.com\/wp-content\/uploads\/2025\/01\/wholesale-porcelain-dinnerware-tea-set-1-1200x998.webp 1200w, https:\/\/www.lianyuanceramic.com\/wp-content\/uploads\/2025\/01\/wholesale-porcelain-dinnerware-tea-set-1-600x499.webp 600w\" sizes=\"(max-width: 4151px) 100vw, 4151px\" \/><\/figure>\n<\/div>\n\n\n\n<div class=\"wp-block-column is-layout-flow wp-block-column-is-layout-flow\">\n<h2 class=\"wp-block-heading\">Vajillas de porcelana personalizadas:<\/h2>\n\n\n\n<p>Lianyuan ofrece varias opciones de vajilla personalizada seg\u00fan las necesidades de la marca o las tendencias de la moda, por lo que resulta ideal para uso personal y comercial.<\/p>\n\n\n\n<p><strong>Dise\u00f1o:&nbsp;<\/strong>Elija motivos florales o cree su propio dise\u00f1o.<\/p>\n\n\n\n<p><strong>Composici\u00f3n del conjunto:<\/strong>&nbsp;Juegos de tazas de cer\u00e1mica personalizados con combinaciones de tazas, cuencos y cucharas.<\/p>\n\n\n\n<p><strong>Tama\u00f1o:&nbsp;<\/strong>Elija entre varios tama\u00f1os para adaptarse a las diferentes raciones de comida.<\/p>\n\n\n\n<p><strong>Material:<\/strong>&nbsp;Cer\u00e1mica, porcelana, porcelana china o pregunte por alternativas.<\/p>\n\n\n\n<p><strong>Artesan\u00eda:&nbsp;<\/strong>Calcoman\u00edas de esmalte, cambio de horno, pintadas a mano, motivos en relieve u otros.<\/p>\n\n\n\n<p><strong>Embalaje:&nbsp;<\/strong>Paquete a granel, caja de color, caja de regalo, caja expositora, caja de correo, etc.<\/p>\n<\/div>\n<\/div>","protected":false},"excerpt":{"rendered":"<p>Bienvenido a la vajilla de porcelana al por mayor y juegos de t\u00e9, flores elegantes y naturales adornan platos blancos, dise\u00f1o de forma irregular, \u00fanico y hermoso. Proporcionar precios de f\u00e1brica y servicios personalizados, p\u00f3ngase en contacto con nosotros para obtener m\u00e1s informaci\u00f3n sobre vajilla de porcelana fina.<\/p>\n<h2>Vajilla de porcelana Par\u00e1metro<\/h2>\n<table style=\"border-collapse: collapse; width: 370.82pt;\" border=\"0\" width=\"618\" cellspacing=\"0\" cellpadding=\"0\">\n<tbody>\n<tr style=\"height: 15.60pt;\">\n<td class=\"et3\" style=\"height: 15.60pt; width: 108.00pt;\" width=\"180\" height=\"26\">Fabricante<\/td>\n<td class=\"et3\" style=\"width: 263.25pt;\" width=\"438\">Lianyuan<\/td>\n<\/tr>\n<tr style=\"height: 15.60pt;\">\n<td class=\"et3\" style=\"height: 15.60pt;\" height=\"26\">Tipo de producto<\/td>\n<td class=\"et3\">Platos, Cuencos, Vajilla, Taza de t\u00e9, Tetera, Vasse<\/td>\n<\/tr>\n<tr style=\"height: 15.60pt;\">\n<td class=\"et3\" style=\"height: 15.60pt;\" height=\"26\">Patr\u00f3n<\/td>\n<td class=\"et3\">Floral<\/td>\n<\/tr>\n<tr style=\"height: 15.60pt;\">\n<td class=\"et3\" style=\"height: 15.60pt;\" height=\"26\">Color<\/td>\n<td class=\"et3\">Colorido<\/td>\n<\/tr>\n<tr style=\"height: 15.60pt;\">\n<td class=\"et3\" style=\"height: 15.60pt;\" height=\"26\">Material<\/td>\n<td class=\"et3\">Porcelana resistente<\/td>\n<\/tr>\n<tr style=\"height: 15.60pt;\">\n<td class=\"et3\" style=\"height: 15.60pt;\" height=\"26\">Artesan\u00eda<\/td>\n<td class=\"et3\">Calcoman\u00eda esmaltada, pintura a mano<\/td>\n<\/tr>\n<tr style=\"height: 15.60pt;\">\n<td class=\"et3\" style=\"height: 15.60pt;\" height=\"26\">Aplicaci\u00f3n<\/td>\n<td class=\"et3\">Apto para microondas, lavavajillas y horno<\/td>\n<\/tr>\n<tr style=\"height: 15.60pt;\">\n<td class=\"et3\" style=\"height: 15.60pt;\" height=\"26\">A medida<\/td>\n<td class=\"et3\">Color\/Tama\u00f1o\/Logotipo\/Embalaje<\/td>\n<\/tr>\n<\/tbody>\n<\/table>","protected":false},"featured_media":1120,"comment_status":"open","ping_status":"closed","template":"","meta":{"_acf_changed":true},"product_brand":[],"product_cat":[17,18],"product_tag":[30,29,27],"class_list":{"0":"post-1128","1":"product","2":"type-product","3":"status-publish","4":"has-post-thumbnail","6":"product_cat-dinnerware-wholesale","7":"product_cat-wholesale-custom-tea-set","8":"product_tag-custom-porcelain-dinnerware","9":"product_tag-hand-painted-embossed-dinnerware-wholesale","10":"product_tag-wholesale-decal-ceramics","12":"first","13":"instock","14":"shipping-taxable","15":"product-type-simple"},"acf":[],"_links":{"self":[{"href":"https:\/\/www.lianyuanceramic.com\/es\/wp-json\/wp\/v2\/product\/1128","targetHints":{"allow":["GET"]}}],"collection":[{"href":"https:\/\/www.lianyuanceramic.com\/es\/wp-json\/wp\/v2\/product"}],"about":[{"href":"https:\/\/www.lianyuanceramic.com\/es\/wp-json\/wp\/v2\/types\/product"}],"replies":[{"embeddable":true,"href":"https:\/\/www.lianyuanceramic.com\/es\/wp-json\/wp\/v2\/comments?post=1128"}],"wp:featuredmedia":[{"embeddable":true,"href":"https:\/\/www.lianyuanceramic.com\/es\/wp-json\/wp\/v2\/media\/1120"}],"wp:attachment":[{"href":"https:\/\/www.lianyuanceramic.com\/es\/wp-json\/wp\/v2\/media?parent=1128"}],"wp:term":[{"taxonomy":"product_brand","embeddable":true,"href":"https:\/\/www.lianyuanceramic.com\/es\/wp-json\/wp\/v2\/product_brand?post=1128"},{"taxonomy":"product_cat","embeddable":true,"href":"https:\/\/www.lianyuanceramic.com\/es\/wp-json\/wp\/v2\/product_cat?post=1128"},{"taxonomy":"product_tag","embeddable":true,"href":"https:\/\/www.lianyuanceramic.com\/es\/wp-json\/wp\/v2\/product_tag?post=1128"}],"curies":[{"name":"wp","href":"https:\/\/api.w.org\/{rel}","templated":true}]}}