{"id":1067,"date":"2025-01-17T03:56:12","date_gmt":"2025-01-17T03:56:12","guid":{"rendered":"https:\/\/www.lianyuanceramic.com\/?post_type=product&#038;p=1067"},"modified":"2025-01-17T05:42:53","modified_gmt":"2025-01-17T05:42:53","slug":"custom-ceramic-food-storage-containers","status":"publish","type":"product","link":"https:\/\/www.lianyuanceramic.com\/es\/product\/custom-ceramic-food-storage-containers\/","title":{"rendered":"Recipientes de cer\u00e1mica a granel con tapa para alimentos"},"content":{"rendered":"<div class=\"wp-block-columns is-layout-flex wp-container-core-columns-is-layout-9d6595d7 wp-block-columns-is-layout-flex\">\n<div class=\"wp-block-column is-layout-flow wp-block-column-is-layout-flow\">\n<h2 class=\"wp-block-heading\">Recipientes de cer\u00e1mica para alimentos Caracter\u00edsticas:<\/h2>\n\n\n\n<p><strong>Porcelana duradera de alta calidad<\/strong><br>Fabricado en porcelana segura y no t\u00f3xica, es m\u00e1s duradero, resistente a altas temperaturas y apto para su uso en microondas, hornos y frigor\u00edficos.<\/p>\n\n\n\n<p><strong>Dise\u00f1o \u00fanico y exquisito<\/strong><br>El dise\u00f1o de flores y plantas muestra un estilo natural y fresco. Las calcoman\u00edas esmaltadas y la artesan\u00eda pintada a mano hacen que los motivos sean vivos y brillantes, y la superficie es lisa y brillante, lo que a\u00f1ade encanto a la cocina o a la mesa del comedor.<\/p>\n\n\n\n<p><strong>Dise\u00f1o a prueba de fugas<\/strong><br>Con una tapa sellada para evitar fugas del contenido, inhibe eficazmente el crecimiento bacteriano y es adecuado para el almacenamiento a largo plazo.<\/p>\n\n\n\n<p><strong>F\u00e1cil de limpiar<\/strong><br>La superficie es lisa, no absorbe f\u00e1cilmente los restos de comida y es f\u00e1cil de limpiar.<\/p>\n\n\n\n<p><strong>Certificaci\u00f3n de seguridad<\/strong><br>Cumple la normativa de la Proposici\u00f3n 65 de California, no es t\u00f3xico y no da\u00f1a el medio ambiente, garantizando la seguridad del almacenamiento de alimentos.<\/p>\n<\/div>\n\n\n\n<div class=\"wp-block-column is-layout-flow wp-block-column-is-layout-flow\">\n<figure class=\"wp-block-image size-full\"><img decoding=\"async\" width=\"4160\" height=\"4160\" src=\"https:\/\/www.lianyuanceramic.com\/wp-content\/uploads\/2025\/01\/custom-ceramic-food-storage-containers-bulk-17.webp\" alt=\"recipientes cer\u00e1micos personalizados para alimentos a granel\" class=\"wp-image-1069\" srcset=\"https:\/\/www.lianyuanceramic.com\/wp-content\/uploads\/2025\/01\/custom-ceramic-food-storage-containers-bulk-17.webp 4160w, https:\/\/www.lianyuanceramic.com\/wp-content\/uploads\/2025\/01\/custom-ceramic-food-storage-containers-bulk-17-300x300.webp 300w, https:\/\/www.lianyuanceramic.com\/wp-content\/uploads\/2025\/01\/custom-ceramic-food-storage-containers-bulk-17-150x150.webp 150w, https:\/\/www.lianyuanceramic.com\/wp-content\/uploads\/2025\/01\/custom-ceramic-food-storage-containers-bulk-17-768x768.webp 768w, https:\/\/www.lianyuanceramic.com\/wp-content\/uploads\/2025\/01\/custom-ceramic-food-storage-containers-bulk-17-12x12.webp 12w, https:\/\/www.lianyuanceramic.com\/wp-content\/uploads\/2025\/01\/custom-ceramic-food-storage-containers-bulk-17-1200x1200.webp 1200w, https:\/\/www.lianyuanceramic.com\/wp-content\/uploads\/2025\/01\/custom-ceramic-food-storage-containers-bulk-17-600x600.webp 600w, https:\/\/www.lianyuanceramic.com\/wp-content\/uploads\/2025\/01\/custom-ceramic-food-storage-containers-bulk-17-100x100.webp 100w\" sizes=\"(max-width: 4160px) 100vw, 4160px\" \/><\/figure>\n<\/div>\n<\/div>\n\n\n\n<div class=\"wp-block-columns is-layout-flex wp-container-core-columns-is-layout-9d6595d7 wp-block-columns-is-layout-flex\">\n<div class=\"wp-block-column is-layout-flow wp-block-column-is-layout-flow\"><\/div>\n\n\n\n<div class=\"wp-block-column is-layout-flow wp-block-column-is-layout-flow\"><\/div>\n<\/div>\n\n\n\n<div class=\"wp-block-columns is-layout-flex wp-container-core-columns-is-layout-9d6595d7 wp-block-columns-is-layout-flex\">\n<div class=\"wp-block-column is-layout-flow wp-block-column-is-layout-flow\">\n<figure class=\"wp-block-image size-full\"><img decoding=\"async\" width=\"4399\" height=\"4399\" src=\"https:\/\/www.lianyuanceramic.com\/wp-content\/uploads\/2025\/01\/custom-ceramic-food-storage-containers-bulk-18.webp\" alt=\"recipientes cer\u00e1micos personalizados para alimentos a granel\" class=\"wp-image-1070\" srcset=\"https:\/\/www.lianyuanceramic.com\/wp-content\/uploads\/2025\/01\/custom-ceramic-food-storage-containers-bulk-18.webp 4399w, https:\/\/www.lianyuanceramic.com\/wp-content\/uploads\/2025\/01\/custom-ceramic-food-storage-containers-bulk-18-300x300.webp 300w, https:\/\/www.lianyuanceramic.com\/wp-content\/uploads\/2025\/01\/custom-ceramic-food-storage-containers-bulk-18-150x150.webp 150w, https:\/\/www.lianyuanceramic.com\/wp-content\/uploads\/2025\/01\/custom-ceramic-food-storage-containers-bulk-18-768x768.webp 768w, https:\/\/www.lianyuanceramic.com\/wp-content\/uploads\/2025\/01\/custom-ceramic-food-storage-containers-bulk-18-12x12.webp 12w, https:\/\/www.lianyuanceramic.com\/wp-content\/uploads\/2025\/01\/custom-ceramic-food-storage-containers-bulk-18-1200x1200.webp 1200w, https:\/\/www.lianyuanceramic.com\/wp-content\/uploads\/2025\/01\/custom-ceramic-food-storage-containers-bulk-18-600x600.webp 600w, https:\/\/www.lianyuanceramic.com\/wp-content\/uploads\/2025\/01\/custom-ceramic-food-storage-containers-bulk-18-100x100.webp 100w\" sizes=\"(max-width: 4399px) 100vw, 4399px\" \/><\/figure>\n<\/div>\n\n\n\n<div class=\"wp-block-column is-layout-flow wp-block-column-is-layout-flow\">\n<h2 class=\"wp-block-heading\">Recipientes de cer\u00e1mica personalizados para alimentos:<\/h2>\n\n\n\n<p>Lianyuan fabricante de envases de cer\u00e1mica para alimentos puede proporcionar servicios completos de personalizaci\u00f3n para realizar sus ideas.<\/p>\n\n\n\n<p><strong>Tama\u00f1o y forma<\/strong>: Incluye tama\u00f1os redondos, ovalados, rectangulares y personalizados.<\/p>\n\n\n\n<p><strong>Material y grosor<\/strong>: Cer\u00e1mica duradera, arcilla resistente al calor, porcelana, gres, hechos a medida en diferentes espesores y resistencia al calor.<\/p>\n\n\n\n<p><strong>Acabados<\/strong>: Las opciones incluyen acabados mate, brillante o texturizado.<\/p>\n\n\n\n<p><strong>Decoraci\u00f3n\/Patr\u00f3n<\/strong>: Gr\u00e1ficos, dise\u00f1os o logotipos personalizados, incluidas calcoman\u00edas, pintados a mano y en relieve.<\/p>\n\n\n\n<p><strong>Paquete<\/strong>: Embalaje personalizado para pedidos a granel, lotes de regalo o distribuci\u00f3n al por menor con etiquetado o marca personalizados.<\/p>\n<\/div>\n<\/div>\n\n\n\n<div class=\"wp-block-columns is-layout-flex wp-container-core-columns-is-layout-9d6595d7 wp-block-columns-is-layout-flex\">\n<div class=\"wp-block-column is-layout-flow wp-block-column-is-layout-flow\">\n<figure class=\"wp-block-image size-full\"><img decoding=\"async\" width=\"2000\" height=\"2000\" src=\"https:\/\/www.lianyuanceramic.com\/wp-content\/uploads\/2025\/01\/custom-ceramic-food-storage-containers-bulk-20.webp\" alt=\"recipientes cer\u00e1micos personalizados para alimentos a granel\" class=\"wp-image-1072\" srcset=\"https:\/\/www.lianyuanceramic.com\/wp-content\/uploads\/2025\/01\/custom-ceramic-food-storage-containers-bulk-20.webp 2000w, https:\/\/www.lianyuanceramic.com\/wp-content\/uploads\/2025\/01\/custom-ceramic-food-storage-containers-bulk-20-300x300.webp 300w, https:\/\/www.lianyuanceramic.com\/wp-content\/uploads\/2025\/01\/custom-ceramic-food-storage-containers-bulk-20-150x150.webp 150w, https:\/\/www.lianyuanceramic.com\/wp-content\/uploads\/2025\/01\/custom-ceramic-food-storage-containers-bulk-20-768x768.webp 768w, https:\/\/www.lianyuanceramic.com\/wp-content\/uploads\/2025\/01\/custom-ceramic-food-storage-containers-bulk-20-12x12.webp 12w, https:\/\/www.lianyuanceramic.com\/wp-content\/uploads\/2025\/01\/custom-ceramic-food-storage-containers-bulk-20-1200x1200.webp 1200w, https:\/\/www.lianyuanceramic.com\/wp-content\/uploads\/2025\/01\/custom-ceramic-food-storage-containers-bulk-20-600x600.webp 600w, https:\/\/www.lianyuanceramic.com\/wp-content\/uploads\/2025\/01\/custom-ceramic-food-storage-containers-bulk-20-100x100.webp 100w\" sizes=\"(max-width: 2000px) 100vw, 2000px\" \/><\/figure>\n<\/div>\n\n\n\n<div class=\"wp-block-column is-layout-flow wp-block-column-is-layout-flow\">\n<figure class=\"wp-block-image size-full\"><img decoding=\"async\" width=\"2000\" height=\"2000\" src=\"https:\/\/www.lianyuanceramic.com\/wp-content\/uploads\/2025\/01\/custom-ceramic-food-storage-containers-bulk-19.webp\" alt=\"recipientes cer\u00e1micos personalizados para alimentos a granel\" class=\"wp-image-1071\" srcset=\"https:\/\/www.lianyuanceramic.com\/wp-content\/uploads\/2025\/01\/custom-ceramic-food-storage-containers-bulk-19.webp 2000w, https:\/\/www.lianyuanceramic.com\/wp-content\/uploads\/2025\/01\/custom-ceramic-food-storage-containers-bulk-19-300x300.webp 300w, https:\/\/www.lianyuanceramic.com\/wp-content\/uploads\/2025\/01\/custom-ceramic-food-storage-containers-bulk-19-150x150.webp 150w, https:\/\/www.lianyuanceramic.com\/wp-content\/uploads\/2025\/01\/custom-ceramic-food-storage-containers-bulk-19-768x768.webp 768w, https:\/\/www.lianyuanceramic.com\/wp-content\/uploads\/2025\/01\/custom-ceramic-food-storage-containers-bulk-19-12x12.webp 12w, https:\/\/www.lianyuanceramic.com\/wp-content\/uploads\/2025\/01\/custom-ceramic-food-storage-containers-bulk-19-1200x1200.webp 1200w, https:\/\/www.lianyuanceramic.com\/wp-content\/uploads\/2025\/01\/custom-ceramic-food-storage-containers-bulk-19-600x600.webp 600w, https:\/\/www.lianyuanceramic.com\/wp-content\/uploads\/2025\/01\/custom-ceramic-food-storage-containers-bulk-19-100x100.webp 100w\" sizes=\"(max-width: 2000px) 100vw, 2000px\" \/><\/figure>\n<\/div>\n<\/div>\n\n\n\n<p><\/p>","protected":false},"excerpt":{"rendered":"<p>Custom mejores recipientes de cer\u00e1mica de almacenamiento de alimentos con tapas herm\u00e9ticas, y hermoso dise\u00f1o floral. \u00a1Disponible en varios tama\u00f1os y formas (rectangular cuadrada redonda), suministrado directamente por el fabricante, los mejores descuentos para pedidos al por mayor a granel, bienvenido a preguntar hoy!<\/p>\n<h2>Recipientes de cer\u00e1mica para alimentos Par\u00e1metros:<\/h2>\n<table width=\"353\">\n<tbody>\n<tr>\n<td width=\"82\">Fabricante<\/td>\n<td width=\"270\">Lianyuan<\/td>\n<\/tr>\n<tr>\n<td>Tipo de producto<\/td>\n<td width=\"270\">Recipiente para alimentos, caja de almacenamiento<\/td>\n<\/tr>\n<tr>\n<td>Patr\u00f3n<\/td>\n<td>Floral, Plantas<\/td>\n<\/tr>\n<tr>\n<td>Color<\/td>\n<td>\n<p>Multicolor<\/p>\n<\/td>\n<\/tr>\n<tr>\n<td>Material<\/td>\n<td>Porcelana resistente<\/td>\n<\/tr>\n<tr>\n<td>Artesan\u00eda<\/td>\n<td>Calcoman\u00eda en esmalte, Pintado a mano\u00a0<\/td>\n<\/tr>\n<tr>\n<td>Aplicaci\u00f3n<\/td>\n<td>Apto para microondas y lavavajillas, horno y congelador<\/td>\n<\/tr>\n<tr>\n<td>A medida<\/td>\n<td>Color\/Tama\u00f1o\/Logotipo\/Embalaje<\/td>\n<\/tr>\n<\/tbody>\n<\/table>","protected":false},"featured_media":1079,"comment_status":"open","ping_status":"closed","template":"","meta":{"_acf_changed":true},"product_brand":[],"product_cat":[20],"product_tag":[30,29,27],"class_list":{"0":"post-1067","1":"product","2":"type-product","3":"status-publish","4":"has-post-thumbnail","6":"product_cat-custom-bakeware-casserole-dish","7":"product_tag-custom-porcelain-dinnerware","8":"product_tag-hand-painted-embossed-dinnerware-wholesale","9":"product_tag-wholesale-decal-ceramics","11":"first","12":"instock","13":"shipping-taxable","14":"product-type-simple"},"acf":[],"_links":{"self":[{"href":"https:\/\/www.lianyuanceramic.com\/es\/wp-json\/wp\/v2\/product\/1067","targetHints":{"allow":["GET"]}}],"collection":[{"href":"https:\/\/www.lianyuanceramic.com\/es\/wp-json\/wp\/v2\/product"}],"about":[{"href":"https:\/\/www.lianyuanceramic.com\/es\/wp-json\/wp\/v2\/types\/product"}],"replies":[{"embeddable":true,"href":"https:\/\/www.lianyuanceramic.com\/es\/wp-json\/wp\/v2\/comments?post=1067"}],"wp:featuredmedia":[{"embeddable":true,"href":"https:\/\/www.lianyuanceramic.com\/es\/wp-json\/wp\/v2\/media\/1079"}],"wp:attachment":[{"href":"https:\/\/www.lianyuanceramic.com\/es\/wp-json\/wp\/v2\/media?parent=1067"}],"wp:term":[{"taxonomy":"product_brand","embeddable":true,"href":"https:\/\/www.lianyuanceramic.com\/es\/wp-json\/wp\/v2\/product_brand?post=1067"},{"taxonomy":"product_cat","embeddable":true,"href":"https:\/\/www.lianyuanceramic.com\/es\/wp-json\/wp\/v2\/product_cat?post=1067"},{"taxonomy":"product_tag","embeddable":true,"href":"https:\/\/www.lianyuanceramic.com\/es\/wp-json\/wp\/v2\/product_tag?post=1067"}],"curies":[{"name":"wp","href":"https:\/\/api.w.org\/{rel}","templated":true}]}}