{"id":1056,"date":"2025-01-17T03:54:06","date_gmt":"2025-01-17T03:54:06","guid":{"rendered":"https:\/\/www.lianyuanceramic.com\/?post_type=product&#038;p=1056"},"modified":"2025-01-17T03:54:07","modified_gmt":"2025-01-17T03:54:07","slug":"custom-chinese-casserole-dish","status":"publish","type":"product","link":"https:\/\/www.lianyuanceramic.com\/es\/product\/custom-chinese-casserole-dish\/","title":{"rendered":"Plato de la cacerola de encargo chino olla de sopa negro utensilios de cocina de cer\u00e1mica"},"content":{"rendered":"<div class=\"wp-block-columns is-layout-flex wp-container-core-columns-is-layout-9d6595d7 wp-block-columns-is-layout-flex\">\n<div class=\"wp-block-column is-layout-flow wp-block-column-is-layout-flow\">\n<h2 class=\"wp-block-heading\">Cazuela china Caracter\u00edsticas:<\/h2>\n\n\n\n<p><strong>Dise\u00f1o minimalista moderno en negro<\/strong><br>El elegante aspecto de cer\u00e1mica negra contin\u00faa el popular dise\u00f1o de ollas de hierro fundido en el extranjero. Es moderna y cl\u00e1sica, adecuada para cualquier estilo de cocina y muy decorativa.<\/p>\n\n\n\n<p><strong>Porcelana ecol\u00f3gica resistente al calor<\/strong><br>Hecho de material de porcelana resistente a altas temperaturas, seguro y no t\u00f3xico. El cuerpo de la cacerola china es robusto y duradero, con transferencia de calor uniforme, que puede mantener la comida caliente durante mucho tiempo y es adecuado para el uso a largo plazo.<\/p>\n\n\n\n<p><strong>Esmalte de alta calidad<\/strong><br>La superficie de cer\u00e1mica cocida a alta temperatura es duradera y f\u00e1cil de limpiar, a la vez que resistente a los ara\u00f1azos y no se decolora ni desti\u00f1e f\u00e1cilmente.<\/p>\n\n\n\n<p><strong>Pomo de madera antical<\/strong><br>Con pomos de madera natural respetuosa con el medio ambiente, es sana y no t\u00f3xica, y tiene funci\u00f3n antiescaldamiento, lo que mejora la seguridad y la comodidad de uso.<\/p>\n\n\n\n<p><strong>Varios tipos de utensilios de cocina para elegir<\/strong><br>Incluye ollas soperas, ollas guiseras multifunci\u00f3n y ollas lecheras, etc., para satisfacer diferentes necesidades culinarias, adecuadas para la cocina familiar diaria o para banquetes.<\/p>\n<\/div>\n\n\n\n<div class=\"wp-block-column is-layout-flow wp-block-column-is-layout-flow\">\n<h2 class=\"wp-block-heading\">Cazuela china personalizada:<\/h2>\n\n\n\n<p>Una amplia gama de opciones de cacerolas personalizadas garantiza cacerolas de alta calidad que satisfacen las necesidades funcionales y de imagen de marca de los distintos mercados.<\/p>\n\n\n\n<p><strong>Tama\u00f1os y formas<\/strong>: Incluye tama\u00f1os redondos, ovalados, rectangulares y personalizados.<\/p>\n\n\n\n<p><strong>Materiales y grosor<\/strong>: Arcilla resistente al calor, cer\u00e1mica duradera, porcelana, gres, y los espesores var\u00edan en resistencia al calor.<\/p>\n\n\n\n<p><strong>Dise\u00f1os de tapa y asa<\/strong>: Personalice la forma, el material y el tama\u00f1o de la tapa y el asa para facilitar su manejo.<\/p>\n\n\n\n<p><strong>Acabados<\/strong>: Las opciones incluyen acabados mate, brillante o texturizado.<\/p>\n\n\n\n<p><strong>Decoraciones\/Patrones<\/strong>: Patrones, dise\u00f1os o logotipos personalizados, incluidas calcoman\u00edas, pintados a mano y en relieve.<\/p>\n\n\n\n<p><strong>Embalaje<\/strong>: Envases personalizados para pedidos al por mayor, lotes de regalo o distribuci\u00f3n al por menor con etiquetas o marcas personalizadas.<\/p>\n<\/div>\n<\/div>\n\n\n\n<div class=\"wp-block-columns is-layout-flex wp-container-core-columns-is-layout-9d6595d7 wp-block-columns-is-layout-flex\">\n<div class=\"wp-block-column is-layout-flow wp-block-column-is-layout-flow\">\n<figure class=\"wp-block-image size-full\"><img decoding=\"async\" width=\"4160\" height=\"5546\" src=\"https:\/\/www.lianyuanceramic.com\/wp-content\/uploads\/2025\/01\/custom-chinese-casserole-dish-6.webp\" alt=\"cazuela china a medida\" class=\"wp-image-1064\" srcset=\"https:\/\/www.lianyuanceramic.com\/wp-content\/uploads\/2025\/01\/custom-chinese-casserole-dish-6.webp 4160w, https:\/\/www.lianyuanceramic.com\/wp-content\/uploads\/2025\/01\/custom-chinese-casserole-dish-6-225x300.webp 225w, https:\/\/www.lianyuanceramic.com\/wp-content\/uploads\/2025\/01\/custom-chinese-casserole-dish-6-768x1024.webp 768w, https:\/\/www.lianyuanceramic.com\/wp-content\/uploads\/2025\/01\/custom-chinese-casserole-dish-6-9x12.webp 9w, https:\/\/www.lianyuanceramic.com\/wp-content\/uploads\/2025\/01\/custom-chinese-casserole-dish-6-1200x1600.webp 1200w, https:\/\/www.lianyuanceramic.com\/wp-content\/uploads\/2025\/01\/custom-chinese-casserole-dish-6-600x800.webp 600w\" sizes=\"(max-width: 4160px) 100vw, 4160px\" \/><\/figure>\n<\/div>\n\n\n\n<div class=\"wp-block-column is-layout-flow wp-block-column-is-layout-flow\">\n<figure class=\"wp-block-image size-full\"><img decoding=\"async\" width=\"3943\" height=\"5257\" src=\"https:\/\/www.lianyuanceramic.com\/wp-content\/uploads\/2025\/01\/custom-chinese-casserole-dish-8.webp\" alt=\"cazuela china a medida\" class=\"wp-image-1066\" srcset=\"https:\/\/www.lianyuanceramic.com\/wp-content\/uploads\/2025\/01\/custom-chinese-casserole-dish-8.webp 3943w, https:\/\/www.lianyuanceramic.com\/wp-content\/uploads\/2025\/01\/custom-chinese-casserole-dish-8-225x300.webp 225w, https:\/\/www.lianyuanceramic.com\/wp-content\/uploads\/2025\/01\/custom-chinese-casserole-dish-8-768x1024.webp 768w, https:\/\/www.lianyuanceramic.com\/wp-content\/uploads\/2025\/01\/custom-chinese-casserole-dish-8-9x12.webp 9w, https:\/\/www.lianyuanceramic.com\/wp-content\/uploads\/2025\/01\/custom-chinese-casserole-dish-8-1200x1600.webp 1200w, https:\/\/www.lianyuanceramic.com\/wp-content\/uploads\/2025\/01\/custom-chinese-casserole-dish-8-600x800.webp 600w\" sizes=\"(max-width: 3943px) 100vw, 3943px\" \/><\/figure>\n<\/div>\n\n\n\n<div class=\"wp-block-column is-layout-flow wp-block-column-is-layout-flow\">\n<figure class=\"wp-block-image size-full\"><img decoding=\"async\" width=\"3896\" height=\"5195\" src=\"https:\/\/www.lianyuanceramic.com\/wp-content\/uploads\/2025\/01\/custom-chinese-casserole-dish-3.webp\" alt=\"cazuela china a medida\" class=\"wp-image-1061\" srcset=\"https:\/\/www.lianyuanceramic.com\/wp-content\/uploads\/2025\/01\/custom-chinese-casserole-dish-3.webp 3896w, https:\/\/www.lianyuanceramic.com\/wp-content\/uploads\/2025\/01\/custom-chinese-casserole-dish-3-225x300.webp 225w, https:\/\/www.lianyuanceramic.com\/wp-content\/uploads\/2025\/01\/custom-chinese-casserole-dish-3-768x1024.webp 768w, https:\/\/www.lianyuanceramic.com\/wp-content\/uploads\/2025\/01\/custom-chinese-casserole-dish-3-9x12.webp 9w, https:\/\/www.lianyuanceramic.com\/wp-content\/uploads\/2025\/01\/custom-chinese-casserole-dish-3-1200x1600.webp 1200w, https:\/\/www.lianyuanceramic.com\/wp-content\/uploads\/2025\/01\/custom-chinese-casserole-dish-3-600x800.webp 600w\" sizes=\"(max-width: 3896px) 100vw, 3896px\" \/><\/figure>\n<\/div>\n<\/div>\n\n\n\n<p><\/p>","protected":false},"excerpt":{"rendered":"<p>Cacerola china a medida con un moderno cuerpo negro y mango de madera, que presenta un dise\u00f1o de olla de hierro fundido fabricada en cer\u00e1mica resistente a altas temperaturas. Ofrece una excelente retenci\u00f3n del calor y un calentamiento uniforme. Suministrado directamente por el fabricante de la cacerola, \u00a1le invitamos a informarse!<\/p>\n<h2>Par\u00e1metro de la cazuela china:<\/h2>\n<table style=\"border-collapse: collapse; width: 370.82pt;\" border=\"0\" width=\"618\" cellspacing=\"0\" cellpadding=\"0\">\n<tbody>\n<tr style=\"height: 15.60pt;\">\n<td class=\"et3\" style=\"height: 15.60pt; width: 108.00pt;\" width=\"180\" height=\"26\">Fabricante<\/td>\n<td class=\"et3\" style=\"width: 263.25pt;\" width=\"438\">Lianyuan<\/td>\n<\/tr>\n<tr style=\"height: 15.60pt;\">\n<td class=\"et3\" style=\"height: 15.60pt;\" height=\"26\">Tipo de producto<\/td>\n<td class=\"et3\">Cacerola para sopa, Cacerola multifuncional, Olla para leche<\/td>\n<\/tr>\n<tr style=\"height: 15.60pt;\">\n<td class=\"et3\" style=\"height: 15.60pt;\" height=\"26\">Color<\/td>\n<td class=\"et3\">Negro con pomo de madera<\/td>\n<\/tr>\n<tr style=\"height: 15.60pt;\">\n<td class=\"et3\" style=\"height: 15.60pt;\" height=\"26\">Material<\/td>\n<td class=\"et3\">Porcelana resistente al calor<\/td>\n<\/tr>\n<tr style=\"height: 15.60pt;\">\n<td class=\"et3\" style=\"height: 15.60pt;\" height=\"26\">Aplicaci\u00f3n<\/td>\n<td class=\"et3\">Apto para microondas, lavavajillas y horno<\/td>\n<\/tr>\n<tr style=\"height: 15.60pt;\">\n<td class=\"et3\" style=\"height: 15.60pt;\" height=\"26\">A medida<\/td>\n<td class=\"et3\">Color\/Tama\u00f1o\/Logotipo\/Embalaje<\/td>\n<\/tr>\n<\/tbody>\n<\/table>","protected":false},"featured_media":1059,"comment_status":"open","ping_status":"closed","template":"","meta":{"_acf_changed":false},"product_brand":[],"product_cat":[20],"product_tag":[33],"class_list":{"0":"post-1056","1":"product","2":"type-product","3":"status-publish","4":"has-post-thumbnail","6":"product_cat-custom-bakeware-casserole-dish","7":"product_tag-wholesale-heat-resistant-ceramics","9":"first","10":"instock","11":"shipping-taxable","12":"product-type-simple"},"acf":[],"_links":{"self":[{"href":"https:\/\/www.lianyuanceramic.com\/es\/wp-json\/wp\/v2\/product\/1056","targetHints":{"allow":["GET"]}}],"collection":[{"href":"https:\/\/www.lianyuanceramic.com\/es\/wp-json\/wp\/v2\/product"}],"about":[{"href":"https:\/\/www.lianyuanceramic.com\/es\/wp-json\/wp\/v2\/types\/product"}],"replies":[{"embeddable":true,"href":"https:\/\/www.lianyuanceramic.com\/es\/wp-json\/wp\/v2\/comments?post=1056"}],"wp:featuredmedia":[{"embeddable":true,"href":"https:\/\/www.lianyuanceramic.com\/es\/wp-json\/wp\/v2\/media\/1059"}],"wp:attachment":[{"href":"https:\/\/www.lianyuanceramic.com\/es\/wp-json\/wp\/v2\/media?parent=1056"}],"wp:term":[{"taxonomy":"product_brand","embeddable":true,"href":"https:\/\/www.lianyuanceramic.com\/es\/wp-json\/wp\/v2\/product_brand?post=1056"},{"taxonomy":"product_cat","embeddable":true,"href":"https:\/\/www.lianyuanceramic.com\/es\/wp-json\/wp\/v2\/product_cat?post=1056"},{"taxonomy":"product_tag","embeddable":true,"href":"https:\/\/www.lianyuanceramic.com\/es\/wp-json\/wp\/v2\/product_tag?post=1056"}],"curies":[{"name":"wp","href":"https:\/\/api.w.org\/{rel}","templated":true}]}}