{"id":1054,"date":"2025-01-16T17:12:51","date_gmt":"2025-01-16T17:12:51","guid":{"rendered":"https:\/\/www.lianyuanceramic.com\/?post_type=product&#038;p=1054"},"modified":"2025-01-16T17:14:13","modified_gmt":"2025-01-16T17:14:13","slug":"cheese-fondue-wholesale","status":"publish","type":"product","link":"https:\/\/www.lianyuanceramic.com\/es\/product\/cheese-fondue-wholesale\/","title":{"rendered":"Mejor Queso Fondue Al por mayor Chocolate Fondue Dipper Cer\u00e1mica"},"content":{"rendered":"<div class=\"wp-block-columns is-layout-flex wp-container-core-columns-is-layout-9d6595d7 wp-block-columns-is-layout-flex\">\n<div class=\"wp-block-column is-layout-flow wp-block-column-is-layout-flow\">\n<h2 class=\"wp-block-heading\">Caracter\u00edsticas de la fondue de queso:<\/h2>\n\n\n\n<p><strong>Adecuado para una gran variedad de ingredientes<\/strong><br>Funde f\u00e1cilmente chocolate y queso, se utiliza para calentar y mojar diversas salsas y postres, extremadamente vers\u00e1til.<\/p>\n\n\n\n<p><strong>F\u00e1cil de usar y limpiar<\/strong><br>Se puede colocar en el horno para calentar, la superficie de cer\u00e1mica esmaltada evita que el chocolate y el queso se peguen al fondo, f\u00e1cil de manejar. Olla de cer\u00e1mica es apta para microondas y lavavajillas, f\u00e1cil de limpiar despu\u00e9s de su uso.<\/p>\n\n\n\n<p><strong>Aspecto bonito y moderno<\/strong><br>Estilo moderno, bonito dise\u00f1o con asas dobles, adecuado para todo tipo de ambientes dom\u00e9sticos y de fiesta, realzando el atractivo.<\/p>\n\n\n\n<p><strong>Con un soporte estable<\/strong><br>La fondue de queso se puede colocar firmemente en el soporte, se calienta con una vela de t\u00e9, no se necesita estufa, f\u00e1cil y r\u00e1pido de calentar queso, chocolate o salsa, ahorrando tiempo y comodidad.<\/p>\n\n\n\n<p><strong>Seguridad y durabilidad<\/strong><br>Adopta material cer\u00e1mico resistente a altas temperaturas, seguro y no t\u00f3xico, garantiza un uso prolongado y no es f\u00e1cil de da\u00f1ar.<\/p>\n<\/div>\n\n\n\n<div class=\"wp-block-column is-layout-flow wp-block-column-is-layout-flow\">\n<figure class=\"wp-block-image size-full\"><img decoding=\"async\" width=\"761\" height=\"488\" src=\"https:\/\/www.lianyuanceramic.com\/wp-content\/uploads\/2025\/01\/Cheese-fondue-wholesale-custom-1.webp\" alt=\"Fondue de queso al por mayor personalizada\" class=\"wp-image-1003\" srcset=\"https:\/\/www.lianyuanceramic.com\/wp-content\/uploads\/2025\/01\/Cheese-fondue-wholesale-custom-1.webp 761w, https:\/\/www.lianyuanceramic.com\/wp-content\/uploads\/2025\/01\/Cheese-fondue-wholesale-custom-1-300x192.webp 300w, https:\/\/www.lianyuanceramic.com\/wp-content\/uploads\/2025\/01\/Cheese-fondue-wholesale-custom-1-18x12.webp 18w, https:\/\/www.lianyuanceramic.com\/wp-content\/uploads\/2025\/01\/Cheese-fondue-wholesale-custom-1-600x385.webp 600w\" sizes=\"(max-width: 761px) 100vw, 761px\" \/><\/figure>\n<\/div>\n<\/div>\n\n\n\n<div class=\"wp-block-columns is-layout-flex wp-container-core-columns-is-layout-9d6595d7 wp-block-columns-is-layout-flex\">\n<div class=\"wp-block-column is-layout-flow wp-block-column-is-layout-flow\">\n<figure class=\"wp-block-image size-full\"><img decoding=\"async\" width=\"786\" height=\"786\" src=\"https:\/\/www.lianyuanceramic.com\/wp-content\/uploads\/2025\/01\/Cheese-fondue-wholesale-custom-3.webp\" alt=\"Fondue de queso al por mayor personalizada\" class=\"wp-image-1005\" srcset=\"https:\/\/www.lianyuanceramic.com\/wp-content\/uploads\/2025\/01\/Cheese-fondue-wholesale-custom-3.webp 786w, https:\/\/www.lianyuanceramic.com\/wp-content\/uploads\/2025\/01\/Cheese-fondue-wholesale-custom-3-300x300.webp 300w, https:\/\/www.lianyuanceramic.com\/wp-content\/uploads\/2025\/01\/Cheese-fondue-wholesale-custom-3-150x150.webp 150w, https:\/\/www.lianyuanceramic.com\/wp-content\/uploads\/2025\/01\/Cheese-fondue-wholesale-custom-3-768x768.webp 768w, https:\/\/www.lianyuanceramic.com\/wp-content\/uploads\/2025\/01\/Cheese-fondue-wholesale-custom-3-12x12.webp 12w, https:\/\/www.lianyuanceramic.com\/wp-content\/uploads\/2025\/01\/Cheese-fondue-wholesale-custom-3-600x600.webp 600w, https:\/\/www.lianyuanceramic.com\/wp-content\/uploads\/2025\/01\/Cheese-fondue-wholesale-custom-3-100x100.webp 100w\" sizes=\"(max-width: 786px) 100vw, 786px\" \/><\/figure>\n<\/div>\n\n\n\n<div class=\"wp-block-column is-layout-flow wp-block-column-is-layout-flow\">\n<h2 class=\"wp-block-heading\">Fondue de chocolate personalizada:<\/h2>\n\n\n\n<p>Lianyuan fabricante de utensilios de cocina de cer\u00e1mica puede proporcionar servicios completos de personalizaci\u00f3n para realizar sus ideas.<\/p>\n\n\n\n<p><strong>Tama\u00f1o y forma: <\/strong><br>Incluye tama\u00f1os redondos, ovalados, rectangulares y personalizados.<\/p>\n\n\n\n<p><strong>Material y grosor:<\/strong> <br>Cer\u00e1mica duradera, arcilla resistente al calor, porcelana, gres, a medida en diferentes grosores y resistencia al calor.<\/p>\n\n\n\n<p><strong>Acabados: <\/strong><br>Las opciones incluyen acabados mate, brillante o texturizado.<\/p>\n\n\n\n<p><strong>Decoraci\u00f3n\/Patr\u00f3n: <\/strong><br>Gr\u00e1ficos, dise\u00f1os o logotipos personalizados, incluidas calcoman\u00edas, pintados a mano y en relieve.<\/p>\n\n\n\n<p><strong>Paquete: <\/strong><br>Envases personalizados para pedidos a granel, lotes de regalo o distribuci\u00f3n minorista con etiquetado o marca personalizados.<\/p>\n<\/div>\n<\/div>\n\n\n\n<p><\/p>","protected":false},"excerpt":{"rendered":"<p>Precio de f\u00e1brica al por mayor mejor fondue de queso, lindo dise\u00f1o de doble asa para calentar y sumergir chocolate, queso, etc. Sart\u00e9n antiadherente resistente a altas temperaturas, soporte de personalizaci\u00f3n a granel, \u00a1bienvenido a preguntar!<\/p>\n<h2>Par\u00e1metros de la fondue de queso<\/h2>\n<table style=\"border-collapse: collapse; width: 370.82pt;\" border=\"0\" width=\"618\" cellspacing=\"0\" cellpadding=\"0\">\n<tbody>\n<tr style=\"height: 15.60pt;\">\n<td class=\"et3\" style=\"height: 15.60pt; width: 108.00pt;\" width=\"180\" height=\"26\">Fabricante<\/td>\n<td class=\"et3\" style=\"width: 263.25pt;\" width=\"438\">Lianyuan<\/td>\n<\/tr>\n<tr style=\"height: 15.60pt;\">\n<td class=\"et3\" style=\"height: 15.60pt;\" height=\"26\">Tipo de producto<\/td>\n<td class=\"et3\">Fondue de chocolate, Fondue de queso<\/td>\n<\/tr>\n<tr style=\"height: 15.60pt;\">\n<td class=\"et3\" style=\"height: 15.60pt;\" height=\"26\">Patr\u00f3n<\/td>\n<td class=\"et3\">Bonito, Moderno<\/td>\n<\/tr>\n<tr style=\"height: 15.60pt;\">\n<td class=\"et3\" style=\"height: 15.60pt;\" height=\"26\">Color<\/td>\n<td class=\"et3\">Verde, gris, negro, rosa, etc.<\/td>\n<\/tr>\n<tr style=\"height: 15.60pt;\">\n<td class=\"et3\" style=\"height: 15.60pt;\" height=\"26\">Material<\/td>\n<td class=\"et3\">Porcelana resistente<\/td>\n<\/tr>\n<tr style=\"height: 15.60pt;\">\n<td class=\"et3\" style=\"height: 15.60pt;\" height=\"26\">Artesan\u00eda<\/td>\n<td class=\"et3\">Esmalte de color<\/td>\n<\/tr>\n<tr style=\"height: 15.60pt;\">\n<td class=\"et3\" style=\"height: 15.60pt;\" height=\"26\">Aplicaci\u00f3n<\/td>\n<td class=\"et3\">Apto para microondas, lavavajillas y horno<\/td>\n<\/tr>\n<tr style=\"height: 15.60pt;\">\n<td class=\"et3\" style=\"height: 15.60pt;\" height=\"26\">A medida<\/td>\n<td class=\"et3\">Color\/Tama\u00f1o\/Logotipo\/Embalaje<\/td>\n<\/tr>\n<\/tbody>\n<\/table>","protected":false},"featured_media":1006,"comment_status":"open","ping_status":"closed","template":"","meta":{"_acf_changed":false},"product_brand":[],"product_cat":[20],"product_tag":[30],"class_list":{"0":"post-1054","1":"product","2":"type-product","3":"status-publish","4":"has-post-thumbnail","6":"product_cat-custom-bakeware-casserole-dish","7":"product_tag-custom-porcelain-dinnerware","9":"first","10":"instock","11":"shipping-taxable","12":"product-type-simple"},"acf":[],"_links":{"self":[{"href":"https:\/\/www.lianyuanceramic.com\/es\/wp-json\/wp\/v2\/product\/1054","targetHints":{"allow":["GET"]}}],"collection":[{"href":"https:\/\/www.lianyuanceramic.com\/es\/wp-json\/wp\/v2\/product"}],"about":[{"href":"https:\/\/www.lianyuanceramic.com\/es\/wp-json\/wp\/v2\/types\/product"}],"replies":[{"embeddable":true,"href":"https:\/\/www.lianyuanceramic.com\/es\/wp-json\/wp\/v2\/comments?post=1054"}],"wp:featuredmedia":[{"embeddable":true,"href":"https:\/\/www.lianyuanceramic.com\/es\/wp-json\/wp\/v2\/media\/1006"}],"wp:attachment":[{"href":"https:\/\/www.lianyuanceramic.com\/es\/wp-json\/wp\/v2\/media?parent=1054"}],"wp:term":[{"taxonomy":"product_brand","embeddable":true,"href":"https:\/\/www.lianyuanceramic.com\/es\/wp-json\/wp\/v2\/product_brand?post=1054"},{"taxonomy":"product_cat","embeddable":true,"href":"https:\/\/www.lianyuanceramic.com\/es\/wp-json\/wp\/v2\/product_cat?post=1054"},{"taxonomy":"product_tag","embeddable":true,"href":"https:\/\/www.lianyuanceramic.com\/es\/wp-json\/wp\/v2\/product_tag?post=1054"}],"curies":[{"name":"wp","href":"https:\/\/api.w.org\/{rel}","templated":true}]}}