{"id":1053,"date":"2025-01-16T16:44:00","date_gmt":"2025-01-16T16:44:00","guid":{"rendered":"https:\/\/www.lianyuanceramic.com\/?post_type=product&#038;p=1053"},"modified":"2025-01-16T16:44:01","modified_gmt":"2025-01-16T16:44:01","slug":"wholesale-serveware-set","status":"publish","type":"product","link":"https:\/\/www.lianyuanceramic.com\/es\/product\/wholesale-serveware-set\/","title":{"rendered":"Mayorista Serveware Set Girasol Vajilla Uvas Platos"},"content":{"rendered":"<div class=\"wp-block-columns is-layout-flex wp-container-core-columns-is-layout-9d6595d7 wp-block-columns-is-layout-flex\">\n<div class=\"wp-block-column is-layout-flow wp-block-column-is-layout-flow\">\n<h2 class=\"wp-block-heading\">Vajilla Caracter\u00edsticas:<\/h2>\n\n\n\n<p><strong>Dise\u00f1o tem\u00e1tico de oto\u00f1o<\/strong><br>Con girasoles y uvas como elementos centrales del dise\u00f1o, capta a la perfecci\u00f3n la cosecha y el ambiente festivo del oto\u00f1o.<\/p>\n\n\n\n<p><strong>Decoraci\u00f3n \u00fanica<\/strong><br>Adecuado como punto culminante del servicio de mesa festivo, a\u00f1adiendo un ambiente festivo a las reuniones familiares y ocasiones especiales.<\/p>\n\n\n\n<p><strong>Juego combinado<\/strong><br>Contiene platos para servir y cuencos de diferentes tama\u00f1os, adecuados para la colocaci\u00f3n y las necesidades de servicio de diversos platos.<\/p>\n\n\n\n<p><strong>Porcelana de alta calidad<\/strong><br>Hecho de cer\u00e1mica de alta calidad, tiene una gran durabilidad y es adecuado para el uso diario de alta frecuencia. Seguro e inofensivo, en l\u00ednea con las normas de seguridad en contacto con alimentos.<\/p>\n\n\n\n<p><strong>Pintura esmaltada<\/strong><br>Los brillantes motivos de girasoles y uvas se esmaltan a alta temperatura, y los colores son duraderos y hermosos. Los detalles hechos a mano se procesan para que los motivos sean m\u00e1s vivos y tridimensionales.<\/p>\n\n\n\n<p><strong>F\u00e1cil de limpiar, resistente a altas temperaturas<\/strong><br>Dise\u00f1o de esmalte liso, resistente a las manchas y f\u00e1cil de lavar, se puede lavar a mano o meter en el lavavajillas. Apto para microondas y horno, para satisfacer las necesidades de calentamiento y cocci\u00f3n.<\/p>\n<\/div>\n\n\n\n<div class=\"wp-block-column is-layout-flow wp-block-column-is-layout-flow\">\n<figure class=\"wp-block-image size-full\"><img decoding=\"async\" width=\"636\" height=\"635\" src=\"https:\/\/www.lianyuanceramic.com\/wp-content\/uploads\/2025\/01\/sunflower-dinnerware-wholesale-custom-3.webp\" alt=\"sunflower dinnerware wholesale custom\" class=\"wp-image-1000\" srcset=\"https:\/\/www.lianyuanceramic.com\/wp-content\/uploads\/2025\/01\/sunflower-dinnerware-wholesale-custom-3.webp 636w, https:\/\/www.lianyuanceramic.com\/wp-content\/uploads\/2025\/01\/sunflower-dinnerware-wholesale-custom-3-300x300.webp 300w, https:\/\/www.lianyuanceramic.com\/wp-content\/uploads\/2025\/01\/sunflower-dinnerware-wholesale-custom-3-150x150.webp 150w, https:\/\/www.lianyuanceramic.com\/wp-content\/uploads\/2025\/01\/sunflower-dinnerware-wholesale-custom-3-12x12.webp 12w, https:\/\/www.lianyuanceramic.com\/wp-content\/uploads\/2025\/01\/sunflower-dinnerware-wholesale-custom-3-600x599.webp 600w, https:\/\/www.lianyuanceramic.com\/wp-content\/uploads\/2025\/01\/sunflower-dinnerware-wholesale-custom-3-100x100.webp 100w\" sizes=\"(max-width: 636px) 100vw, 636px\" \/><\/figure>\n<\/div>\n<\/div>\n\n\n\n<div class=\"wp-block-columns is-layout-flex wp-container-core-columns-is-layout-9d6595d7 wp-block-columns-is-layout-flex\">\n<div class=\"wp-block-column is-layout-flow wp-block-column-is-layout-flow\"><\/div>\n\n\n\n<div class=\"wp-block-column is-layout-flow wp-block-column-is-layout-flow\"><\/div>\n<\/div>\n\n\n\n<div class=\"wp-block-columns is-layout-flex wp-container-core-columns-is-layout-9d6595d7 wp-block-columns-is-layout-flex\">\n<div class=\"wp-block-column is-layout-flow wp-block-column-is-layout-flow\">\n<figure class=\"wp-block-image size-full is-resized\"><img decoding=\"async\" width=\"494\" height=\"741\" src=\"https:\/\/www.lianyuanceramic.com\/wp-content\/uploads\/2025\/01\/sunflower-dinnerware-wholesale-custom-5.webp\" alt=\"sunflower dinnerware wholesale custom\" class=\"wp-image-1002\" style=\"width:416px;height:auto\" srcset=\"https:\/\/www.lianyuanceramic.com\/wp-content\/uploads\/2025\/01\/sunflower-dinnerware-wholesale-custom-5.webp 494w, https:\/\/www.lianyuanceramic.com\/wp-content\/uploads\/2025\/01\/sunflower-dinnerware-wholesale-custom-5-200x300.webp 200w, https:\/\/www.lianyuanceramic.com\/wp-content\/uploads\/2025\/01\/sunflower-dinnerware-wholesale-custom-5-8x12.webp 8w\" sizes=\"(max-width: 494px) 100vw, 494px\" \/><\/figure>\n<\/div>\n\n\n\n<div class=\"wp-block-column is-layout-flow wp-block-column-is-layout-flow\">\n<h2 class=\"wp-block-heading\">Vajilla personalizada<\/h2>\n\n\n\n<p>Tanto para el hogar como para la hosteler\u00eda, nuestros dise\u00f1os de vajilla a medida combinan la funcionalidad pr\u00e1ctica con elementos art\u00edsticos, manteniendo al mismo tiempo los m\u00e1s altos est\u00e1ndares de calidad.<\/p>\n\n\n\n<p><strong>Materiales<\/strong>: Elija entre cer\u00e1mica de alta calidad, porcelana, porcelana resistente al calor, dolomita o porcelana china<\/p>\n\n\n\n<p><strong>Tama\u00f1os y formas<\/strong>: Desde grandes platos a peque\u00f1os cuencos, ofrecemos varios tama\u00f1os y formas, como vajilla redonda, ovalada, cuadrada o de dise\u00f1o exclusivo.<\/p>\n\n\n\n<p><strong>Colores<\/strong>: Elija entre una amplia gama de colores para combinar con la identidad de su marca o con temas de temporada.<\/p>\n\n\n\n<p><strong>Acabados y esmaltes<\/strong>: Las opciones incluyen acabados brillantes, mates o texturizados.<\/p>\n\n\n\n<p><strong>Dise\u00f1os y patrones<\/strong>: Personal\u00edcelo con el logotipo de su marca, intrincadas calcoman\u00edas o dise\u00f1os grabados pintados a mano.<\/p>\n\n\n\n<p><strong>Embalaje:<\/strong> Paquete a granel, caja de color, caja de regalo, caja expositora, caja de correo, etc.<\/p>\n<\/div>\n<\/div>\n\n\n\n<p><\/p>","protected":false},"excerpt":{"rendered":"<p>Celebre su estaci\u00f3n favorita con esta colecci\u00f3n oto\u00f1al de juegos de vajilla, ofrecen una forma festiva de disfrutar de las comidas. Ofrecemos opciones de vajilla y cubiertos personalizados para ayudarle a promocionar r\u00e1pidamente su marca exclusiva.<\/p>\n<h2>\u00a0Par\u00e1metros del juego de vajilla<\/h2>\n<table width=\"353\">\n<tbody>\n<tr>\n<td width=\"82\">Fabricante<\/td>\n<td width=\"270\">Lianyuan<\/td>\n<\/tr>\n<tr>\n<td>Tipo de producto<\/td>\n<td width=\"270\">Jarra Plato BIO, Plato ovalado, Bandeja oblonga<\/td>\n<\/tr>\n<tr>\n<td>Patr\u00f3n<\/td>\n<td>Girasol, Uvas<\/td>\n<\/tr>\n<tr>\n<td>Material<\/td>\n<td>Porcelana resistente<\/td>\n<\/tr>\n<tr>\n<td>Artesan\u00eda<\/td>\n<td>Calcoman\u00eda en esmalte, Pintado a mano\u00a0<\/td>\n<\/tr>\n<tr>\n<td>Aplicaci\u00f3n<\/td>\n<td>Apto para microondas, lavavajillas y horno<\/td>\n<\/tr>\n<tr>\n<td>A medida<\/td>\n<td>Color\/Tama\u00f1o\/Logotipo\/Embalaje<\/td>\n<\/tr>\n<\/tbody>\n<\/table>","protected":false},"featured_media":1000,"comment_status":"open","ping_status":"closed","template":"","meta":{"_acf_changed":false},"product_brand":[],"product_cat":[19],"product_tag":[30,29,27],"class_list":{"0":"post-1053","1":"product","2":"type-product","3":"status-publish","4":"has-post-thumbnail","6":"product_cat-serveware-wholesale","7":"product_tag-custom-porcelain-dinnerware","8":"product_tag-hand-painted-embossed-dinnerware-wholesale","9":"product_tag-wholesale-decal-ceramics","11":"first","12":"instock","13":"shipping-taxable","14":"product-type-simple"},"acf":[],"_links":{"self":[{"href":"https:\/\/www.lianyuanceramic.com\/es\/wp-json\/wp\/v2\/product\/1053","targetHints":{"allow":["GET"]}}],"collection":[{"href":"https:\/\/www.lianyuanceramic.com\/es\/wp-json\/wp\/v2\/product"}],"about":[{"href":"https:\/\/www.lianyuanceramic.com\/es\/wp-json\/wp\/v2\/types\/product"}],"replies":[{"embeddable":true,"href":"https:\/\/www.lianyuanceramic.com\/es\/wp-json\/wp\/v2\/comments?post=1053"}],"wp:featuredmedia":[{"embeddable":true,"href":"https:\/\/www.lianyuanceramic.com\/es\/wp-json\/wp\/v2\/media\/1000"}],"wp:attachment":[{"href":"https:\/\/www.lianyuanceramic.com\/es\/wp-json\/wp\/v2\/media?parent=1053"}],"wp:term":[{"taxonomy":"product_brand","embeddable":true,"href":"https:\/\/www.lianyuanceramic.com\/es\/wp-json\/wp\/v2\/product_brand?post=1053"},{"taxonomy":"product_cat","embeddable":true,"href":"https:\/\/www.lianyuanceramic.com\/es\/wp-json\/wp\/v2\/product_cat?post=1053"},{"taxonomy":"product_tag","embeddable":true,"href":"https:\/\/www.lianyuanceramic.com\/es\/wp-json\/wp\/v2\/product_tag?post=1053"}],"curies":[{"name":"wp","href":"https:\/\/api.w.org\/{rel}","templated":true}]}}