{"id":1052,"date":"2025-01-16T16:19:27","date_gmt":"2025-01-16T16:19:27","guid":{"rendered":"https:\/\/www.lianyuanceramic.com\/?post_type=product&#038;p=1052"},"modified":"2025-01-16T16:19:29","modified_gmt":"2025-01-16T16:19:29","slug":"wholesale-porcelain-tea-set","status":"publish","type":"product","link":"https:\/\/www.lianyuanceramic.com\/es\/product\/wholesale-porcelain-tea-set\/","title":{"rendered":"Mayorista Juego de T\u00e9 de Porcelana Elegantes Platos Florales Tazas Tazones"},"content":{"rendered":"<div class=\"wp-block-columns is-layout-flex wp-container-core-columns-is-layout-9d6595d7 wp-block-columns-is-layout-flex\">\n<div class=\"wp-block-column is-layout-flow wp-block-column-is-layout-flow\">\n<h2 class=\"wp-block-heading\">Juego de t\u00e9 de porcelana Caracter\u00edsticas:<\/h2>\n\n\n\n<p><strong>Elegante dise\u00f1o floral pastoral<br><\/strong>El dise\u00f1o de flores naturales, fresco y elegante, combina a la perfecci\u00f3n con el elegante servicio de mesa de estilo pastoril.<\/p>\n\n\n\n<p><strong>Decoraci\u00f3n de cuentas doradas<\/strong><br>La decoraci\u00f3n de cuentas doradas de la tapa de la tetera resulta pr\u00e1ctica para utilizarla como asa, al tiempo que a\u00f1ade lujo y detalles exquisitos al aspecto general.<\/p>\n\n\n\n<p><strong>Juego completo de t\u00e9 y vajilla:<\/strong><br>Incluye tetera, plato, taza y platillo, az\u00facar, cremera y taza, ideal para fiestas del t\u00e9, cenas y otras ocasiones.<\/p>\n\n\n\n<p><strong>Artesan\u00eda exquisita<\/strong><br>La combinaci\u00f3n de calcoman\u00eda esmaltada y pintada a mano, con un esmalte suave, hace que el motivo brille como nuevo. Algunas zonas est\u00e1n pintadas a mano para resaltar el sentido art\u00edstico y la singularidad.<\/p>\n\n\n\n<p><strong>Material de porcelana de alta calidad<\/strong><br>Utiliza cer\u00e1mica duradera, ligera pero resistente, con un buen rendimiento de conservaci\u00f3n del calor, adecuada para t\u00e9 y bebidas calientes.<\/p>\n\n\n\n<p><strong>Posicionamiento de regalos de gama alta<\/strong><br>Aspecto elegante y embalaje exquisito, muy adecuado como regalo de boda, aniversario o vacaciones.<\/p>\n<\/div>\n\n\n\n<div class=\"wp-block-column is-layout-flow wp-block-column-is-layout-flow\">\n<figure class=\"wp-block-image size-full\"><img decoding=\"async\" width=\"878\" height=\"706\" src=\"https:\/\/www.lianyuanceramic.com\/wp-content\/uploads\/2025\/01\/porcelain-tea-set-wholesale-2.webp\" alt=\"juego de t\u00e9 de porcelana al por mayor\" class=\"wp-image-990\" srcset=\"https:\/\/www.lianyuanceramic.com\/wp-content\/uploads\/2025\/01\/porcelain-tea-set-wholesale-2.webp 878w, https:\/\/www.lianyuanceramic.com\/wp-content\/uploads\/2025\/01\/porcelain-tea-set-wholesale-2-300x241.webp 300w, https:\/\/www.lianyuanceramic.com\/wp-content\/uploads\/2025\/01\/porcelain-tea-set-wholesale-2-768x618.webp 768w, https:\/\/www.lianyuanceramic.com\/wp-content\/uploads\/2025\/01\/porcelain-tea-set-wholesale-2-15x12.webp 15w, https:\/\/www.lianyuanceramic.com\/wp-content\/uploads\/2025\/01\/porcelain-tea-set-wholesale-2-600x482.webp 600w\" sizes=\"(max-width: 878px) 100vw, 878px\" \/><\/figure>\n<\/div>\n<\/div>\n\n\n\n<div class=\"wp-block-columns is-layout-flex wp-container-core-columns-is-layout-9d6595d7 wp-block-columns-is-layout-flex\">\n<div class=\"wp-block-column is-layout-flow wp-block-column-is-layout-flow\"><\/div>\n\n\n\n<div class=\"wp-block-column is-layout-flow wp-block-column-is-layout-flow\"><\/div>\n<\/div>\n\n\n\n<div class=\"wp-block-columns is-layout-flex wp-container-core-columns-is-layout-9d6595d7 wp-block-columns-is-layout-flex\">\n<div class=\"wp-block-column is-layout-flow wp-block-column-is-layout-flow\">\n<figure class=\"wp-block-image size-full\"><img decoding=\"async\" width=\"528\" height=\"793\" src=\"https:\/\/www.lianyuanceramic.com\/wp-content\/uploads\/2025\/01\/porcelain-tea-set-wholesale-4.webp\" alt=\"juego de t\u00e9 de porcelana vajilla al por mayor\" class=\"wp-image-992\" srcset=\"https:\/\/www.lianyuanceramic.com\/wp-content\/uploads\/2025\/01\/porcelain-tea-set-wholesale-4.webp 528w, https:\/\/www.lianyuanceramic.com\/wp-content\/uploads\/2025\/01\/porcelain-tea-set-wholesale-4-200x300.webp 200w, https:\/\/www.lianyuanceramic.com\/wp-content\/uploads\/2025\/01\/porcelain-tea-set-wholesale-4-8x12.webp 8w\" sizes=\"(max-width: 528px) 100vw, 528px\" \/><\/figure>\n<\/div>\n\n\n\n<div class=\"wp-block-column is-layout-flow wp-block-column-is-layout-flow\">\n<h2 class=\"wp-block-heading\">Juego de t\u00e9 de porcelana personalizado:<\/h2>\n\n\n\n<p>Tanto si desea personalizar la marca como dise\u00f1ar un nuevo producto, cu\u00e9ntenos sus ideas ahora. Nuestro equipo de dise\u00f1o y fabricaci\u00f3n de moldes puede satisfacer sus ilimitadas necesidades.<\/p>\n\n\n\n<p><strong>Dise\u00f1o: <\/strong>Elija motivos florales o cree su propio dise\u00f1o.<\/p>\n\n\n\n<p><strong>Composici\u00f3n del conjunto:<\/strong> Juegos de tazas de cer\u00e1mica personalizados con combinaciones de tazas, cuencos y cucharas.<\/p>\n\n\n\n<p><strong>Tama\u00f1o: <\/strong>Elija entre varios tama\u00f1os para adaptarse a las diferentes raciones de comida.<\/p>\n\n\n\n<p><strong>Material:<\/strong> Cer\u00e1mica, porcelana, porcelana china o pregunte por alternativas.<\/p>\n\n\n\n<p><strong>Artesan\u00eda: <\/strong>Calcoman\u00edas de esmalte, cambio de horno, pintadas a mano, motivos en relieve u otros.<\/p>\n\n\n\n<p><strong>Embalaje: <\/strong>Paquete a granel, caja de color, caja de regalo, caja expositora, caja de correo, etc.<\/p>\n<\/div>\n<\/div>\n\n\n\n<p><\/p>","protected":false},"excerpt":{"rendered":"<p class=\"serp-title\">Juegos de t\u00e9 y vajilla de porcelana personalizados y al por mayor, con dise\u00f1os florales verdes y rosas, adecuados para el t\u00e9 de la tarde de gama alta, bodas y restaurantes. Proporcionamos soluciones de personalizaci\u00f3n OEM y ODM, garantizando la m\u00e1xima calidad y certificaciones de seguridad. P\u00f3ngase en contacto con nosotros hoy mismo para una consulta gratuita.<\/p>\n<h2>Juego de t\u00e9 de porcelana Par\u00e1metros<\/h2>\n<table width=\"495\">\n<tbody>\n<tr>\n<td width=\"144\">Fabricante<\/td>\n<td width=\"351\">Lianyuan<\/td>\n<\/tr>\n<tr>\n<td>Tipo de producto<\/td>\n<td width=\"351\">Tetera, Plato, Bol, Taza y Plato, Azucarero y Cremera, Taza<\/td>\n<\/tr>\n<tr>\n<td>Patr\u00f3n<\/td>\n<td>Floral<\/td>\n<\/tr>\n<tr>\n<td>Color<\/td>\n<td>Multicolor<\/td>\n<\/tr>\n<tr>\n<td>Material<\/td>\n<td>Porcelana resistente<\/td>\n<\/tr>\n<tr>\n<td>Artesan\u00eda<\/td>\n<td>Calcoman\u00eda esmaltada y pintura a mano<\/td>\n<\/tr>\n<tr>\n<td>Aplicaci\u00f3n<\/td>\n<td>Apto para microondas, lavavajillas y horno<\/td>\n<\/tr>\n<tr>\n<td>A medida<\/td>\n<td>Color\/Tama\u00f1o\/Logotipo\/Embalaje<\/td>\n<\/tr>\n<\/tbody>\n<\/table>","protected":false},"featured_media":991,"comment_status":"open","ping_status":"closed","template":"","meta":{"_acf_changed":true},"product_brand":[],"product_cat":[18,17],"product_tag":[30,29,27],"class_list":{"0":"post-1052","1":"product","2":"type-product","3":"status-publish","4":"has-post-thumbnail","6":"product_cat-wholesale-custom-tea-set","7":"product_cat-dinnerware-wholesale","8":"product_tag-custom-porcelain-dinnerware","9":"product_tag-hand-painted-embossed-dinnerware-wholesale","10":"product_tag-wholesale-decal-ceramics","12":"first","13":"instock","14":"shipping-taxable","15":"product-type-simple"},"acf":[],"_links":{"self":[{"href":"https:\/\/www.lianyuanceramic.com\/es\/wp-json\/wp\/v2\/product\/1052","targetHints":{"allow":["GET"]}}],"collection":[{"href":"https:\/\/www.lianyuanceramic.com\/es\/wp-json\/wp\/v2\/product"}],"about":[{"href":"https:\/\/www.lianyuanceramic.com\/es\/wp-json\/wp\/v2\/types\/product"}],"replies":[{"embeddable":true,"href":"https:\/\/www.lianyuanceramic.com\/es\/wp-json\/wp\/v2\/comments?post=1052"}],"wp:featuredmedia":[{"embeddable":true,"href":"https:\/\/www.lianyuanceramic.com\/es\/wp-json\/wp\/v2\/media\/991"}],"wp:attachment":[{"href":"https:\/\/www.lianyuanceramic.com\/es\/wp-json\/wp\/v2\/media?parent=1052"}],"wp:term":[{"taxonomy":"product_brand","embeddable":true,"href":"https:\/\/www.lianyuanceramic.com\/es\/wp-json\/wp\/v2\/product_brand?post=1052"},{"taxonomy":"product_cat","embeddable":true,"href":"https:\/\/www.lianyuanceramic.com\/es\/wp-json\/wp\/v2\/product_cat?post=1052"},{"taxonomy":"product_tag","embeddable":true,"href":"https:\/\/www.lianyuanceramic.com\/es\/wp-json\/wp\/v2\/product_tag?post=1052"}],"curies":[{"name":"wp","href":"https:\/\/api.w.org\/{rel}","templated":true}]}}