{"id":976,"date":"2025-01-02T10:20:54","date_gmt":"2025-01-02T10:20:54","guid":{"rendered":"https:\/\/www.lianyuanceramic.com\/?post_type=product&#038;p=976"},"modified":"2025-01-16T15:26:52","modified_gmt":"2025-01-16T15:26:52","slug":"wholesale-spring-dinnerware","status":"publish","type":"product","link":"https:\/\/www.lianyuanceramic.com\/de\/produkt\/wholesale-spring-dinnerware\/","title":{"rendered":"Gro\u00dfhandel Fr\u00fchling Geschirr gr\u00fcner Tee Set keramische benutzerdefinierte"},"content":{"rendered":"<div class=\"wp-block-columns is-layout-flex wp-container-core-columns-is-layout-9d6595d7 wp-block-columns-is-layout-flex\">\n<div class=\"wp-block-column is-layout-flow wp-block-column-is-layout-flow\">\n<h2 class=\"wp-block-heading\">Spring Essgeschirr Merkmale:<\/h2>\n\n\n\n<p><strong>Fr\u00fchlingshaftes Blumendesign<br><\/strong>Ein Blumenmuster mit einem Fr\u00fchlingsthema schafft einen nat\u00fcrlichen Fr\u00fchlings-Desktop-Layout-Stil, der den saisonalen Geschenkemarkt anzieht.<\/p>\n\n\n\n<p><strong>Handbemalte und glasierte Abziehbilder<\/strong><br>In-Glasur-Abziehbilder f\u00fcgen die Blumen nahtlos ein, so dass die Farben unter die Glasurschicht eindringen. Die Oberfl\u00e4che ist glatt und verschlei\u00dffest, so dass sie auch nach langem Gebrauch leuchtend und neu bleibt. Die handgemalten Details verleihen jedem Produkt Einzigartigkeit und zeigen einen hochwertigen und k\u00fcnstlerischen Sinn.<\/p>\n\n\n\n<p><strong>Hochwertiges, langlebiges Porzellan<\/strong><br>Es ist langlebig und f\u00fcr den t\u00e4glichen und h\u00e4ufigen Gebrauch geeignet, da es aus hochwertigen Keramikmaterialien besteht.<\/p>\n\n\n\n<p><strong>Tafelservice und Teeservice aus der gleichen Serie<\/strong><br>Sie haben die gleiche Serie von Tellern, Sch\u00fcsseln, Serviergeschirr, Teekannen, Tassen und Untertassen, Zucker und Milchk\u00e4nnchen und Becher. Geeignet f\u00fcr Familienessen, formelle Zusammenk\u00fcnfte, Teepartys usw., um verschiedene Bed\u00fcrfnisse zu erf\u00fcllen.<\/p>\n\n\n\n<p><strong>Leicht zu reinigen<\/strong><br>Die Glasur ist glatt, nimmt nicht so leicht Flecken auf und kann mit der Hand oder in der Sp\u00fclmaschine gereinigt werden.<\/p>\n\n\n\n<p><strong>Sicherheit und Umweltschutz<\/strong><br>Lebensmittelsicherheit: Enth\u00e4lt keine sch\u00e4dlichen Substanzen und entspricht vollst\u00e4ndig den internationalen Sicherheitsstandards f\u00fcr Materialien, die mit Lebensmitteln in Ber\u00fchrung kommen.<\/p>\n\n\n\n<h2 class=\"wp-block-heading\">Individuelles Fr\u00fchlingsgeschirr:<\/h2>\n\n\n\n<p>Unterst\u00fctzung der Kunden bei der Anpassung des Musterdesigns, der Farbabstimmung, der Kombination von Sets und der Gestaltung von Geschenkverpackungen an die Marktnachfrage und die Markenpositionierung.<\/p>\n\n\n\n<p><strong>Entwurf:&nbsp;<\/strong>Gestalten Sie verschiedene Formen oder Muster nach Ihren W\u00fcnschen<\/p>\n\n\n\n<p><strong>Zusammensetzung des Sets:<\/strong>&nbsp;Individuelle Keramikgeschirr-Sets mit Kombinationen aus Keramiktellern, Sch\u00fcsseln, Tassen, L\u00f6ffeln usw.<\/p>\n\n\n\n<p><strong>Gr\u00f6\u00dfe:&nbsp;<\/strong>W\u00e4hlen Sie aus verschiedenen Gr\u00f6\u00dfen f\u00fcr unterschiedliche Mahlzeitenportionen.<\/p>\n\n\n\n<p><strong>Material:<\/strong>&nbsp;Keramik, Porzellan, Knochenporzellan, hitzebest\u00e4ndig, Dolomit, oder fragen Sie nach Alternativen.<\/p>\n\n\n\n<p><strong>Handwerkliches K\u00f6nnen:&nbsp;<\/strong>Glasurabziehbilder, Ofenwechsel, handbemalt, gepr\u00e4gt, oder andere.<\/p>\n\n\n\n<p><strong>Verpackung:&nbsp;<\/strong>Gro\u00dfpackung, Farbkarton, Geschenkkarton, Displaykarton, Versandkarton usw.<\/p>\n<\/div>\n\n\n\n<div class=\"wp-block-column is-layout-flow wp-block-column-is-layout-flow\">\n<figure class=\"wp-block-image size-full\"><img decoding=\"async\" width=\"992\" height=\"574\" src=\"https:\/\/www.lianyuanceramic.com\/wp-content\/uploads\/2025\/01\/spring-dinnerware-wholesale-2.webp\" alt=\"Fr\u00fchjahrsgeschirr Gro\u00dfhandel\" class=\"wp-image-994\" srcset=\"https:\/\/www.lianyuanceramic.com\/wp-content\/uploads\/2025\/01\/spring-dinnerware-wholesale-2.webp 992w, https:\/\/www.lianyuanceramic.com\/wp-content\/uploads\/2025\/01\/spring-dinnerware-wholesale-2-300x174.webp 300w, https:\/\/www.lianyuanceramic.com\/wp-content\/uploads\/2025\/01\/spring-dinnerware-wholesale-2-768x444.webp 768w, https:\/\/www.lianyuanceramic.com\/wp-content\/uploads\/2025\/01\/spring-dinnerware-wholesale-2-18x10.webp 18w, https:\/\/www.lianyuanceramic.com\/wp-content\/uploads\/2025\/01\/spring-dinnerware-wholesale-2-600x347.webp 600w\" sizes=\"(max-width: 992px) 100vw, 992px\" \/><\/figure>\n\n\n\n<figure class=\"wp-block-image size-full\"><img decoding=\"async\" width=\"726\" height=\"726\" src=\"https:\/\/www.lianyuanceramic.com\/wp-content\/uploads\/2025\/01\/spring-dinnerware-wholesale-1.webp\" alt=\"Fr\u00fchjahrsgeschirr Gro\u00dfhandel\" class=\"wp-image-993\" srcset=\"https:\/\/www.lianyuanceramic.com\/wp-content\/uploads\/2025\/01\/spring-dinnerware-wholesale-1.webp 726w, https:\/\/www.lianyuanceramic.com\/wp-content\/uploads\/2025\/01\/spring-dinnerware-wholesale-1-300x300.webp 300w, https:\/\/www.lianyuanceramic.com\/wp-content\/uploads\/2025\/01\/spring-dinnerware-wholesale-1-150x150.webp 150w, https:\/\/www.lianyuanceramic.com\/wp-content\/uploads\/2025\/01\/spring-dinnerware-wholesale-1-12x12.webp 12w, https:\/\/www.lianyuanceramic.com\/wp-content\/uploads\/2025\/01\/spring-dinnerware-wholesale-1-600x600.webp 600w, https:\/\/www.lianyuanceramic.com\/wp-content\/uploads\/2025\/01\/spring-dinnerware-wholesale-1-100x100.webp 100w\" sizes=\"(max-width: 726px) 100vw, 726px\" \/><\/figure>\n<\/div>\n<\/div>","protected":false},"excerpt":{"rendered":"<p>Individuelles Fr\u00fchlingsgeschirr und Teesets aus haltbarem Porzellan mit nat\u00fcrlichem Blumendesign im Gro\u00dfhandel. F\u00fchlen Sie die Fr\u00fchlingsstimmung, indem Sie Ihren Tisch mit dieser zarten Kollektion mit botanischen Details decken. Wenden Sie sich an uns, wenn Sie weitere einzigartige Optionen f\u00fcr Ihr Geschirr ben\u00f6tigen!<\/p>\n<h2>Fr\u00fchlingsgeschirr Parameter:<\/h2>\n<table style=\"border-collapse: collapse; width: 370.82pt;\" border=\"0\" width=\"618\" cellspacing=\"0\" cellpadding=\"0\">\n<tbody>\n<tr style=\"height: 15.60pt;\">\n<td class=\"et3\" style=\"height: 15.60pt; width: 108.00pt;\" width=\"180\" height=\"26\">Hersteller<\/td>\n<td class=\"et3\" style=\"width: 263.25pt;\" width=\"438\">Lianyuan<\/td>\n<\/tr>\n<tr style=\"height: 15.60pt;\">\n<td class=\"et3\" style=\"height: 15.60pt;\" height=\"26\">Produkttyp<\/td>\n<td class=\"et3\">Essteller, Sch\u00fcssel, Teekanne, Tasse &amp; Untertasse, Zucker &amp; Milchk\u00e4nnchen, Becher<\/td>\n<\/tr>\n<tr style=\"height: 15.60pt;\">\n<td class=\"et3\" style=\"height: 15.60pt;\" height=\"26\">Farbe<\/td>\n<td class=\"et3\">Gr\u00fcn<\/td>\n<\/tr>\n<tr style=\"height: 15.60pt;\">\n<td class=\"et3\" style=\"height: 15.60pt;\" height=\"26\">Material<\/td>\n<td class=\"et3\">Dauerhaftes Porzellan<\/td>\n<\/tr>\n<tr style=\"height: 15.60pt;\">\n<td class=\"et3\" style=\"height: 15.60pt;\" height=\"26\">Handwerkliches K\u00f6nnen<\/td>\n<td class=\"et3\">Glasiertes Abziehbild und Handbemalung<\/td>\n<\/tr>\n<tr style=\"height: 15.60pt;\">\n<td class=\"et3\" style=\"height: 15.60pt;\" height=\"26\">Anmeldung<\/td>\n<td class=\"et3\">Mikrowellen- und sp\u00fclmaschinenfest, ofenfest<\/td>\n<\/tr>\n<tr style=\"height: 15.60pt;\">\n<td class=\"et3\" style=\"height: 15.60pt;\" height=\"26\">Benutzerdefiniert<\/td>\n<td class=\"et3\">Farbe\/Gr\u00f6\u00dfe\/Logo\/Verpackung<\/td>\n<\/tr>\n<\/tbody>\n<\/table>","protected":false},"featured_media":995,"comment_status":"open","ping_status":"closed","template":"","meta":{"_acf_changed":true},"product_brand":[],"product_cat":[17,18],"product_tag":[30,29,27],"class_list":{"0":"post-976","1":"product","2":"type-product","3":"status-publish","4":"has-post-thumbnail","6":"product_cat-dinnerware-wholesale","7":"product_cat-wholesale-custom-tea-set","8":"product_tag-custom-porcelain-dinnerware","9":"product_tag-hand-painted-embossed-dinnerware-wholesale","10":"product_tag-wholesale-decal-ceramics","12":"first","13":"instock","14":"shipping-taxable","15":"product-type-simple"},"acf":[],"_links":{"self":[{"href":"https:\/\/www.lianyuanceramic.com\/de\/wp-json\/wp\/v2\/product\/976","targetHints":{"allow":["GET"]}}],"collection":[{"href":"https:\/\/www.lianyuanceramic.com\/de\/wp-json\/wp\/v2\/product"}],"about":[{"href":"https:\/\/www.lianyuanceramic.com\/de\/wp-json\/wp\/v2\/types\/product"}],"replies":[{"embeddable":true,"href":"https:\/\/www.lianyuanceramic.com\/de\/wp-json\/wp\/v2\/comments?post=976"}],"wp:featuredmedia":[{"embeddable":true,"href":"https:\/\/www.lianyuanceramic.com\/de\/wp-json\/wp\/v2\/media\/995"}],"wp:attachment":[{"href":"https:\/\/www.lianyuanceramic.com\/de\/wp-json\/wp\/v2\/media?parent=976"}],"wp:term":[{"taxonomy":"product_brand","embeddable":true,"href":"https:\/\/www.lianyuanceramic.com\/de\/wp-json\/wp\/v2\/product_brand?post=976"},{"taxonomy":"product_cat","embeddable":true,"href":"https:\/\/www.lianyuanceramic.com\/de\/wp-json\/wp\/v2\/product_cat?post=976"},{"taxonomy":"product_tag","embeddable":true,"href":"https:\/\/www.lianyuanceramic.com\/de\/wp-json\/wp\/v2\/product_tag?post=976"}],"curies":[{"name":"wp","href":"https:\/\/api.w.org\/{rel}","templated":true}]}}