{"id":972,"date":"2024-12-31T09:30:06","date_gmt":"2024-12-31T09:30:06","guid":{"rendered":"https:\/\/www.lianyuanceramic.com\/?post_type=product&#038;p=972"},"modified":"2025-01-02T04:14:22","modified_gmt":"2025-01-02T04:14:22","slug":"reactive-glaze-dinnerware-wholesale","status":"publish","type":"product","link":"https:\/\/www.lianyuanceramic.com\/de\/produkt\/reactive-glaze-dinnerware-wholesale\/","title":{"rendered":"Gro\u00dfhandel Reaktive Glasur Geschirr blau Keramik Geschirr Set"},"content":{"rendered":"<div class=\"wp-block-columns is-layout-flex wp-container-core-columns-is-layout-9d6595d7 wp-block-columns-is-layout-flex\">\n<div class=\"wp-block-column is-layout-flow wp-block-column-is-layout-flow\">\n<h2 class=\"wp-block-heading\">Reaktive Glasur Essgeschirr Merkmale:<\/h2>\n\n\n\n<p><strong>Einzigartige reaktive Glasur: <\/strong>Jedes Geschirrteil ist mit einer einzigartigen Reaktionsglasur versehen, die ein wundersch\u00f6nes und abwechslungsreiches Farbmuster erzeugt, das visuell beeindruckend ist.<\/p>\n\n\n\n<p><strong>Elegantes Blau: <\/strong>Der blaue Farbverlauf vermittelt ein Gef\u00fchl von Ruhe und Raffinesse und eignet sich sowohl f\u00fcr zwanglose als auch f\u00fcr formelle Essenssituationen.<\/p>\n\n\n\n<p><strong>Organische Formen:<\/strong><br>Die nat\u00fcrlichen, organischen Formen des Geschirrs verleihen diesem Set eine moderne und zugleich zeitlose \u00c4sthetik.<\/p>\n\n\n\n<p><strong>Dauerhaftes keramisches Material: <\/strong>Dieses Geschirrset ist aus hochwertiger Keramik gefertigt, langlebig und widerstandsf\u00e4hig gegen Absplitterungen. Mikrowellen- und sp\u00fclmaschinenfest f\u00fcr eine einfache Reinigung<\/p>\n\n\n\n<p><strong>Mehrere Set-Optionen: <\/strong>Dieses Geschirrset enth\u00e4lt eine Vielzahl von Geschirr wie Teller, Sch\u00fcsseln, Tassen, Vasen usw.<\/p>\n\n\n\n<h2 class=\"wp-block-heading\">Individuelles Geschirr mit reaktiver Glasur:<\/h2>\n\n\n\n<p>Erh\u00e4ltlich in Gro\u00dfseriendesigns und individuellen Gr\u00f6\u00dfen ist es die perfekte Wahl f\u00fcr Einzelh\u00e4ndler, Restaurants oder andere Unternehmen, die einzigartiges, hochwertiges Geschirr anbieten m\u00f6chten.<\/p>\n\n\n\n<p><strong>Entwurf:\u00a0<\/strong>Gestalten Sie verschiedene Formen oder Muster nach Ihren W\u00fcnschen<\/p>\n\n\n\n<p><strong>Zusammensetzung des Sets:<\/strong>\u00a0Individuelle Keramikgeschirr-Sets mit Kombinationen aus Keramiktellern, Sch\u00fcsseln, Tassen, L\u00f6ffeln usw.<\/p>\n\n\n\n<p><strong>Gr\u00f6\u00dfe:&nbsp;<\/strong>W\u00e4hlen Sie aus verschiedenen Gr\u00f6\u00dfen f\u00fcr unterschiedliche Mahlzeitenportionen.<\/p>\n\n\n\n<p><strong>Material:<\/strong>\u00a0Keramik, Porzellan, Knochenporzellan, hitzebest\u00e4ndig, Dolomit, oder fragen Sie nach Alternativen.<\/p>\n\n\n\n<p><strong>Handwerkliches K\u00f6nnen:\u00a0<\/strong>Glasurabziehbilder, Ofenwechsel, handbemalt, gepr\u00e4gt, oder andere.<\/p>\n\n\n\n<p><strong>Verpackung:\u00a0<\/strong>Gro\u00dfpackung, Farbkarton, Geschenkkarton, Displaykarton, Versandkarton usw.<\/p>\n<\/div>\n\n\n\n<div class=\"wp-block-column is-layout-flow wp-block-column-is-layout-flow\">\n<figure class=\"wp-block-image size-full\"><img decoding=\"async\" width=\"722\" height=\"721\" src=\"https:\/\/www.lianyuanceramic.com\/wp-content\/uploads\/2024\/12\/reactive-glaze-dinnerware-set-wholesale-2.webp\" alt=\"Reaktivglasur-Geschirrset Gro\u00dfhandel\" class=\"wp-image-908\" srcset=\"https:\/\/www.lianyuanceramic.com\/wp-content\/uploads\/2024\/12\/reactive-glaze-dinnerware-set-wholesale-2.webp 722w, https:\/\/www.lianyuanceramic.com\/wp-content\/uploads\/2024\/12\/reactive-glaze-dinnerware-set-wholesale-2-300x300.webp 300w, https:\/\/www.lianyuanceramic.com\/wp-content\/uploads\/2024\/12\/reactive-glaze-dinnerware-set-wholesale-2-150x150.webp 150w, https:\/\/www.lianyuanceramic.com\/wp-content\/uploads\/2024\/12\/reactive-glaze-dinnerware-set-wholesale-2-600x599.webp 600w, https:\/\/www.lianyuanceramic.com\/wp-content\/uploads\/2024\/12\/reactive-glaze-dinnerware-set-wholesale-2-100x100.webp 100w\" sizes=\"(max-width: 722px) 100vw, 722px\" \/><\/figure>\n\n\n\n<figure class=\"wp-block-image size-full\"><img decoding=\"async\" width=\"523\" height=\"523\" src=\"https:\/\/www.lianyuanceramic.com\/wp-content\/uploads\/2024\/12\/reactive-glaze-dinnerware-set-wholesale-3.webp\" alt=\"Reaktivglasur-Geschirrset Gro\u00dfhandel\" class=\"wp-image-909\" srcset=\"https:\/\/www.lianyuanceramic.com\/wp-content\/uploads\/2024\/12\/reactive-glaze-dinnerware-set-wholesale-3.webp 523w, https:\/\/www.lianyuanceramic.com\/wp-content\/uploads\/2024\/12\/reactive-glaze-dinnerware-set-wholesale-3-300x300.webp 300w, https:\/\/www.lianyuanceramic.com\/wp-content\/uploads\/2024\/12\/reactive-glaze-dinnerware-set-wholesale-3-150x150.webp 150w, https:\/\/www.lianyuanceramic.com\/wp-content\/uploads\/2024\/12\/reactive-glaze-dinnerware-set-wholesale-3-100x100.webp 100w\" sizes=\"(max-width: 523px) 100vw, 523px\" \/><\/figure>\n<\/div>\n<\/div>\n\n\n\n<p><\/p>","protected":false},"excerpt":{"rendered":"<p>Individuelles, einzigartiges Geschirr mit reaktiver Glasur, elegante blaue Geschirrserie, sehr geeignet f\u00fcr gehobene Veranstaltungen oder Hochzeiten. Direkter Gro\u00dfhandel vom professionellen Keramikhersteller, hohe Qualit\u00e4tsgarantie, Fabrikpreis, willkommen zu erkundigen!<\/p>\n<h2>Reaktive Glasur Geschirr Parameter<\/h2>\n<table style=\"border-collapse: collapse; width: 370.82pt;\" border=\"0\" width=\"618\" cellspacing=\"0\" cellpadding=\"0\">\n<tbody>\n<tr style=\"height: 15.60pt;\">\n<td class=\"et3\" style=\"height: 15.60pt; width: 108.00pt;\" width=\"180\" height=\"26\">Hersteller<\/td>\n<td class=\"et3\" style=\"width: 263.25pt;\" width=\"438\">Lianyuan<\/td>\n<\/tr>\n<tr style=\"height: 15.60pt;\">\n<td class=\"et3\" style=\"height: 15.60pt;\" height=\"26\">Produkttyp<\/td>\n<td class=\"et3\">Bio-Teller, Krug, ovaler Teller, l\u00e4ngliches Tablett, Tasse, Tortenst\u00e4nder mit Fu\u00df, Sch\u00fcssel, 5-teiliges Tablett<\/td>\n<\/tr>\n<tr style=\"height: 15.60pt;\">\n<td class=\"et3\" style=\"height: 15.60pt;\" height=\"26\">Farbe<\/td>\n<td class=\"et3\">Blau<\/td>\n<\/tr>\n<tr style=\"height: 15.60pt;\">\n<td class=\"et3\" style=\"height: 15.60pt;\" height=\"26\">Material<\/td>\n<td class=\"et3\">Dauerhaftes Porzellan<\/td>\n<\/tr>\n<tr style=\"height: 15.60pt;\">\n<td class=\"et3\" style=\"height: 15.60pt;\" height=\"26\">Handwerkliches K\u00f6nnen<\/td>\n<td class=\"et3\">Reaktive Glasur<\/td>\n<\/tr>\n<tr style=\"height: 15.60pt;\">\n<td class=\"et3\" style=\"height: 15.60pt;\" height=\"26\">Anmeldung<\/td>\n<td class=\"et3\">Mikrowellen- und sp\u00fclmaschinenfest, ofenfest<\/td>\n<\/tr>\n<tr style=\"height: 15.60pt;\">\n<td class=\"et3\" style=\"height: 15.60pt;\" height=\"26\">Benutzerdefiniert<\/td>\n<td class=\"et3\">Farbe\/Gr\u00f6\u00dfe\/Logo\/Verpackung<\/td>\n<\/tr>\n<\/tbody>\n<\/table>","protected":false},"featured_media":908,"comment_status":"open","ping_status":"closed","template":"","meta":{"_acf_changed":true},"product_brand":[],"product_cat":[17,19],"product_tag":[30,28],"class_list":{"0":"post-972","1":"product","2":"type-product","3":"status-publish","4":"has-post-thumbnail","6":"product_cat-dinnerware-wholesale","7":"product_cat-serveware-wholesale","8":"product_tag-custom-porcelain-dinnerware","9":"product_tag-reactive-glaze-dinnerware-manufacturer","11":"first","12":"instock","13":"shipping-taxable","14":"product-type-simple"},"acf":[],"_links":{"self":[{"href":"https:\/\/www.lianyuanceramic.com\/de\/wp-json\/wp\/v2\/product\/972","targetHints":{"allow":["GET"]}}],"collection":[{"href":"https:\/\/www.lianyuanceramic.com\/de\/wp-json\/wp\/v2\/product"}],"about":[{"href":"https:\/\/www.lianyuanceramic.com\/de\/wp-json\/wp\/v2\/types\/product"}],"replies":[{"embeddable":true,"href":"https:\/\/www.lianyuanceramic.com\/de\/wp-json\/wp\/v2\/comments?post=972"}],"wp:featuredmedia":[{"embeddable":true,"href":"https:\/\/www.lianyuanceramic.com\/de\/wp-json\/wp\/v2\/media\/908"}],"wp:attachment":[{"href":"https:\/\/www.lianyuanceramic.com\/de\/wp-json\/wp\/v2\/media?parent=972"}],"wp:term":[{"taxonomy":"product_brand","embeddable":true,"href":"https:\/\/www.lianyuanceramic.com\/de\/wp-json\/wp\/v2\/product_brand?post=972"},{"taxonomy":"product_cat","embeddable":true,"href":"https:\/\/www.lianyuanceramic.com\/de\/wp-json\/wp\/v2\/product_cat?post=972"},{"taxonomy":"product_tag","embeddable":true,"href":"https:\/\/www.lianyuanceramic.com\/de\/wp-json\/wp\/v2\/product_tag?post=972"}],"curies":[{"name":"wp","href":"https:\/\/api.w.org\/{rel}","templated":true}]}}