{"id":949,"date":"2024-12-31T01:40:55","date_gmt":"2024-12-31T01:40:55","guid":{"rendered":"https:\/\/www.lianyuanceramic.com\/?post_type=product&#038;p=949"},"modified":"2025-01-16T15:48:46","modified_gmt":"2025-01-16T15:48:46","slug":"custom-pink-tea-sets","status":"publish","type":"product","link":"https:\/\/www.lianyuanceramic.com\/de\/produkt\/custom-pink-tea-sets\/","title":{"rendered":"Benutzerdefinierte rosa Tee-Sets Herz Flamingo Keramikgeschirr"},"content":{"rendered":"<div class=\"wp-block-columns is-layout-flex wp-container-core-columns-is-layout-9d6595d7 wp-block-columns-is-layout-flex\">\n<div class=\"wp-block-column is-layout-flow wp-block-column-is-layout-flow\">\n<h2 class=\"wp-block-heading\">Rosa Teesets Merkmale:<\/h2>\n\n\n\n<p><strong>Niedlich und rosa Design:<\/strong><br>Dieses Geschirrset mit dem h\u00fcbschen rosa Herz- und Flamingomuster eignet sich perfekt f\u00fcr Teepartys oder zwanglose Abendessen.<\/p>\n\n\n\n<p><strong>Hochwertiges, langlebiges Porzellan:<\/strong><br>Sie ist aus robustem Porzellan gefertigt, bruchsicher und langlebig genug, um dem t\u00e4glichen Gebrauch standzuhalten und dabei ihr Aussehen zu bewahren.<\/p>\n\n\n\n<p><strong>Vielseitig und praktisch f\u00fcr Teeliebhaber:<\/strong><br>Dieses sch\u00f6ne Geschirrset besteht aus einem Teeservice (Tassen, Untertassen, Teekannen) sowie Schalen und Tellern im gleichen Design. Es kann f\u00fcr Desserts, Snacks oder leichte Mahlzeiten verwendet werden und eignet sich f\u00fcr eine Vielzahl von Anl\u00e4ssen und Zwecken.<\/p>\n\n\n\n<h2 class=\"wp-block-heading\">Kundenspezifische rosa Teesets<\/h2>\n\n\n\n<p>Das Teeset bietet verschiedene Anpassungsm\u00f6glichkeiten, wie z. B. Farbe, Muster und Gr\u00f6\u00dfe, und kann entsprechend den Bed\u00fcrfnissen der Marke oder Modetrends angepasst werden, was es ideal f\u00fcr den pers\u00f6nlichen und kommerziellen Gebrauch macht.<\/p>\n\n\n\n<p><strong>Entwurf:&nbsp;<\/strong>W\u00e4hlen Sie florale Muster oder entwerfen Sie Ihr eigenes Design.<\/p>\n\n\n\n<p><strong>Zusammensetzung des Sets:<\/strong>&nbsp;Individuelle Keramik-Tassensets mit Kombinationen aus Tassen, Schalen und L\u00f6ffeln.<\/p>\n\n\n\n<p><strong>Gr\u00f6\u00dfe:&nbsp;<\/strong>W\u00e4hlen Sie aus verschiedenen Gr\u00f6\u00dfen f\u00fcr unterschiedliche Mahlzeitenportionen.<\/p>\n\n\n\n<p><strong>Material:<\/strong>&nbsp;Keramik, Porzellan, Knochenporzellan oder erkundigen Sie sich nach Alternativen.<\/p>\n\n\n\n<p><strong>Handwerkliches K\u00f6nnen:&nbsp;<\/strong>Glasurabziehbilder, Ofenwechsel, handbemalt, Reliefmuster oder andere.<\/p>\n\n\n\n<p><strong>Verpackung:&nbsp;<\/strong>Bulk Pack, Farbkarton, Geschenkkarton, Displaying Box, Mailer Box etc.<\/p>\n<\/div>\n\n\n\n<div class=\"wp-block-column is-layout-flow wp-block-column-is-layout-flow\">\n<figure class=\"wp-block-image size-full\"><img decoding=\"async\" width=\"616\" height=\"617\" src=\"https:\/\/www.lianyuanceramic.com\/wp-content\/uploads\/2024\/12\/pink-tea-set-wholesale-dinnerware-sets-3.webp\" alt=\"rosa Teegeschirr Gro\u00dfhandel Geschirr-Sets\" class=\"wp-image-971\" srcset=\"https:\/\/www.lianyuanceramic.com\/wp-content\/uploads\/2024\/12\/pink-tea-set-wholesale-dinnerware-sets-3.webp 616w, https:\/\/www.lianyuanceramic.com\/wp-content\/uploads\/2024\/12\/pink-tea-set-wholesale-dinnerware-sets-3-300x300.webp 300w, https:\/\/www.lianyuanceramic.com\/wp-content\/uploads\/2024\/12\/pink-tea-set-wholesale-dinnerware-sets-3-150x150.webp 150w, https:\/\/www.lianyuanceramic.com\/wp-content\/uploads\/2024\/12\/pink-tea-set-wholesale-dinnerware-sets-3-12x12.webp 12w, https:\/\/www.lianyuanceramic.com\/wp-content\/uploads\/2024\/12\/pink-tea-set-wholesale-dinnerware-sets-3-600x601.webp 600w, https:\/\/www.lianyuanceramic.com\/wp-content\/uploads\/2024\/12\/pink-tea-set-wholesale-dinnerware-sets-3-100x100.webp 100w\" sizes=\"(max-width: 616px) 100vw, 616px\" \/><\/figure>\n\n\n\n<figure class=\"wp-block-image size-full\"><img decoding=\"async\" width=\"761\" height=\"565\" src=\"https:\/\/www.lianyuanceramic.com\/wp-content\/uploads\/2024\/12\/pink-tea-set-wholesale-dinnerware-sets-1.webp\" alt=\"rosa Teegeschirr Gro\u00dfhandel Geschirr-Sets\" class=\"wp-image-969\" srcset=\"https:\/\/www.lianyuanceramic.com\/wp-content\/uploads\/2024\/12\/pink-tea-set-wholesale-dinnerware-sets-1.webp 761w, https:\/\/www.lianyuanceramic.com\/wp-content\/uploads\/2024\/12\/pink-tea-set-wholesale-dinnerware-sets-1-300x223.webp 300w, https:\/\/www.lianyuanceramic.com\/wp-content\/uploads\/2024\/12\/pink-tea-set-wholesale-dinnerware-sets-1-16x12.webp 16w, https:\/\/www.lianyuanceramic.com\/wp-content\/uploads\/2024\/12\/pink-tea-set-wholesale-dinnerware-sets-1-600x445.webp 600w\" sizes=\"(max-width: 761px) 100vw, 761px\" \/><\/figure>\n<\/div>\n<\/div>\n\n\n\n<p><\/p>","protected":false},"excerpt":{"rendered":"<p>Kundenspezifisches rosa Teegeschirr, einschlie\u00dflich Teekanne und Untertasse, Teetasse, Keramikteller und -schale usw. Niedliches Herz und Flamingo-Design, ein beliebter Stil f\u00fcr modische M\u00e4dchen. Direkte Versorgung aus China Keramik-Geschirr Hersteller, Unterst\u00fctzung Gro\u00dfhandel Optionen, willkommen zu erkundigen!<\/p>\n<h2>Rosa Teesets Parameter<\/h2>\n<table style=\"border-collapse: collapse; width: 370.82pt;\" border=\"0\" width=\"618\" cellspacing=\"0\" cellpadding=\"0\">\n<tbody>\n<tr style=\"height: 15.60pt;\">\n<td class=\"et3\" style=\"height: 15.60pt; width: 108.00pt;\" width=\"180\" height=\"26\">Hersteller<\/td>\n<td class=\"et3\" style=\"width: 263.25pt;\" width=\"438\">Lianyuan<\/td>\n<\/tr>\n<tr style=\"height: 15.60pt;\">\n<td class=\"et3\" style=\"height: 15.60pt;\" height=\"26\">Produkttyp<\/td>\n<td class=\"et3\">Teekanne, Teller, Tasse &amp; Untertasse, Zucker &amp; Milchk\u00e4nnchen, Becher, Schale<\/td>\n<\/tr>\n<tr style=\"height: 15.60pt;\">\n<td class=\"et3\" style=\"height: 15.60pt;\" height=\"26\">Muster<\/td>\n<td class=\"et3\">Herz, Flamingo<\/td>\n<\/tr>\n<tr style=\"height: 15.60pt;\">\n<td class=\"et3\" style=\"height: 15.60pt;\" height=\"26\">Farbe<\/td>\n<td class=\"et3\">Rosa, Gold, Wei\u00df<\/td>\n<\/tr>\n<tr style=\"height: 15.60pt;\">\n<td class=\"et3\" style=\"height: 15.60pt;\" height=\"26\">Material<\/td>\n<td class=\"et3\">Dauerhaftes Porzellan<\/td>\n<\/tr>\n<tr style=\"height: 15.60pt;\">\n<td class=\"et3\" style=\"height: 15.60pt;\" height=\"26\">Handwerkliches K\u00f6nnen<\/td>\n<td class=\"et3\">Einglasiertes Abziehbild und Handbemalung<\/td>\n<\/tr>\n<tr style=\"height: 15.60pt;\">\n<td class=\"et3\" style=\"height: 15.60pt;\" height=\"26\">Anmeldung<\/td>\n<td class=\"et3\">Mikrowellen- und sp\u00fclmaschinenfest, ofenfest<\/td>\n<\/tr>\n<tr style=\"height: 15.60pt;\">\n<td class=\"et3\" style=\"height: 15.60pt;\" height=\"26\">Benutzerdefiniert<\/td>\n<td class=\"et3\">Farbe\/Gr\u00f6\u00dfe\/Logo\/Verpackung<\/td>\n<\/tr>\n<\/tbody>\n<\/table>","protected":false},"featured_media":971,"comment_status":"open","ping_status":"closed","template":"","meta":{"_acf_changed":true},"product_brand":[],"product_cat":[17,18],"product_tag":[30,29,27],"class_list":{"0":"post-949","1":"product","2":"type-product","3":"status-publish","4":"has-post-thumbnail","6":"product_cat-dinnerware-wholesale","7":"product_cat-wholesale-custom-tea-set","8":"product_tag-custom-porcelain-dinnerware","9":"product_tag-hand-painted-embossed-dinnerware-wholesale","10":"product_tag-wholesale-decal-ceramics","12":"first","13":"instock","14":"shipping-taxable","15":"product-type-simple"},"acf":[],"_links":{"self":[{"href":"https:\/\/www.lianyuanceramic.com\/de\/wp-json\/wp\/v2\/product\/949","targetHints":{"allow":["GET"]}}],"collection":[{"href":"https:\/\/www.lianyuanceramic.com\/de\/wp-json\/wp\/v2\/product"}],"about":[{"href":"https:\/\/www.lianyuanceramic.com\/de\/wp-json\/wp\/v2\/types\/product"}],"replies":[{"embeddable":true,"href":"https:\/\/www.lianyuanceramic.com\/de\/wp-json\/wp\/v2\/comments?post=949"}],"wp:featuredmedia":[{"embeddable":true,"href":"https:\/\/www.lianyuanceramic.com\/de\/wp-json\/wp\/v2\/media\/971"}],"wp:attachment":[{"href":"https:\/\/www.lianyuanceramic.com\/de\/wp-json\/wp\/v2\/media?parent=949"}],"wp:term":[{"taxonomy":"product_brand","embeddable":true,"href":"https:\/\/www.lianyuanceramic.com\/de\/wp-json\/wp\/v2\/product_brand?post=949"},{"taxonomy":"product_cat","embeddable":true,"href":"https:\/\/www.lianyuanceramic.com\/de\/wp-json\/wp\/v2\/product_cat?post=949"},{"taxonomy":"product_tag","embeddable":true,"href":"https:\/\/www.lianyuanceramic.com\/de\/wp-json\/wp\/v2\/product_tag?post=949"}],"curies":[{"name":"wp","href":"https:\/\/api.w.org\/{rel}","templated":true}]}}