{"id":948,"date":"2024-12-31T01:09:39","date_gmt":"2024-12-31T01:09:39","guid":{"rendered":"https:\/\/www.lianyuanceramic.com\/?post_type=product&#038;p=948"},"modified":"2024-12-31T01:40:15","modified_gmt":"2024-12-31T01:40:15","slug":"wholesale-blue-and-white-dinnerware-sets","status":"publish","type":"product","link":"https:\/\/www.lianyuanceramic.com\/de\/produkt\/wholesale-blue-and-white-dinnerware-sets\/","title":{"rendered":"Gro\u00dfhandel Blau und Wei\u00df Geschirr Sets Chinesisch Porzellan Hand-Painted Tableware"},"content":{"rendered":"<div class=\"wp-block-columns is-layout-flex wp-container-core-columns-is-layout-9d6595d7 wp-block-columns-is-layout-flex\">\n<div class=\"wp-block-column is-layout-flow wp-block-column-is-layout-flow\">\n<h2 class=\"wp-block-heading\">Blaue und wei\u00dfe Geschirrsets Merkmale:<\/h2>\n\n\n\n<p><strong>Klassischer chinesischer Stil:<\/strong><br>Das blau-wei\u00dfe Design ist vom traditionellen chinesischen Porzellan inspiriert und verleiht jedem gedeckten Tisch ein elegantes orientalisches Flair. Es eignet sich perfekt f\u00fcr ein kulturelles Esserlebnis.<\/p>\n\n\n\n<p><strong>Handbemaltes Kunsthandwerk:<\/strong><br>Jedes St\u00fcck ist ein Unikat, dessen Details sorgf\u00e4ltig verziert und von Hand bemalt sind, was von exquisiter Handwerkskunst und Liebe zum Detail zeugt.<\/p>\n\n\n\n<p><strong>Hochwertiges chinesisches Porzellan:<\/strong><br>Dieses Geschirr aus hochwertigem Porzellan ist langlebig und bruchsicher und eignet sich daher perfekt f\u00fcr den t\u00e4glichen Gebrauch und besondere Anl\u00e4sse.<\/p>\n\n\n\n<p><strong>Vielzahl von St\u00fccken:<\/strong><br>Dieses Set besteht aus einem ovalen Teller, einer Vase, einem Becher und einer Serviersch\u00fcssel und bietet ein komplettes Esserlebnis mit vielseitigen Elementen, die alle Ihre Bed\u00fcrfnisse an Geschirr erf\u00fcllen.<\/p>\n\n\n\n<p><strong>Tolle Geschenkidee:<\/strong><br>Das wundersch\u00f6ne handgemalte Design macht dieses Set zu einem gro\u00dfartigen Geschenk f\u00fcr eine Einweihung, eine Hochzeit oder ein besonderes Ereignis, das Sch\u00f6nheit und Funktionalit\u00e4t vereint.<\/p>\n\n\n\n<h2 class=\"wp-block-heading\">Individuelle blau-wei\u00dfe Geschirrsets<\/h2>\n\n\n\n<p>Lianyuan verf\u00fcgt \u00fcber erfahrene Designer und Formenbauer, die Ihnen bei der Verwirklichung Ihrer W\u00fcnsche und Ideen helfen k\u00f6nnen. Wir bieten umfassende OEM- und ODM-L\u00f6sungen.<\/p>\n\n\n\n<p><strong>Entwurf:&nbsp;<\/strong>W\u00e4hlen Sie florale Muster oder entwerfen Sie Ihr eigenes Design.<\/p>\n\n\n\n<p><strong>Zusammensetzung des Sets:<\/strong>&nbsp;Individuelle Keramik-Tassensets mit Kombinationen aus Tassen, Schalen und L\u00f6ffeln.<\/p>\n\n\n\n<p><strong>Gr\u00f6\u00dfe:&nbsp;<\/strong>W\u00e4hlen Sie aus verschiedenen Gr\u00f6\u00dfen f\u00fcr unterschiedliche Mahlzeitenportionen.<\/p>\n\n\n\n<p><strong>Material:<\/strong>&nbsp;Keramik, Porzellan, Knochenchinan oder erkundigen Sie sich nach Alternativen.<\/p>\n\n\n\n<p><strong>Handwerkliches K\u00f6nnen:\u00a0<\/strong>Glasur Abziehbilder, reaktive Glasur, handbemalt, gepr\u00e4gt, oder andere.<\/p>\n\n\n\n<p><strong>Verpackung:&nbsp;<\/strong>Bulk Pack, Farbkarton, Geschenkkarton, Displaying Box, Mailer Box etc.<\/p>\n<\/div>\n\n\n\n<div class=\"wp-block-column is-layout-flow wp-block-column-is-layout-flow\">\n<figure class=\"wp-block-image size-full\"><img decoding=\"async\" width=\"750\" height=\"750\" src=\"https:\/\/www.lianyuanceramic.com\/wp-content\/uploads\/2024\/12\/blue-and-white-dinnerware-sets-wholesale-2.webp\" alt=\"Blau-wei\u00dfes Geschirr f\u00fcr den Gro\u00dfhandel\" class=\"wp-image-903\" srcset=\"https:\/\/www.lianyuanceramic.com\/wp-content\/uploads\/2024\/12\/blue-and-white-dinnerware-sets-wholesale-2.webp 750w, https:\/\/www.lianyuanceramic.com\/wp-content\/uploads\/2024\/12\/blue-and-white-dinnerware-sets-wholesale-2-300x300.webp 300w, https:\/\/www.lianyuanceramic.com\/wp-content\/uploads\/2024\/12\/blue-and-white-dinnerware-sets-wholesale-2-150x150.webp 150w, https:\/\/www.lianyuanceramic.com\/wp-content\/uploads\/2024\/12\/blue-and-white-dinnerware-sets-wholesale-2-600x600.webp 600w, https:\/\/www.lianyuanceramic.com\/wp-content\/uploads\/2024\/12\/blue-and-white-dinnerware-sets-wholesale-2-100x100.webp 100w\" sizes=\"(max-width: 750px) 100vw, 750px\" \/><\/figure>\n\n\n\n<figure class=\"wp-block-image size-full\"><img decoding=\"async\" width=\"1025\" height=\"678\" src=\"https:\/\/www.lianyuanceramic.com\/wp-content\/uploads\/2024\/12\/blue-and-white-dinnerware-sets-wholesale-1.webp\" alt=\"Blau-wei\u00dfes Geschirr f\u00fcr den Gro\u00dfhandel\" class=\"wp-image-902\" srcset=\"https:\/\/www.lianyuanceramic.com\/wp-content\/uploads\/2024\/12\/blue-and-white-dinnerware-sets-wholesale-1.webp 1025w, https:\/\/www.lianyuanceramic.com\/wp-content\/uploads\/2024\/12\/blue-and-white-dinnerware-sets-wholesale-1-300x198.webp 300w, https:\/\/www.lianyuanceramic.com\/wp-content\/uploads\/2024\/12\/blue-and-white-dinnerware-sets-wholesale-1-768x508.webp 768w, https:\/\/www.lianyuanceramic.com\/wp-content\/uploads\/2024\/12\/blue-and-white-dinnerware-sets-wholesale-1-600x397.webp 600w\" sizes=\"(max-width: 1025px) 100vw, 1025px\" \/><\/figure>\n<\/div>\n<\/div>","protected":false},"excerpt":{"rendered":"<p>Willkommen im Gro\u00dfhandel und benutzerdefinierte die blauen und wei\u00dfen Geschirr-Set, Chinesisch orientalischen Stil Design und exquisite handgemalte Handwerkskunst macht dieses Porzellangeschirr ein perfektes Geschenk f\u00fcr Hochzeiten, Einweihungen, oder besondere Ereignisse. Direkt von Geschirr Hersteller geliefert, die OEM-und ODM-L\u00f6sungen, willkommen, uns f\u00fcr ein kostenloses Angebot zu kontaktieren!<\/p>\n<h2>Blau-wei\u00dfe Geschirrsets Parameter:<\/h2>\n<table style=\"border-collapse: collapse; width: 370.82pt;\" border=\"0\" width=\"618\" cellspacing=\"0\" cellpadding=\"0\">\n<tbody>\n<tr style=\"height: 15.60pt;\">\n<td class=\"et3\" style=\"height: 15.60pt; width: 108.00pt;\" width=\"180\" height=\"26\">Hersteller<\/td>\n<td class=\"et3\" style=\"width: 263.25pt;\" width=\"438\">Lianyuan<\/td>\n<\/tr>\n<tr style=\"height: 15.60pt;\">\n<td class=\"et3\" style=\"height: 15.60pt;\" height=\"26\">Produkttyp<\/td>\n<td class=\"et3\">Ovaler Teller, Vase, Tasse, Schale<\/td>\n<\/tr>\n<tr style=\"height: 15.60pt;\">\n<td class=\"et3\" style=\"height: 15.60pt;\" height=\"26\">Muster<\/td>\n<td class=\"et3\">Chinesischer Stil, Orienta, Flora<\/td>\n<\/tr>\n<tr style=\"height: 15.60pt;\">\n<td class=\"et3\" style=\"height: 15.60pt;\" height=\"26\">Farbe<\/td>\n<td class=\"et3\">Blau und Wei\u00df<\/td>\n<\/tr>\n<tr style=\"height: 15.60pt;\">\n<td class=\"et3\" style=\"height: 15.60pt;\" height=\"26\">Material<\/td>\n<td class=\"et3\">Dauerhaftes Porzellan<\/td>\n<\/tr>\n<tr style=\"height: 15.60pt;\">\n<td class=\"et3\" style=\"height: 15.60pt;\" height=\"26\">Handwerkliches K\u00f6nnen<\/td>\n<td class=\"et3\">Einglasiertes Abziehbild und Handbemalung<\/td>\n<\/tr>\n<tr style=\"height: 15.60pt;\">\n<td class=\"et3\" style=\"height: 15.60pt;\" height=\"26\">Anmeldung<\/td>\n<td class=\"et3\">Mikrowellen- und sp\u00fclmaschinenfest, ofenfest<\/td>\n<\/tr>\n<tr style=\"height: 15.60pt;\">\n<td class=\"et3\" style=\"height: 15.60pt;\" height=\"26\">Benutzerdefiniert<\/td>\n<td class=\"et3\">Farbe\/Gr\u00f6\u00dfe\/Logo\/Verpackung<\/td>\n<\/tr>\n<\/tbody>\n<\/table>","protected":false},"featured_media":903,"comment_status":"open","ping_status":"closed","template":"","meta":{"_acf_changed":true},"product_brand":[],"product_cat":[17],"product_tag":[30,29,27],"class_list":{"0":"post-948","1":"product","2":"type-product","3":"status-publish","4":"has-post-thumbnail","6":"product_cat-dinnerware-wholesale","7":"product_tag-custom-porcelain-dinnerware","8":"product_tag-hand-painted-embossed-dinnerware-wholesale","9":"product_tag-wholesale-decal-ceramics","11":"first","12":"instock","13":"shipping-taxable","14":"product-type-simple"},"acf":[],"_links":{"self":[{"href":"https:\/\/www.lianyuanceramic.com\/de\/wp-json\/wp\/v2\/product\/948","targetHints":{"allow":["GET"]}}],"collection":[{"href":"https:\/\/www.lianyuanceramic.com\/de\/wp-json\/wp\/v2\/product"}],"about":[{"href":"https:\/\/www.lianyuanceramic.com\/de\/wp-json\/wp\/v2\/types\/product"}],"replies":[{"embeddable":true,"href":"https:\/\/www.lianyuanceramic.com\/de\/wp-json\/wp\/v2\/comments?post=948"}],"wp:featuredmedia":[{"embeddable":true,"href":"https:\/\/www.lianyuanceramic.com\/de\/wp-json\/wp\/v2\/media\/903"}],"wp:attachment":[{"href":"https:\/\/www.lianyuanceramic.com\/de\/wp-json\/wp\/v2\/media?parent=948"}],"wp:term":[{"taxonomy":"product_brand","embeddable":true,"href":"https:\/\/www.lianyuanceramic.com\/de\/wp-json\/wp\/v2\/product_brand?post=948"},{"taxonomy":"product_cat","embeddable":true,"href":"https:\/\/www.lianyuanceramic.com\/de\/wp-json\/wp\/v2\/product_cat?post=948"},{"taxonomy":"product_tag","embeddable":true,"href":"https:\/\/www.lianyuanceramic.com\/de\/wp-json\/wp\/v2\/product_tag?post=948"}],"curies":[{"name":"wp","href":"https:\/\/api.w.org\/{rel}","templated":true}]}}