{"id":317,"date":"2024-10-19T12:25:25","date_gmt":"2024-10-19T12:25:25","guid":{"rendered":"https:\/\/www.lianyuanceramic.com\/?post_type=product&#038;p=317"},"modified":"2024-12-28T14:10:12","modified_gmt":"2024-12-28T14:10:12","slug":"botanic-garden-dinnerware-set-wholesale","status":"publish","type":"product","link":"https:\/\/www.lianyuanceramic.com\/de\/produkt\/botanic-garden-dinnerware-set-wholesale\/","title":{"rendered":"Custom Botanic Garden Geschirrset Porzellan Blau mit Tellern, Sch\u00fcsseln und Tassen"},"content":{"rendered":"<div class=\"wp-block-columns is-layout-flex wp-container-core-columns-is-layout-9d6595d7 wp-block-columns-is-layout-flex\">\n<div class=\"wp-block-column is-vertically-aligned-center is-layout-flow wp-block-column-is-layout-flow\">\n<h2 class=\"wp-block-heading\">Botanischer Garten Geschirrset Merkmale:<\/h2>\n\n\n\n<p><strong>Dauerhaftes Porzellanmaterial<\/strong><br>Hergestellt aus sicherem und haltbarem Keramikmaterial, das den Sicherheitsnormen von Kalifornien 65 entspricht<\/p>\n\n\n\n<p><strong>Blumen und botanische Gartengestaltung<\/strong><br>Das elegante pastorale Design macht allt\u00e4gliche Anl\u00e4sse zu etwas Besonderem, wie z. B. ein gem\u00fctliches Sonntagsfr\u00fchst\u00fcck mit der Familie oder den Nachmittagstee und Treffen mit Freunden.<\/p>\n\n\n\n<p><strong>Einglasierte Abziehbilder und handbemaltes Handwerk<\/strong><br>In Kombination mit der handgemalten Glasurfarbe ist die Oberfl\u00e4che glatt und jedes Design sieht einzigartig und exquisit aus.<\/p>\n\n\n\n<p><strong>Sicher und bequem in der Anwendung<\/strong><br>Sie sind mikrowellen-, sp\u00fclmaschinen- und backofengeeignet und leicht zu reinigen.<\/p>\n\n\n\n<p><strong>Verschiedene Geschirrsets sind erh\u00e4ltlich<\/strong><br>Einschlie\u00dflich Keramikteller, -schalen, -kannen, -tassen, -becher, Keramikgef\u00e4\u00dfe usw., Auswahl und Anpassung der Spezifikationen nach Kundenwunsch<\/p>\n\n\n\n<p>.<\/p>\n<\/div>\n\n\n\n<div class=\"wp-block-column is-layout-flow wp-block-column-is-layout-flow\">\n<figure class=\"wp-block-image size-full\"><img decoding=\"async\" width=\"705\" height=\"481\" src=\"https:\/\/www.lianyuanceramic.com\/wp-content\/uploads\/2024\/10\/Botanic-Garden-Dinnerware-wholesale.webp\" alt=\"Botanischer Garten Essgeschirr Gro\u00dfhandel\" class=\"wp-image-389\" srcset=\"https:\/\/www.lianyuanceramic.com\/wp-content\/uploads\/2024\/10\/Botanic-Garden-Dinnerware-wholesale.webp 705w, https:\/\/www.lianyuanceramic.com\/wp-content\/uploads\/2024\/10\/Botanic-Garden-Dinnerware-wholesale-300x205.webp 300w, https:\/\/www.lianyuanceramic.com\/wp-content\/uploads\/2024\/10\/Botanic-Garden-Dinnerware-wholesale-600x409.webp 600w\" sizes=\"(max-width: 705px) 100vw, 705px\" \/><\/figure>\n<\/div>\n<\/div>\n\n\n\n<div class=\"wp-block-columns is-layout-flex wp-container-core-columns-is-layout-9d6595d7 wp-block-columns-is-layout-flex\">\n<div class=\"wp-block-column is-layout-flow wp-block-column-is-layout-flow\"><div class=\"wp-block-image\">\n<figure class=\"aligncenter size-full\"><img decoding=\"async\" width=\"790\" height=\"586\" src=\"https:\/\/www.lianyuanceramic.com\/wp-content\/uploads\/2024\/10\/Custom-Fall-Dinnerware-1.webp\" alt=\"Individuelles Herbst-Geschirr\" class=\"wp-image-327\" srcset=\"https:\/\/www.lianyuanceramic.com\/wp-content\/uploads\/2024\/10\/Custom-Fall-Dinnerware-1.webp 790w, https:\/\/www.lianyuanceramic.com\/wp-content\/uploads\/2024\/10\/Custom-Fall-Dinnerware-1-300x223.webp 300w, https:\/\/www.lianyuanceramic.com\/wp-content\/uploads\/2024\/10\/Custom-Fall-Dinnerware-1-768x570.webp 768w, https:\/\/www.lianyuanceramic.com\/wp-content\/uploads\/2024\/10\/Custom-Fall-Dinnerware-1-600x445.webp 600w\" sizes=\"(max-width: 790px) 100vw, 790px\" \/><\/figure>\n<\/div><\/div>\n\n\n\n<div class=\"wp-block-column is-vertically-aligned-center is-layout-flow wp-block-column-is-layout-flow\">\n<h2 class=\"wp-block-heading\">Individuelles Botanischer Garten-Geschirrset<\/h2>\n\n\n\n<p>Bei Lianyuan k\u00f6nnen erfahrene Designer und Formenbauer Ihre unbegrenzten Bed\u00fcrfnisse und Ideen umsetzen. Wir bieten umfassende OEM- und ODM-L\u00f6sungen.<\/p>\n\n\n\n<p><strong>Entwurf: <\/strong>W\u00e4hlen Sie florale Muster oder entwerfen Sie Ihr eigenes Design.<\/p>\n\n\n\n<p><strong>Zusammensetzung des Sets:<\/strong> Dazu geh\u00f6ren Essteller, Salatteller, Sch\u00fcsseln, Tassen, Becher, usw.<\/p>\n\n\n\n<p><strong>Gr\u00f6\u00dfe: <\/strong>Verschiedene Gr\u00f6\u00dfen von Alltagsgeschirr und anpassbare Spezifikationen.<\/p>\n\n\n\n<p><strong>Material:<\/strong> Keramik, Porzellan, Knochenporzellan oder erkundigen Sie sich nach Alternativen.<\/p>\n\n\n\n<p><strong>Handwerkliches K\u00f6nnen: <\/strong>Glasurabziehbilder, Ofenwechsel, handbemalt, Reliefmuster oder andere.<\/p>\n\n\n\n<p><strong>Verpackung: <\/strong>Bulk Pack, Farbkarton, Geschenkkarton, Pr\u00e4sentationskarton, Versandkarton, etc.<\/p>\n<\/div>\n<\/div>","protected":false},"excerpt":{"rendered":"<p>Gro\u00dfhandel botanischen Garten Geschirr-Set, blau bunten Floar Design, mehrere Set-Kombinationen und Verpackungsanpassung. Bereitgestellt von Lianyuan Geschirr Hersteller, und garantiert hohe Qualit\u00e4t zu wettbewerbsf\u00e4higen Preisen.<\/p>\n<h2>Parameter des Geschirrsets Botanic Garden\u00a0<\/h2>\n<table style=\"border-collapse: collapse; width: 370.82pt;\" border=\"0\" width=\"618\" cellspacing=\"0\" cellpadding=\"0\">\n<tbody>\n<tr style=\"height: 15.60pt;\">\n<td class=\"et3\" style=\"height: 15.60pt; width: 108.00pt;\" width=\"180\" height=\"26\">Hersteller<\/td>\n<td class=\"et3\" style=\"width: 263.25pt;\" width=\"438\">Lianyuan<\/td>\n<\/tr>\n<tr style=\"height: 15.60pt;\">\n<td class=\"et3\" style=\"height: 15.60pt;\" height=\"26\">Produkttyp<\/td>\n<td class=\"et3\">Keramische Teller, Sch\u00fcsseln, Tassen, Teekannen, Keramikgef\u00e4\u00dfe<\/td>\n<\/tr>\n<tr style=\"height: 15.60pt;\">\n<td class=\"et3\" style=\"height: 15.60pt;\" height=\"26\">Muster<\/td>\n<td class=\"et3\">Floraler und botanischer Garten<\/td>\n<\/tr>\n<tr style=\"height: 15.60pt;\">\n<td class=\"et3\" style=\"height: 15.60pt;\" height=\"26\">Farbe<\/td>\n<td class=\"et3\">Mehrfarbig<\/td>\n<\/tr>\n<tr style=\"height: 15.60pt;\">\n<td class=\"et3\" style=\"height: 15.60pt;\" height=\"26\">Material<\/td>\n<td class=\"et3\">Dauerhaftes Porzellan<\/td>\n<\/tr>\n<tr style=\"height: 15.60pt;\">\n<td class=\"et3\" style=\"height: 15.60pt;\" height=\"26\">Handwerkliches K\u00f6nnen<\/td>\n<td class=\"et3\">Einglasiertes Abziehbild und Handbemalung<\/td>\n<\/tr>\n<tr style=\"height: 15.60pt;\">\n<td class=\"et3\" style=\"height: 15.60pt;\" height=\"26\">Anmeldung<\/td>\n<td class=\"et3\">Mikrowellen- und sp\u00fclmaschinenfest, ofenfest<\/td>\n<\/tr>\n<tr style=\"height: 15.60pt;\">\n<td class=\"et3\" style=\"height: 15.60pt;\" height=\"26\">Benutzerdefiniert<\/td>\n<td class=\"et3\">Farbe\/Gr\u00f6\u00dfe\/Logo\/Verpackung<\/td>\n<\/tr>\n<\/tbody>\n<\/table>","protected":false},"featured_media":389,"comment_status":"open","ping_status":"closed","template":"","meta":{"_acf_changed":false},"product_brand":[],"product_cat":[17],"product_tag":[30,29,27],"class_list":{"0":"post-317","1":"product","2":"type-product","3":"status-publish","4":"has-post-thumbnail","6":"product_cat-dinnerware-wholesale","7":"product_tag-custom-porcelain-dinnerware","8":"product_tag-hand-painted-embossed-dinnerware-wholesale","9":"product_tag-wholesale-decal-ceramics","11":"first","12":"instock","13":"shipping-taxable","14":"product-type-simple"},"acf":[],"_links":{"self":[{"href":"https:\/\/www.lianyuanceramic.com\/de\/wp-json\/wp\/v2\/product\/317","targetHints":{"allow":["GET"]}}],"collection":[{"href":"https:\/\/www.lianyuanceramic.com\/de\/wp-json\/wp\/v2\/product"}],"about":[{"href":"https:\/\/www.lianyuanceramic.com\/de\/wp-json\/wp\/v2\/types\/product"}],"replies":[{"embeddable":true,"href":"https:\/\/www.lianyuanceramic.com\/de\/wp-json\/wp\/v2\/comments?post=317"}],"wp:featuredmedia":[{"embeddable":true,"href":"https:\/\/www.lianyuanceramic.com\/de\/wp-json\/wp\/v2\/media\/389"}],"wp:attachment":[{"href":"https:\/\/www.lianyuanceramic.com\/de\/wp-json\/wp\/v2\/media?parent=317"}],"wp:term":[{"taxonomy":"product_brand","embeddable":true,"href":"https:\/\/www.lianyuanceramic.com\/de\/wp-json\/wp\/v2\/product_brand?post=317"},{"taxonomy":"product_cat","embeddable":true,"href":"https:\/\/www.lianyuanceramic.com\/de\/wp-json\/wp\/v2\/product_cat?post=317"},{"taxonomy":"product_tag","embeddable":true,"href":"https:\/\/www.lianyuanceramic.com\/de\/wp-json\/wp\/v2\/product_tag?post=317"}],"curies":[{"name":"wp","href":"https:\/\/api.w.org\/{rel}","templated":true}]}}