{"id":311,"date":"2024-10-19T18:01:44","date_gmt":"2024-10-19T18:01:44","guid":{"rendered":"https:\/\/www.lianyuanceramic.com\/?post_type=product&#038;p=311"},"modified":"2024-12-28T14:09:39","modified_gmt":"2024-12-28T14:09:39","slug":"servingware-set-wholesale","status":"publish","type":"product","link":"https:\/\/www.lianyuanceramic.com\/de\/produkt\/servingware-set-wholesale\/","title":{"rendered":"Individuelles keramisches Serviergeschirr mit exquisitem Design aus roten Bl\u00e4ttern"},"content":{"rendered":"<div class=\"wp-block-columns is-layout-flex wp-container-core-columns-is-layout-9d6595d7 wp-block-columns-is-layout-flex\">\n<div class=\"wp-block-column is-layout-flow wp-block-column-is-layout-flow\">\n<h2 class=\"wp-block-heading\">Serviergeschirr-Set Merkmale:<\/h2>\n\n\n\n<p><strong>Exotische Handarbeit<\/strong><br>Jedes dieser Keramikgeschirre zeigt ein exquisites Muster aus roten Bl\u00e4ttern in Kombination mit Unterglasurdekoren, handgefertigter Malerei und Pr\u00e4gung.<\/p>\n\n\n\n<p><strong>Lange Lebensdauer<\/strong><br>Starke Haltbarkeit, mikrowellen-, sp\u00fclmaschinen- und backofengeeignet; einfach im Alltag zu verwenden.<\/p>\n\n\n\n<p><strong>Einhaltung der Umweltvorschriften<\/strong><br>Es erf\u00fcllt die Sicherheitsstandards der California Proposition 65, um die Unbedenklichkeit f\u00fcr die Gesundheit und die Eignung f\u00fcr den Hausgebrauch zu gew\u00e4hrleisten<\/p>\n\n\n\n<p><strong>Vielseitigkeit<\/strong><br>Er eignet sich f\u00fcr verschiedene Anl\u00e4sse, sei es f\u00fcr das t\u00e4gliche Essen im Kreise der Familie oder f\u00fcr festliche Anl\u00e4sse; er versch\u00f6nert den Esstisch auf exquisite Weise.<\/p>\n<\/div>\n\n\n\n<div class=\"wp-block-column is-layout-flow wp-block-column-is-layout-flow\">\n<figure class=\"wp-block-image size-full\"><img decoding=\"async\" width=\"612\" height=\"612\" src=\"https:\/\/www.lianyuanceramic.com\/wp-content\/uploads\/2024\/10\/Custom-Ceramic-Servingware-1.webp\" alt=\"Individuelles keramisches Serviergeschirr 1\" class=\"wp-image-314\" srcset=\"https:\/\/www.lianyuanceramic.com\/wp-content\/uploads\/2024\/10\/Custom-Ceramic-Servingware-1.webp 612w, https:\/\/www.lianyuanceramic.com\/wp-content\/uploads\/2024\/10\/Custom-Ceramic-Servingware-1-300x300.webp 300w, https:\/\/www.lianyuanceramic.com\/wp-content\/uploads\/2024\/10\/Custom-Ceramic-Servingware-1-150x150.webp 150w, https:\/\/www.lianyuanceramic.com\/wp-content\/uploads\/2024\/10\/Custom-Ceramic-Servingware-1-600x600.webp 600w, https:\/\/www.lianyuanceramic.com\/wp-content\/uploads\/2024\/10\/Custom-Ceramic-Servingware-1-100x100.webp 100w\" sizes=\"(max-width: 612px) 100vw, 612px\" \/><\/figure>\n<\/div>\n<\/div>\n\n\n\n<div class=\"wp-block-columns is-layout-flex wp-container-core-columns-is-layout-9d6595d7 wp-block-columns-is-layout-flex\">\n<div class=\"wp-block-column is-layout-flow wp-block-column-is-layout-flow\"><\/div>\n\n\n\n<div class=\"wp-block-column is-layout-flow wp-block-column-is-layout-flow\"><\/div>\n<\/div>\n\n\n\n<div class=\"wp-block-columns is-layout-flex wp-container-core-columns-is-layout-9d6595d7 wp-block-columns-is-layout-flex\">\n<div class=\"wp-block-column is-layout-flow wp-block-column-is-layout-flow\">\n<figure class=\"wp-block-image size-full is-resized\"><img decoding=\"async\" width=\"5202\" height=\"7803\" src=\"https:\/\/www.lianyuanceramic.com\/wp-content\/uploads\/2024\/10\/servingware-set-wholeale.webp\" alt=\"Serviergeschirrset Gro\u00dfhandel\" class=\"wp-image-437\" style=\"width:416px;height:auto\" srcset=\"https:\/\/www.lianyuanceramic.com\/wp-content\/uploads\/2024\/10\/servingware-set-wholeale.webp 5202w, https:\/\/www.lianyuanceramic.com\/wp-content\/uploads\/2024\/10\/servingware-set-wholeale-200x300.webp 200w, https:\/\/www.lianyuanceramic.com\/wp-content\/uploads\/2024\/10\/servingware-set-wholeale-768x1152.webp 768w, https:\/\/www.lianyuanceramic.com\/wp-content\/uploads\/2024\/10\/servingware-set-wholeale-1200x1800.webp 1200w, https:\/\/www.lianyuanceramic.com\/wp-content\/uploads\/2024\/10\/servingware-set-wholeale-600x900.webp 600w\" sizes=\"(max-width: 5202px) 100vw, 5202px\" \/><\/figure>\n<\/div>\n\n\n\n<div class=\"wp-block-column is-layout-flow wp-block-column-is-layout-flow\">\n<h2 class=\"wp-block-heading\">Individuelles Serviergeschirr-Set<\/h2>\n\n\n\n<p>Ob zu Hause oder in der Gastronomie, unsere ma\u00dfgeschneiderten Serviergeschirr-Designs verbinden praktische Funktionalit\u00e4t mit k\u00fcnstlerischen Elementen und erf\u00fcllen dabei h\u00f6chste Qualit\u00e4tsstandards.<\/p>\n\n\n\n<p><strong>Materialien<\/strong>: W\u00e4hlen Sie aus hochwertiger Keramik, Porzellan, hitzebest\u00e4ndigem Porzellan, Dolomit oder Knochenporzellan<\/p>\n\n\n\n<p><strong>Gr\u00f6\u00dfen und Formen<\/strong>: Von gro\u00dfen Tellern bis zu kleinen Sch\u00fcsseln bieten wir verschiedene Gr\u00f6\u00dfen und Formen an, darunter rundes, ovales, quadratisches oder einzigartig gestaltetes Geschirr.<\/p>\n\n\n\n<p><strong>Farben<\/strong>: W\u00e4hlen Sie aus einer breiten Palette von Farben, die zu Ihrer Markenidentit\u00e4t oder saisonalen Themen passen.<\/p>\n\n\n\n<p><strong>Veredelungen und Glasuren<\/strong>: Zu den Optionen geh\u00f6ren gl\u00e4nzende, matte oder strukturierte Oberfl\u00e4chen.<\/p>\n\n\n\n<p><strong>Designs und Muster<\/strong>: Individuelle Gestaltung mit dem Logo Ihrer Marke, aufw\u00e4ndigen Abziehbildern oder handgemalten Gravuren<\/p>\n\n\n\n<p><strong>Verpackung:<\/strong> Bulk Pack, Farbkarton, Geschenkkarton, Displaying Box, Mailer Box etc.<\/p>\n<\/div>\n<\/div>\n\n\n\n<p><\/p>","protected":false},"excerpt":{"rendered":"<p>Einzigartiges, individuelles Serviergeschirr-Set mit rotem Blattmuster, das in verschiedenen Formen und Gr\u00f6\u00dfen erh\u00e4ltlich ist. Geeignet zum Servieren von Gerichten mit unterschiedlichem Fassungsverm\u00f6gen. Willkommen bei Lianyuan Fabrik f\u00fcr ein kostenloses Angebot zu konsultieren.<\/p>\n<h2>\u00a0Serviergeschirr-Set Parameter<\/h2>\n<table width=\"353\">\n<tbody>\n<tr>\n<td width=\"82\">Hersteller<\/td>\n<td width=\"270\">Lianyuan<\/td>\n<\/tr>\n<tr>\n<td>Produkttyp<\/td>\n<td width=\"270\">Bio-Teller, Ovaler Teller, L\u00e4ngliches Tablett<\/td>\n<\/tr>\n<tr>\n<td>Muster<\/td>\n<td>Floral, Rote Bl\u00e4tter<\/td>\n<\/tr>\n<tr>\n<td>Material<\/td>\n<td>Dauerhaftes Porzellan<\/td>\n<\/tr>\n<tr>\n<td>Handwerkliches K\u00f6nnen<\/td>\n<td>In-Glasur-Abziehbild, handbemalt\u00a0<\/td>\n<\/tr>\n<tr>\n<td>Anmeldung<\/td>\n<td>Mikrowellen- und sp\u00fclmaschinenfest, ofenfest<\/td>\n<\/tr>\n<tr>\n<td>Benutzerdefiniert<\/td>\n<td>Farbe\/Gr\u00f6\u00dfe\/Logo\/Verpackung<\/td>\n<\/tr>\n<\/tbody>\n<\/table>","protected":false},"featured_media":314,"comment_status":"open","ping_status":"closed","template":"","meta":{"_acf_changed":false},"product_brand":[],"product_cat":[19],"product_tag":[30,29,27],"class_list":{"0":"post-311","1":"product","2":"type-product","3":"status-publish","4":"has-post-thumbnail","6":"product_cat-serveware-wholesale","7":"product_tag-custom-porcelain-dinnerware","8":"product_tag-hand-painted-embossed-dinnerware-wholesale","9":"product_tag-wholesale-decal-ceramics","11":"first","12":"instock","13":"shipping-taxable","14":"product-type-simple"},"acf":[],"_links":{"self":[{"href":"https:\/\/www.lianyuanceramic.com\/de\/wp-json\/wp\/v2\/product\/311","targetHints":{"allow":["GET"]}}],"collection":[{"href":"https:\/\/www.lianyuanceramic.com\/de\/wp-json\/wp\/v2\/product"}],"about":[{"href":"https:\/\/www.lianyuanceramic.com\/de\/wp-json\/wp\/v2\/types\/product"}],"replies":[{"embeddable":true,"href":"https:\/\/www.lianyuanceramic.com\/de\/wp-json\/wp\/v2\/comments?post=311"}],"wp:featuredmedia":[{"embeddable":true,"href":"https:\/\/www.lianyuanceramic.com\/de\/wp-json\/wp\/v2\/media\/314"}],"wp:attachment":[{"href":"https:\/\/www.lianyuanceramic.com\/de\/wp-json\/wp\/v2\/media?parent=311"}],"wp:term":[{"taxonomy":"product_brand","embeddable":true,"href":"https:\/\/www.lianyuanceramic.com\/de\/wp-json\/wp\/v2\/product_brand?post=311"},{"taxonomy":"product_cat","embeddable":true,"href":"https:\/\/www.lianyuanceramic.com\/de\/wp-json\/wp\/v2\/product_cat?post=311"},{"taxonomy":"product_tag","embeddable":true,"href":"https:\/\/www.lianyuanceramic.com\/de\/wp-json\/wp\/v2\/product_tag?post=311"}],"curies":[{"name":"wp","href":"https:\/\/api.w.org\/{rel}","templated":true}]}}