{"id":299,"date":"2024-10-20T04:04:24","date_gmt":"2024-10-20T04:04:24","guid":{"rendered":"https:\/\/www.lianyuanceramic.com\/?post_type=product&#038;p=299"},"modified":"2024-12-28T14:08:55","modified_gmt":"2024-12-28T14:08:55","slug":"bakeware-sets-wholesale","status":"publish","type":"product","link":"https:\/\/www.lianyuanceramic.com\/de\/produkt\/bakeware-sets-wholesale\/","title":{"rendered":"Gro\u00dfhandel Backformen Sets keramischen Antihaft-Blau Floral"},"content":{"rendered":"<div class=\"wp-block-columns is-layout-flex wp-container-core-columns-is-layout-9d6595d7 wp-block-columns-is-layout-flex\">\n<div class=\"wp-block-column is-layout-flow wp-block-column-is-layout-flow\">\n<h2 class=\"wp-block-heading\">Backformen-Sets Merkmale:<\/h2>\n\n\n\n<p><strong>Modisches und sch\u00f6nes Design<br><\/strong>Mit auff\u00e4lligen floralen Mustern, satten Farben und nat\u00fcrlicher Eleganz wird es zum Mittelpunkt der gesamten Geschirrserie.<\/p>\n\n\n\n<p><strong>Langlebig und hoch hitzebest\u00e4ndig<\/strong><br>Hochdichtes Porzellan, gebrannt bei 1280\u00b0C, langlebig und nicht leicht zu zerbrechen, geeignet f\u00fcr Mikrowelle, Ofen, Sp\u00fclmaschine und K\u00fchlschrank.<\/p>\n\n\n\n<p><strong>Kratzfest und ungiftig<\/strong><br>Die langlebige, kratzfeste Glasur ist nicht reaktiv und ungiftig und gew\u00e4hrleistet sicheres Kochen ohne Verbrennungen oder chemische Reaktionen.<\/p>\n\n\n\n<p><strong>Komplettset Kombination multifunktional<\/strong><br>Individuelle Backformen-Kombinationen, einschlie\u00dflich Backformen, Muffin- oder Cupcake-Formen, Brotbackformen, Kuchenformen, Tortenformen.<\/p>\n<\/div>\n\n\n\n<div class=\"wp-block-column is-layout-flow wp-block-column-is-layout-flow\">\n<figure class=\"wp-block-image size-full\"><img decoding=\"async\" width=\"792\" height=\"792\" src=\"https:\/\/www.lianyuanceramic.com\/wp-content\/uploads\/2024\/10\/Wholesale-Ceramic-Bakeware-Sets-1.webp\" alt=\"Gro\u00dfhandel f\u00fcr keramische Backformen Sets 1\" class=\"wp-image-308\" srcset=\"https:\/\/www.lianyuanceramic.com\/wp-content\/uploads\/2024\/10\/Wholesale-Ceramic-Bakeware-Sets-1.webp 792w, https:\/\/www.lianyuanceramic.com\/wp-content\/uploads\/2024\/10\/Wholesale-Ceramic-Bakeware-Sets-1-300x300.webp 300w, https:\/\/www.lianyuanceramic.com\/wp-content\/uploads\/2024\/10\/Wholesale-Ceramic-Bakeware-Sets-1-150x150.webp 150w, https:\/\/www.lianyuanceramic.com\/wp-content\/uploads\/2024\/10\/Wholesale-Ceramic-Bakeware-Sets-1-768x768.webp 768w, https:\/\/www.lianyuanceramic.com\/wp-content\/uploads\/2024\/10\/Wholesale-Ceramic-Bakeware-Sets-1-600x600.webp 600w, https:\/\/www.lianyuanceramic.com\/wp-content\/uploads\/2024\/10\/Wholesale-Ceramic-Bakeware-Sets-1-100x100.webp 100w\" sizes=\"(max-width: 792px) 100vw, 792px\" \/><\/figure>\n<\/div>\n<\/div>\n\n\n\n<div class=\"wp-block-columns is-layout-flex wp-container-core-columns-is-layout-9d6595d7 wp-block-columns-is-layout-flex\">\n<div class=\"wp-block-column is-layout-flow wp-block-column-is-layout-flow\"><\/div>\n\n\n\n<div class=\"wp-block-column is-layout-flow wp-block-column-is-layout-flow\"><\/div>\n<\/div>\n\n\n\n<div class=\"wp-block-columns is-layout-flex wp-container-core-columns-is-layout-9d6595d7 wp-block-columns-is-layout-flex\">\n<div class=\"wp-block-column is-layout-flow wp-block-column-is-layout-flow\">\n<figure class=\"wp-block-image size-full\"><img decoding=\"async\" width=\"792\" height=\"792\" src=\"https:\/\/www.lianyuanceramic.com\/wp-content\/uploads\/2024\/10\/Wholesale-Ceramic-Bakeware-Sets-2.webp\" alt=\"Gro\u00dfhandel Keramik-Backformen Sets 2\" class=\"wp-image-309\" srcset=\"https:\/\/www.lianyuanceramic.com\/wp-content\/uploads\/2024\/10\/Wholesale-Ceramic-Bakeware-Sets-2.webp 792w, https:\/\/www.lianyuanceramic.com\/wp-content\/uploads\/2024\/10\/Wholesale-Ceramic-Bakeware-Sets-2-300x300.webp 300w, https:\/\/www.lianyuanceramic.com\/wp-content\/uploads\/2024\/10\/Wholesale-Ceramic-Bakeware-Sets-2-150x150.webp 150w, https:\/\/www.lianyuanceramic.com\/wp-content\/uploads\/2024\/10\/Wholesale-Ceramic-Bakeware-Sets-2-768x768.webp 768w, https:\/\/www.lianyuanceramic.com\/wp-content\/uploads\/2024\/10\/Wholesale-Ceramic-Bakeware-Sets-2-600x600.webp 600w, https:\/\/www.lianyuanceramic.com\/wp-content\/uploads\/2024\/10\/Wholesale-Ceramic-Bakeware-Sets-2-100x100.webp 100w\" sizes=\"(max-width: 792px) 100vw, 792px\" \/><\/figure>\n<\/div>\n\n\n\n<div class=\"wp-block-column is-layout-flow wp-block-column-is-layout-flow\">\n<h2 class=\"wp-block-heading\">Individuelle Backformen-Sets<\/h2>\n\n\n\n<p>Lianyuan, der Hersteller von keramischem Geschirr, kann Ihnen einen kompletten Anpassungsservice anbieten, um Ihre Ideen zu verwirklichen.<\/p>\n\n\n\n<p><strong>Gr\u00f6\u00dfe und Form<\/strong>: Umfasst runde, ovale, rechteckige und kundenspezifische Gr\u00f6\u00dfen.<\/p>\n\n\n\n<p><strong>Material und Dicke<\/strong>: Dauerhafte Keramik, hitzebest\u00e4ndiger Ton, Porzellan, Steingut, nach Ma\u00df in verschiedenen St\u00e4rken und Hitzebest\u00e4ndigkeiten.<\/p>\n\n\n\n<p><strong>Beendet<\/strong>: Zu den Optionen geh\u00f6ren matte, gl\u00e4nzende oder strukturierte Oberfl\u00e4chen.<\/p>\n\n\n\n<p><strong>Dekoration\/Muster<\/strong>: Individuelle Grafiken, Designs oder Logos, einschlie\u00dflich Abziehbilder, handbemalt und gepr\u00e4gt.<\/p>\n\n\n\n<p><strong>Paket<\/strong>: Ma\u00dfgeschneiderte Verpackungen f\u00fcr Gro\u00dfbestellungen, Geschenksets oder den Vertrieb im Einzelhandel mit personalisierter Beschriftung oder Branding.<\/p>\n<\/div>\n<\/div>","protected":false},"excerpt":{"rendered":"<p>Antihaft-Keramik-Backformen-Sets Gro\u00dfhandel, kundenspezifische Service zur Verf\u00fcgung. Sch\u00f6nes Blumenmuster, mehrteiliges Set, langlebig f\u00fcr alle Backbed\u00fcrfnisse. Bestellen Sie in gro\u00dfen Mengen, um das beste Angebot zu erhalten.<\/p>\n<h2>Backformen-Sets Parameter<\/h2>\n<table width=\"353\">\n<tbody>\n<tr>\n<td width=\"82\">Hersteller<\/td>\n<td width=\"270\">Lianyuan<\/td>\n<\/tr>\n<tr>\n<td>Produkttyp<\/td>\n<td width=\"270\">B\u00e4cker, Tortenst\u00e4nder, Tortenplatte, Roller, Ramekin-B\u00e4cker<\/td>\n<\/tr>\n<tr>\n<td>Muster<\/td>\n<td>Blumen<\/td>\n<\/tr>\n<tr>\n<td>Farbe<\/td>\n<td>\n<p>Blau und mehrfarbig<\/p>\n<\/td>\n<\/tr>\n<tr>\n<td>Material<\/td>\n<td>Dauerhaftes Porzellan<\/td>\n<\/tr>\n<tr>\n<td>Handwerkliches K\u00f6nnen<\/td>\n<td>In-Glasur-Abziehbild, handbemalt\u00a0<\/td>\n<\/tr>\n<tr>\n<td>Anmeldung<\/td>\n<td>Mikrowellen- und sp\u00fclmaschinenfest, ofen- und gefrierschrankfest<\/td>\n<\/tr>\n<tr>\n<td>Benutzerdefiniert<\/td>\n<td>Farbe\/Gr\u00f6\u00dfe\/Logo\/Verpackung<\/td>\n<\/tr>\n<\/tbody>\n<\/table>","protected":false},"featured_media":310,"comment_status":"open","ping_status":"closed","template":"","meta":{"_acf_changed":true},"product_brand":[],"product_cat":[20],"product_tag":[30,29,27],"class_list":{"0":"post-299","1":"product","2":"type-product","3":"status-publish","4":"has-post-thumbnail","6":"product_cat-custom-bakeware-casserole-dish","7":"product_tag-custom-porcelain-dinnerware","8":"product_tag-hand-painted-embossed-dinnerware-wholesale","9":"product_tag-wholesale-decal-ceramics","11":"first","12":"instock","13":"shipping-taxable","14":"product-type-simple"},"acf":[],"_links":{"self":[{"href":"https:\/\/www.lianyuanceramic.com\/de\/wp-json\/wp\/v2\/product\/299","targetHints":{"allow":["GET"]}}],"collection":[{"href":"https:\/\/www.lianyuanceramic.com\/de\/wp-json\/wp\/v2\/product"}],"about":[{"href":"https:\/\/www.lianyuanceramic.com\/de\/wp-json\/wp\/v2\/types\/product"}],"replies":[{"embeddable":true,"href":"https:\/\/www.lianyuanceramic.com\/de\/wp-json\/wp\/v2\/comments?post=299"}],"wp:featuredmedia":[{"embeddable":true,"href":"https:\/\/www.lianyuanceramic.com\/de\/wp-json\/wp\/v2\/media\/310"}],"wp:attachment":[{"href":"https:\/\/www.lianyuanceramic.com\/de\/wp-json\/wp\/v2\/media?parent=299"}],"wp:term":[{"taxonomy":"product_brand","embeddable":true,"href":"https:\/\/www.lianyuanceramic.com\/de\/wp-json\/wp\/v2\/product_brand?post=299"},{"taxonomy":"product_cat","embeddable":true,"href":"https:\/\/www.lianyuanceramic.com\/de\/wp-json\/wp\/v2\/product_cat?post=299"},{"taxonomy":"product_tag","embeddable":true,"href":"https:\/\/www.lianyuanceramic.com\/de\/wp-json\/wp\/v2\/product_tag?post=299"}],"curies":[{"name":"wp","href":"https:\/\/api.w.org\/{rel}","templated":true}]}}