{"id":2902,"date":"2026-04-28T09:16:30","date_gmt":"2026-04-28T09:16:30","guid":{"rendered":"https:\/\/www.lianyuanceramic.com\/?post_type=product&#038;p=2902"},"modified":"2026-04-28T09:16:32","modified_gmt":"2026-04-28T09:16:32","slug":"porcelain-bowls-wholesale","status":"publish","type":"product","link":"https:\/\/www.lianyuanceramic.com\/de\/produkt\/porcelain-bowls-wholesale\/","title":{"rendered":"Wei\u00dfe Porzellanschalen Gro\u00dfhandel, runde Suppe Ramen Salatsch\u00fcssel mit Fu\u00df stehen benutzerdefinierte"},"content":{"rendered":"<div class=\"wp-block-columns is-layout-flex wp-container-core-columns-is-layout-9d6595d7 wp-block-columns-is-layout-flex\">\n<div class=\"wp-block-column is-layout-flow wp-block-column-is-layout-flow\">\n<h2 class=\"wp-block-heading\">Wei\u00dfes Porzellan Schalen Merkmale:<\/h2>\n\n\n\n<p><strong>Elegantes wei\u00dfes Design f\u00fcr vielseitige Tischgestaltung<\/strong>: Die strahlend wei\u00dfe Oberfl\u00e4che f\u00fcgt sich nahtlos in jedes Geschirr und jede Tischdekoration ein und ist somit ideal f\u00fcr moderne Restaurants, Hotels und Catering-Einrichtungen. Sein klares, elegantes Aussehen verbessert die Tischpr\u00e4sentation und hebt die allgemeine \u00c4sthetik des Essens.<\/p>\n\n\n\n<p><strong>Glatte glasierte keramische Textur<\/strong>: Die hochwertige wei\u00dfe Glasur sorgt f\u00fcr eine gleichm\u00e4\u00dfige, gl\u00e4nzende Oberfl\u00e4che mit einem weichen, edlen Schimmer. Die zarte Textur unterstreicht die erstklassige keramische Handwerkskunst, die sich f\u00fcr die gewerbliche Gastronomie eignet.<\/p>\n\n\n\n<p><strong>Mehrzweck-Funktionssch\u00fcssel<\/strong>: Diese vielseitig einsetzbaren Schalen eignen sich zum Servieren von Salaten, Reis, Nudeln, Desserts, Suppen, Snacks und vielem mehr. Durch ihre praktische Gr\u00f6\u00dfe sind sie ideal f\u00fcr den h\u00e4ufigen Gebrauch in Restaurants, Buffets und im Gastgewerbe.<\/p>\n\n\n\n<p><strong>Sp\u00fclmaschinenfest und pflegeleicht<\/strong>: Die glatte Porzellanoberfl\u00e4che sorgt f\u00fcr eine m\u00fchelose Reinigung, die sowohl f\u00fcr gewerbliche Sp\u00fclmaschinen als auch f\u00fcr die manuelle Reinigung geeignet ist. Dies reduziert den Arbeitsaufwand und verbessert die betriebliche Effizienz in der Gastronomie.<\/p>\n\n\n\n<p><strong>Lebensmittelechtes und hochtemperaturbest\u00e4ndiges Material<\/strong>: Die aus lebensmittelechtem Porzellan gefertigten Schalen sind blei- und cadmiumfrei und kommen somit sicher mit Lebensmitteln in Ber\u00fchrung. Sie sind mikrowellen-, ofen-, gefrier- und sp\u00fclmaschinenfest und bieten somit volle Flexibilit\u00e4t f\u00fcr Gro\u00dfk\u00fcchen.<\/p>\n<\/div>\n\n\n\n<div class=\"wp-block-column is-layout-flow wp-block-column-is-layout-flow\">\n<h2 class=\"wp-block-heading\">Individuelle wei\u00dfe Porzellanschalen:<\/h2>\n\n\n\n<p>Lianyuan bietet verschiedene individuelle Geschirroptionen an, die auf die Bed\u00fcrfnisse der Marke oder Modetrends abgestimmt sind und sich ideal f\u00fcr den privaten und gewerblichen Gebrauch eignen.<\/p>\n\n\n\n<p><strong>Entwurf:&nbsp;<\/strong>Verschiedene Formen und Muster.<\/p>\n\n\n\n<p><strong>Zusammensetzung des Sets:<\/strong>&nbsp;Individuelle Keramik-Tassensets mit Kombinationen aus Tassen, Schalen und L\u00f6ffeln.<\/p>\n\n\n\n<p><strong>Gr\u00f6\u00dfe:&nbsp;<\/strong>W\u00e4hlen Sie aus verschiedenen Gr\u00f6\u00dfen f\u00fcr unterschiedliche Mahlzeitenportionen.<\/p>\n\n\n\n<p><strong>Material:<\/strong>&nbsp;Keramik, Porzellan, Knochenporzellan oder erkundigen Sie sich nach Alternativen.<\/p>\n\n\n\n<p><strong>Handwerkliches K\u00f6nnen:&nbsp;<\/strong>Glasurabziehbilder, Ofenwechsel, handbemalt, Reliefmuster oder andere.<\/p>\n\n\n\n<p><strong>Verpackung:&nbsp;<\/strong>Bulk Pack, Farbkarton, Geschenkkarton, Pr\u00e4sentationskarton, Versandkarton, etc.<\/p>\n<\/div>\n<\/div>","protected":false},"excerpt":{"rendered":"<div class=\"D5aOJc vJwDU\">\n<div data-zone-id=\"0\" data-line-index=\"0\" data-line=\"true\">\n<p>Lianyuan Porzellanschalen Gro\u00dfhandel liefert langlebige, lebensmittelechte Keramikschalen f\u00fcr Restaurants und Hotels, mit elegantem Design und strenge bleifreie, cadmiumfreie Qualit\u00e4tskontrolle f\u00fcr sichere, stabile Bulk-Lieferung. Kontaktieren Sie uns f\u00fcr Gro\u00dfbestellungen auf Lager!<\/p>\n<\/div>\n<\/div>\n<h2>Porzellanschalen Parameter:<\/h2>\n<table style=\"border-collapse: collapse; width: 370.82pt;\" border=\"0\" width=\"618\" cellspacing=\"0\" cellpadding=\"0\">\n<tbody>\n<tr style=\"height: 15.60pt;\">\n<td class=\"et3\" style=\"height: 15.60pt; width: 108.00pt;\" width=\"180\" height=\"26\">Hersteller<\/td>\n<td class=\"et3\" style=\"width: 263.25pt;\" width=\"438\">Lianyuan<\/td>\n<\/tr>\n<tr style=\"height: 15.60pt;\">\n<td class=\"et3\" style=\"height: 15.60pt;\" height=\"26\">Produkttyp<\/td>\n<td class=\"et3\">Nudelschalen<\/td>\n<\/tr>\n<tr style=\"height: 15.60pt;\">\n<td class=\"et3\" style=\"height: 15.60pt;\" height=\"26\">Muster<\/td>\n<td class=\"et3\">Keine<\/td>\n<\/tr>\n<tr style=\"height: 15.60pt;\">\n<td class=\"et3\" style=\"height: 15.60pt;\" height=\"26\">Farbe<\/td>\n<td class=\"et3\">Wei\u00df<\/td>\n<\/tr>\n<tr style=\"height: 15.60pt;\">\n<td class=\"et3\" style=\"height: 15.60pt;\" height=\"26\">Material<\/td>\n<td class=\"et3\">Dauerhaftes Porzellan<\/td>\n<\/tr>\n<tr style=\"height: 15.60pt;\">\n<td class=\"et3\" style=\"height: 15.60pt;\" height=\"26\">Handwerkliches K\u00f6nnen<\/td>\n<td class=\"et3\">Glasur<\/td>\n<\/tr>\n<tr style=\"height: 15.60pt;\">\n<td class=\"et3\" style=\"height: 15.60pt;\" height=\"26\">Anmeldung<\/td>\n<td class=\"et3\">Mikrowellen- und sp\u00fclmaschinenfest, ofenfest<\/td>\n<\/tr>\n<tr style=\"height: 15.60pt;\">\n<td class=\"et3\" style=\"height: 15.60pt;\" height=\"26\">Benutzerdefiniert<\/td>\n<td class=\"et3\">Farbe\/Gr\u00f6\u00dfe\/Logo\/Verpackung<\/td>\n<\/tr>\n<\/tbody>\n<\/table>","protected":false},"featured_media":2908,"comment_status":"closed","ping_status":"closed","template":"","meta":{"_acf_changed":false},"product_brand":[],"product_cat":[34],"product_tag":[30],"class_list":{"0":"post-2902","1":"product","2":"type-product","3":"status-publish","4":"has-post-thumbnail","6":"product_cat-bulk-ceramic-tableware-in-stock","7":"product_tag-custom-porcelain-dinnerware","9":"first","10":"instock","11":"shipping-taxable","12":"product-type-simple"},"acf":[],"_links":{"self":[{"href":"https:\/\/www.lianyuanceramic.com\/de\/wp-json\/wp\/v2\/product\/2902","targetHints":{"allow":["GET"]}}],"collection":[{"href":"https:\/\/www.lianyuanceramic.com\/de\/wp-json\/wp\/v2\/product"}],"about":[{"href":"https:\/\/www.lianyuanceramic.com\/de\/wp-json\/wp\/v2\/types\/product"}],"replies":[{"embeddable":true,"href":"https:\/\/www.lianyuanceramic.com\/de\/wp-json\/wp\/v2\/comments?post=2902"}],"wp:featuredmedia":[{"embeddable":true,"href":"https:\/\/www.lianyuanceramic.com\/de\/wp-json\/wp\/v2\/media\/2908"}],"wp:attachment":[{"href":"https:\/\/www.lianyuanceramic.com\/de\/wp-json\/wp\/v2\/media?parent=2902"}],"wp:term":[{"taxonomy":"product_brand","embeddable":true,"href":"https:\/\/www.lianyuanceramic.com\/de\/wp-json\/wp\/v2\/product_brand?post=2902"},{"taxonomy":"product_cat","embeddable":true,"href":"https:\/\/www.lianyuanceramic.com\/de\/wp-json\/wp\/v2\/product_cat?post=2902"},{"taxonomy":"product_tag","embeddable":true,"href":"https:\/\/www.lianyuanceramic.com\/de\/wp-json\/wp\/v2\/product_tag?post=2902"}],"curies":[{"name":"wp","href":"https:\/\/api.w.org\/{rel}","templated":true}]}}