{"id":2898,"date":"2026-04-14T02:18:21","date_gmt":"2026-04-14T02:18:21","guid":{"rendered":"https:\/\/www.lianyuanceramic.com\/?post_type=product&#038;p=2898"},"modified":"2026-04-14T02:18:23","modified_gmt":"2026-04-14T02:18:23","slug":"ceramic-bowls-wholesale","status":"publish","type":"product","link":"https:\/\/www.lianyuanceramic.com\/de\/produkt\/ceramic-bowls-wholesale\/","title":{"rendered":"Wei\u00dfe Keramiksch\u00fcsseln Gro\u00dfhandel Runde Reissch\u00fcsseln mit gr\u00fcnem Rand, Keramik Salat Ramen Sch\u00fcssel Custom"},"content":{"rendered":"<div class=\"wp-block-columns is-layout-flex wp-container-core-columns-is-layout-9d6595d7 wp-block-columns-is-layout-flex\">\n<div class=\"wp-block-column is-layout-flow wp-block-column-is-layout-flow\">\n<h2 class=\"wp-block-heading\">Keramikschalen Gro\u00dfhandel Merkmale:<\/h2>\n\n\n\n<p><strong>Hoch\u00e4sthetisches Design: <\/strong>Die Schale weist eine klassische vertikale Rippenstruktur auf, gepaart mit einem t\u00fcrkisfarbenen, erh\u00f6hten Boden und einem mintgr\u00fcnen Rand. Dieser frische Farbkontrast sorgt f\u00fcr einen eleganten, hochwertigen Look.<\/p>\n\n\n\n<p><strong>Gro\u00dfvolumiges Design: <\/strong>Mit ihrer breiten \u00d6ffnung, der tiefen Sch\u00fcsselform und dem gro\u00dfen Fassungsverm\u00f6gen fasst diese Sch\u00fcssel problemlos gro\u00dfe Portionen Ramen, Nudelsuppen, Salate, Obst und vieles mehr.<\/p>\n\n\n\n<p><strong>Kratzfest, leicht zu reinigen:<\/strong> Die Schalen sind mit einer Hochglanzoberfl\u00e4che versehen, die sie kratzfest und leicht zu reinigen macht und zudem ein stilvolles Aussehen verleiht.<\/p>\n\n\n\n<p><strong>Vertikale Rippentextur: <\/strong>Die vertikale Riffelung der Sch\u00fcssel ist nicht nur dekorativ, sie verbessert auch die Griffigkeit und sorgt f\u00fcr einen sicheren Halt beim Tragen. Gleichzeitig verringert sie das Anhaften von Lebensmitteln an der Sch\u00fcsselwand und sorgt so f\u00fcr eine hervorragende Antihaftwirkung und m\u00fchelose Reinigung.<\/p>\n\n\n\n<p><strong>Perfekt f\u00fcr mehrere Szenarien<\/strong>: Die Allzwecksch\u00fcsseln in Restaurantqualit\u00e4t sind anspruchsvoll genug f\u00fcr die Bewirtung von G\u00e4sten und robust genug f\u00fcr den allt\u00e4glichen und kommerziellen Gebrauch, einschlie\u00dflich der Verwendung zu Hause und in Restaurants, und bieten eine au\u00dfergew\u00f6hnliche Funktionalit\u00e4t.<\/p>\n<\/div>\n\n\n\n<div class=\"wp-block-column is-layout-flow wp-block-column-is-layout-flow\">\n<h2 class=\"wp-block-heading\">Individuelle Keramikschalen:<\/h2>\n\n\n\n<p>Lianyuan bietet verschiedene individuelle Geschirroptionen an, die auf die Bed\u00fcrfnisse der Marke oder Modetrends abgestimmt sind und sich ideal f\u00fcr den privaten und gewerblichen Gebrauch eignen.<\/p>\n\n\n\n<p><strong>Entwurf:&nbsp;<\/strong>Verschiedene Formen und Muster.<\/p>\n\n\n\n<p><strong>Zusammensetzung des Sets:<\/strong>&nbsp;Individuelle Keramik-Tassensets mit Kombinationen aus Tassen, Schalen und L\u00f6ffeln.<\/p>\n\n\n\n<p><strong>Gr\u00f6\u00dfe:&nbsp;<\/strong>W\u00e4hlen Sie aus verschiedenen Gr\u00f6\u00dfen f\u00fcr unterschiedliche Mahlzeitenportionen.<\/p>\n\n\n\n<p><strong>Material:<\/strong>&nbsp;Keramik, Porzellan, Knochenporzellan oder erkundigen Sie sich nach Alternativen.<\/p>\n\n\n\n<p><strong>Handwerkliches K\u00f6nnen:&nbsp;<\/strong>Glasurabziehbilder, Ofenwechsel, handbemalt, Reliefmuster oder andere.<\/p>\n\n\n\n<p><strong>Verpackung:&nbsp;<\/strong>Bulk Pack, Farbkarton, Geschenkkarton, Pr\u00e4sentationskarton, Versandkarton, etc.<\/p>\n<\/div>\n<\/div>\n\n\n\n<div class=\"wp-block-columns is-layout-flex wp-container-core-columns-is-layout-9d6595d7 wp-block-columns-is-layout-flex\">\n<div class=\"wp-block-column is-layout-flow wp-block-column-is-layout-flow\"><\/div>\n\n\n\n<div class=\"wp-block-column is-layout-flow wp-block-column-is-layout-flow\"><\/div>\n<\/div>\n\n\n\n<p><\/p>","protected":false},"excerpt":{"rendered":"<div class=\"D5aOJc vJwDU\">\n<div data-zone-id=\"0\" data-line-index=\"0\" data-line=\"true\">\n<p>Wei\u00dfe Keramiksch\u00fcsseln im Gro\u00dfhandel mit hochwertigem Rippendesign, t\u00fcrkisfarbenem Boden und mintfarbenem Rand, mit gro\u00dfem Fassungsverm\u00f6gen, festem Griff und kratzfester, glasierter Oberfl\u00e4che f\u00fcr einfache Reinigung. Ideal f\u00fcr Ramen-L\u00e4den, Restaurants, Hotels, Catering und f\u00fcr die private K\u00fcche. Kontaktieren Sie uns jetzt f\u00fcr Gro\u00dfbestellungen!<\/p>\n<\/div>\n<\/div>\n<h2>Nudelschalen aus Keramik Parameter:<\/h2>\n<table style=\"border-collapse: collapse; width: 370.82pt;\" border=\"0\" width=\"618\" cellspacing=\"0\" cellpadding=\"0\">\n<tbody>\n<tr style=\"height: 15.60pt;\">\n<td class=\"et3\" style=\"height: 15.60pt; width: 108.00pt;\" width=\"180\" height=\"26\">Hersteller<\/td>\n<td class=\"et3\" style=\"width: 263.25pt;\" width=\"438\">Lianyuan<\/td>\n<\/tr>\n<tr style=\"height: 15.60pt;\">\n<td class=\"et3\" style=\"height: 15.60pt;\" height=\"26\">Produkttyp<\/td>\n<td class=\"et3\">\u00a0Nudelschalen<\/td>\n<\/tr>\n<tr style=\"height: 15.60pt;\">\n<td class=\"et3\" style=\"height: 15.60pt;\" height=\"26\">Muster<\/td>\n<td class=\"et3\">Gr\u00fcner Rand<\/td>\n<\/tr>\n<tr style=\"height: 15.60pt;\">\n<td class=\"et3\" style=\"height: 15.60pt;\" height=\"26\">Farbe<\/td>\n<td class=\"et3\">Rosa, Gelb, Gr\u00fcn, Blau<\/td>\n<\/tr>\n<tr style=\"height: 15.60pt;\">\n<td class=\"et3\" style=\"height: 15.60pt;\" height=\"26\">Material<\/td>\n<td class=\"et3\">Dauerhaftes Porzellan<\/td>\n<\/tr>\n<tr style=\"height: 15.60pt;\">\n<td class=\"et3\" style=\"height: 15.60pt;\" height=\"26\">Handwerkliches K\u00f6nnen<\/td>\n<td class=\"et3\">Kunsthandwerk<\/td>\n<\/tr>\n<tr style=\"height: 15.60pt;\">\n<td class=\"et3\" style=\"height: 15.60pt;\" height=\"26\">Anmeldung<\/td>\n<td class=\"et3\">Mikrowellen- und sp\u00fclmaschinenfest, ofenfest<\/td>\n<\/tr>\n<tr style=\"height: 15.60pt;\">\n<td class=\"et3\" style=\"height: 15.60pt;\" height=\"26\">Benutzerdefiniert<\/td>\n<td class=\"et3\">Farbe\/Gr\u00f6\u00dfe\/Logo\/Verpackung<\/td>\n<\/tr>\n<\/tbody>\n<\/table>","protected":false},"featured_media":2899,"comment_status":"open","ping_status":"closed","template":"","meta":{"_acf_changed":false},"product_brand":[],"product_cat":[34],"product_tag":[30,29,27],"class_list":{"0":"post-2898","1":"product","2":"type-product","3":"status-publish","4":"has-post-thumbnail","6":"product_cat-bulk-ceramic-tableware-in-stock","7":"product_tag-custom-porcelain-dinnerware","8":"product_tag-hand-painted-embossed-dinnerware-wholesale","9":"product_tag-wholesale-decal-ceramics","11":"first","12":"instock","13":"shipping-taxable","14":"product-type-simple"},"acf":[],"_links":{"self":[{"href":"https:\/\/www.lianyuanceramic.com\/de\/wp-json\/wp\/v2\/product\/2898","targetHints":{"allow":["GET"]}}],"collection":[{"href":"https:\/\/www.lianyuanceramic.com\/de\/wp-json\/wp\/v2\/product"}],"about":[{"href":"https:\/\/www.lianyuanceramic.com\/de\/wp-json\/wp\/v2\/types\/product"}],"replies":[{"embeddable":true,"href":"https:\/\/www.lianyuanceramic.com\/de\/wp-json\/wp\/v2\/comments?post=2898"}],"wp:featuredmedia":[{"embeddable":true,"href":"https:\/\/www.lianyuanceramic.com\/de\/wp-json\/wp\/v2\/media\/2899"}],"wp:attachment":[{"href":"https:\/\/www.lianyuanceramic.com\/de\/wp-json\/wp\/v2\/media?parent=2898"}],"wp:term":[{"taxonomy":"product_brand","embeddable":true,"href":"https:\/\/www.lianyuanceramic.com\/de\/wp-json\/wp\/v2\/product_brand?post=2898"},{"taxonomy":"product_cat","embeddable":true,"href":"https:\/\/www.lianyuanceramic.com\/de\/wp-json\/wp\/v2\/product_cat?post=2898"},{"taxonomy":"product_tag","embeddable":true,"href":"https:\/\/www.lianyuanceramic.com\/de\/wp-json\/wp\/v2\/product_tag?post=2898"}],"curies":[{"name":"wp","href":"https:\/\/api.w.org\/{rel}","templated":true}]}}