{"id":2878,"date":"2026-04-14T01:42:51","date_gmt":"2026-04-14T01:42:51","guid":{"rendered":"https:\/\/www.lianyuanceramic.com\/?post_type=product&#038;p=2878"},"modified":"2026-04-14T01:42:52","modified_gmt":"2026-04-14T01:42:52","slug":"custom-coffee-mugs","status":"publish","type":"product","link":"https:\/\/www.lianyuanceramic.com\/de\/produkt\/custom-coffee-mugs\/","title":{"rendered":"Benutzerdefinierte Kaffeebecher Minimalist f\u00fcr Geschenk, wei\u00dfer Keramik Tee Milch Tassen mit Griff in Bulk"},"content":{"rendered":"<div class=\"wp-block-columns is-layout-flex wp-container-core-columns-is-layout-9d6595d7 wp-block-columns-is-layout-flex\">\n<div class=\"wp-block-column is-layout-flow wp-block-column-is-layout-flow\">\n<h2 class=\"wp-block-heading\">Kaffeebecher Merkmale:<\/h2>\n\n\n\n<p><strong>Hochwertiges Porzellan:<\/strong> Diese Kaffeebecher sind aus hochwertigem Porzellan mit einer glatten, glasierten Oberfl\u00e4che hergestellt, die verhindert, dass Kaffeeflecken leicht haften bleiben. Sie m\u00fcssen sich keine Sorgen mehr \u00fcber Flecken machen, die nach langem Gebrauch zur\u00fcckbleiben, und sparen so Zeit bei der Reinigung.<\/p>\n\n\n\n<p><strong>Stabiler Handgriff:<\/strong> Dieser klassische Kaffeebecher verf\u00fcgt \u00fcber einen Griff, der einen sicheren Halt bietet, auch wenn der Becher voll ist. Egal, ob Sie hei\u00dfen Kakao oder Eistee trinken, er verhindert das Versch\u00fctten und schont Ihre H\u00e4nde.<\/p>\n\n\n\n<p>M\u00fchelose Reinigung f\u00fcr Ihre Routine: Vereinfachen Sie Ihr Leben mit den Sweese Bechersets, egal ob Sie einen ruhigen Morgenkaffee genie\u00dfen oder eine Feier veranstalten. Diese vielseitigen Tassen sind leicht zu reinigen und fleckenfrei.<\/p>\n\n\n\n<p><strong>Mikrowellen- und sp\u00fclmaschinenfest: <\/strong>Dieser Kaffeebecher kann in der Mikrowelle, im Geschirrsp\u00fcler, im K\u00fchlschrank und im Ofen verwendet werden. W\u00e4rmen Sie Haferflocken in der Mikrowelle auf, frieren Sie eine Eiscreme-Schale im K\u00fchlschrank ein oder backen Sie einen Karamellpudding im Ofen.<\/p>\n\n\n\n<p><strong>Minimalistischer Stil und perfektes Geschenk:<\/strong> Die glatte, gl\u00e4nzend wei\u00dfe Oberfl\u00e4che verleiht Ihrem Tisch eine raffinierte Note. Ein durchdachtes Geschenk f\u00fcr Einweihungen, Hochzeiten, Geburtstage oder Feiertage.<\/p>\n<\/div>\n\n\n\n<div class=\"wp-block-column is-layout-flow wp-block-column-is-layout-flow\">\n<figure class=\"wp-block-image size-full\"><img decoding=\"async\" width=\"800\" height=\"800\" src=\"https:\/\/www.lianyuanceramic.com\/wp-content\/uploads\/2026\/03\/custom-ceramic-white-water-mugs-in-bulk.webp\" alt=\"keramische Becher f\u00fcr wei\u00dfes Wasser in gro\u00dfen Mengen\" class=\"wp-image-2881\" srcset=\"https:\/\/www.lianyuanceramic.com\/wp-content\/uploads\/2026\/03\/custom-ceramic-white-water-mugs-in-bulk.webp 800w, https:\/\/www.lianyuanceramic.com\/wp-content\/uploads\/2026\/03\/custom-ceramic-white-water-mugs-in-bulk-300x300.webp 300w, https:\/\/www.lianyuanceramic.com\/wp-content\/uploads\/2026\/03\/custom-ceramic-white-water-mugs-in-bulk-150x150.webp 150w, https:\/\/www.lianyuanceramic.com\/wp-content\/uploads\/2026\/03\/custom-ceramic-white-water-mugs-in-bulk-768x768.webp 768w, https:\/\/www.lianyuanceramic.com\/wp-content\/uploads\/2026\/03\/custom-ceramic-white-water-mugs-in-bulk-12x12.webp 12w, https:\/\/www.lianyuanceramic.com\/wp-content\/uploads\/2026\/03\/custom-ceramic-white-water-mugs-in-bulk-600x600.webp 600w, https:\/\/www.lianyuanceramic.com\/wp-content\/uploads\/2026\/03\/custom-ceramic-white-water-mugs-in-bulk-100x100.webp 100w\" sizes=\"(max-width: 800px) 100vw, 800px\" \/><\/figure>\n<\/div>\n<\/div>\n\n\n\n<div class=\"wp-block-columns is-layout-flex wp-container-core-columns-is-layout-9d6595d7 wp-block-columns-is-layout-flex\">\n<div class=\"wp-block-column is-layout-flow wp-block-column-is-layout-flow\">\n<figure class=\"wp-block-image size-full\"><img decoding=\"async\" width=\"800\" height=\"800\" src=\"https:\/\/www.lianyuanceramic.com\/wp-content\/uploads\/2026\/03\/Factory-Wholesale-Elegant-White-Ceramic-Mug-with-Handle.webp\" alt=\"Fabrik Gro\u00dfhandel elegante wei\u00dfe Keramik Becher mit Griff\" class=\"wp-image-2885\" srcset=\"https:\/\/www.lianyuanceramic.com\/wp-content\/uploads\/2026\/03\/Factory-Wholesale-Elegant-White-Ceramic-Mug-with-Handle.webp 800w, https:\/\/www.lianyuanceramic.com\/wp-content\/uploads\/2026\/03\/Factory-Wholesale-Elegant-White-Ceramic-Mug-with-Handle-300x300.webp 300w, https:\/\/www.lianyuanceramic.com\/wp-content\/uploads\/2026\/03\/Factory-Wholesale-Elegant-White-Ceramic-Mug-with-Handle-150x150.webp 150w, https:\/\/www.lianyuanceramic.com\/wp-content\/uploads\/2026\/03\/Factory-Wholesale-Elegant-White-Ceramic-Mug-with-Handle-768x768.webp 768w, https:\/\/www.lianyuanceramic.com\/wp-content\/uploads\/2026\/03\/Factory-Wholesale-Elegant-White-Ceramic-Mug-with-Handle-12x12.webp 12w, https:\/\/www.lianyuanceramic.com\/wp-content\/uploads\/2026\/03\/Factory-Wholesale-Elegant-White-Ceramic-Mug-with-Handle-600x600.webp 600w, https:\/\/www.lianyuanceramic.com\/wp-content\/uploads\/2026\/03\/Factory-Wholesale-Elegant-White-Ceramic-Mug-with-Handle-100x100.webp 100w\" sizes=\"(max-width: 800px) 100vw, 800px\" \/><\/figure>\n<\/div>\n\n\n\n<div class=\"wp-block-column is-layout-flow wp-block-column-is-layout-flow\">\n<h2 class=\"wp-block-heading\">Individuelle Kaffeebecher:<\/h2>\n\n\n\n<p>Lianyuan bietet eine Reihe individueller Geschirroptionen, die auf die Bed\u00fcrfnisse von Marken und Modetrends zugeschnitten sind und sich sowohl f\u00fcr den privaten als auch f\u00fcr den gewerblichen Gebrauch eignen.<\/p>\n\n\n\n<p><strong>Entwurf:&nbsp;<\/strong>Verschiedene Formen und Muster.<\/p>\n\n\n\n<p><strong>Zusammensetzung des Sets:<\/strong>&nbsp;Individuelle Keramik-Tassensets mit Kombinationen aus Tassen, Schalen und L\u00f6ffeln.<\/p>\n\n\n\n<p><strong>Gr\u00f6\u00dfe:&nbsp;<\/strong>W\u00e4hlen Sie aus einer Reihe von Gr\u00f6\u00dfen f\u00fcr unterschiedliche Mahlzeitenportionen.<\/p>\n\n\n\n<p><strong>Material:<\/strong>&nbsp;Keramik, Porzellan, Knochenporzellan oder erkundigen Sie sich nach Alternativen.<\/p>\n\n\n\n<p><strong>Handwerkliches K\u00f6nnen:&nbsp;<\/strong>Glasurabziehbilder, Ofenwechsel, handbemalt, Reliefmuster oder andere.<\/p>\n\n\n\n<p><strong>Verpackung:&nbsp;<\/strong>Bulk Pack, Farbkarton, Geschenkkarton, Pr\u00e4sentationskarton, Versandkarton, etc.<\/p>\n<\/div>\n<\/div>","protected":false},"excerpt":{"rendered":"<div class=\"D5aOJc vJwDU\">\n<div data-zone-id=\"0\" data-line-index=\"0\" data-line=\"true\">\n<p>Individuelle Kaffeebecher aus hochwertigem Porzellan mit glatter, schmutzabweisender Glasur. Mit einem stabilen Griff f\u00fcr einen sicheren Halt, mikrowellen-, sp\u00fclmaschinen-, ofen- und k\u00fchlschranktauglich, perfekt f\u00fcr den t\u00e4glichen Gebrauch und zum Verschenken. Wir bieten kundenspezifische Optionen mit strenger Qualit\u00e4tskontrolle. Willkommen bei uns f\u00fcr Gro\u00dfhandel Angebote jetzt zu erkundigen!<\/p>\n<\/div>\n<\/div>\n<h2>Kaffeebecher Parameter:<\/h2>\n<table style=\"border-collapse: collapse; width: 370.82pt;\" border=\"0\" width=\"618\" cellspacing=\"0\" cellpadding=\"0\">\n<tbody>\n<tr style=\"height: 15.60pt;\">\n<td class=\"et3\" style=\"height: 15.60pt; width: 108.00pt;\" width=\"180\" height=\"26\">Hersteller<\/td>\n<td class=\"et3\" style=\"width: 263.25pt;\" width=\"438\">Lianyuan<\/td>\n<\/tr>\n<tr style=\"height: 15.60pt;\">\n<td class=\"et3\" style=\"height: 15.60pt;\" height=\"26\">Produkttyp<\/td>\n<td class=\"et3\">Kaffeebecher<\/td>\n<\/tr>\n<tr style=\"height: 15.60pt;\">\n<td class=\"et3\" style=\"height: 15.60pt;\" height=\"26\">Muster<\/td>\n<td class=\"et3\">Kein Muster<\/td>\n<\/tr>\n<tr style=\"height: 15.60pt;\">\n<td class=\"et3\" style=\"height: 15.60pt;\" height=\"26\">Farbe<\/td>\n<td class=\"et3\">Wei\u00df<\/td>\n<\/tr>\n<tr style=\"height: 15.60pt;\">\n<td class=\"et3\" style=\"height: 15.60pt;\" height=\"26\">Material<\/td>\n<td class=\"et3\">Dauerhaftes Porzellan<\/td>\n<\/tr>\n<tr style=\"height: 15.60pt;\">\n<td class=\"et3\" style=\"height: 15.60pt;\" height=\"26\">Handwerkliches K\u00f6nnen<\/td>\n<td class=\"et3\">Gl\u00e4nzend<\/td>\n<\/tr>\n<tr style=\"height: 15.60pt;\">\n<td class=\"et3\" style=\"height: 15.60pt;\" height=\"26\">Anmeldung<\/td>\n<td class=\"et3\">Mikrowellen- und sp\u00fclmaschinenfest, ofenfest<\/td>\n<\/tr>\n<tr style=\"height: 15.60pt;\">\n<td class=\"et3\" style=\"height: 15.60pt;\" height=\"26\">Benutzerdefiniert<\/td>\n<td class=\"et3\">Farbe\/Gr\u00f6\u00dfe\/Logo\/Verpackung<\/td>\n<\/tr>\n<\/tbody>\n<\/table>","protected":false},"featured_media":2881,"comment_status":"open","ping_status":"closed","template":"","meta":{"_acf_changed":false},"product_brand":[],"product_cat":[34],"product_tag":[30],"class_list":{"0":"post-2878","1":"product","2":"type-product","3":"status-publish","4":"has-post-thumbnail","6":"product_cat-bulk-ceramic-tableware-in-stock","7":"product_tag-custom-porcelain-dinnerware","9":"first","10":"instock","11":"shipping-taxable","12":"product-type-simple"},"acf":[],"_links":{"self":[{"href":"https:\/\/www.lianyuanceramic.com\/de\/wp-json\/wp\/v2\/product\/2878","targetHints":{"allow":["GET"]}}],"collection":[{"href":"https:\/\/www.lianyuanceramic.com\/de\/wp-json\/wp\/v2\/product"}],"about":[{"href":"https:\/\/www.lianyuanceramic.com\/de\/wp-json\/wp\/v2\/types\/product"}],"replies":[{"embeddable":true,"href":"https:\/\/www.lianyuanceramic.com\/de\/wp-json\/wp\/v2\/comments?post=2878"}],"wp:featuredmedia":[{"embeddable":true,"href":"https:\/\/www.lianyuanceramic.com\/de\/wp-json\/wp\/v2\/media\/2881"}],"wp:attachment":[{"href":"https:\/\/www.lianyuanceramic.com\/de\/wp-json\/wp\/v2\/media?parent=2878"}],"wp:term":[{"taxonomy":"product_brand","embeddable":true,"href":"https:\/\/www.lianyuanceramic.com\/de\/wp-json\/wp\/v2\/product_brand?post=2878"},{"taxonomy":"product_cat","embeddable":true,"href":"https:\/\/www.lianyuanceramic.com\/de\/wp-json\/wp\/v2\/product_cat?post=2878"},{"taxonomy":"product_tag","embeddable":true,"href":"https:\/\/www.lianyuanceramic.com\/de\/wp-json\/wp\/v2\/product_tag?post=2878"}],"curies":[{"name":"wp","href":"https:\/\/api.w.org\/{rel}","templated":true}]}}