{"id":287,"date":"2024-10-20T02:20:14","date_gmt":"2024-10-20T02:20:14","guid":{"rendered":"https:\/\/www.lianyuanceramic.com\/?post_type=product&#038;p=287"},"modified":"2024-12-28T14:09:29","modified_gmt":"2024-12-28T14:09:29","slug":"floral-dinnerware-sets-wholesale","status":"publish","type":"product","link":"https:\/\/www.lianyuanceramic.com\/de\/produkt\/floral-dinnerware-sets-wholesale\/","title":{"rendered":"Gro\u00dfhandel Floral Geschirr Sets Keramik Gr\u00fcn Elegant Nicht Toxisch\u00a0"},"content":{"rendered":"<div class=\"wp-block-columns is-layout-flex wp-container-core-columns-is-layout-9d6595d7 wp-block-columns-is-layout-flex\">\n<div class=\"wp-block-column is-layout-flow wp-block-column-is-layout-flow\">\n<h2 class=\"wp-block-heading\">Blumengeschirr-Sets Merkmale:<\/h2>\n\n\n\n<p><strong>Sch\u00f6nes Blumenmuster<\/strong><br>Mit verschiedenen Kombinationen von In-Glasur-Abziehbildern, die jeweils mit einer handgemalten Farbglasur versehen sind und ein kompliziertes und einzigartiges Aussehen bieten.<\/p>\n\n\n\n<p><strong>Langlebig und vielseitig<\/strong><br>Alle Teile sind aus hochwertigen Materialien gefertigt und f\u00fcr die Mikrowelle, den Geschirrsp\u00fcler und den Backofen geeignet, um eine lange Lebensdauer zu gew\u00e4hrleisten.<\/p>\n\n\n\n<p><strong>Fresh Garden Kollektion<\/strong><br>Das von der Natur inspirierte, lebhafte Blumenmuster bringt Frische und Fr\u00f6hlichkeit in jede zwanglose oder formelle Veranstaltung zu Hause.<\/p>\n\n\n\n<p><strong>Sicher und konform<\/strong><br>Sie erf\u00fcllen oder \u00fcbertreffen die Standards der California Proposition 65. Sie k\u00f6nnen sich darauf verlassen, dass das Geschirr frei von sch\u00e4dlichen Chemikalien und sicher f\u00fcr den t\u00e4glichen Gebrauch ist.<\/p>\n\n\n\n<p><strong>Komplettes Geschirrset<\/strong><br>Das Set ist ideal f\u00fcr Familienmahlzeiten oder Versammlungen und enth\u00e4lt alle wichtigen Teile f\u00fcr ein komplettes Esserlebnis, das die Eleganz jeder formellen Veranstaltung unterstreicht.<\/p>\n<\/div>\n\n\n\n<div class=\"wp-block-column is-layout-flow wp-block-column-is-layout-flow\">\n<figure class=\"wp-block-image size-full\"><img decoding=\"async\" width=\"706\" height=\"706\" src=\"https:\/\/www.lianyuanceramic.com\/wp-content\/uploads\/2024\/10\/Wholesale-Flower-Dinnerware-Sets-1.webp\" alt=\"Gro\u00dfhandel Blumengeschirr Sets 1\" class=\"wp-image-298\" srcset=\"https:\/\/www.lianyuanceramic.com\/wp-content\/uploads\/2024\/10\/Wholesale-Flower-Dinnerware-Sets-1.webp 706w, https:\/\/www.lianyuanceramic.com\/wp-content\/uploads\/2024\/10\/Wholesale-Flower-Dinnerware-Sets-1-300x300.webp 300w, https:\/\/www.lianyuanceramic.com\/wp-content\/uploads\/2024\/10\/Wholesale-Flower-Dinnerware-Sets-1-150x150.webp 150w, https:\/\/www.lianyuanceramic.com\/wp-content\/uploads\/2024\/10\/Wholesale-Flower-Dinnerware-Sets-1-600x600.webp 600w, https:\/\/www.lianyuanceramic.com\/wp-content\/uploads\/2024\/10\/Wholesale-Flower-Dinnerware-Sets-1-100x100.webp 100w\" sizes=\"(max-width: 706px) 100vw, 706px\" \/><\/figure>\n<\/div>\n<\/div>\n\n\n\n<div class=\"wp-block-columns is-layout-flex wp-container-core-columns-is-layout-9d6595d7 wp-block-columns-is-layout-flex\">\n<div class=\"wp-block-column is-layout-flow wp-block-column-is-layout-flow\">\n<figure class=\"wp-block-image size-full\"><img decoding=\"async\" width=\"706\" height=\"706\" src=\"https:\/\/www.lianyuanceramic.com\/wp-content\/uploads\/2024\/10\/Wholesale-Flower-Dinnerware-Sets-1.webp\" alt=\"Gro\u00dfhandel Blumengeschirr Sets 1\" class=\"wp-image-298\" srcset=\"https:\/\/www.lianyuanceramic.com\/wp-content\/uploads\/2024\/10\/Wholesale-Flower-Dinnerware-Sets-1.webp 706w, https:\/\/www.lianyuanceramic.com\/wp-content\/uploads\/2024\/10\/Wholesale-Flower-Dinnerware-Sets-1-300x300.webp 300w, https:\/\/www.lianyuanceramic.com\/wp-content\/uploads\/2024\/10\/Wholesale-Flower-Dinnerware-Sets-1-150x150.webp 150w, https:\/\/www.lianyuanceramic.com\/wp-content\/uploads\/2024\/10\/Wholesale-Flower-Dinnerware-Sets-1-600x600.webp 600w, https:\/\/www.lianyuanceramic.com\/wp-content\/uploads\/2024\/10\/Wholesale-Flower-Dinnerware-Sets-1-100x100.webp 100w\" sizes=\"(max-width: 706px) 100vw, 706px\" \/><\/figure>\n<\/div>\n\n\n\n<div class=\"wp-block-column is-layout-flow wp-block-column-is-layout-flow\">\n<h2 class=\"wp-block-heading\">Individuelle Blumengeschirr-Sets<\/h2>\n\n\n\n<p>Bei Lianyuan k\u00f6nnen erfahrene Designer und Formenbauer Ihre unbegrenzten Bed\u00fcrfnisse und Ideen umsetzen. Wir bieten umfassende OEM- und ODM-L\u00f6sungen.<\/p>\n\n\n\n<p><strong>Entwurf:&nbsp;<\/strong>W\u00e4hlen Sie florale Muster oder entwerfen Sie Ihr eigenes Design.<\/p>\n\n\n\n<p><strong>Zusammensetzung des Sets:<\/strong>&nbsp;Dazu geh\u00f6ren Essteller, Salatteller, Sch\u00fcsseln, Tassen, Becher, usw.<\/p>\n\n\n\n<p><strong>Gr\u00f6\u00dfe:&nbsp;<\/strong>Verschiedene Gr\u00f6\u00dfen von Alltagsgeschirr und anpassbare Spezifikationen.<\/p>\n\n\n\n<p><strong>Material:<\/strong>&nbsp;Keramik, Porzellan, Knochenporzellan oder erkundigen Sie sich nach Alternativen.<\/p>\n\n\n\n<p><strong>Handwerkliches K\u00f6nnen:&nbsp;<\/strong>Glasurabziehbilder, Ofenwechsel, handbemalt, Reliefmuster oder andere.<\/p>\n\n\n\n<p><strong>Verpackung:&nbsp;<\/strong>Bulk Pack, Farbkarton, Geschenkkarton, Pr\u00e4sentationskarton, Versandkarton, etc.<\/p>\n<\/div>\n<\/div>","protected":false},"excerpt":{"rendered":"<p>Benutzerdefinierte und Gro\u00dfhandel floral Geschirr-Sets, einzigartige und elegante Art, mit Keramik-Teller, Schalen, Teekannen und Tassen. Anpassbare Gr\u00f6\u00dfe und Stil, Mikrowelle, Backofen und sp\u00fclmaschinenfest. Eines der am h\u00f6chsten bewerteten Geschirrsets.<\/p>\n<h2>Florale Geschirrsets Parameter<\/h2>\n<table width=\"353\">\n<tbody>\n<tr>\n<td width=\"82\">Hersteller<\/td>\n<td width=\"270\">Lianyuan<\/td>\n<\/tr>\n<tr>\n<td>Produkttyp<\/td>\n<td width=\"270\">Geschirr, Tischkultur, Teeservice<\/td>\n<\/tr>\n<tr>\n<td>Muster<\/td>\n<td>Blumen<\/td>\n<\/tr>\n<tr>\n<td>Farbe<\/td>\n<td>Gree, Mehrfarbig<\/td>\n<\/tr>\n<tr>\n<td>Material<\/td>\n<td>Dauerhaftes Porzellan<\/td>\n<\/tr>\n<tr>\n<td>Handwerkliches K\u00f6nnen<\/td>\n<td>In-Glasur-Abziehbild, handbemalt\u00a0<\/td>\n<\/tr>\n<tr>\n<td>Anmeldung<\/td>\n<td>Mikrowellen- und sp\u00fclmaschinenfest, ofenfest<\/td>\n<\/tr>\n<tr>\n<td>Benutzerdefiniert<\/td>\n<td>Farbe\/Gr\u00f6\u00dfe\/Logo\/Verpackung<\/td>\n<\/tr>\n<\/tbody>\n<\/table>\n<p>&nbsp;<\/p>","protected":false},"featured_media":298,"comment_status":"open","ping_status":"closed","template":"","meta":{"_acf_changed":true},"product_brand":[],"product_cat":[17],"product_tag":[30,29,27],"class_list":{"0":"post-287","1":"product","2":"type-product","3":"status-publish","4":"has-post-thumbnail","6":"product_cat-dinnerware-wholesale","7":"product_tag-custom-porcelain-dinnerware","8":"product_tag-hand-painted-embossed-dinnerware-wholesale","9":"product_tag-wholesale-decal-ceramics","11":"first","12":"instock","13":"shipping-taxable","14":"product-type-simple"},"acf":[],"_links":{"self":[{"href":"https:\/\/www.lianyuanceramic.com\/de\/wp-json\/wp\/v2\/product\/287","targetHints":{"allow":["GET"]}}],"collection":[{"href":"https:\/\/www.lianyuanceramic.com\/de\/wp-json\/wp\/v2\/product"}],"about":[{"href":"https:\/\/www.lianyuanceramic.com\/de\/wp-json\/wp\/v2\/types\/product"}],"replies":[{"embeddable":true,"href":"https:\/\/www.lianyuanceramic.com\/de\/wp-json\/wp\/v2\/comments?post=287"}],"wp:featuredmedia":[{"embeddable":true,"href":"https:\/\/www.lianyuanceramic.com\/de\/wp-json\/wp\/v2\/media\/298"}],"wp:attachment":[{"href":"https:\/\/www.lianyuanceramic.com\/de\/wp-json\/wp\/v2\/media?parent=287"}],"wp:term":[{"taxonomy":"product_brand","embeddable":true,"href":"https:\/\/www.lianyuanceramic.com\/de\/wp-json\/wp\/v2\/product_brand?post=287"},{"taxonomy":"product_cat","embeddable":true,"href":"https:\/\/www.lianyuanceramic.com\/de\/wp-json\/wp\/v2\/product_cat?post=287"},{"taxonomy":"product_tag","embeddable":true,"href":"https:\/\/www.lianyuanceramic.com\/de\/wp-json\/wp\/v2\/product_tag?post=287"}],"curies":[{"name":"wp","href":"https:\/\/api.w.org\/{rel}","templated":true}]}}