{"id":2855,"date":"2026-04-14T01:09:16","date_gmt":"2026-04-14T01:09:16","guid":{"rendered":"https:\/\/www.lianyuanceramic.com\/?post_type=product&#038;p=2855"},"modified":"2026-04-14T01:09:18","modified_gmt":"2026-04-14T01:09:18","slug":"white-ceramic-bowls-wholesale","status":"publish","type":"product","link":"https:\/\/www.lianyuanceramic.com\/de\/produkt\/white-ceramic-bowls-wholesale\/","title":{"rendered":"Wei\u00dfe keramische Schalen Gro\u00dfhandel, Restaurant roten Rand Runde Salat Nudelschalen Lieferant"},"content":{"rendered":"<div class=\"wp-block-columns is-layout-flex wp-container-core-columns-is-layout-9d6595d7 wp-block-columns-is-layout-flex\">\n<div class=\"wp-block-column is-layout-flow wp-block-column-is-layout-flow\">\n<h2 class=\"wp-block-heading\">Eigenschaften von White Ceramic Bowls:<\/h2>\n\n\n\n<p><strong>Einfach<\/strong> <strong>Entwurf: <\/strong>Der Hauptk\u00f6rper ist aus reinem, milchig-wei\u00dfem Porzellan mit einem zarten weinroten Rand, der einen frischen, eleganten Kontrast bildet und zu verschiedenen Wohn- und Essstilen passt.<\/p>\n\n\n\n<p>Hochwertiges keramisches Material: Hergestellt aus Hochtemperatur-gebrannter Keramik, mit einer feinen und glatten Textur, gl\u00e4nzende Oberfl\u00e4che, langlebig und leicht zu reinigen.<\/p>\n\n\n\n<p><strong>Zart glasierte Oberfl\u00e4che<\/strong>: Glatte und durchscheinende Glasur mit sanfter Reflexion, die die visuelle Attraktivit\u00e4t von Lebensmitteln erh\u00f6ht.<\/p>\n\n\n\n<p><strong>Mikrowellen-, sp\u00fclmaschinen- und ofenfest:<\/strong> Die Nudelschalen sind langlebig und sicher f\u00fcr die Mikrowelle, die Sp\u00fclmaschine und den Ofen. Recycelbar, gesund f\u00fcr den t\u00e4glichen Gebrauch.<\/p>\n\n\n\n<p><strong>Perfekt f\u00fcr den t\u00e4glichen Gebrauch:<\/strong> Das handgefertigte Design der Sch\u00fcssel macht es einfach, sie zu halten und zu benutzen, perfekt f\u00fcr das Servieren von Einzelpersonen, Paaren oder Familienessen und f\u00fcr Partys mit mehreren Personen.<\/p>\n<\/div>\n\n\n\n<div class=\"wp-block-column is-layout-flow wp-block-column-is-layout-flow\">\n<h2 class=\"wp-block-heading\">Lianyuan Custom White Ceramic Bowls L\u00f6sung:<\/h2>\n\n\n\n<p>Lianyuan bietet verschiedene individuelle Geschirroptionen an, die auf die Bed\u00fcrfnisse der Marke oder Modetrends abgestimmt sind und sich ideal f\u00fcr den privaten und gewerblichen Gebrauch eignen.<\/p>\n\n\n\n<p><strong>Entwurf:&nbsp;<\/strong>Verschiedene Formen und Muster.<\/p>\n\n\n\n<p><strong>Zusammensetzung des Sets:<\/strong>&nbsp;Individuelle Keramik-Tassensets mit Kombinationen aus Tassen, Schalen und L\u00f6ffeln.<\/p>\n\n\n\n<p><strong>Gr\u00f6\u00dfe:&nbsp;<\/strong>W\u00e4hlen Sie aus verschiedenen Gr\u00f6\u00dfen f\u00fcr unterschiedliche Mahlzeitenportionen.<\/p>\n\n\n\n<p><strong>Material:<\/strong>&nbsp;Keramik, Porzellan, Knochenporzellan oder erkundigen Sie sich nach Alternativen.<\/p>\n\n\n\n<p><strong>Handwerkliches K\u00f6nnen:&nbsp;<\/strong>Glasurabziehbilder, Ofenwechsel, handbemalt, Reliefmuster oder andere.<\/p>\n\n\n\n<p><strong>Verpackung:&nbsp;<\/strong>Bulk Pack, Farbkarton, Geschenkkarton, Pr\u00e4sentationskarton, Versandkarton, etc.<\/p>\n<\/div>\n<\/div>\n\n\n\n<div class=\"wp-block-columns is-layout-flex wp-container-core-columns-is-layout-9d6595d7 wp-block-columns-is-layout-flex\">\n<div class=\"wp-block-column is-layout-flow wp-block-column-is-layout-flow\">\n<figure class=\"wp-block-image size-full is-resized\"><img decoding=\"async\" width=\"800\" height=\"800\" src=\"https:\/\/www.lianyuanceramic.com\/wp-content\/uploads\/2026\/03\/custom-ceramic-salad-bowl-in-bulk.webp\" alt=\"keramische Salatsch\u00fcssel in loser Sch\u00fcttung\" class=\"wp-image-2866\" style=\"width:522px;height:auto\" srcset=\"https:\/\/www.lianyuanceramic.com\/wp-content\/uploads\/2026\/03\/custom-ceramic-salad-bowl-in-bulk.webp 800w, https:\/\/www.lianyuanceramic.com\/wp-content\/uploads\/2026\/03\/custom-ceramic-salad-bowl-in-bulk-300x300.webp 300w, https:\/\/www.lianyuanceramic.com\/wp-content\/uploads\/2026\/03\/custom-ceramic-salad-bowl-in-bulk-150x150.webp 150w, https:\/\/www.lianyuanceramic.com\/wp-content\/uploads\/2026\/03\/custom-ceramic-salad-bowl-in-bulk-768x768.webp 768w, https:\/\/www.lianyuanceramic.com\/wp-content\/uploads\/2026\/03\/custom-ceramic-salad-bowl-in-bulk-12x12.webp 12w, https:\/\/www.lianyuanceramic.com\/wp-content\/uploads\/2026\/03\/custom-ceramic-salad-bowl-in-bulk-600x600.webp 600w, https:\/\/www.lianyuanceramic.com\/wp-content\/uploads\/2026\/03\/custom-ceramic-salad-bowl-in-bulk-100x100.webp 100w\" sizes=\"(max-width: 800px) 100vw, 800px\" \/><\/figure>\n<\/div>\n\n\n\n<div class=\"wp-block-column is-layout-flow wp-block-column-is-layout-flow\">\n<figure class=\"wp-block-image size-full is-resized\"><img decoding=\"async\" width=\"800\" height=\"800\" src=\"https:\/\/www.lianyuanceramic.com\/wp-content\/uploads\/2026\/03\/wholesale-modern-round-ceramic-bowl-with-green-rim.webp\" alt=\"Gro\u00dfhandel moderne runde Keramikschale mit gr\u00fcnem Rand\" class=\"wp-image-2873\" style=\"width:520px;height:auto\" srcset=\"https:\/\/www.lianyuanceramic.com\/wp-content\/uploads\/2026\/03\/wholesale-modern-round-ceramic-bowl-with-green-rim.webp 800w, https:\/\/www.lianyuanceramic.com\/wp-content\/uploads\/2026\/03\/wholesale-modern-round-ceramic-bowl-with-green-rim-300x300.webp 300w, https:\/\/www.lianyuanceramic.com\/wp-content\/uploads\/2026\/03\/wholesale-modern-round-ceramic-bowl-with-green-rim-150x150.webp 150w, https:\/\/www.lianyuanceramic.com\/wp-content\/uploads\/2026\/03\/wholesale-modern-round-ceramic-bowl-with-green-rim-768x768.webp 768w, https:\/\/www.lianyuanceramic.com\/wp-content\/uploads\/2026\/03\/wholesale-modern-round-ceramic-bowl-with-green-rim-12x12.webp 12w, https:\/\/www.lianyuanceramic.com\/wp-content\/uploads\/2026\/03\/wholesale-modern-round-ceramic-bowl-with-green-rim-600x600.webp 600w, https:\/\/www.lianyuanceramic.com\/wp-content\/uploads\/2026\/03\/wholesale-modern-round-ceramic-bowl-with-green-rim-100x100.webp 100w\" sizes=\"(max-width: 800px) 100vw, 800px\" \/><\/figure>\n<\/div>\n<\/div>","protected":false},"excerpt":{"rendered":"<p>Wei\u00dfe Keramiksch\u00fcsseln f\u00fcr den Gro\u00dfhandel mit einem sauberen milchig-wei\u00dfen K\u00f6rper und einem eleganten weinroten Rand, hergestellt aus hochgebrannter Keramik f\u00fcr lange Haltbarkeit und eine glatte glasierte Oberfl\u00e4che. Sie sind mikrowellen-, sp\u00fclmaschinen- und ofenfest und eignen sich ideal f\u00fcr die t\u00e4gliche K\u00fcche, den Familiengebrauch und den Bedarf von Gro\u00dfk\u00fcchen. Bitte kontaktieren Sie uns f\u00fcr ein Angebot!<\/p>\n<h2>Wei\u00dfe Keramikschalen Parameter:<\/h2>\n<table style=\"border-collapse: collapse; width: 370.82pt;\" border=\"0\" width=\"618\" cellspacing=\"0\" cellpadding=\"0\">\n<tbody>\n<tr style=\"height: 15.60pt;\">\n<td class=\"et3\" style=\"height: 15.60pt; width: 108.00pt;\" width=\"180\" height=\"26\">Hersteller<\/td>\n<td class=\"et3\" style=\"width: 263.25pt;\" width=\"438\">Lianyuan<\/td>\n<\/tr>\n<tr style=\"height: 15.60pt;\">\n<td class=\"et3\" style=\"height: 15.60pt;\" height=\"26\">Produkttyp<\/td>\n<td class=\"et3\">Pasta-Schale<\/td>\n<\/tr>\n<tr style=\"height: 15.60pt;\">\n<td class=\"et3\" style=\"height: 15.60pt;\" height=\"26\">Gestaltung<\/td>\n<td class=\"et3\">Runde Form<\/td>\n<\/tr>\n<tr style=\"height: 15.60pt;\">\n<td class=\"et3\" style=\"height: 15.60pt;\" height=\"26\">Farbe<\/td>\n<td class=\"et3\">Wei\u00df<\/td>\n<\/tr>\n<tr style=\"height: 15.60pt;\">\n<td class=\"et3\" style=\"height: 15.60pt;\" height=\"26\">Material<\/td>\n<td class=\"et3\">Keramik<\/td>\n<\/tr>\n<tr style=\"height: 15.60pt;\">\n<td class=\"et3\" style=\"height: 15.60pt;\" height=\"26\">Verkaufende Einheiten<\/td>\n<td class=\"et3\">Einzelnes Element<\/td>\n<\/tr>\n<tr style=\"height: 15.60pt;\">\n<td class=\"et3\" style=\"height: 15.60pt;\" height=\"26\">Anmeldung<\/td>\n<td class=\"et3\">Mikrowellen- und sp\u00fclmaschinenfest, ofenfest<\/td>\n<\/tr>\n<tr style=\"height: 15.60pt;\">\n<td class=\"et3\" style=\"height: 15.60pt;\" height=\"26\">Benutzerdefiniert<\/td>\n<td class=\"et3\">Farbe\/Gr\u00f6\u00dfe\/Logo\/Verpackung<\/td>\n<\/tr>\n<\/tbody>\n<\/table>","protected":false},"featured_media":2865,"comment_status":"open","ping_status":"closed","template":"","meta":{"_acf_changed":false},"product_brand":[],"product_cat":[34],"product_tag":[30,29],"class_list":{"0":"post-2855","1":"product","2":"type-product","3":"status-publish","4":"has-post-thumbnail","6":"product_cat-bulk-ceramic-tableware-in-stock","7":"product_tag-custom-porcelain-dinnerware","8":"product_tag-hand-painted-embossed-dinnerware-wholesale","10":"first","11":"instock","12":"shipping-taxable","13":"product-type-simple"},"acf":[],"_links":{"self":[{"href":"https:\/\/www.lianyuanceramic.com\/de\/wp-json\/wp\/v2\/product\/2855","targetHints":{"allow":["GET"]}}],"collection":[{"href":"https:\/\/www.lianyuanceramic.com\/de\/wp-json\/wp\/v2\/product"}],"about":[{"href":"https:\/\/www.lianyuanceramic.com\/de\/wp-json\/wp\/v2\/types\/product"}],"replies":[{"embeddable":true,"href":"https:\/\/www.lianyuanceramic.com\/de\/wp-json\/wp\/v2\/comments?post=2855"}],"wp:featuredmedia":[{"embeddable":true,"href":"https:\/\/www.lianyuanceramic.com\/de\/wp-json\/wp\/v2\/media\/2865"}],"wp:attachment":[{"href":"https:\/\/www.lianyuanceramic.com\/de\/wp-json\/wp\/v2\/media?parent=2855"}],"wp:term":[{"taxonomy":"product_brand","embeddable":true,"href":"https:\/\/www.lianyuanceramic.com\/de\/wp-json\/wp\/v2\/product_brand?post=2855"},{"taxonomy":"product_cat","embeddable":true,"href":"https:\/\/www.lianyuanceramic.com\/de\/wp-json\/wp\/v2\/product_cat?post=2855"},{"taxonomy":"product_tag","embeddable":true,"href":"https:\/\/www.lianyuanceramic.com\/de\/wp-json\/wp\/v2\/product_tag?post=2855"}],"curies":[{"name":"wp","href":"https:\/\/api.w.org\/{rel}","templated":true}]}}