{"id":279,"date":"2024-10-19T16:38:44","date_gmt":"2024-10-19T16:38:44","guid":{"rendered":"https:\/\/www.lianyuanceramic.com\/?post_type=product&#038;p=279"},"modified":"2025-01-16T14:43:46","modified_gmt":"2025-01-16T14:43:46","slug":"custom-casserole-dish","status":"publish","type":"product","link":"https:\/\/www.lianyuanceramic.com\/de\/produkt\/custom-casserole-dish\/","title":{"rendered":"Custom Casserole Dish Keramik mit Deckel Mehrere Gr\u00f6\u00dfen"},"content":{"rendered":"<div class=\"wp-block-columns is-layout-flex wp-container-core-columns-is-layout-9d6595d7 wp-block-columns-is-layout-flex\">\n<div class=\"wp-block-column is-layout-flow wp-block-column-is-layout-flow\">\n<h2 class=\"wp-block-heading\">Auflaufform Merkmale:<\/h2>\n\n\n\n<p><strong>Elegantes und einzigartiges Design<\/strong><br>Der Deckel ist mit einem geheimen Gartenmuster versehen, inspiriert von der ber\u00fchmten Kinderliteratur \"Der geheime Garten\" von Frances Hodgson Burnett. Er verbindet chinesische und westliche \u00c4sthetik und ist nach den heute beliebtesten Kochmethoden und -gewohnheiten gestaltet.<\/p>\n\n\n\n<p><strong>Hochtemperaturbest\u00e4ndiges und sicheres Keramikmaterial<\/strong><br>Hergestellt aus nat\u00fcrlichen Mineralien aus der Erde und australischem Bleigelb, erf\u00fcllt es alle Lebensmittelsicherheitsstandards und ist gesund und sicher.<\/p>\n\n\n\n<p><strong>Leicht und energiesparend<\/strong><br>Geringe Dicke, geringes Gewicht, schnelle W\u00e4rmeleitung, langsame Abk\u00fchlung, gleichm\u00e4\u00dfige Erw\u00e4rmung, Reduzierung der Kochzeit und des Energieverbrauchs.<\/p>\n\n\n\n<p><strong>Ausgezeichnete Temperaturwechselbest\u00e4ndigkeit<\/strong><br>H\u00e4lt schnellen Temperaturschwankungen bis zu 450 \u00b0C stand. Hochdichtes Material blockiert die Feuchtigkeitsaufnahme und verhindert Rissbildung und Spaltung.<\/p>\n\n\n\n<p><strong>Mehrere Gr\u00f6\u00dfen<\/strong><br>Die Auflaufformen sind in verschiedenen Gr\u00f6\u00dfen erh\u00e4ltlich, um den unterschiedlichen Kochbed\u00fcrfnissen gerecht zu werden, von pers\u00f6nlichen Portionen bis hin zu Familienzusammenk\u00fcnften.<\/p>\n<\/div>\n\n\n\n<div class=\"wp-block-column is-layout-flow wp-block-column-is-layout-flow\">\n<figure class=\"wp-block-image size-full\"><img decoding=\"async\" width=\"2000\" height=\"2000\" src=\"https:\/\/www.lianyuanceramic.com\/wp-content\/uploads\/2024\/10\/Custom-Casserole-Dish-2.webp\" alt=\"Kundenspezifische Auflaufform (2)\" class=\"wp-image-293\" srcset=\"https:\/\/www.lianyuanceramic.com\/wp-content\/uploads\/2024\/10\/Custom-Casserole-Dish-2.webp 2000w, https:\/\/www.lianyuanceramic.com\/wp-content\/uploads\/2024\/10\/Custom-Casserole-Dish-2-300x300.webp 300w, https:\/\/www.lianyuanceramic.com\/wp-content\/uploads\/2024\/10\/Custom-Casserole-Dish-2-150x150.webp 150w, https:\/\/www.lianyuanceramic.com\/wp-content\/uploads\/2024\/10\/Custom-Casserole-Dish-2-768x768.webp 768w, https:\/\/www.lianyuanceramic.com\/wp-content\/uploads\/2024\/10\/Custom-Casserole-Dish-2-1200x1200.webp 1200w, https:\/\/www.lianyuanceramic.com\/wp-content\/uploads\/2024\/10\/Custom-Casserole-Dish-2-600x600.webp 600w, https:\/\/www.lianyuanceramic.com\/wp-content\/uploads\/2024\/10\/Custom-Casserole-Dish-2-100x100.webp 100w\" sizes=\"(max-width: 2000px) 100vw, 2000px\" \/><\/figure>\n<\/div>\n<\/div>\n\n\n\n<div class=\"wp-block-columns is-layout-flex wp-container-core-columns-is-layout-9d6595d7 wp-block-columns-is-layout-flex\">\n<div class=\"wp-block-column is-layout-flow wp-block-column-is-layout-flow\">\n<figure class=\"wp-block-image size-full\"><img decoding=\"async\" width=\"2000\" height=\"2000\" src=\"https:\/\/www.lianyuanceramic.com\/wp-content\/uploads\/2024\/10\/Custom-Casserole-Dish-4.webp\" alt=\"Kundenspezifische Auflaufform (4)\" class=\"wp-image-295\" srcset=\"https:\/\/www.lianyuanceramic.com\/wp-content\/uploads\/2024\/10\/Custom-Casserole-Dish-4.webp 2000w, https:\/\/www.lianyuanceramic.com\/wp-content\/uploads\/2024\/10\/Custom-Casserole-Dish-4-300x300.webp 300w, https:\/\/www.lianyuanceramic.com\/wp-content\/uploads\/2024\/10\/Custom-Casserole-Dish-4-150x150.webp 150w, https:\/\/www.lianyuanceramic.com\/wp-content\/uploads\/2024\/10\/Custom-Casserole-Dish-4-768x768.webp 768w, https:\/\/www.lianyuanceramic.com\/wp-content\/uploads\/2024\/10\/Custom-Casserole-Dish-4-1200x1200.webp 1200w, https:\/\/www.lianyuanceramic.com\/wp-content\/uploads\/2024\/10\/Custom-Casserole-Dish-4-600x600.webp 600w, https:\/\/www.lianyuanceramic.com\/wp-content\/uploads\/2024\/10\/Custom-Casserole-Dish-4-100x100.webp 100w\" sizes=\"(max-width: 2000px) 100vw, 2000px\" \/><\/figure>\n<\/div>\n\n\n\n<div class=\"wp-block-column is-layout-flow wp-block-column-is-layout-flow\">\n<h2 class=\"wp-block-heading\">Individuelle Auflaufform<\/h2>\n\n\n\n<p>Eine breite Palette an kundenspezifischen Auflaufformen gew\u00e4hrleistet qualitativ hochwertige Auflaufformen, die den funktionalen Anforderungen und dem Markenimage der verschiedenen M\u00e4rkte entsprechen.<\/p>\n\n\n\n<p><strong>Gr\u00f6\u00dfen und Formen<\/strong><br>Umfasst runde, ovale, rechteckige und kundenspezifische Gr\u00f6\u00dfen.<\/p>\n\n\n\n<p><strong>Materialien und Dicke<br><\/strong>Hitzebest\u00e4ndiger Ton, dauerhafte Keramik, Porzellan, Steingut und verschiedene St\u00e4rken variieren in der Hitzebest\u00e4ndigkeit.<\/p>\n\n\n\n<p><strong>Entw\u00fcrfe f\u00fcr Deckel und Griffe<\/strong><br>Die Form, das Material und die Gr\u00f6\u00dfe des Deckels und des Griffs k\u00f6nnen individuell angepasst werden, um die Bedienung zu erleichtern.<\/p>\n\n\n\n<p><strong>Beendet<\/strong><br>Zu den Optionen geh\u00f6ren matte, gl\u00e4nzende oder strukturierte Oberfl\u00e4chen.<\/p>\n\n\n\n<p><strong>Dekorationen\/Muster<br><\/strong>Kundenspezifische Muster, Designs oder Logos, einschlie\u00dflich Abziehbildern, handgemalten und gepr\u00e4gten.<\/p>\n\n\n\n<p><strong>Verpackung<\/strong><br>Ma\u00dfgeschneiderte Verpackungen f\u00fcr Gro\u00dfbestellungen, Geschenksets oder den Vertrieb im Einzelhandel mit personalisierten Etiketten oder Branding.<\/p>\n<\/div>\n<\/div>","protected":false},"excerpt":{"rendered":"<p>Ma\u00dfgeschneiderte Kasserolle aus hitzebest\u00e4ndigem Keramikmaterial, mit geheimem Gartendeckel, einzigartig und vielseitig. Erh\u00e4ltlich in einer Vielzahl von Gr\u00f6\u00dfen und Formen, einschlie\u00dflich Deckel und Griffe, es ist die beliebteste Kasserolle Stil.<\/p>\n<h2>Auflaufform Parameter<\/h2>\n<table style=\"border-collapse: collapse; width: 370.82pt;\" border=\"0\" width=\"618\" cellspacing=\"0\" cellpadding=\"0\">\n<tbody>\n<tr style=\"height: 15.60pt;\">\n<td class=\"et3\" style=\"height: 15.60pt; width: 108.00pt;\" width=\"180\" height=\"26\">Hersteller<\/td>\n<td class=\"et3\" style=\"width: 263.25pt;\" width=\"438\">Lianyuan<\/td>\n<\/tr>\n<tr style=\"height: 15.60pt;\">\n<td class=\"et3\" style=\"height: 15.60pt;\" height=\"26\">Produkttyp<\/td>\n<td class=\"et3\">Suppenkasserolle, Multifunktionskasserolle, Milchtopf, Wok, Bratpfanne, Tagine, Reiskochtopf, Nat\u00fcrlicher Gesundheitstopf<\/td>\n<\/tr>\n<tr style=\"height: 15.60pt;\">\n<td class=\"et3\" style=\"height: 15.60pt;\" height=\"26\">Muster<\/td>\n<td class=\"et3\">Geheimer Garten<\/td>\n<\/tr>\n<tr style=\"height: 15.60pt;\">\n<td class=\"et3\" style=\"height: 15.60pt;\" height=\"26\">Farbe<\/td>\n<td class=\"et3\">Schwarz und mehrfarbig<\/td>\n<\/tr>\n<tr style=\"height: 15.60pt;\">\n<td class=\"et3\" style=\"height: 15.60pt;\" height=\"26\">Material<\/td>\n<td class=\"et3\">Hitzebest\u00e4ndiger Lehm<\/td>\n<\/tr>\n<tr style=\"height: 15.60pt;\">\n<td class=\"et3\" style=\"height: 15.60pt;\" height=\"26\">Handwerkliches K\u00f6nnen<\/td>\n<td class=\"et3\">Einglasiertes Abziehbild und Handbemalung<\/td>\n<\/tr>\n<tr style=\"height: 15.60pt;\">\n<td class=\"et3\" style=\"height: 15.60pt;\" height=\"26\">Anmeldung<\/td>\n<td class=\"et3\">Mikrowellen- und sp\u00fclmaschinenfest, ofenfest<\/td>\n<\/tr>\n<tr style=\"height: 15.60pt;\">\n<td class=\"et3\" style=\"height: 15.60pt;\" height=\"26\">Benutzerdefiniert<\/td>\n<td class=\"et3\">Farbe\/Gr\u00f6\u00dfe\/Logo\/Verpackung<\/td>\n<\/tr>\n<\/tbody>\n<\/table>","protected":false},"featured_media":292,"comment_status":"open","ping_status":"closed","template":"","meta":{"_acf_changed":false},"product_brand":[],"product_cat":[20],"product_tag":[33],"class_list":{"0":"post-279","1":"product","2":"type-product","3":"status-publish","4":"has-post-thumbnail","6":"product_cat-custom-bakeware-casserole-dish","7":"product_tag-wholesale-heat-resistant-ceramics","9":"first","10":"instock","11":"shipping-taxable","12":"product-type-simple"},"acf":[],"_links":{"self":[{"href":"https:\/\/www.lianyuanceramic.com\/de\/wp-json\/wp\/v2\/product\/279","targetHints":{"allow":["GET"]}}],"collection":[{"href":"https:\/\/www.lianyuanceramic.com\/de\/wp-json\/wp\/v2\/product"}],"about":[{"href":"https:\/\/www.lianyuanceramic.com\/de\/wp-json\/wp\/v2\/types\/product"}],"replies":[{"embeddable":true,"href":"https:\/\/www.lianyuanceramic.com\/de\/wp-json\/wp\/v2\/comments?post=279"}],"wp:featuredmedia":[{"embeddable":true,"href":"https:\/\/www.lianyuanceramic.com\/de\/wp-json\/wp\/v2\/media\/292"}],"wp:attachment":[{"href":"https:\/\/www.lianyuanceramic.com\/de\/wp-json\/wp\/v2\/media?parent=279"}],"wp:term":[{"taxonomy":"product_brand","embeddable":true,"href":"https:\/\/www.lianyuanceramic.com\/de\/wp-json\/wp\/v2\/product_brand?post=279"},{"taxonomy":"product_cat","embeddable":true,"href":"https:\/\/www.lianyuanceramic.com\/de\/wp-json\/wp\/v2\/product_cat?post=279"},{"taxonomy":"product_tag","embeddable":true,"href":"https:\/\/www.lianyuanceramic.com\/de\/wp-json\/wp\/v2\/product_tag?post=279"}],"curies":[{"name":"wp","href":"https:\/\/api.w.org\/{rel}","templated":true}]}}