{"id":2773,"date":"2026-03-12T02:01:19","date_gmt":"2026-03-12T02:01:19","guid":{"rendered":"https:\/\/www.lianyuanceramic.com\/?post_type=product&#038;p=2773"},"modified":"2026-03-12T02:01:19","modified_gmt":"2026-03-12T02:01:19","slug":"wholesale-ceramic-china-plates","status":"publish","type":"product","link":"https:\/\/www.lianyuanceramic.com\/de\/produkt\/wholesale-ceramic-china-plates\/","title":{"rendered":"Gro\u00dfhandel Keramik China Platten unregelm\u00e4\u00dfig, High-End-Knochen China White Plate Custom"},"content":{"rendered":"<div class=\"wp-block-columns is-layout-flex wp-container-core-columns-is-layout-9d6595d7 wp-block-columns-is-layout-flex\">\n<div class=\"wp-block-column is-layout-flow wp-block-column-is-layout-flow\">\n<h2 class=\"wp-block-heading\">Keramische Porzellanteller Merkmale:<\/h2>\n\n\n\n<p><strong>Hoher Gehalt an Knochenmehl:<\/strong> Durch die Verwendung einer erstklassigen Bone-China-Formel entspricht der Bone-China-Gehalt den Normen, was zu einer zarten und durchscheinenden Porzellanstruktur mit einem klaren, metallischen Klang beim Klopfen f\u00fchrt, was es von gew\u00f6hnlicher Keramik unterscheidet und ihm ein gehobeneres Gef\u00fchl verleiht.<\/p>\n\n\n\n<p><strong>Langlebig und robust:<\/strong> Durch einen doppelten Hochtemperaturbrand (Biskuit- und Glasurbrand) ist der Porzellank\u00f6rper dicht und hart, widerstandsf\u00e4hig gegen St\u00f6\u00dfe und Kratzer und weniger bruchanf\u00e4llig bei t\u00e4glichem Gebrauch, was die Kundendienstkosten f\u00fcr Unternehmen reduziert.<\/p>\n\n\n\n<p><strong>Gesund und sicher: <\/strong>Die glatte Glasur ist frei von Blei, Kadmium und anderen auslaugenden Schwermetallen, l\u00e4sst sich leicht reinigen, erf\u00fcllt die Normen f\u00fcr den Kontakt mit Lebensmitteln und eignet sich f\u00fcr verschiedene Umgebungen, darunter Restaurants, Hotels und Privathaushalte.<\/p>\n\n\n\n<p><strong>Unregelm\u00e4\u00dfige polygonale Form<\/strong>: Im Gegensatz zu den traditionellen runden Tellern verbindet das weiche, gewellte Design \u00c4sthetik und Zweckm\u00e4\u00dfigkeit, indem es die Pr\u00e4sentation von Speisen aufwertet und ihren optischen Reiz erh\u00f6ht.<\/p>\n\n\n\n<p><strong>Zarte Textur:<\/strong> Die Glasur hat einen warmen, schimmernden Glanz und eine glatte Haptik, die einen leichten und raffinierten visuellen Effekt erzeugt und den Premiumpreis der Marke erh\u00f6ht.<\/p>\n\n\n\n<p><strong>Gro\u00dfserienproduktion:<\/strong> Ausgereifte Produktionslinien sind in der Lage, gro\u00dfe Bestellmengen zu bew\u00e4ltigen, unterst\u00fctzen die Anpassung an Kundenw\u00fcnsche und bieten stabile Lieferzeiten, die den Massenbedarf von Restaurantketten, Hotels und E-Commerce-Plattformen decken.<\/p>\n<\/div>\n\n\n\n<div class=\"wp-block-column is-layout-flow wp-block-column-is-layout-flow\">\n<h2 class=\"wp-block-heading\">CustomCeramic China Plates L\u00f6sung:<\/h2>\n\n\n\n<p>Lianyuan bietet verschiedene individuelle Geschirroptionen an, die auf die Bed\u00fcrfnisse der Marke oder Modetrends abgestimmt sind und sich ideal f\u00fcr den privaten und gewerblichen Gebrauch eignen.<\/p>\n\n\n\n<p><strong>Entwurf:&nbsp;<\/strong>Verschiedene Formen und Muster.<\/p>\n\n\n\n<p><strong>Zusammensetzung des Sets:<\/strong>&nbsp;Individuelle Keramik-Tassensets mit Kombinationen aus Tassen, Schalen und L\u00f6ffeln.<\/p>\n\n\n\n<p><strong>Gr\u00f6\u00dfe:&nbsp;<\/strong>W\u00e4hlen Sie aus verschiedenen Gr\u00f6\u00dfen f\u00fcr unterschiedliche Mahlzeitenportionen.<\/p>\n\n\n\n<p><strong>Material:<\/strong>&nbsp;Keramik, Porzellan, Knochenporzellan oder erkundigen Sie sich nach Alternativen.<\/p>\n\n\n\n<p><strong>Handwerkliches K\u00f6nnen:&nbsp;<\/strong>Glasurabziehbilder, Ofenwechsel, handbemalt, Reliefmuster oder andere.<\/p>\n\n\n\n<p><strong>Verpackung:&nbsp;<\/strong>Bulk Pack, Farbkarton, Geschenkkarton, Pr\u00e4sentationskarton, Versandkarton, etc.<\/p>\n<\/div>\n<\/div>\n\n\n\n<div class=\"wp-block-columns is-layout-flex wp-container-core-columns-is-layout-9d6595d7 wp-block-columns-is-layout-flex\">\n<div class=\"wp-block-column is-layout-flow wp-block-column-is-layout-flow\">\n<figure class=\"wp-block-image size-full\"><img decoding=\"async\" width=\"800\" height=\"800\" src=\"https:\/\/www.lianyuanceramic.com\/wp-content\/uploads\/2026\/03\/wholesala-modern-hotel-white-dessert-plate.webp\" alt=\"Gro\u00dfhandel moderne Hotel wei\u00df Dessertteller\" class=\"wp-image-2776\" srcset=\"https:\/\/www.lianyuanceramic.com\/wp-content\/uploads\/2026\/03\/wholesala-modern-hotel-white-dessert-plate.webp 800w, https:\/\/www.lianyuanceramic.com\/wp-content\/uploads\/2026\/03\/wholesala-modern-hotel-white-dessert-plate-300x300.webp 300w, https:\/\/www.lianyuanceramic.com\/wp-content\/uploads\/2026\/03\/wholesala-modern-hotel-white-dessert-plate-150x150.webp 150w, https:\/\/www.lianyuanceramic.com\/wp-content\/uploads\/2026\/03\/wholesala-modern-hotel-white-dessert-plate-768x768.webp 768w, https:\/\/www.lianyuanceramic.com\/wp-content\/uploads\/2026\/03\/wholesala-modern-hotel-white-dessert-plate-12x12.webp 12w, https:\/\/www.lianyuanceramic.com\/wp-content\/uploads\/2026\/03\/wholesala-modern-hotel-white-dessert-plate-600x600.webp 600w, https:\/\/www.lianyuanceramic.com\/wp-content\/uploads\/2026\/03\/wholesala-modern-hotel-white-dessert-plate-100x100.webp 100w\" sizes=\"(max-width: 800px) 100vw, 800px\" \/><\/figure>\n<\/div>\n\n\n\n<div class=\"wp-block-column is-layout-flow wp-block-column-is-layout-flow\">\n<figure class=\"wp-block-image size-full\"><img decoding=\"async\" width=\"800\" height=\"800\" src=\"https:\/\/www.lianyuanceramic.com\/wp-content\/uploads\/2026\/03\/custom-irregular-rim-white-charge-plates.webp\" alt=\"kundenspezifische unregelm\u00e4\u00dfige Felge wei\u00dfe Ladeschilder\" class=\"wp-image-2774\" srcset=\"https:\/\/www.lianyuanceramic.com\/wp-content\/uploads\/2026\/03\/custom-irregular-rim-white-charge-plates.webp 800w, https:\/\/www.lianyuanceramic.com\/wp-content\/uploads\/2026\/03\/custom-irregular-rim-white-charge-plates-300x300.webp 300w, https:\/\/www.lianyuanceramic.com\/wp-content\/uploads\/2026\/03\/custom-irregular-rim-white-charge-plates-150x150.webp 150w, https:\/\/www.lianyuanceramic.com\/wp-content\/uploads\/2026\/03\/custom-irregular-rim-white-charge-plates-768x768.webp 768w, https:\/\/www.lianyuanceramic.com\/wp-content\/uploads\/2026\/03\/custom-irregular-rim-white-charge-plates-12x12.webp 12w, https:\/\/www.lianyuanceramic.com\/wp-content\/uploads\/2026\/03\/custom-irregular-rim-white-charge-plates-600x600.webp 600w, https:\/\/www.lianyuanceramic.com\/wp-content\/uploads\/2026\/03\/custom-irregular-rim-white-charge-plates-100x100.webp 100w\" sizes=\"(max-width: 800px) 100vw, 800px\" \/><\/figure>\n<\/div>\n<\/div>\n\n\n\n<p><\/p>","protected":false},"excerpt":{"rendered":"<article class=\"text-token-text-primary w-full focus:outline-none [--shadow-height:45px] has-data-writing-block:pointer-events-none has-data-writing-block:-mt-(--shadow-height) has-data-writing-block:pt-(--shadow-height) [&amp;:has([data-writing-block])&gt;*]:pointer-events-auto scroll-mt-(--header-height)\" dir=\"auto\" tabindex=\"-1\" data-turn-id=\"524b95bd-6cd6-4140-a0a2-cd0d70c30993\" data-testid=\"conversation-turn-29\" data-scroll-anchor=\"false\" data-turn=\"user\"><\/article>\n<article class=\"text-token-text-primary w-full focus:outline-none [--shadow-height:45px] has-data-writing-block:pointer-events-none has-data-writing-block:-mt-(--shadow-height) has-data-writing-block:pt-(--shadow-height) [&amp;:has([data-writing-block])&gt;*]:pointer-events-auto scroll-mt-[calc(var(--header-height)+min(200px,max(70px,20svh)))]\" dir=\"auto\" tabindex=\"-1\" data-turn-id=\"request-69b13c79-e86c-8326-992e-4092f5e1c1f6-10\" data-testid=\"conversation-turn-30\" data-scroll-anchor=\"true\" data-turn=\"assistant\">\n<div class=\"text-base my-auto mx-auto pb-10 [--thread-content-margin:var(--thread-content-margin-xs,calc(var(--spacing)*4))] @w-sm\/main:[--thread-content-margin:var(--thread-content-margin-sm,calc(var(--spacing)*6))] @w-lg\/main:[--thread-content-margin:var(--thread-content-margin-lg,calc(var(--spacing)*16))] px-(--thread-content-margin)\">\n<div class=\"[--thread-content-max-width:40rem] @w-lg\/main:[--thread-content-max-width:48rem] mx-auto max-w-(--thread-content-max-width) flex-1 group\/turn-messages focus-visible:outline-hidden relative flex w-full min-w-0 flex-col agent-turn\" tabindex=\"-1\">\n<div class=\"flex max-w-full flex-col gap-4 grow\">\n<div class=\"min-h-8 text-message relative flex w-full flex-col items-end gap-2 text-start break-words whitespace-normal [.text-message+&amp;]:mt-1\" dir=\"auto\" data-message-author-role=\"assistant\" data-message-id=\"5ea96fd2-6e60-40e8-b645-efde9f0c9e1e\" data-message-model-slug=\"gpt-5-mini\">\n<div class=\"flex w-full flex-col gap-1 empty:hidden\">\n<div class=\"markdown prose dark:prose-invert w-full wrap-break-word light markdown-new-styling\">\n<p data-start=\"0\" data-end=\"185\" data-is-last-node=\"\" data-is-only-node=\"\">Gro\u00dfhandelsteller aus Keramikporzellan zeichnen sich durch hochwertige, unregelm\u00e4\u00dfige Formen, einen hohen Anteil an Knochenporzellan und eine haltbare, doppelt gebrannte Konstruktion mit eleganten, gewellten Kanten aus. Perfekt f\u00fcr Restaurants und Hotels. Kontaktieren Sie Lianyuan f\u00fcr Gro\u00dfbestellungen und kundenspezifische Anpassungen.<\/p>\n<\/div>\n<\/div>\n<\/div>\n<\/div>\n<\/div>\n<\/div>\n<\/article>\n<h2>Keramische Porzellanteller Parameter<\/h2>\n<table style=\"border-collapse: collapse; width: 370.82pt;\" border=\"0\" width=\"618\" cellspacing=\"0\" cellpadding=\"0\">\n<tbody>\n<tr style=\"height: 15.60pt;\">\n<td class=\"et3\" style=\"height: 15.60pt; width: 108.00pt;\" width=\"180\" height=\"26\">Hersteller<\/td>\n<td class=\"et3\" style=\"width: 263.25pt;\" width=\"438\">Lianyuan<\/td>\n<\/tr>\n<tr style=\"height: 15.60pt;\">\n<td class=\"et3\" style=\"height: 15.60pt;\" height=\"26\">Stil<\/td>\n<td class=\"et3\">Tafelgeschirr<\/td>\n<\/tr>\n<tr style=\"height: 15.60pt;\">\n<td class=\"et3\" style=\"height: 15.60pt;\" height=\"26\">Gestaltung<\/td>\n<td class=\"et3\">Runde Form<\/td>\n<\/tr>\n<tr style=\"height: 15.60pt;\">\n<td class=\"et3\" style=\"height: 15.60pt;\" height=\"26\">Farbe<\/td>\n<td class=\"et3\">Wei\u00df<\/td>\n<\/tr>\n<tr style=\"height: 15.60pt;\">\n<td class=\"et3\" style=\"height: 15.60pt;\" height=\"26\">Material<\/td>\n<td class=\"et3\">Bone China<\/td>\n<\/tr>\n<tr style=\"height: 15.60pt;\">\n<td class=\"et3\" style=\"height: 15.60pt;\" height=\"26\">Verkaufende Einheiten<\/td>\n<td class=\"et3\">Einzelnes Element<\/td>\n<\/tr>\n<tr style=\"height: 15.60pt;\">\n<td class=\"et3\" style=\"height: 15.60pt;\" height=\"26\">Anmeldung<\/td>\n<td class=\"et3\">Mikrowellen- und sp\u00fclmaschinenfest, ofenfest<\/td>\n<\/tr>\n<tr style=\"height: 15.60pt;\">\n<td class=\"et3\" style=\"height: 15.60pt;\" height=\"26\">Benutzerdefiniert<\/td>\n<td class=\"et3\">Farbe\/Gr\u00f6\u00dfe\/Logo\/Verpackung<\/td>\n<\/tr>\n<\/tbody>\n<\/table>","protected":false},"featured_media":2777,"comment_status":"open","ping_status":"closed","template":"","meta":{"_acf_changed":false},"product_brand":[],"product_cat":[34],"product_tag":[31,27],"class_list":{"0":"post-2773","1":"product","2":"type-product","3":"status-publish","4":"has-post-thumbnail","6":"product_cat-bulk-ceramic-tableware-in-stock","7":"product_tag-bone-china-dinnerware-wholesale","8":"product_tag-wholesale-decal-ceramics","10":"first","11":"instock","12":"shipping-taxable","13":"product-type-simple"},"acf":[],"_links":{"self":[{"href":"https:\/\/www.lianyuanceramic.com\/de\/wp-json\/wp\/v2\/product\/2773","targetHints":{"allow":["GET"]}}],"collection":[{"href":"https:\/\/www.lianyuanceramic.com\/de\/wp-json\/wp\/v2\/product"}],"about":[{"href":"https:\/\/www.lianyuanceramic.com\/de\/wp-json\/wp\/v2\/types\/product"}],"replies":[{"embeddable":true,"href":"https:\/\/www.lianyuanceramic.com\/de\/wp-json\/wp\/v2\/comments?post=2773"}],"wp:featuredmedia":[{"embeddable":true,"href":"https:\/\/www.lianyuanceramic.com\/de\/wp-json\/wp\/v2\/media\/2777"}],"wp:attachment":[{"href":"https:\/\/www.lianyuanceramic.com\/de\/wp-json\/wp\/v2\/media?parent=2773"}],"wp:term":[{"taxonomy":"product_brand","embeddable":true,"href":"https:\/\/www.lianyuanceramic.com\/de\/wp-json\/wp\/v2\/product_brand?post=2773"},{"taxonomy":"product_cat","embeddable":true,"href":"https:\/\/www.lianyuanceramic.com\/de\/wp-json\/wp\/v2\/product_cat?post=2773"},{"taxonomy":"product_tag","embeddable":true,"href":"https:\/\/www.lianyuanceramic.com\/de\/wp-json\/wp\/v2\/product_tag?post=2773"}],"curies":[{"name":"wp","href":"https:\/\/api.w.org\/{rel}","templated":true}]}}