{"id":277,"date":"2024-10-19T17:29:01","date_gmt":"2024-10-19T17:29:01","guid":{"rendered":"https:\/\/www.lianyuanceramic.com\/?post_type=product&#038;p=277"},"modified":"2024-12-28T14:09:48","modified_gmt":"2024-12-28T14:09:48","slug":"wholesale-ceramic-dinnerware-set","status":"publish","type":"product","link":"https:\/\/www.lianyuanceramic.com\/de\/produkt\/wholesale-ceramic-dinnerware-set\/","title":{"rendered":"Gro\u00dfhandel Keramik Geschirr Set Mandala Unique Multicolor"},"content":{"rendered":"<div class=\"wp-block-columns is-layout-flex wp-container-core-columns-is-layout-9d6595d7 wp-block-columns-is-layout-flex\">\n<div class=\"wp-block-column is-layout-flow wp-block-column-is-layout-flow\">\n<h2 class=\"wp-block-heading\">Keramik-Geschirrset Merkmale:<\/h2>\n\n\n\n<p><strong>Lebendiges Multicolor-Design<\/strong><br>Jedes einzelne St\u00fcck weist sehr sch\u00f6ne Mandala-Muster in verschiedenen Farben auf, die Ihrem gedeckten Tisch eine fr\u00f6hliche und k\u00fcnstlerische Note verleihen.<\/p>\n\n\n\n<p><strong>Einzigartige Kombination von Techniken<\/strong><br>Die Entw\u00fcrfe umfassen eingeglaste Abziehbilder, Farbglasuren und Handmalerei, um sicherzustellen, dass jedes St\u00fcck einzigartig und exquisit ist.<\/p>\n\n\n\n<p><strong>Vielseitige Kollektion<\/strong><br>Dieses Set ist komplett mit Geschirr, Teeservice, Servierutensilien, Backformen, K\u00fcchenutensilien und Dekorationen - einfach perfekt f\u00fcr jeden Anlass.<\/p>\n\n\n\n<p><strong>Strapazierf\u00e4hig und langlebig<\/strong><br>Hochwertiges Keramikgeschirr ist widerstandsf\u00e4hig gegen Absplittern und Verblassen, so dass Ihre Sammlung \u00fcber Jahre hinweg sch\u00f6n bleibt.<\/p>\n\n\n\n<p><strong>Perfekt f\u00fcr Unterhaltungen<\/strong><br>Mit seinen leuchtenden Farben und einzigartigen Designs eignet sich das Geschirr perfekt f\u00fcr die Bewirtung von G\u00e4sten oder um Familienmahlzeiten ein besonderes Flair zu verleihen.<\/p>\n<\/div>\n\n\n\n<div class=\"wp-block-column is-layout-flow wp-block-column-is-layout-flow\">\n<figure class=\"wp-block-image size-full\"><img decoding=\"async\" width=\"630\" height=\"630\" src=\"https:\/\/www.lianyuanceramic.com\/wp-content\/uploads\/2024\/10\/Wholesale-Mandala-Ceramic-Dinnerware-1.webp\" alt=\"Gro\u00dfhandel Mandala Keramikgeschirr 1\" class=\"wp-image-280\" srcset=\"https:\/\/www.lianyuanceramic.com\/wp-content\/uploads\/2024\/10\/Wholesale-Mandala-Ceramic-Dinnerware-1.webp 630w, https:\/\/www.lianyuanceramic.com\/wp-content\/uploads\/2024\/10\/Wholesale-Mandala-Ceramic-Dinnerware-1-300x300.webp 300w, https:\/\/www.lianyuanceramic.com\/wp-content\/uploads\/2024\/10\/Wholesale-Mandala-Ceramic-Dinnerware-1-150x150.webp 150w, https:\/\/www.lianyuanceramic.com\/wp-content\/uploads\/2024\/10\/Wholesale-Mandala-Ceramic-Dinnerware-1-600x600.webp 600w, https:\/\/www.lianyuanceramic.com\/wp-content\/uploads\/2024\/10\/Wholesale-Mandala-Ceramic-Dinnerware-1-100x100.webp 100w\" sizes=\"(max-width: 630px) 100vw, 630px\" \/><\/figure>\n<\/div>\n<\/div>\n\n\n\n<div class=\"wp-block-columns is-layout-flex wp-container-core-columns-is-layout-9d6595d7 wp-block-columns-is-layout-flex\">\n<div class=\"wp-block-column is-layout-flow wp-block-column-is-layout-flow\"><\/div>\n\n\n\n<div class=\"wp-block-column is-layout-flow wp-block-column-is-layout-flow\"><\/div>\n<\/div>\n\n\n\n<div class=\"wp-block-columns is-layout-flex wp-container-core-columns-is-layout-9d6595d7 wp-block-columns-is-layout-flex\">\n<div class=\"wp-block-column is-layout-flow wp-block-column-is-layout-flow\">\n<figure class=\"wp-block-image size-full\"><img decoding=\"async\" width=\"536\" height=\"536\" src=\"https:\/\/www.lianyuanceramic.com\/wp-content\/uploads\/2024\/10\/Wholesale-Mandala-Ceramic-Dinnerware-2.webp\" alt=\"Gro\u00dfhandel Mandala Keramikgeschirr 2\" class=\"wp-image-281\" srcset=\"https:\/\/www.lianyuanceramic.com\/wp-content\/uploads\/2024\/10\/Wholesale-Mandala-Ceramic-Dinnerware-2.webp 536w, https:\/\/www.lianyuanceramic.com\/wp-content\/uploads\/2024\/10\/Wholesale-Mandala-Ceramic-Dinnerware-2-300x300.webp 300w, https:\/\/www.lianyuanceramic.com\/wp-content\/uploads\/2024\/10\/Wholesale-Mandala-Ceramic-Dinnerware-2-150x150.webp 150w, https:\/\/www.lianyuanceramic.com\/wp-content\/uploads\/2024\/10\/Wholesale-Mandala-Ceramic-Dinnerware-2-100x100.webp 100w\" sizes=\"(max-width: 536px) 100vw, 536px\" \/><\/figure>\n<\/div>\n\n\n\n<div class=\"wp-block-column is-layout-flow wp-block-column-is-layout-flow\">\n<h2 class=\"wp-block-heading\">Individuelles Keramikgeschirr<\/h2>\n\n\n\n<p>Bei Lianyuan k\u00f6nnen erfahrene Designer und Formenbauer Ihre unbegrenzten Bed\u00fcrfnisse und Ideen umsetzen. Wir bieten umfassende OEM- und ODM-L\u00f6sungen.<\/p>\n\n\n\n<p><strong>Entwurf: <\/strong>W\u00e4hlen Sie florale Muster oder entwerfen Sie Ihr eigenes Design.<\/p>\n\n\n\n<p><strong>Zusammensetzung des Sets:<\/strong> Individuelle Keramik-Tassensets mit Kombinationen aus Tassen, Schalen und L\u00f6ffeln.<\/p>\n\n\n\n<p><strong>Gr\u00f6\u00dfe: <\/strong>W\u00e4hlen Sie aus verschiedenen Gr\u00f6\u00dfen f\u00fcr unterschiedliche Mahlzeitenportionen.<\/p>\n\n\n\n<p><strong>Material:<\/strong> Keramik, Porzellan, Knochenchinan oder erkundigen Sie sich nach Alternativen.<\/p>\n\n\n\n<p><strong>Handwerkliches K\u00f6nnen: <\/strong>Glasurabziehbilder, Ofenwechsel, handbemalt, Reliefmuster oder andere.<\/p>\n\n\n\n<p><strong>Verpackung: <\/strong>Bulk Pack, Farbkarton, Geschenkkarton, Displaying Box, Mailer Box etc.<\/p>\n<\/div>\n<\/div>\n\n\n\n<p><\/p>","protected":false},"excerpt":{"rendered":"<p>Hochwertiges Mandala-Keramikgeschirr im Gro\u00dfhandel und nach Kundenwunsch, mit glasierten Abziehbildern und handgemalten Designs, perfekt f\u00fcr jeden Anlass. Lianyuan Hersteller bietet One-Stop benutzerdefinierte Geschirr-L\u00f6sungen, um einzigartige Markenprodukte f\u00fcr Sie zu schaffen.<\/p>\n<h2>Keramik-Geschirrset Parameter<\/h2>\n<table width=\"353\">\n<tbody>\n<tr>\n<td width=\"82\">Hersteller<\/td>\n<td width=\"270\">Lianyuan<\/td>\n<\/tr>\n<tr>\n<td>Produkttyp<\/td>\n<td width=\"270\">Essgeschirr, Tischgeschirr, Serviergeschirr, Teeservice<\/td>\n<\/tr>\n<tr>\n<td>Muster<\/td>\n<td>Mandala\u00a0<\/td>\n<\/tr>\n<tr>\n<td>Material<\/td>\n<td>Dauerhaftes Porzellan<\/td>\n<\/tr>\n<tr>\n<td>Handwerkliches K\u00f6nnen<\/td>\n<td>In-Glasur-Abziehbild, handbemalt\u00a0<\/td>\n<\/tr>\n<tr>\n<td>Anmeldung<\/td>\n<td>Mikrowellen- und sp\u00fclmaschinenfest, ofenfest<\/td>\n<\/tr>\n<tr>\n<td>Benutzerdefiniert<\/td>\n<td>Farbe\/Gr\u00f6\u00dfe\/Logo\/Verpackung<\/td>\n<\/tr>\n<\/tbody>\n<\/table>\n<p>&nbsp;<\/p>","protected":false},"featured_media":280,"comment_status":"open","ping_status":"closed","template":"","meta":{"_acf_changed":true},"product_brand":[],"product_cat":[17],"product_tag":[30,29,27],"class_list":{"0":"post-277","1":"product","2":"type-product","3":"status-publish","4":"has-post-thumbnail","6":"product_cat-dinnerware-wholesale","7":"product_tag-custom-porcelain-dinnerware","8":"product_tag-hand-painted-embossed-dinnerware-wholesale","9":"product_tag-wholesale-decal-ceramics","11":"first","12":"instock","13":"shipping-taxable","14":"product-type-simple"},"acf":[],"_links":{"self":[{"href":"https:\/\/www.lianyuanceramic.com\/de\/wp-json\/wp\/v2\/product\/277","targetHints":{"allow":["GET"]}}],"collection":[{"href":"https:\/\/www.lianyuanceramic.com\/de\/wp-json\/wp\/v2\/product"}],"about":[{"href":"https:\/\/www.lianyuanceramic.com\/de\/wp-json\/wp\/v2\/types\/product"}],"replies":[{"embeddable":true,"href":"https:\/\/www.lianyuanceramic.com\/de\/wp-json\/wp\/v2\/comments?post=277"}],"wp:featuredmedia":[{"embeddable":true,"href":"https:\/\/www.lianyuanceramic.com\/de\/wp-json\/wp\/v2\/media\/280"}],"wp:attachment":[{"href":"https:\/\/www.lianyuanceramic.com\/de\/wp-json\/wp\/v2\/media?parent=277"}],"wp:term":[{"taxonomy":"product_brand","embeddable":true,"href":"https:\/\/www.lianyuanceramic.com\/de\/wp-json\/wp\/v2\/product_brand?post=277"},{"taxonomy":"product_cat","embeddable":true,"href":"https:\/\/www.lianyuanceramic.com\/de\/wp-json\/wp\/v2\/product_cat?post=277"},{"taxonomy":"product_tag","embeddable":true,"href":"https:\/\/www.lianyuanceramic.com\/de\/wp-json\/wp\/v2\/product_tag?post=277"}],"curies":[{"name":"wp","href":"https:\/\/api.w.org\/{rel}","templated":true}]}}