{"id":2753,"date":"2026-03-12T02:01:53","date_gmt":"2026-03-12T02:01:53","guid":{"rendered":"https:\/\/www.lianyuanceramic.com\/?post_type=product&#038;p=2753"},"modified":"2026-03-12T02:01:53","modified_gmt":"2026-03-12T02:01:53","slug":"custom-porcelain-plates","status":"publish","type":"product","link":"https:\/\/www.lianyuanceramic.com\/de\/produkt\/custom-porcelain-plates\/","title":{"rendered":"Benutzerdefinierte Porzellanteller Oval, wei\u00df Bone China Teller f\u00fcr Restaurant Gro\u00dfhandel"},"content":{"rendered":"<div class=\"wp-block-columns is-layout-flex wp-container-core-columns-is-layout-9d6595d7 wp-block-columns-is-layout-flex\">\n<div class=\"wp-block-column is-layout-flow wp-block-column-is-layout-flow\">\n<h2 class=\"wp-block-heading\">Porzellanteller Merkmale:<\/h2>\n\n\n\n<p><strong>Hochwertiges Material und Textur:<\/strong> Es besteht aus hochwertigem Knochenpulver und hat eine glatte und zarte Oberfl\u00e4che mit einem warmen Glanz, die sich angenehm anf\u00fchlt.<\/p>\n\n\n\n<p><strong>Klassisches Design:<\/strong> Die klassische ovale Form mit leicht nach oben gebogenen R\u00e4ndern bildet eine flache Tellerstruktur, die nicht nur \u00e4sthetisch ansprechend ist, sondern auch ein Abrutschen der Speisen verhindert.  Die moderate Gr\u00f6\u00dfe eignet sich zum Servieren von Hauptgerichten, Salaten oder Desserts. <\/p>\n\n\n\n<p><strong>Praktische Handwerksdetails: <\/strong>Die gleichm\u00e4\u00dfige Glasur und die glatt polierten Kanten sorgen f\u00fcr eine sichere Verwendung und unterstreichen das exquisite Gesamtbild.<\/p>\n\n\n\n<p><strong>Mikrowellen-, sp\u00fclmaschinen- und ofenfest: <\/strong>Die Servierplatten sind langlebig, mikrowellen- und sp\u00fclmaschinenfest und ideal f\u00fcr Restaurants und Hotels.<\/p>\n\n\n\n<p><strong>Hersteller Direktlieferung:<\/strong> Durch den Einsatz hochwertiger Materialien, exquisiter Handwerkskunst, vielf\u00e4ltiger Designs und individueller Anpassungsm\u00f6glichkeiten bieten wir langlebige, \u00e4sthetisch ansprechende und in gro\u00dfen Mengen herstellbare Geschirrl\u00f6sungen f\u00fcr Restaurants, Hotels und B2B-Kunden.<\/p>\n<\/div>\n\n\n\n<div class=\"wp-block-column is-layout-flow wp-block-column-is-layout-flow\">\n<h2 class=\"wp-block-heading\">CustomPorcelain Plates L\u00f6sung:<\/h2>\n\n\n\n<p>Lianyuan bietet verschiedene individuelle Geschirroptionen an, die auf die Bed\u00fcrfnisse der Marke oder Modetrends abgestimmt sind und sich ideal f\u00fcr den privaten und gewerblichen Gebrauch eignen.<\/p>\n\n\n\n<p><strong>Entwurf:&nbsp;<\/strong>Verschiedene Formen und Muster.<\/p>\n\n\n\n<p><strong>Zusammensetzung des Sets:<\/strong>&nbsp;Individuelle Keramik-Tassensets mit Kombinationen aus Tassen, Schalen und L\u00f6ffeln.<\/p>\n\n\n\n<p><strong>Gr\u00f6\u00dfe:&nbsp;<\/strong>W\u00e4hlen Sie aus verschiedenen Gr\u00f6\u00dfen f\u00fcr unterschiedliche Mahlzeitenportionen.<\/p>\n\n\n\n<p><strong>Material:<\/strong>&nbsp;Keramik, Porzellan, Knochenporzellan oder erkundigen Sie sich nach Alternativen.<\/p>\n\n\n\n<p><strong>Handwerkliches K\u00f6nnen:&nbsp;<\/strong>Glasurabziehbilder, Ofenwechsel, handbemalt, Reliefmuster oder andere.<\/p>\n\n\n\n<p><strong>Verpackung:&nbsp;<\/strong>Bulk Pack, Farbkarton, Geschenkkarton, Pr\u00e4sentationskarton, Versandkarton, etc.<\/p>\n<\/div>\n<\/div>","protected":false},"excerpt":{"rendered":"<p>Individuelle Porzellanteller mit glatter Knochenpulveroberfl\u00e4che, mikrowellen- und sp\u00fclmaschinenfest, schlichtes und klassisches Design, perfekt f\u00fcr moderne Restaurants und gehobene Hotels. Lianyuan Keramikgeschirr Fabrik direkt liefern. Kontaktieren Sie uns f\u00fcr Gro\u00dfbestellungen und Sonderanfertigungen.<\/p>\n<h2>Porzellanteller Parameter<\/h2>\n<table style=\"border-collapse: collapse; width: 370.82pt;\" border=\"0\" width=\"618\" cellspacing=\"0\" cellpadding=\"0\">\n<tbody>\n<tr style=\"height: 15.60pt;\">\n<td class=\"et3\" style=\"height: 15.60pt; width: 108.00pt;\" width=\"180\" height=\"26\">Hersteller<\/td>\n<td class=\"et3\" style=\"width: 263.25pt;\" width=\"438\">Lianyuan<\/td>\n<\/tr>\n<tr style=\"height: 15.60pt;\">\n<td class=\"et3\" style=\"height: 15.60pt;\" height=\"26\">Produkttyp<\/td>\n<td class=\"et3\">Essteller<\/td>\n<\/tr>\n<tr style=\"height: 15.60pt;\">\n<td class=\"et3\" style=\"height: 15.60pt;\" height=\"26\">Gestaltung<\/td>\n<td class=\"et3\">Ovale Form<\/td>\n<\/tr>\n<tr style=\"height: 15.60pt;\">\n<td class=\"et3\" style=\"height: 15.60pt;\" height=\"26\">Farbe<\/td>\n<td class=\"et3\">Wei\u00df<\/td>\n<\/tr>\n<tr style=\"height: 15.60pt;\">\n<td class=\"et3\" style=\"height: 15.60pt;\" height=\"26\">Material<\/td>\n<td class=\"et3\">Bone China<\/td>\n<\/tr>\n<tr style=\"height: 15.60pt;\">\n<td class=\"et3\" style=\"height: 15.60pt;\" height=\"26\">Verkaufende Einheiten<\/td>\n<td class=\"et3\">Einzelnes Element<\/td>\n<\/tr>\n<tr style=\"height: 15.60pt;\">\n<td class=\"et3\" style=\"height: 15.60pt;\" height=\"26\">Anmeldung<\/td>\n<td class=\"et3\">Mikrowellen- und sp\u00fclmaschinenfest, ofenfest<\/td>\n<\/tr>\n<tr style=\"height: 15.60pt;\">\n<td class=\"et3\" style=\"height: 15.60pt;\" height=\"26\">Benutzerdefiniert<\/td>\n<td class=\"et3\">Farbe\/Gr\u00f6\u00dfe\/Logo\/Verpackung<\/td>\n<\/tr>\n<\/tbody>\n<\/table>","protected":false},"featured_media":2750,"comment_status":"open","ping_status":"closed","template":"","meta":{"_acf_changed":false},"product_brand":[],"product_cat":[34],"product_tag":[31],"class_list":{"0":"post-2753","1":"product","2":"type-product","3":"status-publish","4":"has-post-thumbnail","6":"product_cat-bulk-ceramic-tableware-in-stock","7":"product_tag-bone-china-dinnerware-wholesale","9":"first","10":"instock","11":"shipping-taxable","12":"product-type-simple"},"acf":[],"_links":{"self":[{"href":"https:\/\/www.lianyuanceramic.com\/de\/wp-json\/wp\/v2\/product\/2753","targetHints":{"allow":["GET"]}}],"collection":[{"href":"https:\/\/www.lianyuanceramic.com\/de\/wp-json\/wp\/v2\/product"}],"about":[{"href":"https:\/\/www.lianyuanceramic.com\/de\/wp-json\/wp\/v2\/types\/product"}],"replies":[{"embeddable":true,"href":"https:\/\/www.lianyuanceramic.com\/de\/wp-json\/wp\/v2\/comments?post=2753"}],"wp:featuredmedia":[{"embeddable":true,"href":"https:\/\/www.lianyuanceramic.com\/de\/wp-json\/wp\/v2\/media\/2750"}],"wp:attachment":[{"href":"https:\/\/www.lianyuanceramic.com\/de\/wp-json\/wp\/v2\/media?parent=2753"}],"wp:term":[{"taxonomy":"product_brand","embeddable":true,"href":"https:\/\/www.lianyuanceramic.com\/de\/wp-json\/wp\/v2\/product_brand?post=2753"},{"taxonomy":"product_cat","embeddable":true,"href":"https:\/\/www.lianyuanceramic.com\/de\/wp-json\/wp\/v2\/product_cat?post=2753"},{"taxonomy":"product_tag","embeddable":true,"href":"https:\/\/www.lianyuanceramic.com\/de\/wp-json\/wp\/v2\/product_tag?post=2753"}],"curies":[{"name":"wp","href":"https:\/\/api.w.org\/{rel}","templated":true}]}}