{"id":2744,"date":"2026-03-12T02:02:00","date_gmt":"2026-03-12T02:02:00","guid":{"rendered":"https:\/\/www.lianyuanceramic.com\/?post_type=product&#038;p=2744"},"modified":"2026-03-12T02:02:00","modified_gmt":"2026-03-12T02:02:00","slug":"white-ceramic-dinner-plates-bulk","status":"publish","type":"product","link":"https:\/\/www.lianyuanceramic.com\/de\/produkt\/white-ceramic-dinner-plates-bulk\/","title":{"rendered":"Benutzerdefinierte wei\u00dfe keramische Teller Bulk, ovale Teller Pasta Fisch Teller Lieferant"},"content":{"rendered":"<div class=\"wp-block-columns is-layout-flex wp-container-core-columns-is-layout-9d6595d7 wp-block-columns-is-layout-flex\">\n<div class=\"wp-block-column is-layout-flow wp-block-column-is-layout-flow\">\n<h2 class=\"wp-block-heading\">Eigenschaften von White Ceramic Dinner Plates Bulk:<\/h2>\n\n\n\n<p><strong>Passt zu jedem Catering-Stil: <\/strong>Mit seiner soliden, reinwei\u00dfen Oberfl\u00e4che und dem minimalistischen, musterfreien Design passt dieses M\u00f6belst\u00fcck m\u00fchelos zu einer Vielzahl von \u00e4sthetischen Esszimmern, darunter moderne, luxuri\u00f6se und nordische Stile.<\/p>\n\n\n\n<p><strong>Hochwertiges Material:<\/strong> Der Sockel ist aus haltbarem Porzellan, das durch Handglasur und temperaturkontrolliertes Brennen veredelt wird, langlebig und modisch.<\/p>\n\n\n\n<p><strong>Handwerkliche Details: <\/strong>Die gleichm\u00e4\u00dfige Glasur und die glatt polierten Kanten sorgen f\u00fcr eine sichere Verwendung und unterstreichen das exquisite Gesamtbild.<\/p>\n\n\n\n<p><strong>Mikrowellen-, sp\u00fclmaschinen- und ofenfest:<\/strong>Die Servierplatten sind langlebig und sicher f\u00fcr Mikrowelle und Sp\u00fclmaschine. Recycelbar, gesund f\u00fcr den t\u00e4glichen Gebrauch. Es ist f\u00fcr seine Robustheit und Langlebigkeit getestet. <\/p>\n\n\n\n<p><strong>Leicht zu reinigen:<\/strong> Die glatte Glasur verhindert das Anhaften von Speisen - selbst dickfl\u00fcssige So\u00dfen oder \u00f6lige Gerichte lassen sich leicht absp\u00fclen. Die Platte l\u00e4sst sich sicher mit anderem Geschirr stapeln, um Platz im Schrank zu sparen. Eine praktische und stilvolle Erg\u00e4nzung f\u00fcr jede Geschirrsammlung.<\/p>\n<\/div>\n\n\n\n<div class=\"wp-block-column is-layout-flow wp-block-column-is-layout-flow\">\n<h2 class=\"wp-block-heading\">Benutzerdefinierte wei\u00dfe Keramik-Teller Bulk-L\u00f6sung:<\/h2>\n\n\n\n<p>Lianyuan bietet verschiedene individuelle Geschirroptionen an, die auf die Bed\u00fcrfnisse der Marke oder Modetrends abgestimmt sind und sich ideal f\u00fcr den privaten und gewerblichen Gebrauch eignen.<\/p>\n\n\n\n<p><strong>Entwurf:&nbsp;<\/strong>Verschiedene Formen und Muster.<\/p>\n\n\n\n<p><strong>Zusammensetzung des Sets:<\/strong>&nbsp;Individuelle Keramik-Tassensets mit Kombinationen aus Tassen, Schalen und L\u00f6ffeln.<\/p>\n\n\n\n<p><strong>Gr\u00f6\u00dfe:&nbsp;<\/strong>W\u00e4hlen Sie aus verschiedenen Gr\u00f6\u00dfen f\u00fcr unterschiedliche Mahlzeitenportionen.<\/p>\n\n\n\n<p><strong>Material:<\/strong>&nbsp;Keramik, Porzellan, Knochenporzellan oder erkundigen Sie sich nach Alternativen.<\/p>\n\n\n\n<p><strong>Handwerkliches K\u00f6nnen:&nbsp;<\/strong>Glasurabziehbilder, Ofenwechsel, handbemalt, Reliefmuster oder andere.<\/p>\n\n\n\n<p><strong>Verpackung:&nbsp;<\/strong>Bulk Pack, Farbkarton, Geschenkkarton, Pr\u00e4sentationskarton, Versandkarton, etc.<\/p>\n<\/div>\n<\/div>","protected":false},"excerpt":{"rendered":"<p>Individuelle wei\u00dfe Keramikteller f\u00fcr den Gro\u00dfhandel zeichnen sich durch ein elegantes, langlebiges Porzellandesign aus, das mikrowellen-, sp\u00fclmaschinen- und ofenfest ist - perfekt f\u00fcr Restaurants, Hotels und H\u00e4ndler von Keramikgeschirr mit hohem Publikumsverkehr. Gro\u00dfhandelspreise sind verf\u00fcgbar. Kontaktieren Sie uns noch heute f\u00fcr ein individuelles Angebot!<\/p>\n<h2>Wei\u00dfe Keramikteller Bulk Parameter:<\/h2>\n<table style=\"border-collapse: collapse; width: 370.82pt;\" border=\"0\" width=\"618\" cellspacing=\"0\" cellpadding=\"0\">\n<tbody>\n<tr style=\"height: 15.60pt;\">\n<td class=\"et3\" style=\"height: 15.60pt; width: 108.00pt;\" width=\"180\" height=\"26\">Hersteller<\/td>\n<td class=\"et3\" style=\"width: 263.25pt;\" width=\"438\">Lianyuan<\/td>\n<\/tr>\n<tr style=\"height: 15.60pt;\">\n<td class=\"et3\" style=\"height: 15.60pt;\" height=\"26\">Produkttyp<\/td>\n<td class=\"et3\">Essteller<\/td>\n<\/tr>\n<tr style=\"height: 15.60pt;\">\n<td class=\"et3\" style=\"height: 15.60pt;\" height=\"26\">Gestaltung<\/td>\n<td class=\"et3\">Ovale Form<\/td>\n<\/tr>\n<tr style=\"height: 15.60pt;\">\n<td class=\"et3\" style=\"height: 15.60pt;\" height=\"26\">Farbe<\/td>\n<td class=\"et3\">Wei\u00df<\/td>\n<\/tr>\n<tr style=\"height: 15.60pt;\">\n<td class=\"et3\" style=\"height: 15.60pt;\" height=\"26\">Material<\/td>\n<td class=\"et3\">Keramik<\/td>\n<\/tr>\n<tr style=\"height: 15.60pt;\">\n<td class=\"et3\" style=\"height: 15.60pt;\" height=\"26\">Verkaufende Einheiten<\/td>\n<td class=\"et3\">Einzelnes Element<\/td>\n<\/tr>\n<tr style=\"height: 15.60pt;\">\n<td class=\"et3\" style=\"height: 15.60pt;\" height=\"26\">Anmeldung<\/td>\n<td class=\"et3\">Mikrowellen- und sp\u00fclmaschinenfest, ofenfest<\/td>\n<\/tr>\n<tr style=\"height: 15.60pt;\">\n<td class=\"et3\" style=\"height: 15.60pt;\" height=\"26\">Benutzerdefiniert<\/td>\n<td class=\"et3\">Farbe\/Gr\u00f6\u00dfe\/Logo\/Verpackung<\/td>\n<\/tr>\n<\/tbody>\n<\/table>","protected":false},"featured_media":2751,"comment_status":"open","ping_status":"closed","template":"","meta":{"_acf_changed":false},"product_brand":[],"product_cat":[34],"product_tag":[30,29],"class_list":{"0":"post-2744","1":"product","2":"type-product","3":"status-publish","4":"has-post-thumbnail","6":"product_cat-bulk-ceramic-tableware-in-stock","7":"product_tag-custom-porcelain-dinnerware","8":"product_tag-hand-painted-embossed-dinnerware-wholesale","10":"first","11":"instock","12":"shipping-taxable","13":"product-type-simple"},"acf":[],"_links":{"self":[{"href":"https:\/\/www.lianyuanceramic.com\/de\/wp-json\/wp\/v2\/product\/2744","targetHints":{"allow":["GET"]}}],"collection":[{"href":"https:\/\/www.lianyuanceramic.com\/de\/wp-json\/wp\/v2\/product"}],"about":[{"href":"https:\/\/www.lianyuanceramic.com\/de\/wp-json\/wp\/v2\/types\/product"}],"replies":[{"embeddable":true,"href":"https:\/\/www.lianyuanceramic.com\/de\/wp-json\/wp\/v2\/comments?post=2744"}],"wp:featuredmedia":[{"embeddable":true,"href":"https:\/\/www.lianyuanceramic.com\/de\/wp-json\/wp\/v2\/media\/2751"}],"wp:attachment":[{"href":"https:\/\/www.lianyuanceramic.com\/de\/wp-json\/wp\/v2\/media?parent=2744"}],"wp:term":[{"taxonomy":"product_brand","embeddable":true,"href":"https:\/\/www.lianyuanceramic.com\/de\/wp-json\/wp\/v2\/product_brand?post=2744"},{"taxonomy":"product_cat","embeddable":true,"href":"https:\/\/www.lianyuanceramic.com\/de\/wp-json\/wp\/v2\/product_cat?post=2744"},{"taxonomy":"product_tag","embeddable":true,"href":"https:\/\/www.lianyuanceramic.com\/de\/wp-json\/wp\/v2\/product_tag?post=2744"}],"curies":[{"name":"wp","href":"https:\/\/api.w.org\/{rel}","templated":true}]}}