{"id":2743,"date":"2026-03-12T02:01:45","date_gmt":"2026-03-12T02:01:45","guid":{"rendered":"https:\/\/www.lianyuanceramic.com\/?post_type=product&#038;p=2743"},"modified":"2026-03-12T02:01:45","modified_gmt":"2026-03-12T02:01:45","slug":"custom-ceramic-dinner-plates","status":"publish","type":"product","link":"https:\/\/www.lianyuanceramic.com\/de\/produkt\/custom-ceramic-dinner-plates\/","title":{"rendered":"Benutzerdefinierte Keramik Teller, Bone China Runde wei\u00df gepr\u00e4gte Steak Teller Hersteller"},"content":{"rendered":"<div class=\"wp-block-columns is-layout-flex wp-container-core-columns-is-layout-9d6595d7 wp-block-columns-is-layout-flex\">\n<div class=\"wp-block-column is-layout-flow wp-block-column-is-layout-flow\">\n<h2 class=\"wp-block-heading\">Keramische Speiseteller Merkmale:<\/h2>\n\n\n\n<p><strong>Exquisite handwerkliche Details<\/strong>: Die konzentrische Ringstruktur am Tellerrand wird durch ein Pr\u00e4ge-\/Rotationsverfahren hergestellt, das die optische Schichtung verst\u00e4rkt und die Rutschfestigkeit beim Halten verbessert.<\/p>\n\n\n\n<p><strong>Klassische runde Form<\/strong>: Runder, flacher Teller mit breitem Rand, der mit feinen konzentrischen Ringen strukturiert ist, die das Design unterstreichen.<\/p>\n\n\n\n<p><strong>Langlebig f\u00fcr den t\u00e4glichen Gebrauch<\/strong>: Unser Teller ist aus extrem d\u00fcnnem und robustem Knochenporzellan gefertigt und bietet eine au\u00dfergew\u00f6hnliche Haltbarkeit. Er ist blei- und kadmiumfrei und somit ideal f\u00fcr den t\u00e4glichen Gebrauch.<\/p>\n\n\n\n<p><strong>Leicht zu reinigen:<\/strong> Die Glasur verhindert das Anhaften von Speisen, selbst dickfl\u00fcssige Saucen oder \u00f6lige Gerichte lassen sich leicht absp\u00fclen.<\/p>\n\n\n\n<p><strong>Stapelbares Design:<\/strong> Die runde Platte ist so konzipiert, dass sie sich bequem stapeln l\u00e4sst, was eine einfache und effiziente Aufbewahrung erm\u00f6glicht, um Platz auf Arbeitsplatten und in Schr\u00e4nken zu sparen.<\/p>\n\n\n\n<p><strong>Fabrik Stabile Versorgung: <\/strong>Von den Rohstoffen bis zu den fertigen Produkten \u00fcberwacht das professionelle Qualit\u00e4tskontrollteam von Liyuan den Prozess, um die Stabilit\u00e4t zu gew\u00e4hrleisten, und eignet sich damit f\u00fcr den Gro\u00dfeinkauf von Restaurants, Hotels und Gro\u00dfh\u00e4ndlern.<\/p>\n<\/div>\n\n\n\n<div class=\"wp-block-column is-layout-flow wp-block-column-is-layout-flow\">\n<h2 class=\"wp-block-heading\">Individuelle Keramik-Teller L\u00f6sung:<\/h2>\n\n\n\n<p>Lianyuan bietet verschiedene individuelle Geschirroptionen an, die auf die Bed\u00fcrfnisse der Marke oder Modetrends abgestimmt sind und sich ideal f\u00fcr den privaten und gewerblichen Gebrauch eignen.<\/p>\n\n\n\n<p><strong>Entwurf:&nbsp;<\/strong>Verschiedene Formen und Muster.<\/p>\n\n\n\n<p><strong>Zusammensetzung des Sets:<\/strong>&nbsp;Individuelle Keramik-Tassensets mit Kombinationen aus Tassen, Schalen und L\u00f6ffeln.<\/p>\n\n\n\n<p><strong>Gr\u00f6\u00dfe:&nbsp;<\/strong>W\u00e4hlen Sie aus verschiedenen Gr\u00f6\u00dfen f\u00fcr unterschiedliche Mahlzeitenportionen.<\/p>\n\n\n\n<p><strong>Material:<\/strong>&nbsp;Keramik, Porzellan, Knochenporzellan oder erkundigen Sie sich nach Alternativen.<\/p>\n\n\n\n<p><strong>Handwerkliches K\u00f6nnen:&nbsp;<\/strong>Glasurabziehbilder, Ofenwechsel, handbemalt, Reliefmuster oder andere.<\/p>\n\n\n\n<p><strong>Verpackung:&nbsp;<\/strong>Bulk Pack, Farbkarton, Geschenkkarton, Pr\u00e4sentationskarton, Versandkarton, etc.<\/p>\n<\/div>\n<\/div>","protected":false},"excerpt":{"rendered":"<p>Individuell gestaltete Keramikteller bestehen aus langlebigem Knochenporzellan, haben eine elegante konzentrische Ringstruktur und ein klassisches rundes Design, das sowohl optisch ansprechend als auch rutschfest ist. Leicht zu reinigen, stapelbar und ideal f\u00fcr Restaurants und Hotels. Wir unterst\u00fctzen Gro\u00dfbestellungen und kundenspezifische L\u00f6sungen. Bitte fragen Sie jetzt an!<\/p>\n<h2>BCeramic Speiseteller Parameter<\/h2>\n<table style=\"border-collapse: collapse; width: 370.82pt;\" border=\"0\" width=\"618\" cellspacing=\"0\" cellpadding=\"0\">\n<tbody>\n<tr style=\"height: 15.60pt;\">\n<td class=\"et3\" style=\"height: 15.60pt; width: 108.00pt;\" width=\"180\" height=\"26\">Hersteller<\/td>\n<td class=\"et3\" style=\"width: 263.25pt;\" width=\"438\">Lianyuan<\/td>\n<\/tr>\n<tr style=\"height: 15.60pt;\">\n<td class=\"et3\" style=\"height: 15.60pt;\" height=\"26\">Stil<\/td>\n<td class=\"et3\">Tafelgeschirr<\/td>\n<\/tr>\n<tr style=\"height: 15.60pt;\">\n<td class=\"et3\" style=\"height: 15.60pt;\" height=\"26\">Gestaltung<\/td>\n<td class=\"et3\">Runde Form<\/td>\n<\/tr>\n<tr style=\"height: 15.60pt;\">\n<td class=\"et3\" style=\"height: 15.60pt;\" height=\"26\">Farbe<\/td>\n<td class=\"et3\">Wei\u00df<\/td>\n<\/tr>\n<tr style=\"height: 15.60pt;\">\n<td class=\"et3\" style=\"height: 15.60pt;\" height=\"26\">Material<\/td>\n<td class=\"et3\">Bone China<\/td>\n<\/tr>\n<tr style=\"height: 15.60pt;\">\n<td class=\"et3\" style=\"height: 15.60pt;\" height=\"26\">Verkaufende Einheiten<\/td>\n<td class=\"et3\">Einzelnes Element<\/td>\n<\/tr>\n<tr style=\"height: 15.60pt;\">\n<td class=\"et3\" style=\"height: 15.60pt;\" height=\"26\">Anmeldung<\/td>\n<td class=\"et3\">Mikrowellen- und sp\u00fclmaschinenfest, ofenfest<\/td>\n<\/tr>\n<tr style=\"height: 15.60pt;\">\n<td class=\"et3\" style=\"height: 15.60pt;\" height=\"26\">Benutzerdefiniert<\/td>\n<td class=\"et3\">Farbe\/Gr\u00f6\u00dfe\/Logo\/Verpackung<\/td>\n<\/tr>\n<\/tbody>\n<\/table>","protected":false},"featured_media":2752,"comment_status":"open","ping_status":"closed","template":"","meta":{"_acf_changed":false},"product_brand":[],"product_cat":[34],"product_tag":[31],"class_list":{"0":"post-2743","1":"product","2":"type-product","3":"status-publish","4":"has-post-thumbnail","6":"product_cat-bulk-ceramic-tableware-in-stock","7":"product_tag-bone-china-dinnerware-wholesale","9":"first","10":"instock","11":"shipping-taxable","12":"product-type-simple"},"acf":[],"_links":{"self":[{"href":"https:\/\/www.lianyuanceramic.com\/de\/wp-json\/wp\/v2\/product\/2743","targetHints":{"allow":["GET"]}}],"collection":[{"href":"https:\/\/www.lianyuanceramic.com\/de\/wp-json\/wp\/v2\/product"}],"about":[{"href":"https:\/\/www.lianyuanceramic.com\/de\/wp-json\/wp\/v2\/types\/product"}],"replies":[{"embeddable":true,"href":"https:\/\/www.lianyuanceramic.com\/de\/wp-json\/wp\/v2\/comments?post=2743"}],"wp:featuredmedia":[{"embeddable":true,"href":"https:\/\/www.lianyuanceramic.com\/de\/wp-json\/wp\/v2\/media\/2752"}],"wp:attachment":[{"href":"https:\/\/www.lianyuanceramic.com\/de\/wp-json\/wp\/v2\/media?parent=2743"}],"wp:term":[{"taxonomy":"product_brand","embeddable":true,"href":"https:\/\/www.lianyuanceramic.com\/de\/wp-json\/wp\/v2\/product_brand?post=2743"},{"taxonomy":"product_cat","embeddable":true,"href":"https:\/\/www.lianyuanceramic.com\/de\/wp-json\/wp\/v2\/product_cat?post=2743"},{"taxonomy":"product_tag","embeddable":true,"href":"https:\/\/www.lianyuanceramic.com\/de\/wp-json\/wp\/v2\/product_tag?post=2743"}],"curies":[{"name":"wp","href":"https:\/\/api.w.org\/{rel}","templated":true}]}}