{"id":2694,"date":"2026-01-19T03:39:54","date_gmt":"2026-01-19T03:39:54","guid":{"rendered":"https:\/\/www.lianyuanceramic.com\/?post_type=product&#038;p=2694"},"modified":"2026-01-19T03:43:48","modified_gmt":"2026-01-19T03:43:48","slug":"wholesale-western-themed-dinnerware","status":"publish","type":"product","link":"https:\/\/www.lianyuanceramic.com\/de\/produkt\/wholesale-western-themed-dinnerware\/","title":{"rendered":"Gro\u00dfhandel Western Themed Geschirr, Vintage Decal-Print Dessert Serviergeschirr Custom"},"content":{"rendered":"<div class=\"wp-block-columns is-layout-flex wp-container-core-columns-is-layout-9d6595d7 wp-block-columns-is-layout-flex\">\n<div class=\"wp-block-column is-layout-flow wp-block-column-is-layout-flow\">\n<h2 class=\"wp-block-heading\">Western-Themengeschirr:<\/h2>\n\n\n\n<p><strong>Sicheres Material mit hervorragender Textur:<\/strong> Hergestellt aus hochreiner, bei hoher Temperatur gebrannter Keramik, blei- und kadmiumfrei, die den Sicherheitsstandards f\u00fcr den Kontakt mit Lebensmitteln entspricht. Die Oberfl\u00e4che ist gleichm\u00e4\u00dfig glasiert und weist matte, gl\u00e4nzende oder unterglasierte Farbstrukturen auf, die sich zart und glatt anf\u00fchlen und das sensorische Erlebnis beim Genuss von Desserts verbessern.<\/p>\n\n\n\n<p><strong>Exquisite Form f\u00fcr Dessert-Szenarien: <\/strong>Sie sind haupts\u00e4chlich als flache Teller (2-4 cm tief) mit einem Durchmesser von 15-20 cm konzipiert und eignen sich zum Platzieren verschiedener Desserts wie Kuchen, Macarons, Puddings und Obsttorten. Zu den g\u00e4ngigen Formen geh\u00f6ren runde, quadratische und unregelm\u00e4\u00dfige Sonderformen (z. B. Bl\u00fctenblatt, Wolke), mit glatten und gratfreien Kanten, die \u00c4sthetik und Nutzungssicherheit in Einklang bringen.<\/p>\n\n\n\n<p><strong>Hohe Temperaturbest\u00e4ndigkeit: <\/strong>H\u00e4lt Temperaturunterschieden von -20\u2103 bis 120\u2103 stand, ist mit der Lagerung im K\u00fchlschrank und der kurzzeitigen Erw\u00e4rmung in der Mikrowelle (bei einigen Modellen) kompatibel und passt sich dem gesamten Szenario der Desserts von der kalten Lagerung bis zum Servieren an.<\/p>\n\n\n\n<p><strong>Starke Dekorativit\u00e4t &amp; vielf\u00e4ltige Stile<\/strong>: Mit Unterglasurmalerei, \u00dcberglasurmalerei, Abziehbildern, Handmalerei und anderen Verfahren umfassen die Muster einfache Unifarben, Retromuster, frische Fr\u00fcchte, leichte Luxusvergoldung usw. Es passt zu verschiedenen Wohn- und Gastronomiestilen wie nordisch, japanisch, franz\u00f6sisch und leicht luxuri\u00f6s und dient sowohl als Geschirr als auch als dekorative Verzierung f\u00fcr den Esstisch.<\/p>\n\n\n\n<p><strong>Stabile Struktur<\/strong>: Das Keramikgeh\u00e4use hat eine moderate Dicke (3-5 mm), die Tragbarkeit und Bruchsicherheit ausgleicht und im t\u00e4glichen Gebrauch nicht leicht bricht.<\/p>\n\n\n\n<p><strong>Hohe Praktikabilit\u00e4t:<\/strong> Der Boden ist mit einer rutschfesten Kante versehen, um ein Verrutschen auf dem Tisch zu verhindern, und einige Modelle sind mit flachen Rillen versehen, um ein \u00dcberlaufen der Dessertsauce zu vermeiden.<\/p>\n\n\n\n<p><strong>Leicht zu reinigen:<\/strong> Die dichte, glasierte Oberfl\u00e4che ist \u00f6lbest\u00e4ndig, Flecken lassen sich leicht absp\u00fclen, und sie ist f\u00fcr eine bequeme Reinigung sp\u00fclmaschinenfest.<\/p>\n<\/div>\n\n\n\n<div class=\"wp-block-column is-layout-flow wp-block-column-is-layout-flow\">\n<h2 class=\"wp-block-heading\">Individuelles Western-Themengeschirr:<\/h2>\n\n\n\n<p>Lianyuan bietet verschiedene individuelle Geschirroptionen an, die auf die Bed\u00fcrfnisse der Marke oder Modetrends abgestimmt sind und sich ideal f\u00fcr den privaten und gewerblichen Gebrauch eignen.<\/p>\n\n\n\n<p><strong>Entwurf:&nbsp;<\/strong>Verschiedene Formen und Muster.<\/p>\n\n\n\n<p><strong>Zusammensetzung des Sets:<\/strong>&nbsp;Individuelle Keramik-Tassensets mit Kombinationen aus Tassen, Schalen und L\u00f6ffeln.<\/p>\n\n\n\n<p><strong>Gr\u00f6\u00dfe:&nbsp;<\/strong>W\u00e4hlen Sie aus verschiedenen Gr\u00f6\u00dfen f\u00fcr unterschiedliche Mahlzeitenportionen.<\/p>\n\n\n\n<p><strong>Material:<\/strong>&nbsp;Keramik, Porzellan, Knochenporzellan oder erkundigen Sie sich nach Alternativen.<\/p>\n\n\n\n<p><strong>Handwerkliches K\u00f6nnen:&nbsp;<\/strong>Glasurabziehbilder, Ofenwechsel, handbemalt, Reliefmuster oder andere.<\/p>\n\n\n\n<p><strong>Verpackung:&nbsp;<\/strong>Bulk Pack, Farbkarton, Geschenkkarton, Pr\u00e4sentationskarton, Versandkarton, etc.<\/p>\n<\/div>\n<\/div>\n\n\n\n<div class=\"wp-block-columns is-layout-flex wp-container-core-columns-is-layout-9d6595d7 wp-block-columns-is-layout-flex\">\n<div class=\"wp-block-column is-layout-flow wp-block-column-is-layout-flow\">\n<figure class=\"wp-block-image size-full\"><img decoding=\"async\" width=\"800\" height=\"800\" src=\"https:\/\/www.lianyuanceramic.com\/wp-content\/uploads\/2026\/01\/custom-ceramic-dessert-plate.webp\" alt=\"Keramik-Dessertteller nach Ma\u00df\" class=\"wp-image-2693\" srcset=\"https:\/\/www.lianyuanceramic.com\/wp-content\/uploads\/2026\/01\/custom-ceramic-dessert-plate.webp 800w, https:\/\/www.lianyuanceramic.com\/wp-content\/uploads\/2026\/01\/custom-ceramic-dessert-plate-300x300.webp 300w, https:\/\/www.lianyuanceramic.com\/wp-content\/uploads\/2026\/01\/custom-ceramic-dessert-plate-150x150.webp 150w, https:\/\/www.lianyuanceramic.com\/wp-content\/uploads\/2026\/01\/custom-ceramic-dessert-plate-768x768.webp 768w, https:\/\/www.lianyuanceramic.com\/wp-content\/uploads\/2026\/01\/custom-ceramic-dessert-plate-12x12.webp 12w, https:\/\/www.lianyuanceramic.com\/wp-content\/uploads\/2026\/01\/custom-ceramic-dessert-plate-600x600.webp 600w, https:\/\/www.lianyuanceramic.com\/wp-content\/uploads\/2026\/01\/custom-ceramic-dessert-plate-100x100.webp 100w\" sizes=\"(max-width: 800px) 100vw, 800px\" \/><\/figure>\n<\/div>\n\n\n\n<div class=\"wp-block-column is-layout-flow wp-block-column-is-layout-flow\">\n<figure class=\"wp-block-image size-full\"><img decoding=\"async\" width=\"800\" height=\"800\" src=\"https:\/\/www.lianyuanceramic.com\/wp-content\/uploads\/2026\/01\/Custom-ceramic-Decal-print-Dessert-Dinnerware.webp\" alt=\"Individuelles-Keramik-Dekal-Druck-Geschirr\" class=\"wp-image-2708\" srcset=\"https:\/\/www.lianyuanceramic.com\/wp-content\/uploads\/2026\/01\/Custom-ceramic-Decal-print-Dessert-Dinnerware.webp 800w, https:\/\/www.lianyuanceramic.com\/wp-content\/uploads\/2026\/01\/Custom-ceramic-Decal-print-Dessert-Dinnerware-300x300.webp 300w, https:\/\/www.lianyuanceramic.com\/wp-content\/uploads\/2026\/01\/Custom-ceramic-Decal-print-Dessert-Dinnerware-150x150.webp 150w, https:\/\/www.lianyuanceramic.com\/wp-content\/uploads\/2026\/01\/Custom-ceramic-Decal-print-Dessert-Dinnerware-768x768.webp 768w, https:\/\/www.lianyuanceramic.com\/wp-content\/uploads\/2026\/01\/Custom-ceramic-Decal-print-Dessert-Dinnerware-12x12.webp 12w, https:\/\/www.lianyuanceramic.com\/wp-content\/uploads\/2026\/01\/Custom-ceramic-Decal-print-Dessert-Dinnerware-600x600.webp 600w, https:\/\/www.lianyuanceramic.com\/wp-content\/uploads\/2026\/01\/Custom-ceramic-Decal-print-Dessert-Dinnerware-100x100.webp 100w\" sizes=\"(max-width: 800px) 100vw, 800px\" \/><\/figure>\n<\/div>\n<\/div>\n\n\n\n<p><\/p>","protected":false},"excerpt":{"rendered":"<p>Gro\u00dfhandelsgeschirr mit Westernmotiven, handgezeichneten Burgszenen, Vintage-Mustern und rustikalem Charme. Perfekt f\u00fcr verschiedene Essensszenen. Langlebiges Porzellan, Gro\u00dfhandelspreis von Lianyuan. Kontaktieren Sie uns jetzt f\u00fcr ein Angebot.<\/p>\n<h2>Western-Themengeschirr Parameter<\/h2>\n<table style=\"border-collapse: collapse; width: 370.82pt;\" border=\"0\" width=\"618\" cellspacing=\"0\" cellpadding=\"0\">\n<tbody>\n<tr style=\"height: 15.60pt;\">\n<td class=\"et3\" style=\"height: 15.60pt; width: 108.00pt;\" width=\"180\" height=\"26\">Hersteller<\/td>\n<td class=\"et3\" style=\"width: 263.25pt;\" width=\"438\">Lianyuan<\/td>\n<\/tr>\n<tr style=\"height: 15.60pt;\">\n<td class=\"et3\" style=\"height: 15.60pt;\" height=\"26\">Produkttyp<\/td>\n<td class=\"et3\">Abendessen Dessertteller<\/td>\n<\/tr>\n<tr style=\"height: 15.60pt;\">\n<td class=\"et3\" style=\"height: 15.60pt;\" height=\"26\">Gestaltung<\/td>\n<td class=\"et3\">achteckiges gekr\u00e4useltes unregelm\u00e4\u00dfiges Blech<\/td>\n<\/tr>\n<tr style=\"height: 15.60pt;\">\n<td class=\"et3\" style=\"height: 15.60pt;\" height=\"26\">Farbe<\/td>\n<td class=\"et3\">rote Vintage-Glasur<\/td>\n<\/tr>\n<tr style=\"height: 15.60pt;\">\n<td class=\"et3\" style=\"height: 15.60pt;\" height=\"26\">Material<\/td>\n<td class=\"et3\">Dauerhaftes Porzellan<\/td>\n<\/tr>\n<tr style=\"height: 15.60pt;\">\n<td class=\"et3\" style=\"height: 15.60pt;\" height=\"26\">Verkaufende Einheiten<\/td>\n<td class=\"et3\">Einzelnes Element<\/td>\n<\/tr>\n<tr style=\"height: 15.60pt;\">\n<td class=\"et3\" style=\"height: 15.60pt;\" height=\"26\">Anmeldung<\/td>\n<td class=\"et3\">Mikrowellen- und sp\u00fclmaschinenfest, ofenfest<\/td>\n<\/tr>\n<tr style=\"height: 15.60pt;\">\n<td class=\"et3\" style=\"height: 15.60pt;\" height=\"26\">Benutzerdefiniert<\/td>\n<td class=\"et3\">Farbe\/Gr\u00f6\u00dfe\/Logo\/Verpackung<\/td>\n<\/tr>\n<\/tbody>\n<\/table>","protected":false},"featured_media":2707,"comment_status":"open","ping_status":"closed","template":"","meta":{"_acf_changed":false},"product_brand":[],"product_cat":[17],"product_tag":[30,29,27],"class_list":{"0":"post-2694","1":"product","2":"type-product","3":"status-publish","4":"has-post-thumbnail","6":"product_cat-dinnerware-wholesale","7":"product_tag-custom-porcelain-dinnerware","8":"product_tag-hand-painted-embossed-dinnerware-wholesale","9":"product_tag-wholesale-decal-ceramics","11":"first","12":"instock","13":"shipping-taxable","14":"product-type-simple"},"acf":[],"_links":{"self":[{"href":"https:\/\/www.lianyuanceramic.com\/de\/wp-json\/wp\/v2\/product\/2694","targetHints":{"allow":["GET"]}}],"collection":[{"href":"https:\/\/www.lianyuanceramic.com\/de\/wp-json\/wp\/v2\/product"}],"about":[{"href":"https:\/\/www.lianyuanceramic.com\/de\/wp-json\/wp\/v2\/types\/product"}],"replies":[{"embeddable":true,"href":"https:\/\/www.lianyuanceramic.com\/de\/wp-json\/wp\/v2\/comments?post=2694"}],"wp:featuredmedia":[{"embeddable":true,"href":"https:\/\/www.lianyuanceramic.com\/de\/wp-json\/wp\/v2\/media\/2707"}],"wp:attachment":[{"href":"https:\/\/www.lianyuanceramic.com\/de\/wp-json\/wp\/v2\/media?parent=2694"}],"wp:term":[{"taxonomy":"product_brand","embeddable":true,"href":"https:\/\/www.lianyuanceramic.com\/de\/wp-json\/wp\/v2\/product_brand?post=2694"},{"taxonomy":"product_cat","embeddable":true,"href":"https:\/\/www.lianyuanceramic.com\/de\/wp-json\/wp\/v2\/product_cat?post=2694"},{"taxonomy":"product_tag","embeddable":true,"href":"https:\/\/www.lianyuanceramic.com\/de\/wp-json\/wp\/v2\/product_tag?post=2694"}],"curies":[{"name":"wp","href":"https:\/\/api.w.org\/{rel}","templated":true}]}}