{"id":2629,"date":"2026-01-15T12:24:26","date_gmt":"2026-01-15T12:24:26","guid":{"rendered":"https:\/\/www.lianyuanceramic.com\/?post_type=product&#038;p=2629"},"modified":"2026-03-10T03:01:02","modified_gmt":"2026-03-10T03:01:02","slug":"ceramic-dinner-plates-wholesale","status":"publish","type":"product","link":"https:\/\/www.lianyuanceramic.com\/de\/produkt\/ceramic-dinner-plates-wholesale\/","title":{"rendered":"Keramische Speiseteller Gro\u00dfhandel, kristalline Glasur Dessert servieren Platten Custom"},"content":{"rendered":"<div class=\"wp-block-columns is-layout-flex wp-container-core-columns-is-layout-9d6595d7 wp-block-columns-is-layout-flex\">\n<div class=\"wp-block-column is-layout-flow wp-block-column-is-layout-flow\">\n<h2 class=\"wp-block-heading\">Keramische Speiseteller Merkmale:<\/h2>\n\n\n\n<p><strong>Einzigartiges dekoratives Muster<\/strong>: Die Oberfl\u00e4che ist mit wei\u00dfen, bl\u00fctenblatt\u00e4hnlichen Details verziert, die ein exquisites und k\u00fcnstlerisches Aussehen erzeugen, das an verstreute Bl\u00fctenbl\u00e4tter erinnert.<\/p>\n\n\n\n<p><strong>Zarte Glasur<\/strong>: Die Oberfl\u00e4che hat eine glatte und gl\u00e4nzende Glasur mit sanften Farbt\u00f6nen (z.B. hellgelb oder hellblau), die den optischen Gesamteindruck verst\u00e4rken.<\/p>\n\n\n\n<p><strong>Eleganter und moderner Stil<\/strong>: Das Design verbindet moderne Keramikkunst mit k\u00fcnstlerischer Dekoration und schafft eine elegante Atmosph\u00e4re mit einzigartigen und kreativen Elementen.<\/p>\n\n\n\n<p><strong>Vielseitiger Einsatz<\/strong>: Dieser Teller eignet sich zum Ausstellen, Servieren von delikaten Gerichten oder als Dekorationsgegenstand und ist somit ideal f\u00fcr gehobene Restaurants oder als Tischdekoration f\u00fcr den privaten Bereich.<\/p>\n\n\n\n<p><strong>Einfaches Stapeln und Reinigen<\/strong>: Gro\u00dfhandel Essteller sind in einer ovalen Form, die weniger Platz in Ihrem Schrank und Geschirrsp\u00fcler nimmt entworfen.<\/p>\n<\/div>\n\n\n\n<div class=\"wp-block-column is-layout-flow wp-block-column-is-layout-flow\">\n<h2 class=\"wp-block-heading\">Individuelle Keramikteller<\/h2>\n\n\n\n<p>Lianyuan bietet eine Vielzahl individueller, auf Markenbed\u00fcrfnisse oder Modetrends zugeschnittener Geschirroptionen, die sich sowohl f\u00fcr den privaten als auch f\u00fcr den gewerblichen Gebrauch eignen.<\/p>\n\n\n\n<p><strong>Entwurf:&nbsp;<\/strong>Verschiedene Formen und Muster.<\/p>\n\n\n\n<p><strong>Zusammensetzung des Sets:<\/strong>&nbsp;Individuelle Keramik-Tassensets mit Kombinationen aus Tassen, Schalen und L\u00f6ffeln.<\/p>\n\n\n\n<p><strong>Gr\u00f6\u00dfe:&nbsp;<\/strong>W\u00e4hlen Sie aus verschiedenen Gr\u00f6\u00dfen f\u00fcr unterschiedliche Mahlzeitenportionen.<\/p>\n\n\n\n<p><strong>Material:<\/strong>&nbsp;Keramik, Porzellan, Knochenporzellan oder erkundigen Sie sich nach Alternativen.<\/p>\n\n\n\n<p><strong>Handwerkliches K\u00f6nnen:&nbsp;<\/strong>Glasurabziehbilder, Ofenwechsel, handbemalt, Reliefmuster oder andere.<\/p>\n\n\n\n<p><strong>Verpackung:&nbsp;<\/strong>Bulk Pack, Farbkarton, Geschenkkarton, Pr\u00e4sentationskarton, Versandkarton, etc.<\/p>\n<\/div>\n<\/div>\n\n\n\n<div class=\"wp-block-columns is-layout-flex wp-container-core-columns-is-layout-9d6595d7 wp-block-columns-is-layout-flex\">\n<div class=\"wp-block-column is-layout-flow wp-block-column-is-layout-flow\">\n<figure class=\"wp-block-image size-full\"><img decoding=\"async\" width=\"800\" height=\"800\" src=\"https:\/\/www.lianyuanceramic.com\/wp-content\/uploads\/2026\/01\/custom-ceramic-crystalline-glaze-plates-1.webp\" alt=\"kundenspezifische keramische kristalline Glasurplatten\" class=\"wp-image-2641\" srcset=\"https:\/\/www.lianyuanceramic.com\/wp-content\/uploads\/2026\/01\/custom-ceramic-crystalline-glaze-plates-1.webp 800w, https:\/\/www.lianyuanceramic.com\/wp-content\/uploads\/2026\/01\/custom-ceramic-crystalline-glaze-plates-1-300x300.webp 300w, https:\/\/www.lianyuanceramic.com\/wp-content\/uploads\/2026\/01\/custom-ceramic-crystalline-glaze-plates-1-150x150.webp 150w, https:\/\/www.lianyuanceramic.com\/wp-content\/uploads\/2026\/01\/custom-ceramic-crystalline-glaze-plates-1-768x768.webp 768w, https:\/\/www.lianyuanceramic.com\/wp-content\/uploads\/2026\/01\/custom-ceramic-crystalline-glaze-plates-1-12x12.webp 12w, https:\/\/www.lianyuanceramic.com\/wp-content\/uploads\/2026\/01\/custom-ceramic-crystalline-glaze-plates-1-600x600.webp 600w, https:\/\/www.lianyuanceramic.com\/wp-content\/uploads\/2026\/01\/custom-ceramic-crystalline-glaze-plates-1-100x100.webp 100w\" sizes=\"(max-width: 800px) 100vw, 800px\" \/><\/figure>\n<\/div>\n\n\n\n<div class=\"wp-block-column is-layout-flow wp-block-column-is-layout-flow\">\n<figure class=\"wp-block-image size-full\"><img decoding=\"async\" width=\"800\" height=\"800\" src=\"https:\/\/www.lianyuanceramic.com\/wp-content\/uploads\/2026\/01\/wholesale-ceramic-round-dessert-plate-supplier-1.webp\" alt=\"Gro\u00dfhandel Keramik runden Dessertteller Lieferant\" class=\"wp-image-2646\" srcset=\"https:\/\/www.lianyuanceramic.com\/wp-content\/uploads\/2026\/01\/wholesale-ceramic-round-dessert-plate-supplier-1.webp 800w, https:\/\/www.lianyuanceramic.com\/wp-content\/uploads\/2026\/01\/wholesale-ceramic-round-dessert-plate-supplier-1-300x300.webp 300w, https:\/\/www.lianyuanceramic.com\/wp-content\/uploads\/2026\/01\/wholesale-ceramic-round-dessert-plate-supplier-1-150x150.webp 150w, https:\/\/www.lianyuanceramic.com\/wp-content\/uploads\/2026\/01\/wholesale-ceramic-round-dessert-plate-supplier-1-768x768.webp 768w, https:\/\/www.lianyuanceramic.com\/wp-content\/uploads\/2026\/01\/wholesale-ceramic-round-dessert-plate-supplier-1-12x12.webp 12w, https:\/\/www.lianyuanceramic.com\/wp-content\/uploads\/2026\/01\/wholesale-ceramic-round-dessert-plate-supplier-1-600x600.webp 600w, https:\/\/www.lianyuanceramic.com\/wp-content\/uploads\/2026\/01\/wholesale-ceramic-round-dessert-plate-supplier-1-100x100.webp 100w\" sizes=\"(max-width: 800px) 100vw, 800px\" \/><\/figure>\n<\/div>\n<\/div>\n\n\n\n<p><\/p>","protected":false},"excerpt":{"rendered":"<p><span class=\"a-list-item\">Lianyuan Keramik Essteller Gro\u00dfhandel, ovale Dessertteller mit Kristallglasur und wei\u00dfem Bl\u00fctenblatt Design. Elegant, modern, stapelbar, leicht zu reinigen. Perfekt f\u00fcr gehobene Restaurants oder Heimdekoration. Bulk-Anpassung ist verf\u00fcgbar. Kontaktieren Sie uns, um mehr Gro\u00dfhandel Angebote zu erhalten!<\/span><\/p>\n<h2>Keramik-Speiseteller Parameter<\/h2>\n<table style=\"border-collapse: collapse; width: 370.82pt;\" border=\"0\" width=\"618\" cellspacing=\"0\" cellpadding=\"0\">\n<tbody>\n<tr style=\"height: 15.60pt;\">\n<td class=\"et3\" style=\"height: 15.60pt; width: 108.00pt;\" width=\"180\" height=\"26\">Hersteller<\/td>\n<td class=\"et3\" style=\"width: 263.25pt;\" width=\"438\">Lianyuan<\/td>\n<\/tr>\n<tr style=\"height: 15.60pt;\">\n<td class=\"et3\" style=\"height: 15.60pt;\" height=\"26\">Produkttyp<\/td>\n<td class=\"et3\">Serviergeschirr, Speiseteller<\/td>\n<\/tr>\n<tr style=\"height: 15.60pt;\">\n<td class=\"et3\" style=\"height: 15.60pt;\" height=\"26\">Muster<\/td>\n<td class=\"et3\">Kristall<\/td>\n<\/tr>\n<tr style=\"height: 15.60pt;\">\n<td class=\"et3\" style=\"height: 15.60pt;\" height=\"26\">Farbe<\/td>\n<td class=\"et3\">Gelb, Gr\u00fcn<\/td>\n<\/tr>\n<tr style=\"height: 15.60pt;\">\n<td class=\"et3\" style=\"height: 15.60pt;\" height=\"26\">Material<\/td>\n<td class=\"et3\">Dauerhaftes Porzellan<\/td>\n<\/tr>\n<tr style=\"height: 15.60pt;\">\n<td class=\"et3\" style=\"height: 15.60pt;\" height=\"26\">Handwerkliches K\u00f6nnen<\/td>\n<td class=\"et3\">Kristalline Glasur\u00a0<\/td>\n<\/tr>\n<tr style=\"height: 15.60pt;\">\n<td class=\"et3\" style=\"height: 15.60pt;\" height=\"26\">Anmeldung<\/td>\n<td class=\"et3\">Mikrowellen- und sp\u00fclmaschinenfest, ofenfest<\/td>\n<\/tr>\n<tr style=\"height: 15.60pt;\">\n<td class=\"et3\" style=\"height: 15.60pt;\" height=\"26\">Benutzerdefiniert<\/td>\n<td class=\"et3\">Farbe\/Gr\u00f6\u00dfe\/Logo\/Verpackung<\/td>\n<\/tr>\n<\/tbody>\n<\/table>","protected":false},"featured_media":2644,"comment_status":"open","ping_status":"closed","template":"","meta":{"_acf_changed":false},"product_brand":[],"product_cat":[17],"product_tag":[30,29],"class_list":{"0":"post-2629","1":"product","2":"type-product","3":"status-publish","4":"has-post-thumbnail","6":"product_cat-dinnerware-wholesale","7":"product_tag-custom-porcelain-dinnerware","8":"product_tag-hand-painted-embossed-dinnerware-wholesale","10":"first","11":"instock","12":"shipping-taxable","13":"product-type-simple"},"acf":[],"_links":{"self":[{"href":"https:\/\/www.lianyuanceramic.com\/de\/wp-json\/wp\/v2\/product\/2629","targetHints":{"allow":["GET"]}}],"collection":[{"href":"https:\/\/www.lianyuanceramic.com\/de\/wp-json\/wp\/v2\/product"}],"about":[{"href":"https:\/\/www.lianyuanceramic.com\/de\/wp-json\/wp\/v2\/types\/product"}],"replies":[{"embeddable":true,"href":"https:\/\/www.lianyuanceramic.com\/de\/wp-json\/wp\/v2\/comments?post=2629"}],"wp:featuredmedia":[{"embeddable":true,"href":"https:\/\/www.lianyuanceramic.com\/de\/wp-json\/wp\/v2\/media\/2644"}],"wp:attachment":[{"href":"https:\/\/www.lianyuanceramic.com\/de\/wp-json\/wp\/v2\/media?parent=2629"}],"wp:term":[{"taxonomy":"product_brand","embeddable":true,"href":"https:\/\/www.lianyuanceramic.com\/de\/wp-json\/wp\/v2\/product_brand?post=2629"},{"taxonomy":"product_cat","embeddable":true,"href":"https:\/\/www.lianyuanceramic.com\/de\/wp-json\/wp\/v2\/product_cat?post=2629"},{"taxonomy":"product_tag","embeddable":true,"href":"https:\/\/www.lianyuanceramic.com\/de\/wp-json\/wp\/v2\/product_tag?post=2629"}],"curies":[{"name":"wp","href":"https:\/\/api.w.org\/{rel}","templated":true}]}}