{"id":259,"date":"2024-10-19T13:30:10","date_gmt":"2024-10-19T13:30:10","guid":{"rendered":"https:\/\/www.lianyuanceramic.com\/?post_type=product&#038;p=259"},"modified":"2024-12-28T14:10:04","modified_gmt":"2024-12-28T14:10:04","slug":"porcelain-dinnerware-set-wholesale","status":"publish","type":"product","link":"https:\/\/www.lianyuanceramic.com\/de\/produkt\/porcelain-dinnerware-set-wholesale\/","title":{"rendered":"Porzellangeschirr Set Gro\u00dfhandel Floral Einzigartige Geschirr Set"},"content":{"rendered":"<div class=\"wp-block-columns is-layout-flex wp-container-core-columns-is-layout-9d6595d7 wp-block-columns-is-layout-flex\">\n<div class=\"wp-block-column is-layout-flow wp-block-column-is-layout-flow\"><\/div>\n\n\n\n<div class=\"wp-block-column is-layout-flow wp-block-column-is-layout-flow\"><\/div>\n<\/div>\n\n\n\n<div class=\"wp-block-columns is-layout-flex wp-container-core-columns-is-layout-9d6595d7 wp-block-columns-is-layout-flex\">\n<div class=\"wp-block-column is-layout-flow wp-block-column-is-layout-flow\">\n<figure class=\"wp-block-image size-full\"><img decoding=\"async\" width=\"532\" height=\"861\" src=\"https:\/\/www.lianyuanceramic.com\/wp-content\/uploads\/2024\/10\/porcelain-dinnerware-set-wholesale-1-1.webp\" alt=\"Porzellangeschirr im Gro\u00dfhandel\" class=\"wp-image-421\" srcset=\"https:\/\/www.lianyuanceramic.com\/wp-content\/uploads\/2024\/10\/porcelain-dinnerware-set-wholesale-1-1.webp 532w, https:\/\/www.lianyuanceramic.com\/wp-content\/uploads\/2024\/10\/porcelain-dinnerware-set-wholesale-1-1-185x300.webp 185w\" sizes=\"(max-width: 532px) 100vw, 532px\" \/><\/figure>\n<\/div>\n\n\n\n<div class=\"wp-block-column is-layout-flow wp-block-column-is-layout-flow\">\n<h2 class=\"wp-block-heading\">Porzellan-Geschirrset Merkmale:<\/h2>\n\n\n\n<p><strong>Glasierte Abziehbilder und handgemalte Details<\/strong><br>Jedes Geschirrset besteht aus glasierten Abziehbildern und handgemalten Verzierungen, die ein einzigartiges und zartes Blumenmuster bilden und jedes Geschirr zu einem sorgf\u00e4ltig gefertigten Kunstwerk machen.<\/p>\n\n\n\n<p><strong>Proposition 65-konform<\/strong><br>Dieses Set entspricht der California Proposition 65 und enth\u00e4lt keine sch\u00e4dlichen Chemikalien; es ist sehr sicher f\u00fcr den langfristigen Gebrauch.<\/p>\n\n\n\n<p><strong>Lebhaftes und sch\u00f6nes G\u00e4nsebl\u00fcmchen<\/strong><br>Das fr\u00f6hliche G\u00e4nsebl\u00fcmchen-Muster sorgt f\u00fcr einen wundersch\u00f6nen und gem\u00fctlichen Look auf dem Tisch, perfekt f\u00fcr zwanglose, allt\u00e4gliche Zusammenk\u00fcnfte oder besondere Anl\u00e4sse wie den Nachmittagstee.<\/p>\n\n\n\n<p><strong>Strapazierf\u00e4hig und langlebig<\/strong><br>Die Verwendung der In-Glasur-Technologie kann das helle Blumenmuster sch\u00fctzen und es f\u00fcr lange Zeit wie neu aussehen lassen.<\/p>\n\n\n\n<h2 class=\"wp-block-heading\">Individuelles Porzellangeschirr<\/h2>\n\n\n\n<p>Bei Lianyuan k\u00f6nnen erfahrene Designer und Formenbauer Ihre unbegrenzten Bed\u00fcrfnisse und Ideen umsetzen. Wir bieten umfassende OEM- und ODM-L\u00f6sungen.<\/p>\n\n\n\n<p><strong>Entwurf:&nbsp;<\/strong>W\u00e4hlen Sie florale Muster oder entwerfen Sie Ihr eigenes Design.<\/p>\n\n\n\n<p><strong>Zusammensetzung des Sets:<\/strong>&nbsp;Dazu geh\u00f6ren Essteller, Salatteller, Sch\u00fcsseln, Tassen, Becher, usw.<\/p>\n\n\n\n<p><strong>Gr\u00f6\u00dfe:&nbsp;<\/strong>Verschiedene Gr\u00f6\u00dfen von Alltagsgeschirr und anpassbare Spezifikationen.<\/p>\n\n\n\n<p><strong>Material:<\/strong>&nbsp;Keramik, Porzellan, Knochenporzellan oder erkundigen Sie sich nach Alternativen.<\/p>\n\n\n\n<p><strong>Handwerkliches K\u00f6nnen:&nbsp;<\/strong>Glasurabziehbilder, Ofenwechsel, handbemalt, Reliefmuster oder andere.<\/p>\n\n\n\n<p><strong>Verpackung:&nbsp;<\/strong>Bulk Pack, Farbkarton, Geschenkkarton, Pr\u00e4sentationskarton, Versandkarton, etc.<\/p>\n<\/div>\n<\/div>\n\n\n\n<p><\/p>","protected":false},"excerpt":{"rendered":"<p>Gro\u00dfhandel Porzellangeschirr-Sets f\u00fcr 8, 12, 32, unterst\u00fctzen kundenspezifische Gr\u00f6\u00dfen und Sets. Dieses hochwertige Geschirr-Set, mit glatter Oberfl\u00e4che und Herbstblumen-Design, ist elegant und geeignet f\u00fcr jeden Anlass. Willkommen bei Lianyuan Ceramics Hersteller f\u00fcr eine kostenlose Anfrage zu kontaktieren.<\/p>\n<h2>Porzellan-Geschirrset Parameter<\/h2>\n<table style=\"border-collapse: collapse; width: 353.02pt;\" border=\"0\" width=\"353\" cellspacing=\"0\" cellpadding=\"0\">\n<tbody>\n<tr style=\"height: 17.60pt;\">\n<td class=\"et2\" style=\"height: 17.60pt; width: 82.50pt;\" width=\"82\" height=\"17\">Hersteller<\/td>\n<td class=\"et2\" style=\"width: 270.80pt;\" width=\"270\">Lianyuan<\/td>\n<\/tr>\n<tr style=\"height: 34.00pt;\">\n<td class=\"et2\" style=\"height: 34.00pt;\" height=\"34\">Produkttyp<\/td>\n<td class=\"et3\" style=\"width: 270.80pt;\" width=\"270\">Keramische Teller, Sch\u00fcsseln, Serviergeschirr, Kaffeetassen und -kannen, Zuckerdose, Kanne<\/td>\n<\/tr>\n<tr style=\"height: 17.60pt;\">\n<td class=\"et2\" style=\"height: 17.60pt;\" height=\"17\">Muster<\/td>\n<td class=\"et2\">Blumen\u00a0<\/td>\n<\/tr>\n<tr style=\"height: 17.60pt;\">\n<td class=\"et2\" style=\"height: 17.60pt;\" height=\"17\">Farbe<\/td>\n<td class=\"et2\">Mehrfarbig<\/td>\n<\/tr>\n<tr style=\"height: 17.60pt;\">\n<td class=\"et2\" style=\"height: 17.60pt;\" height=\"17\">Material<\/td>\n<td class=\"et2\">Dauerhaftes Porzellan<\/td>\n<\/tr>\n<tr style=\"height: 17.60pt;\">\n<td class=\"et2\" style=\"height: 17.60pt;\" height=\"17\">Handwerkliches K\u00f6nnen<\/td>\n<td class=\"et2\">Einglasiertes Abziehbild, Handbemalung<\/td>\n<\/tr>\n<tr style=\"height: 17.60pt;\">\n<td class=\"et2\" style=\"height: 17.60pt;\" height=\"17\">Anmeldung<\/td>\n<td class=\"et2\">Mikrowellen- und sp\u00fclmaschinenfest, ofenfest<\/td>\n<\/tr>\n<tr style=\"height: 17.60pt;\">\n<td class=\"et2\" style=\"height: 17.60pt;\" height=\"17\">Benutzerdefiniert<\/td>\n<td class=\"et2\">Farbe\/Gr\u00f6\u00dfe\/Logo\/Verpackung<\/td>\n<\/tr>\n<\/tbody>\n<\/table>\n<p>&nbsp;<\/p>","protected":false},"featured_media":424,"comment_status":"open","ping_status":"closed","template":"","meta":{"_acf_changed":false},"product_brand":[],"product_cat":[17],"product_tag":[30,29,27],"class_list":{"0":"post-259","1":"product","2":"type-product","3":"status-publish","4":"has-post-thumbnail","6":"product_cat-dinnerware-wholesale","7":"product_tag-custom-porcelain-dinnerware","8":"product_tag-hand-painted-embossed-dinnerware-wholesale","9":"product_tag-wholesale-decal-ceramics","11":"first","12":"instock","13":"shipping-taxable","14":"product-type-simple"},"acf":[],"_links":{"self":[{"href":"https:\/\/www.lianyuanceramic.com\/de\/wp-json\/wp\/v2\/product\/259","targetHints":{"allow":["GET"]}}],"collection":[{"href":"https:\/\/www.lianyuanceramic.com\/de\/wp-json\/wp\/v2\/product"}],"about":[{"href":"https:\/\/www.lianyuanceramic.com\/de\/wp-json\/wp\/v2\/types\/product"}],"replies":[{"embeddable":true,"href":"https:\/\/www.lianyuanceramic.com\/de\/wp-json\/wp\/v2\/comments?post=259"}],"wp:featuredmedia":[{"embeddable":true,"href":"https:\/\/www.lianyuanceramic.com\/de\/wp-json\/wp\/v2\/media\/424"}],"wp:attachment":[{"href":"https:\/\/www.lianyuanceramic.com\/de\/wp-json\/wp\/v2\/media?parent=259"}],"wp:term":[{"taxonomy":"product_brand","embeddable":true,"href":"https:\/\/www.lianyuanceramic.com\/de\/wp-json\/wp\/v2\/product_brand?post=259"},{"taxonomy":"product_cat","embeddable":true,"href":"https:\/\/www.lianyuanceramic.com\/de\/wp-json\/wp\/v2\/product_cat?post=259"},{"taxonomy":"product_tag","embeddable":true,"href":"https:\/\/www.lianyuanceramic.com\/de\/wp-json\/wp\/v2\/product_tag?post=259"}],"curies":[{"name":"wp","href":"https:\/\/api.w.org\/{rel}","templated":true}]}}