{"id":2583,"date":"2025-12-31T03:04:46","date_gmt":"2025-12-31T03:04:46","guid":{"rendered":"https:\/\/www.lianyuanceramic.com\/?post_type=product&#038;p=2583"},"modified":"2025-12-31T03:04:47","modified_gmt":"2025-12-31T03:04:47","slug":"wholesale-ceramic-candle-holder","status":"publish","type":"product","link":"https:\/\/www.lianyuanceramic.com\/de\/produkt\/wholesale-ceramic-candle-holder\/","title":{"rendered":"Gro\u00dfhandel keramische Kerze Halter, Luxus Decal Tischdekor Mittelst\u00fcck f\u00fcr Home Decor"},"content":{"rendered":"<div class=\"wp-block-columns is-layout-flex wp-container-core-columns-is-layout-9d6595d7 wp-block-columns-is-layout-flex\">\n<div class=\"wp-block-column is-layout-flow wp-block-column-is-layout-flow\">\n<h2 class=\"wp-block-heading\">Keramik-Kerzenst\u00e4nder Merkmale:<\/h2>\n\n\n\n<p><strong>Praktische Tragwerksplanung:<\/strong> Er hat eine 3-armige Verzweigungsform, die mehrere Kerzen aufnehmen kann.<\/p>\n\n\n\n<p><strong>Europ\u00e4ischer dekorativer Stil:<\/strong> Die farbenfrohen Blumenmotive auf dem schwarzen Sockel werden mit geschnitzten Mustern aus goldenem Metall im europ\u00e4ischen Stil kombiniert und verleihen ihm einen luxuri\u00f6sen Retro-Stil.<\/p>\n\n\n\n<p><strong>Hochwertiges Material:<\/strong> Der Rahmen ist aus vergoldetem Kupfer gefertigt, gepaart mit einem dekorativen Material mit applizierten Blumenmustern auf schwarzem Hintergrund.<\/p>\n\n\n\n<p><strong>Mehrfache Anwendung:<\/strong> Stellen Sie einen Kerzenhalter frei auf einen Tisch, Kaminsims, B\u00fccherregal, Bartresen, gibt die perfekte Atmosph\u00e4re. Sie sind auch sehr geeignet f\u00fcr Hochzeiten, Geburtstage, Weihnachten, Partys und andere festliche Anl\u00e4sse.<\/p>\n\n\n\n<p><strong>OEM&amp;ODM-Dienst: <\/strong>Wir bieten Ihnen einen individuellen Kerzenhalter-Service aus einer Hand, um exklusive Keramik-Kerzenhalter nach Ihren W\u00fcnschen zu gestalten.<\/p>\n\n\n\n<p><\/p>\n<\/div>\n\n\n\n<div class=\"wp-block-column is-layout-flow wp-block-column-is-layout-flow\">\n<figure class=\"wp-block-image size-full\"><img decoding=\"async\" width=\"800\" height=\"800\" src=\"https:\/\/www.lianyuanceramic.com\/wp-content\/uploads\/2025\/12\/wholesale-ceramic-candle-holders.webp\" alt=\"Gro\u00dfhandel Keramik Kerzenhalter\" class=\"wp-image-2609\" srcset=\"https:\/\/www.lianyuanceramic.com\/wp-content\/uploads\/2025\/12\/wholesale-ceramic-candle-holders.webp 800w, https:\/\/www.lianyuanceramic.com\/wp-content\/uploads\/2025\/12\/wholesale-ceramic-candle-holders-300x300.webp 300w, https:\/\/www.lianyuanceramic.com\/wp-content\/uploads\/2025\/12\/wholesale-ceramic-candle-holders-150x150.webp 150w, https:\/\/www.lianyuanceramic.com\/wp-content\/uploads\/2025\/12\/wholesale-ceramic-candle-holders-768x768.webp 768w, https:\/\/www.lianyuanceramic.com\/wp-content\/uploads\/2025\/12\/wholesale-ceramic-candle-holders-12x12.webp 12w, https:\/\/www.lianyuanceramic.com\/wp-content\/uploads\/2025\/12\/wholesale-ceramic-candle-holders-600x600.webp 600w, https:\/\/www.lianyuanceramic.com\/wp-content\/uploads\/2025\/12\/wholesale-ceramic-candle-holders-100x100.webp 100w\" sizes=\"(max-width: 800px) 100vw, 800px\" \/><\/figure>\n<\/div>\n<\/div>\n\n\n\n<div class=\"wp-block-columns is-layout-flex wp-container-core-columns-is-layout-9d6595d7 wp-block-columns-is-layout-flex\">\n<div class=\"wp-block-column is-layout-flow wp-block-column-is-layout-flow\">\n<figure class=\"wp-block-image size-full\"><img decoding=\"async\" width=\"800\" height=\"800\" src=\"https:\/\/www.lianyuanceramic.com\/wp-content\/uploads\/2025\/12\/custom-decal-ceramic-candlestick-holder.webp\" alt=\"Keramik-Kerzenst\u00e4nder mit individuellem Aufkleber\" class=\"wp-image-2608\" srcset=\"https:\/\/www.lianyuanceramic.com\/wp-content\/uploads\/2025\/12\/custom-decal-ceramic-candlestick-holder.webp 800w, https:\/\/www.lianyuanceramic.com\/wp-content\/uploads\/2025\/12\/custom-decal-ceramic-candlestick-holder-300x300.webp 300w, https:\/\/www.lianyuanceramic.com\/wp-content\/uploads\/2025\/12\/custom-decal-ceramic-candlestick-holder-150x150.webp 150w, https:\/\/www.lianyuanceramic.com\/wp-content\/uploads\/2025\/12\/custom-decal-ceramic-candlestick-holder-768x768.webp 768w, https:\/\/www.lianyuanceramic.com\/wp-content\/uploads\/2025\/12\/custom-decal-ceramic-candlestick-holder-12x12.webp 12w, https:\/\/www.lianyuanceramic.com\/wp-content\/uploads\/2025\/12\/custom-decal-ceramic-candlestick-holder-600x600.webp 600w, https:\/\/www.lianyuanceramic.com\/wp-content\/uploads\/2025\/12\/custom-decal-ceramic-candlestick-holder-100x100.webp 100w\" sizes=\"(max-width: 800px) 100vw, 800px\" \/><\/figure>\n<\/div>\n\n\n\n<div class=\"wp-block-column is-layout-flow wp-block-column-is-layout-flow\">\n<h2 class=\"wp-block-heading\">Individueller Keramik-Kerzenhalter:<\/h2>\n\n\n\n<p>Lianyuan bietet OEM- und ODM-L\u00f6sungen f\u00fcr kundenspezifische keramische Heimdekoration an und schafft wettbewerbsf\u00e4hige L\u00f6sungen mit exquisiter Handwerkskunst und Design.<\/p>\n\n\n\n<p><strong>Entwurf:<\/strong> Individuelles Design nach Kundenwunsch in verschiedenen Stilen wie pastoral, modern, klassisch, schlicht usw.<\/p>\n\n\n\n<p><strong>Farbe und Glasur: <\/strong>Es gibt eine Vielzahl von Farben und Glasuren, z. B. matt, gl\u00e4nzend usw.<\/p>\n\n\n\n<p><strong>Gr\u00f6\u00dfe: <\/strong>Unterst\u00fctzung der Anpassung verschiedener Gr\u00f6\u00dfen, um eine perfekte Anpassung an unterschiedliche R\u00e4ume zu gew\u00e4hrleisten.<\/p>\n\n\n\n<p><strong>Muster und Textur:<\/strong> Verschiedene Muster, Texturen und Schnitzereien k\u00f6nnen individuell gestaltet werden, um unterschiedlichen kulturellen und \u00e4sthetischen Bed\u00fcrfnissen gerecht zu werden.<\/p>\n\n\n\n<p><strong>Funktionsweise: <\/strong>Produkte, die sowohl dekorativ als auch praktisch sind, wie Keramikvasen, Ornamente usw., k\u00f6nnen je nach Bedarf angepasst werden.<\/p>\n\n\n\n<p><strong>Kunsthandwerk:<\/strong> Glasurabziehbilder, Ofenwechsel, handgemalte, gepr\u00e4gte Muster oder andere.<\/p>\n\n\n\n<p><strong>Verpackung: <\/strong>Gro\u00dfverpackungen, farbige Kartons, Geschenkkartons, Displaykartons, Versandkartons usw.<\/p>\n<\/div>\n<\/div>","protected":false},"excerpt":{"rendered":"<div class=\"D5aOJc vJwDU\">\n<div data-zone-id=\"0\" data-line-index=\"0\" data-line=\"true\">\n<div class=\"dad65929\">\n<div class=\"f9bf7997 d7dc56a8 c05b5566\">\n<div class=\"ds-markdown ds-markdown--block\">\n<p>Gro\u00dfhandel Keramik Kerzenhalter verf\u00fcgt \u00fcber ein elegantes Design, ein perfektes Geschenk f\u00fcr Hochzeiten, Weihnachten, Geburtstage, Duschen und Housewarming. Lianyuan Hersteller Versorgung, ODM\/OEM Dienstleistungen. Kontaktieren Sie uns, um ein Angebot zu erhalten!<\/p>\n<\/div>\n<\/div>\n<\/div>\n<\/div>\n<\/div>\n<h2>Keramik-Kerzenst\u00e4nder Parameter:<\/h2>\n<table style=\"border-collapse: collapse; width: 370.82pt;\" border=\"0\" width=\"618\" cellspacing=\"0\" cellpadding=\"0\">\n<tbody>\n<tr style=\"height: 15.60pt;\">\n<td class=\"et3\" style=\"height: 15.60pt; width: 108.00pt;\" width=\"180\" height=\"26\">Hersteller<\/td>\n<td class=\"et3\" style=\"width: 263.25pt;\" width=\"438\">Lianyuan<\/td>\n<\/tr>\n<tr style=\"height: 15.60pt;\">\n<td class=\"et3\" style=\"height: 15.60pt;\" height=\"26\">Produkttyp<\/td>\n<td class=\"et3\">Kerzenst\u00e4nder<\/td>\n<\/tr>\n<tr style=\"height: 15.60pt;\">\n<td class=\"et3\" style=\"height: 15.60pt;\" height=\"26\">Muster<\/td>\n<td class=\"et3\">Pure Farbe Einfachheit<\/td>\n<\/tr>\n<tr style=\"height: 15.60pt;\">\n<td class=\"et3\" style=\"height: 15.60pt;\" height=\"26\">Farbe<\/td>\n<td class=\"et3\">Multi<\/td>\n<\/tr>\n<tr style=\"height: 15.60pt;\">\n<td class=\"et3\" style=\"height: 15.60pt;\" height=\"26\">Material<\/td>\n<td class=\"et3\">Dauerhaftes Porzellan<\/td>\n<\/tr>\n<tr style=\"height: 15.60pt;\">\n<td class=\"et3\" style=\"height: 15.60pt;\" height=\"26\">Handwerkliches K\u00f6nnen<\/td>\n<td class=\"et3\">In-Glasiertes Abziehbild, Handbemalung<\/td>\n<\/tr>\n<tr style=\"height: 15.60pt;\">\n<td class=\"et3\" style=\"height: 15.60pt;\" height=\"26\">Anmeldung<\/td>\n<td class=\"et3\">Wohnkultur, Essen, Hochzeit, Party<\/td>\n<\/tr>\n<tr style=\"height: 15.60pt;\">\n<td class=\"et3\" style=\"height: 15.60pt;\" height=\"26\">Benutzerdefiniert<\/td>\n<td class=\"et3\">Farbe\/Gr\u00f6\u00dfe\/Logo\/Verpackung<\/td>\n<\/tr>\n<\/tbody>\n<\/table>","protected":false},"featured_media":2608,"comment_status":"open","ping_status":"closed","template":"","meta":{"_acf_changed":false},"product_brand":[],"product_cat":[21],"product_tag":[29,27],"class_list":{"0":"post-2583","1":"product","2":"type-product","3":"status-publish","4":"has-post-thumbnail","6":"product_cat-ceramic-home-decor-manufacturer","7":"product_tag-hand-painted-embossed-dinnerware-wholesale","8":"product_tag-wholesale-decal-ceramics","10":"first","11":"instock","12":"shipping-taxable","13":"product-type-simple"},"acf":[],"_links":{"self":[{"href":"https:\/\/www.lianyuanceramic.com\/de\/wp-json\/wp\/v2\/product\/2583","targetHints":{"allow":["GET"]}}],"collection":[{"href":"https:\/\/www.lianyuanceramic.com\/de\/wp-json\/wp\/v2\/product"}],"about":[{"href":"https:\/\/www.lianyuanceramic.com\/de\/wp-json\/wp\/v2\/types\/product"}],"replies":[{"embeddable":true,"href":"https:\/\/www.lianyuanceramic.com\/de\/wp-json\/wp\/v2\/comments?post=2583"}],"wp:featuredmedia":[{"embeddable":true,"href":"https:\/\/www.lianyuanceramic.com\/de\/wp-json\/wp\/v2\/media\/2608"}],"wp:attachment":[{"href":"https:\/\/www.lianyuanceramic.com\/de\/wp-json\/wp\/v2\/media?parent=2583"}],"wp:term":[{"taxonomy":"product_brand","embeddable":true,"href":"https:\/\/www.lianyuanceramic.com\/de\/wp-json\/wp\/v2\/product_brand?post=2583"},{"taxonomy":"product_cat","embeddable":true,"href":"https:\/\/www.lianyuanceramic.com\/de\/wp-json\/wp\/v2\/product_cat?post=2583"},{"taxonomy":"product_tag","embeddable":true,"href":"https:\/\/www.lianyuanceramic.com\/de\/wp-json\/wp\/v2\/product_tag?post=2583"}],"curies":[{"name":"wp","href":"https:\/\/api.w.org\/{rel}","templated":true}]}}