{"id":258,"date":"2024-10-20T02:04:15","date_gmt":"2024-10-20T02:04:15","guid":{"rendered":"https:\/\/www.lianyuanceramic.com\/?post_type=product&#038;p=258"},"modified":"2025-01-16T14:32:50","modified_gmt":"2025-01-16T14:32:50","slug":"chocolate-fondue-set-wholesale","status":"publish","type":"product","link":"https:\/\/www.lianyuanceramic.com\/de\/produkt\/chocolate-fondue-set-wholesale\/","title":{"rendered":"Keramische Schokolade Fondue Gro\u00dfhandel f\u00fcr Schmelzen von Sahne und K\u00e4se"},"content":{"rendered":"<div class=\"wp-block-columns is-layout-flex wp-container-core-columns-is-layout-9d6595d7 wp-block-columns-is-layout-flex\">\n<div class=\"wp-block-column is-layout-flow wp-block-column-is-layout-flow\">\n<h2 class=\"wp-block-heading\">Schokoladen-Fondue Eigenschaften:<\/h2>\n\n\n\n<p><strong>Mehrere Farboptionen<\/strong><br>Mehrere Farboptionen (rot, gr\u00fcn, schwarz, rosa und braun) k\u00f6nnen unterschiedliche Anforderungen erf\u00fcllen und die visuelle Attraktivit\u00e4t des Produkts erh\u00f6hen.<\/p>\n\n\n\n<p><strong>Mehrfache Verwendung<\/strong><br>Schmelzen Sie m\u00fchelos Schokolade und K\u00e4se zum Dippen von Obst, Desserts, Gem\u00fcse, Brot, Keksen, Marshmallows, L\u00f6ffelbiskuits und vielem mehr.<\/p>\n\n\n\n<p><strong>W\u00e4rmekonservierung<\/strong><br>Durch die Verwendung von hochwertigem keramischem Material, kann die Dicke den W\u00e4rmeerhaltungseffekt verbessern, durch die Verwendung von Teelicht-Heizung, kann es die Temperatur der Lebensmittel f\u00fcr eine lange Zeit ohne zu brennen halten.<\/p>\n\n\n\n<p><strong>Bequem und schnell<\/strong><br>Klein und einfach, leicht und benutzerfreundlich, perfekt f\u00fcr die Bewirtung von G\u00e4sten!<\/p>\n\n\n\n<p><strong>Leicht zu reinigen, sp\u00fclmaschinenfest<\/strong><br>Die Keramikoberfl\u00e4che ist glatt, leicht zu reinigen und kann in der Sp\u00fclmaschine gereinigt werden.<\/p>\n\n\n\n<p><strong>Romantisches und elegantes Design<\/strong><br>Das Set eignet sich perfekt f\u00fcr romantische Abende, Jubil\u00e4en, Geburtstage oder andere besondere Anl\u00e4sse und kann auch an Orten verwendet werden, die nicht mit Strom versorgt werden k\u00f6nnen.<\/p>\n<\/div>\n\n\n\n<div class=\"wp-block-column is-layout-flow wp-block-column-is-layout-flow\">\n<figure class=\"wp-block-image size-full\"><img decoding=\"async\" width=\"626\" height=\"626\" src=\"https:\/\/www.lianyuanceramic.com\/wp-content\/uploads\/2024\/10\/Chocolate-Fondue-Set-Wholesale.webp\" alt=\"Schokoladen-Fondue-Set-Gro\u00dfhandel\" class=\"wp-image-278\" srcset=\"https:\/\/www.lianyuanceramic.com\/wp-content\/uploads\/2024\/10\/Chocolate-Fondue-Set-Wholesale.webp 626w, https:\/\/www.lianyuanceramic.com\/wp-content\/uploads\/2024\/10\/Chocolate-Fondue-Set-Wholesale-300x300.webp 300w, https:\/\/www.lianyuanceramic.com\/wp-content\/uploads\/2024\/10\/Chocolate-Fondue-Set-Wholesale-150x150.webp 150w, https:\/\/www.lianyuanceramic.com\/wp-content\/uploads\/2024\/10\/Chocolate-Fondue-Set-Wholesale-600x600.webp 600w, https:\/\/www.lianyuanceramic.com\/wp-content\/uploads\/2024\/10\/Chocolate-Fondue-Set-Wholesale-100x100.webp 100w\" sizes=\"(max-width: 626px) 100vw, 626px\" \/><\/figure>\n<\/div>\n<\/div>\n\n\n\n<div class=\"wp-block-columns is-layout-flex wp-container-core-columns-is-layout-9d6595d7 wp-block-columns-is-layout-flex\">\n<div class=\"wp-block-column is-layout-flow wp-block-column-is-layout-flow\">\n<figure class=\"wp-block-image size-full\"><img decoding=\"async\" width=\"461\" height=\"461\" src=\"https:\/\/www.lianyuanceramic.com\/wp-content\/uploads\/2025\/01\/chocolate-fondue-cup-wholesale-custom-2.webp\" alt=\"Schokolade Fondue Tasse Gro\u00dfhandel benutzerdefinierte\" class=\"wp-image-1008\" srcset=\"https:\/\/www.lianyuanceramic.com\/wp-content\/uploads\/2025\/01\/chocolate-fondue-cup-wholesale-custom-2.webp 461w, https:\/\/www.lianyuanceramic.com\/wp-content\/uploads\/2025\/01\/chocolate-fondue-cup-wholesale-custom-2-300x300.webp 300w, https:\/\/www.lianyuanceramic.com\/wp-content\/uploads\/2025\/01\/chocolate-fondue-cup-wholesale-custom-2-150x150.webp 150w, https:\/\/www.lianyuanceramic.com\/wp-content\/uploads\/2025\/01\/chocolate-fondue-cup-wholesale-custom-2-12x12.webp 12w, https:\/\/www.lianyuanceramic.com\/wp-content\/uploads\/2025\/01\/chocolate-fondue-cup-wholesale-custom-2-100x100.webp 100w\" sizes=\"(max-width: 461px) 100vw, 461px\" \/><\/figure>\n<\/div>\n\n\n\n<div class=\"wp-block-column is-layout-flow wp-block-column-is-layout-flow\">\n<h2 class=\"wp-block-heading\">Individuelles Schokoladenfondue<\/h2>\n\n\n\n<p>Lianyuan, der Hersteller von keramischem Geschirr, kann Ihnen einen kompletten Anpassungsservice anbieten, um Ihre Ideen zu verwirklichen.<\/p>\n\n\n\n<p><strong>Gr\u00f6\u00dfe und Form: <\/strong>Enth\u00e4lt runde, ovale, rechteckige und kundenspezifische Gr\u00f6\u00dfen.<br><strong>Material und Dicke:<\/strong> Dauerhafte Keramik, hitzebest\u00e4ndiger Ton, Porzellan, Steinzeug, nach Ma\u00df in verschiedenen St\u00e4rken und Hitzebest\u00e4ndigkeiten.<br><strong>Beendet: <\/strong>Zu den Optionen geh\u00f6ren matte, gl\u00e4nzende oder strukturierte Oberfl\u00e4chen.<br><strong>Verzierung\/Muster: <\/strong>Individuelle Grafiken, Designs oder Logos, einschlie\u00dflich Abziehbilder, handbemalt und gepr\u00e4gt.<br><strong>Paket: <\/strong>Ma\u00dfgeschneiderte Verpackungen f\u00fcr Gro\u00dfbestellungen, Geschenksets oder den Vertrieb im Einzelhandel mit personalisierter Beschriftung oder Branding.<\/p>\n<\/div>\n<\/div>","protected":false},"excerpt":{"rendered":"<p>Fabrikdirektverkauf Keramik Schokoladenfondue zum Schmelzen von Sahne und K\u00e4se. Ob es sich um ein Familientreffen oder ein Urlaubsgeschenk handelt, es ist der beste w\u00e4rmeisolierende und leichte Schokoladen-Fonduetopf. Anpassungsm\u00f6glichkeiten und eine Vielzahl von Farben sind verf\u00fcgbar.<\/p>\n<h2>Schokoladen-Fondue Parameter<\/h2>\n<table style=\"border-collapse: collapse; width: 370.82pt;\" border=\"0\" width=\"618\" cellspacing=\"0\" cellpadding=\"0\">\n<tbody>\n<tr style=\"height: 15.60pt;\">\n<td class=\"et3\" style=\"height: 15.60pt; width: 108.00pt;\" width=\"180\" height=\"26\">Hersteller<\/td>\n<td class=\"et3\" style=\"width: 263.25pt;\" width=\"438\">Lianyuan<\/td>\n<\/tr>\n<tr style=\"height: 15.60pt;\">\n<td class=\"et3\" style=\"height: 15.60pt;\" height=\"26\">Produkttyp<\/td>\n<td class=\"et3\">Schokoladenfondue,K\u00e4sefondue<\/td>\n<\/tr>\n<tr style=\"height: 15.60pt;\">\n<td class=\"et3\" style=\"height: 15.60pt;\" height=\"26\">Muster<\/td>\n<td class=\"et3\">Modern<\/td>\n<\/tr>\n<tr style=\"height: 15.60pt;\">\n<td class=\"et3\" style=\"height: 15.60pt;\" height=\"26\">Farbe<\/td>\n<td class=\"et3\">Gr\u00fcn, Grau, Schwarz, etc.<\/td>\n<\/tr>\n<tr style=\"height: 15.60pt;\">\n<td class=\"et3\" style=\"height: 15.60pt;\" height=\"26\">Material<\/td>\n<td class=\"et3\">Dauerhaftes Porzellan<\/td>\n<\/tr>\n<tr style=\"height: 15.60pt;\">\n<td class=\"et3\" style=\"height: 15.60pt;\" height=\"26\">Handwerkliches K\u00f6nnen<\/td>\n<td class=\"et3\">Farbe Glasur<\/td>\n<\/tr>\n<tr style=\"height: 15.60pt;\">\n<td class=\"et3\" style=\"height: 15.60pt;\" height=\"26\">Anmeldung<\/td>\n<td class=\"et3\">Mikrowellen- und sp\u00fclmaschinenfest, ofenfest<\/td>\n<\/tr>\n<tr style=\"height: 15.60pt;\">\n<td class=\"et3\" style=\"height: 15.60pt;\" height=\"26\">Benutzerdefiniert<\/td>\n<td class=\"et3\">Farbe\/Gr\u00f6\u00dfe\/Logo\/Verpackung<\/td>\n<\/tr>\n<\/tbody>\n<\/table>","protected":false},"featured_media":278,"comment_status":"open","ping_status":"closed","template":"","meta":{"_acf_changed":false},"product_brand":[],"product_cat":[20],"product_tag":[30],"class_list":{"0":"post-258","1":"product","2":"type-product","3":"status-publish","4":"has-post-thumbnail","6":"product_cat-custom-bakeware-casserole-dish","7":"product_tag-custom-porcelain-dinnerware","9":"first","10":"instock","11":"shipping-taxable","12":"product-type-simple"},"acf":[],"_links":{"self":[{"href":"https:\/\/www.lianyuanceramic.com\/de\/wp-json\/wp\/v2\/product\/258","targetHints":{"allow":["GET"]}}],"collection":[{"href":"https:\/\/www.lianyuanceramic.com\/de\/wp-json\/wp\/v2\/product"}],"about":[{"href":"https:\/\/www.lianyuanceramic.com\/de\/wp-json\/wp\/v2\/types\/product"}],"replies":[{"embeddable":true,"href":"https:\/\/www.lianyuanceramic.com\/de\/wp-json\/wp\/v2\/comments?post=258"}],"wp:featuredmedia":[{"embeddable":true,"href":"https:\/\/www.lianyuanceramic.com\/de\/wp-json\/wp\/v2\/media\/278"}],"wp:attachment":[{"href":"https:\/\/www.lianyuanceramic.com\/de\/wp-json\/wp\/v2\/media?parent=258"}],"wp:term":[{"taxonomy":"product_brand","embeddable":true,"href":"https:\/\/www.lianyuanceramic.com\/de\/wp-json\/wp\/v2\/product_brand?post=258"},{"taxonomy":"product_cat","embeddable":true,"href":"https:\/\/www.lianyuanceramic.com\/de\/wp-json\/wp\/v2\/product_cat?post=258"},{"taxonomy":"product_tag","embeddable":true,"href":"https:\/\/www.lianyuanceramic.com\/de\/wp-json\/wp\/v2\/product_tag?post=258"}],"curies":[{"name":"wp","href":"https:\/\/api.w.org\/{rel}","templated":true}]}}