{"id":248,"date":"2024-10-19T17:08:07","date_gmt":"2024-10-19T17:08:07","guid":{"rendered":"https:\/\/www.lianyuanceramic.com\/?post_type=product&#038;p=248"},"modified":"2024-12-28T14:09:55","modified_gmt":"2024-12-28T14:09:55","slug":"ceramic-bakeware-wholesale","status":"publish","type":"product","link":"https:\/\/www.lianyuanceramic.com\/de\/produkt\/ceramic-bakeware-wholesale\/","title":{"rendered":"Gro\u00dfhandel Keramik Backformen Antihaft mit Deckel f\u00fcr Toaster Backofen"},"content":{"rendered":"<div class=\"wp-block-columns is-layout-flex wp-container-core-columns-is-layout-9d6595d7 wp-block-columns-is-layout-flex\">\n<div class=\"wp-block-column is-layout-flow wp-block-column-is-layout-flow\">\n<h2 class=\"wp-block-heading\">Keramik-Backformen Merkmale:<\/h2>\n\n\n\n<p><strong>Hochwertiges keramisches Material<\/strong><br>Hergestellt aus haltbarer, kratzfester Glasur und nicht reaktiver und ungiftiger Keramik, flecken- und geruchsresistent<\/p>\n\n\n\n<p><strong>Brennvorgang<\/strong><br>Durch das Brennen bei 1280 Grad erh\u00e4lt das Porzellan eine hohe Dichte, verhindert die Feuchtigkeitsaufnahme und beugt Rissen und Spr\u00fcngen vor.<\/p>\n\n\n\n<p><strong>Hochwertiger California 65 Standard<\/strong><br>Erf\u00fcllt die Sicherheitsnormen des Kalifornien 65, um sicherzustellen, dass es keine sch\u00e4dlichen Substanzen enth\u00e4lt und die Normen f\u00fcr den t\u00e4glichen sicheren Gebrauch erf\u00fcllt.<\/p>\n\n\n\n<p><strong>Lebendige florale Muster<\/strong><br>Satte Farben f\u00fcr die Verwendung allein oder mit jedem Kochgeschirr, um die Pr\u00e4sentation der Gerichte zu verbessern<\/p>\n\n\n\n<p><strong>Glasierte Dekoration und handgemalte Kunstfertigkeit<\/strong><br>In-Glasur-Kunsthandwerk und florale Muster sind perfekt miteinander verbunden, mit einer zarten und glatten Oberfl\u00e4che und einem zarten Griff.<\/p>\n\n\n\n<p><strong>Bequemlichkeit<\/strong><br>Es sind mehrere Gr\u00f6\u00dfen erh\u00e4ltlich, um verschiedenen Kochbed\u00fcrfnissen gerecht zu werden; runde und rechteckige Platten eignen sich f\u00fcr die Pr\u00e4sentation verschiedener Gerichte.<\/p>\n<\/div>\n\n\n\n<div class=\"wp-block-column is-layout-flow wp-block-column-is-layout-flow\">\n<figure class=\"wp-block-image size-full\"><img decoding=\"async\" width=\"538\" height=\"538\" src=\"https:\/\/www.lianyuanceramic.com\/wp-content\/uploads\/2024\/10\/Ceramic-Bakeware-Wholesale-2.webp\" alt=\"Keramik-Backformen-Gro\u00dfhandel (2)\" class=\"wp-image-256\" srcset=\"https:\/\/www.lianyuanceramic.com\/wp-content\/uploads\/2024\/10\/Ceramic-Bakeware-Wholesale-2.webp 538w, https:\/\/www.lianyuanceramic.com\/wp-content\/uploads\/2024\/10\/Ceramic-Bakeware-Wholesale-2-300x300.webp 300w, https:\/\/www.lianyuanceramic.com\/wp-content\/uploads\/2024\/10\/Ceramic-Bakeware-Wholesale-2-150x150.webp 150w, https:\/\/www.lianyuanceramic.com\/wp-content\/uploads\/2024\/10\/Ceramic-Bakeware-Wholesale-2-100x100.webp 100w\" sizes=\"(max-width: 538px) 100vw, 538px\" \/><\/figure>\n<\/div>\n<\/div>\n\n\n\n<div class=\"wp-block-columns is-layout-flex wp-container-core-columns-is-layout-9d6595d7 wp-block-columns-is-layout-flex\">\n<div class=\"wp-block-column is-layout-flow wp-block-column-is-layout-flow\">\n<figure class=\"wp-block-image size-full\"><img decoding=\"async\" width=\"764\" height=\"764\" src=\"https:\/\/www.lianyuanceramic.com\/wp-content\/uploads\/2024\/10\/Ceramic-Bakeware-Wholesale-1.webp\" alt=\"Keramik-Backformen-Gro\u00dfhandel (1)\" class=\"wp-image-255\" srcset=\"https:\/\/www.lianyuanceramic.com\/wp-content\/uploads\/2024\/10\/Ceramic-Bakeware-Wholesale-1.webp 764w, https:\/\/www.lianyuanceramic.com\/wp-content\/uploads\/2024\/10\/Ceramic-Bakeware-Wholesale-1-300x300.webp 300w, https:\/\/www.lianyuanceramic.com\/wp-content\/uploads\/2024\/10\/Ceramic-Bakeware-Wholesale-1-150x150.webp 150w, https:\/\/www.lianyuanceramic.com\/wp-content\/uploads\/2024\/10\/Ceramic-Bakeware-Wholesale-1-600x600.webp 600w, https:\/\/www.lianyuanceramic.com\/wp-content\/uploads\/2024\/10\/Ceramic-Bakeware-Wholesale-1-100x100.webp 100w\" sizes=\"(max-width: 764px) 100vw, 764px\" \/><\/figure>\n<\/div>\n\n\n\n<div class=\"wp-block-column is-layout-flow wp-block-column-is-layout-flow\">\n<h2 class=\"wp-block-heading\">Individuelles Keramik-Backgeschirr<\/h2>\n\n\n\n<p>Lianyuan, der Hersteller von keramischem Geschirr, kann Ihnen einen kompletten Anpassungsservice anbieten, um Ihre Ideen zu verwirklichen.<\/p>\n\n\n\n<p><strong>Gr\u00f6\u00dfe und Form<\/strong><br>Enth\u00e4lt runde, ovale, rechteckige und kundenspezifische Gr\u00f6\u00dfen.<\/p>\n\n\n\n<p><strong>Material und Dicke<\/strong><br>Dauerhafte Keramik, hitzebest\u00e4ndiger Ton, Porzellan, Steingut, nach Ma\u00df in verschiedenen St\u00e4rken und mit unterschiedlicher Hitzebest\u00e4ndigkeit.<\/p>\n\n\n\n<p><strong>Beendet<\/strong><br>Zu den Optionen geh\u00f6ren matte, gl\u00e4nzende oder strukturierte Oberfl\u00e4chen.<\/p>\n\n\n\n<p><strong>Dekoration\/Muster<\/strong><br>Individuelle Grafiken, Designs oder Logos, einschlie\u00dflich Abziehbilder, handbemalt und gepr\u00e4gt.<\/p>\n\n\n\n<p><strong>Paket<\/strong><br>Ma\u00dfgeschneiderte Verpackungen f\u00fcr Gro\u00dfbestellungen, Geschenksets oder den Vertrieb im Einzelhandel mit personalisierter Beschriftung oder Branding.<\/p>\n<\/div>\n<\/div>\n\n\n\n<p><\/p>","protected":false},"excerpt":{"rendered":"<p>W\u00e4hlen Sie das 5-teilige Keramik-Backgeschirr-Set von Lianyuan Wholesale, um Ihr Kocherlebnis zu verbessern. Jedes St\u00fcck der Backformen ist aus hochwertigem Keramikmaterial mit guter Hitzebest\u00e4ndigkeit und W\u00e4rmespeicherung, geeignet f\u00fcr verschiedene Kocharten wie Backen und Braten.<\/p>\n<h2>Keramik-Backformen Parameter<\/h2>\n<table style=\"border-collapse: collapse; width: 370.82pt;\" border=\"0\" width=\"618\" cellspacing=\"0\" cellpadding=\"0\">\n<tbody>\n<tr style=\"height: 15.60pt;\">\n<td class=\"et3\" style=\"height: 15.60pt; width: 108.00pt;\" width=\"180\" height=\"26\">Hersteller<\/td>\n<td class=\"et3\" style=\"width: 263.25pt;\" width=\"438\">Lianyuan<\/td>\n<\/tr>\n<tr style=\"height: 15.60pt;\">\n<td class=\"et3\" style=\"height: 15.60pt;\" height=\"26\">Produkttyp<\/td>\n<td class=\"et3\">Serviergeschirr, Backformen<\/td>\n<\/tr>\n<tr style=\"height: 15.60pt;\">\n<td class=\"et3\" style=\"height: 15.60pt;\" height=\"26\">Muster<\/td>\n<td class=\"et3\">Blumen<\/td>\n<\/tr>\n<tr style=\"height: 15.60pt;\">\n<td class=\"et3\" style=\"height: 15.60pt;\" height=\"26\">Farbe<\/td>\n<td class=\"et3\">Rot<\/td>\n<\/tr>\n<tr style=\"height: 15.60pt;\">\n<td class=\"et3\" style=\"height: 15.60pt;\" height=\"26\">Material<\/td>\n<td class=\"et3\">Dauerhaftes Porzellan<\/td>\n<\/tr>\n<tr style=\"height: 15.60pt;\">\n<td class=\"et3\" style=\"height: 15.60pt;\" height=\"26\">Handwerkliches K\u00f6nnen<\/td>\n<td class=\"et3\">Einglasiertes Abziehbild und Handbemalung<\/td>\n<\/tr>\n<tr style=\"height: 15.60pt;\">\n<td class=\"et3\" style=\"height: 15.60pt;\" height=\"26\">Anmeldung<\/td>\n<td class=\"et3\">Mikrowellen- und sp\u00fclmaschinenfest, ofenfest<\/td>\n<\/tr>\n<tr style=\"height: 15.60pt;\">\n<td class=\"et3\" style=\"height: 15.60pt;\" height=\"26\">Benutzerdefiniert<\/td>\n<td class=\"et3\">Farbe\/Gr\u00f6\u00dfe\/Logo\/Verpackung<\/td>\n<\/tr>\n<\/tbody>\n<\/table>","protected":false},"featured_media":255,"comment_status":"open","ping_status":"closed","template":"","meta":{"_acf_changed":true},"product_brand":[],"product_cat":[20],"product_tag":[30,29,27],"class_list":{"0":"post-248","1":"product","2":"type-product","3":"status-publish","4":"has-post-thumbnail","6":"product_cat-custom-bakeware-casserole-dish","7":"product_tag-custom-porcelain-dinnerware","8":"product_tag-hand-painted-embossed-dinnerware-wholesale","9":"product_tag-wholesale-decal-ceramics","11":"first","12":"instock","13":"shipping-taxable","14":"product-type-simple"},"acf":[],"_links":{"self":[{"href":"https:\/\/www.lianyuanceramic.com\/de\/wp-json\/wp\/v2\/product\/248","targetHints":{"allow":["GET"]}}],"collection":[{"href":"https:\/\/www.lianyuanceramic.com\/de\/wp-json\/wp\/v2\/product"}],"about":[{"href":"https:\/\/www.lianyuanceramic.com\/de\/wp-json\/wp\/v2\/types\/product"}],"replies":[{"embeddable":true,"href":"https:\/\/www.lianyuanceramic.com\/de\/wp-json\/wp\/v2\/comments?post=248"}],"wp:featuredmedia":[{"embeddable":true,"href":"https:\/\/www.lianyuanceramic.com\/de\/wp-json\/wp\/v2\/media\/255"}],"wp:attachment":[{"href":"https:\/\/www.lianyuanceramic.com\/de\/wp-json\/wp\/v2\/media?parent=248"}],"wp:term":[{"taxonomy":"product_brand","embeddable":true,"href":"https:\/\/www.lianyuanceramic.com\/de\/wp-json\/wp\/v2\/product_brand?post=248"},{"taxonomy":"product_cat","embeddable":true,"href":"https:\/\/www.lianyuanceramic.com\/de\/wp-json\/wp\/v2\/product_cat?post=248"},{"taxonomy":"product_tag","embeddable":true,"href":"https:\/\/www.lianyuanceramic.com\/de\/wp-json\/wp\/v2\/product_tag?post=248"}],"curies":[{"name":"wp","href":"https:\/\/api.w.org\/{rel}","templated":true}]}}