{"id":247,"date":"2024-10-19T17:40:58","date_gmt":"2024-10-19T17:40:58","guid":{"rendered":"https:\/\/www.lianyuanceramic.com\/?post_type=product&#038;p=247"},"modified":"2024-12-28T14:12:30","modified_gmt":"2024-12-28T14:12:30","slug":"tea-set-custom","status":"publish","type":"product","link":"https:\/\/www.lianyuanceramic.com\/de\/produkt\/tea-set-custom\/","title":{"rendered":"Custom Tea Set Wei\u00dfes Porzellan mit elegantem Goldrand"},"content":{"rendered":"<div class=\"wp-block-columns is-layout-flex wp-container-core-columns-is-layout-9d6595d7 wp-block-columns-is-layout-flex\">\n<div class=\"wp-block-column is-layout-flow wp-block-column-is-layout-flow\">\n<h2 class=\"wp-block-heading\">Tee-Set Merkmale:<\/h2>\n\n\n\n<p><strong>Komplettes Teeset<\/strong><br>Die Teekanne, die Tasse, der Dessertteller und die Schale bilden zusammen ein auff\u00e4lliges und stilvolles Teeservice.<\/p>\n\n\n\n<p><strong>Elegantes Design mit Wellenkanten<\/strong><br>Der einzigartige gewellte Rand verleiht ihm ein stilvolles und raffiniertes Aussehen; jeder Teemoment, der mit ihm eingenommen wird, ist sehr anst\u00e4ndig.<\/p>\n\n\n\n<p><strong>H\u00f6here Qualit\u00e4t California 65 Standard<\/strong><br>H\u00f6here Qualit\u00e4t California 65 Standard<br>Hochwertige Materialien, ungiftig und sicher, in \u00dcbereinstimmung mit den California 65 Proposition Standards<\/p>\n\n\n\n<p><strong>Leicht zu reinigen und zu pflegen<\/strong><br>Die einfache Reinigung dank der sp\u00fclmaschinenfesten und porenfreien Eigenschaften sorgt daf\u00fcr, dass die Sch\u00f6nheit erhalten bleibt.<\/p>\n\n\n\n<p><strong>Stark und doch leicht<\/strong><br>Das Porzellan hat ein zartes Design, ist aber dennoch leicht und einfach zu handhaben, ohne seine Festigkeit zu beeintr\u00e4chtigen.<\/p>\n\n\n\n<p><strong>Geeignet f\u00fcr jede Gelegenheit<\/strong><br>Die hochwertige Silber- und Goldkollektion ist perfekt f\u00fcr jeden Anlass. Ganz gleich, in welchem Rahmen, diese Geschirrteile verleihen Ihrer Veranstaltung einen eleganten Touch.<\/p>\n\n\n\n<p><\/p>\n<\/div>\n\n\n\n<div class=\"wp-block-column is-layout-flow wp-block-column-is-layout-flow\">\n<figure class=\"wp-block-image size-full\"><img decoding=\"async\" width=\"904\" height=\"904\" src=\"https:\/\/www.lianyuanceramic.com\/wp-content\/uploads\/2024\/10\/Wholesale-Tea-Set-.webp\" alt=\"Gro\u00dfhandel Teeservice\" class=\"wp-image-282\" srcset=\"https:\/\/www.lianyuanceramic.com\/wp-content\/uploads\/2024\/10\/Wholesale-Tea-Set-.webp 904w, https:\/\/www.lianyuanceramic.com\/wp-content\/uploads\/2024\/10\/Wholesale-Tea-Set--300x300.webp 300w, https:\/\/www.lianyuanceramic.com\/wp-content\/uploads\/2024\/10\/Wholesale-Tea-Set--150x150.webp 150w, https:\/\/www.lianyuanceramic.com\/wp-content\/uploads\/2024\/10\/Wholesale-Tea-Set--768x768.webp 768w, https:\/\/www.lianyuanceramic.com\/wp-content\/uploads\/2024\/10\/Wholesale-Tea-Set--600x600.webp 600w, https:\/\/www.lianyuanceramic.com\/wp-content\/uploads\/2024\/10\/Wholesale-Tea-Set--100x100.webp 100w\" sizes=\"(max-width: 904px) 100vw, 904px\" \/><\/figure>\n<\/div>\n<\/div>\n\n\n\n<div class=\"wp-block-columns is-layout-flex wp-container-core-columns-is-layout-9d6595d7 wp-block-columns-is-layout-flex\">\n<div class=\"wp-block-column is-layout-flow wp-block-column-is-layout-flow\"><\/div>\n\n\n\n<div class=\"wp-block-column is-layout-flow wp-block-column-is-layout-flow\"><\/div>\n<\/div>\n\n\n\n<div class=\"wp-block-columns is-layout-flex wp-container-core-columns-is-layout-9d6595d7 wp-block-columns-is-layout-flex\">\n<div class=\"wp-block-column is-layout-flow wp-block-column-is-layout-flow\">\n<figure class=\"wp-block-image size-full\"><img decoding=\"async\" width=\"904\" height=\"904\" src=\"https:\/\/www.lianyuanceramic.com\/wp-content\/uploads\/2024\/10\/Wholesale-Tea-Set-.webp\" alt=\"Gro\u00dfhandel Teeservice\" class=\"wp-image-282\" srcset=\"https:\/\/www.lianyuanceramic.com\/wp-content\/uploads\/2024\/10\/Wholesale-Tea-Set-.webp 904w, https:\/\/www.lianyuanceramic.com\/wp-content\/uploads\/2024\/10\/Wholesale-Tea-Set--300x300.webp 300w, https:\/\/www.lianyuanceramic.com\/wp-content\/uploads\/2024\/10\/Wholesale-Tea-Set--150x150.webp 150w, https:\/\/www.lianyuanceramic.com\/wp-content\/uploads\/2024\/10\/Wholesale-Tea-Set--768x768.webp 768w, https:\/\/www.lianyuanceramic.com\/wp-content\/uploads\/2024\/10\/Wholesale-Tea-Set--600x600.webp 600w, https:\/\/www.lianyuanceramic.com\/wp-content\/uploads\/2024\/10\/Wholesale-Tea-Set--100x100.webp 100w\" sizes=\"(max-width: 904px) 100vw, 904px\" \/><\/figure>\n<\/div>\n\n\n\n<div class=\"wp-block-column is-layout-flow wp-block-column-is-layout-flow\">\n<h2 class=\"wp-block-heading\">Individuelles Teeservice<\/h2>\n\n\n\n<p>Egal, ob Sie die Marke anpassen oder ein neues Produkt entwerfen m\u00f6chten, teilen Sie uns jetzt Ihre Ideen mit. Unser Team f\u00fcr Design und Formenbau kann Ihre unbegrenzten Bed\u00fcrfnisse erf\u00fcllen.<\/p>\n\n\n\n<p><strong>Entwurf: <\/strong>W\u00e4hlen Sie florale Muster oder entwerfen Sie Ihr eigenes Design.<\/p>\n\n\n\n<p><strong>Zusammensetzung des Sets:<\/strong> Individuelle Keramik-Tassensets mit Kombinationen aus Tassen, Schalen und L\u00f6ffeln.<\/p>\n\n\n\n<p><strong>Gr\u00f6\u00dfe: <\/strong>W\u00e4hlen Sie aus verschiedenen Gr\u00f6\u00dfen f\u00fcr unterschiedliche Mahlzeitenportionen.<\/p>\n\n\n\n<p><strong>Material:<\/strong> Keramik, Porzellan, Knochenporzellan oder erkundigen Sie sich nach Alternativen.<\/p>\n\n\n\n<p><strong>Handwerkliches K\u00f6nnen: <\/strong>Glasurabziehbilder, Ofenwechsel, handbemalt, Reliefmuster oder andere.<\/p>\n\n\n\n<p><strong>Verpackung: <\/strong>Bulk Pack, Farbkarton, Geschenkkarton, Displaying Box, Mailer Box etc.<\/p>\n<\/div>\n<\/div>\n\n\n\n<p><\/p>","protected":false},"excerpt":{"rendered":"<p>Das kundenindividuelle Teeservice besteht aus hochwertigem wei\u00dfem Porzellan mit goldenen Wellenkanten, das hochwertig und elegant ist und sich f\u00fcr alle Arten von Nachmittagstee oder Coffee Shops eignet. Es unterst\u00fctzt kundenspezifische Verpackung Geschenk-Boxen. F\u00fcr weitere kundenspezifische Optionen, kontaktieren Sie uns bitte f\u00fcr Details.<\/p>\n<h2>Tee-Set Parameter<\/h2>\n<table style=\"border-collapse: collapse; width: 353.02pt;\" border=\"0\" width=\"353\" cellspacing=\"0\" cellpadding=\"0\">\n<tbody>\n<tr style=\"height: 17.60pt;\">\n<td class=\"et2\" style=\"height: 17.60pt; width: 82.50pt;\" width=\"82\" height=\"17\">Hersteller<\/td>\n<td class=\"et2\" style=\"width: 270.80pt;\" width=\"270\">Lianyuan<\/td>\n<\/tr>\n<tr style=\"height: 21.00pt;\">\n<td class=\"et2\" style=\"height: 21.00pt;\" height=\"21\">Produkttyp<\/td>\n<td class=\"et3\" style=\"width: 270.80pt;\" width=\"270\">Teekanne, Tasse, Dessertteller und Schale<\/td>\n<\/tr>\n<tr style=\"height: 17.60pt;\">\n<td class=\"et2\" style=\"height: 17.60pt;\" height=\"17\">Farbe<\/td>\n<td class=\"et2\">Wei\u00df<\/td>\n<\/tr>\n<tr style=\"height: 17.60pt;\">\n<td class=\"et2\" style=\"height: 17.60pt;\" height=\"17\">RimColor<\/td>\n<td class=\"et4\">Farbe Gold\/Silber<\/td>\n<\/tr>\n<tr style=\"height: 17.60pt;\">\n<td class=\"et2\" style=\"height: 17.60pt;\" height=\"17\">Material<\/td>\n<td class=\"et2\">Dauerhaftes Porzellan<\/td>\n<\/tr>\n<tr style=\"height: 17.60pt;\">\n<td class=\"et2\" style=\"height: 17.60pt;\" height=\"17\">Handwerkliches K\u00f6nnen<\/td>\n<td class=\"et2\">\n<p>Handgemaltes Platin<\/p>\n<\/td>\n<\/tr>\n<tr style=\"height: 17.60pt;\">\n<td class=\"et2\" style=\"height: 17.60pt;\" height=\"17\">Benutzerdefiniert<\/td>\n<td class=\"et2\">Farbe\/Gr\u00f6\u00dfe\/Logo\/Verpackung<\/td>\n<\/tr>\n<\/tbody>\n<\/table>\n<p>&nbsp;<\/p>","protected":false},"featured_media":282,"comment_status":"open","ping_status":"closed","template":"","meta":{"_acf_changed":false},"product_brand":[],"product_cat":[18],"product_tag":[30,29],"class_list":{"0":"post-247","1":"product","2":"type-product","3":"status-publish","4":"has-post-thumbnail","6":"product_cat-wholesale-custom-tea-set","7":"product_tag-custom-porcelain-dinnerware","8":"product_tag-hand-painted-embossed-dinnerware-wholesale","10":"first","11":"instock","12":"shipping-taxable","13":"product-type-simple"},"acf":[],"_links":{"self":[{"href":"https:\/\/www.lianyuanceramic.com\/de\/wp-json\/wp\/v2\/product\/247","targetHints":{"allow":["GET"]}}],"collection":[{"href":"https:\/\/www.lianyuanceramic.com\/de\/wp-json\/wp\/v2\/product"}],"about":[{"href":"https:\/\/www.lianyuanceramic.com\/de\/wp-json\/wp\/v2\/types\/product"}],"replies":[{"embeddable":true,"href":"https:\/\/www.lianyuanceramic.com\/de\/wp-json\/wp\/v2\/comments?post=247"}],"wp:featuredmedia":[{"embeddable":true,"href":"https:\/\/www.lianyuanceramic.com\/de\/wp-json\/wp\/v2\/media\/282"}],"wp:attachment":[{"href":"https:\/\/www.lianyuanceramic.com\/de\/wp-json\/wp\/v2\/media?parent=247"}],"wp:term":[{"taxonomy":"product_brand","embeddable":true,"href":"https:\/\/www.lianyuanceramic.com\/de\/wp-json\/wp\/v2\/product_brand?post=247"},{"taxonomy":"product_cat","embeddable":true,"href":"https:\/\/www.lianyuanceramic.com\/de\/wp-json\/wp\/v2\/product_cat?post=247"},{"taxonomy":"product_tag","embeddable":true,"href":"https:\/\/www.lianyuanceramic.com\/de\/wp-json\/wp\/v2\/product_tag?post=247"}],"curies":[{"name":"wp","href":"https:\/\/api.w.org\/{rel}","templated":true}]}}