{"id":2469,"date":"2025-12-02T03:11:23","date_gmt":"2025-12-02T03:11:23","guid":{"rendered":"https:\/\/www.lianyuanceramic.com\/?post_type=product&#038;p=2469"},"modified":"2025-12-10T03:09:28","modified_gmt":"2025-12-10T03:09:28","slug":"custom-home-trends-dinnerware","status":"publish","type":"product","link":"https:\/\/www.lianyuanceramic.com\/de\/produkt\/custom-home-trends-dinnerware\/","title":{"rendered":"Bulk Custom Home Trends Essgeschirr, Rote Flora Teller Sch\u00fcsseln Set"},"content":{"rendered":"<div class=\"wp-block-columns is-layout-flex wp-container-core-columns-is-layout-9d6595d7 wp-block-columns-is-layout-flex\">\n<div class=\"wp-block-column is-layout-flow wp-block-column-is-layout-flow\">\n<h2 class=\"wp-block-heading\">Home Trends Essgeschirr Merkmale:<\/h2>\n\n\n\n<p><strong>K\u00fcnstlerische Gestaltung:<\/strong> Das Design mit Blumenmustern steht f\u00fcr Romantik, Weichheit und W\u00e4rme sowie f\u00fcr k\u00fcnstlerisches Temperament, Modetrends und einen freudigen Lebensstil. F\u00fcgen Sie Kunst Stil zu Hause und Catering-R\u00e4ume, die Schaffung einer charmanten und inspirierenden Atmosph\u00e4re.<\/p>\n\n\n\n<p><strong>Hochwertige Handwerkskunst:<\/strong>Die Keramikgeschirrsets werden sorgf\u00e4ltig aus hochwertiger, langlebiger Keramik hergestellt, die eine lange Haltbarkeit und Widerstandsf\u00e4higkeit gegen Absplittern und Bruch gew\u00e4hrleistet. Sie sind fachm\u00e4nnisch glasiert, um eine glatte und gl\u00e4nzende Oberfl\u00e4che zu erhalten, was sie nicht nur funktional, sondern auch optisch ansprechend macht.<\/p>\n\n\n\n<p><strong>Sicherheit und Langlebigkeit:<\/strong>Die Glasuren sind bleifrei, so dass man sich keine Sorgen \u00fcber die Auslaugung von Blei in den K\u00f6rper der Kunden machen muss. Diese Gerichte sind bei einer hohen Temperatur gebrannt, um die St\u00e4rke des Porzellans zu maximieren.<\/p>\n\n\n\n<p><strong>Praktisch f\u00fcr den t\u00e4glichen Gebrauch: <\/strong>Jede Schale und jeder Teller kann sicher in der Sp\u00fclmaschine und in der Mikrowelle verwendet werden, ist f\u00fcr den h\u00e4ufigen Gebrauch und die Reinigung in der Sp\u00fclmaschine geeignet und beh\u00e4lt lange Zeit ein neues Aussehen. <\/p>\n\n\n\n<p><strong>Stapelbares Design<\/strong>: Ob im K\u00fchlschrank oder auf der Anrichte, dieses bunte Geschirrset macht sich sehr gut. Das stapelbare Design hilft, Platz in der K\u00fcche zu sparen, so dass Sie Geschirr gut auf Schr\u00e4nken oder Regalen platzieren k\u00f6nnen.<\/p>\n\n\n\n<p><strong>Flexible Anpassungsdienste<\/strong>: Die Hersteller von Lianyuan bieten individuelle Anpassungsm\u00f6glichkeiten wie Muster, Farben, Tellerformen und Set-Kombinationen. Restaurant-\/Hotel-Logos oder exklusive Markendesigns k\u00f6nnen aufgedruckt werden, um differenzierte Produkte zu schaffen.<\/p>\n<\/div>\n\n\n\n<div class=\"wp-block-column is-layout-flow wp-block-column-is-layout-flow\">\n<figure class=\"wp-block-image size-full\"><img decoding=\"async\" width=\"800\" height=\"800\" src=\"https:\/\/www.lianyuanceramic.com\/wp-content\/uploads\/2025\/11\/custom-ceramic-decal-dinnerware-sets-supplier.webp\" alt=\"keramik-abziehbild-geschirr-sets lieferant\" class=\"wp-image-2471\" srcset=\"https:\/\/www.lianyuanceramic.com\/wp-content\/uploads\/2025\/11\/custom-ceramic-decal-dinnerware-sets-supplier.webp 800w, https:\/\/www.lianyuanceramic.com\/wp-content\/uploads\/2025\/11\/custom-ceramic-decal-dinnerware-sets-supplier-300x300.webp 300w, https:\/\/www.lianyuanceramic.com\/wp-content\/uploads\/2025\/11\/custom-ceramic-decal-dinnerware-sets-supplier-150x150.webp 150w, https:\/\/www.lianyuanceramic.com\/wp-content\/uploads\/2025\/11\/custom-ceramic-decal-dinnerware-sets-supplier-768x768.webp 768w, https:\/\/www.lianyuanceramic.com\/wp-content\/uploads\/2025\/11\/custom-ceramic-decal-dinnerware-sets-supplier-12x12.webp 12w, https:\/\/www.lianyuanceramic.com\/wp-content\/uploads\/2025\/11\/custom-ceramic-decal-dinnerware-sets-supplier-600x600.webp 600w, https:\/\/www.lianyuanceramic.com\/wp-content\/uploads\/2025\/11\/custom-ceramic-decal-dinnerware-sets-supplier-100x100.webp 100w\" sizes=\"(max-width: 800px) 100vw, 800px\" \/><\/figure>\n<\/div>\n<\/div>\n\n\n\n<div class=\"wp-block-columns is-layout-flex wp-container-core-columns-is-layout-9d6595d7 wp-block-columns-is-layout-flex\">\n<div class=\"wp-block-column is-layout-flow wp-block-column-is-layout-flow\">\n<figure class=\"wp-block-image size-full\"><img decoding=\"async\" width=\"800\" height=\"800\" src=\"https:\/\/www.lianyuanceramic.com\/wp-content\/uploads\/2025\/11\/wholesale-decal-stoneware-dinnerware.webp\" alt=\"gro\u00dfhandel abziehbild steingut geschirr\" class=\"wp-image-2470\" srcset=\"https:\/\/www.lianyuanceramic.com\/wp-content\/uploads\/2025\/11\/wholesale-decal-stoneware-dinnerware.webp 800w, https:\/\/www.lianyuanceramic.com\/wp-content\/uploads\/2025\/11\/wholesale-decal-stoneware-dinnerware-300x300.webp 300w, https:\/\/www.lianyuanceramic.com\/wp-content\/uploads\/2025\/11\/wholesale-decal-stoneware-dinnerware-150x150.webp 150w, https:\/\/www.lianyuanceramic.com\/wp-content\/uploads\/2025\/11\/wholesale-decal-stoneware-dinnerware-768x768.webp 768w, https:\/\/www.lianyuanceramic.com\/wp-content\/uploads\/2025\/11\/wholesale-decal-stoneware-dinnerware-12x12.webp 12w, https:\/\/www.lianyuanceramic.com\/wp-content\/uploads\/2025\/11\/wholesale-decal-stoneware-dinnerware-600x600.webp 600w, https:\/\/www.lianyuanceramic.com\/wp-content\/uploads\/2025\/11\/wholesale-decal-stoneware-dinnerware-100x100.webp 100w\" sizes=\"(max-width: 800px) 100vw, 800px\" \/><\/figure>\n<\/div>\n\n\n\n<div class=\"wp-block-column is-layout-flow wp-block-column-is-layout-flow\">\n<h2 class=\"wp-block-heading\">Individuelles Home Trends-Geschirr:<\/h2>\n\n\n\n<p>Lianyuan bietet verschiedene individuelle Geschirroptionen an, die auf die Bed\u00fcrfnisse der Marke oder Modetrends abgestimmt sind und sich ideal f\u00fcr den privaten und gewerblichen Gebrauch eignen.<\/p>\n\n\n\n<p><strong>Entwurf:&nbsp;<\/strong>Einfach, einfarbig.<\/p>\n\n\n\n<p><strong>Zusammensetzung des Sets:<\/strong>&nbsp;Individuelle Keramik-Tassensets mit Kombinationen aus Tassen, Schalen und L\u00f6ffeln.<\/p>\n\n\n\n<p><strong>Gr\u00f6\u00dfe:&nbsp;<\/strong>W\u00e4hlen Sie aus verschiedenen Gr\u00f6\u00dfen f\u00fcr unterschiedliche Mahlzeitenportionen.<\/p>\n\n\n\n<p><strong>Material:<\/strong>\u00a0Keramik, Porzellan, Knochenporzellan oder erkundigen Sie sich nach Alternativen.<\/p>\n\n\n\n<p><strong>Handwerkliches K\u00f6nnen:&nbsp;<\/strong>Glasurabziehbilder, Ofenwechsel, handbemalt, Reliefmuster oder andere.<\/p>\n\n\n\n<p><strong>Verpackung:\u00a0<\/strong>Bulk Pack, Farbkarton, Geschenkkarton, Pr\u00e4sentationskarton, Versandkarton, etc.<\/p>\n<\/div>\n<\/div>","protected":false},"excerpt":{"rendered":"<div class=\"D5aOJc vJwDU\">Kundenspezifisches Geschirr mit warmen Blumendekoren, bei hoher Temperatur gebrannt, bleifrei glasiert, mikrowellen- und sp\u00fclmaschinenfest. Lianyuan Keramik-Geschirr Hersteller liefert mit Gro\u00dfhandelspreisen und strenge Qualit\u00e4tskontrolle. Kontaktieren Sie uns f\u00fcr eine sofortige Anfrage.<\/div>\n<h2>Home Trends Essgeschirr Parameter<\/h2>\n<table style=\"border-collapse: collapse; width: 370.82pt;\" border=\"0\" width=\"618\" cellspacing=\"0\" cellpadding=\"0\">\n<tbody>\n<tr style=\"height: 15.60pt;\">\n<td class=\"et3\" style=\"height: 15.60pt; width: 108.00pt;\" width=\"180\" height=\"26\">Hersteller<\/td>\n<td class=\"et3\" style=\"width: 263.25pt;\" width=\"438\">Lianyuan<\/td>\n<\/tr>\n<tr style=\"height: 15.60pt;\">\n<td class=\"et3\" style=\"height: 15.60pt;\" height=\"26\">Produkttyp<\/td>\n<td class=\"et3\">Speiseteller, Sch\u00fcsseln, Tassen und Gew\u00fcrzgl\u00e4ser<\/td>\n<\/tr>\n<tr style=\"height: 15.60pt;\">\n<td class=\"et3\" style=\"height: 15.60pt;\" height=\"26\">Material<\/td>\n<td class=\"et3\">Dauerhaftes Porzellan<\/td>\n<\/tr>\n<tr style=\"height: 15.60pt;\">\n<td class=\"et3\" style=\"height: 15.60pt;\" height=\"26\">Handwerkliches K\u00f6nnen<\/td>\n<td class=\"et3\">In Glasur<\/td>\n<\/tr>\n<tr style=\"height: 15.60pt;\">\n<td class=\"et3\" style=\"height: 15.60pt;\" height=\"26\">Anmeldung<\/td>\n<td class=\"et3\">Mikrowellen- und sp\u00fclmaschinenfest, ofenfest<\/td>\n<\/tr>\n<tr style=\"height: 15.60pt;\">\n<td class=\"et3\" style=\"height: 15.60pt;\" height=\"26\">Benutzerdefiniert<\/td>\n<td class=\"et3\">Farbe\/Gr\u00f6\u00dfe\/Logo\/Verpackung<\/td>\n<\/tr>\n<\/tbody>\n<\/table>","protected":false},"featured_media":2470,"comment_status":"open","ping_status":"closed","template":"","meta":{"_acf_changed":false},"product_brand":[],"product_cat":[17],"product_tag":[30,27],"class_list":{"0":"post-2469","1":"product","2":"type-product","3":"status-publish","4":"has-post-thumbnail","6":"product_cat-dinnerware-wholesale","7":"product_tag-custom-porcelain-dinnerware","8":"product_tag-wholesale-decal-ceramics","10":"first","11":"instock","12":"shipping-taxable","13":"product-type-simple"},"acf":[],"_links":{"self":[{"href":"https:\/\/www.lianyuanceramic.com\/de\/wp-json\/wp\/v2\/product\/2469","targetHints":{"allow":["GET"]}}],"collection":[{"href":"https:\/\/www.lianyuanceramic.com\/de\/wp-json\/wp\/v2\/product"}],"about":[{"href":"https:\/\/www.lianyuanceramic.com\/de\/wp-json\/wp\/v2\/types\/product"}],"replies":[{"embeddable":true,"href":"https:\/\/www.lianyuanceramic.com\/de\/wp-json\/wp\/v2\/comments?post=2469"}],"wp:featuredmedia":[{"embeddable":true,"href":"https:\/\/www.lianyuanceramic.com\/de\/wp-json\/wp\/v2\/media\/2470"}],"wp:attachment":[{"href":"https:\/\/www.lianyuanceramic.com\/de\/wp-json\/wp\/v2\/media?parent=2469"}],"wp:term":[{"taxonomy":"product_brand","embeddable":true,"href":"https:\/\/www.lianyuanceramic.com\/de\/wp-json\/wp\/v2\/product_brand?post=2469"},{"taxonomy":"product_cat","embeddable":true,"href":"https:\/\/www.lianyuanceramic.com\/de\/wp-json\/wp\/v2\/product_cat?post=2469"},{"taxonomy":"product_tag","embeddable":true,"href":"https:\/\/www.lianyuanceramic.com\/de\/wp-json\/wp\/v2\/product_tag?post=2469"}],"curies":[{"name":"wp","href":"https:\/\/api.w.org\/{rel}","templated":true}]}}