{"id":2462,"date":"2025-12-02T02:35:46","date_gmt":"2025-12-02T02:35:46","guid":{"rendered":"https:\/\/www.lianyuanceramic.com\/?post_type=product&#038;p=2462"},"modified":"2025-12-02T02:36:07","modified_gmt":"2025-12-02T02:36:07","slug":"ceramic-plates-wholesale","status":"publish","type":"product","link":"https:\/\/www.lianyuanceramic.com\/de\/produkt\/ceramic-plates-wholesale\/","title":{"rendered":"Keramik-Platten Gro\u00dfhandel, Hand gemalt in Glasur Abziehbild Servierplatten Set Lieferant"},"content":{"rendered":"<div class=\"wp-block-columns is-layout-flex wp-container-core-columns-is-layout-9d6595d7 wp-block-columns-is-layout-flex\">\n<div class=\"wp-block-column is-layout-flow wp-block-column-is-layout-flow\">\n<h2 class=\"wp-block-heading\">Keramische Platten Merkmale:<\/h2>\n\n\n\n<p><strong>Florale Muster<\/strong> <strong>Dekoration<\/strong>: Die Oberfl\u00e4che des Tellers ist mit kleinen floralen Mustern und Pflanzenmotiven verziert, die den polnischen volkst\u00fcmlichen Vintage-Stil widerspiegeln. Die dominierenden Blau-, Gr\u00fcn- und Oranget\u00f6ne sorgen f\u00fcr ein Gleichgewicht zwischen k\u00fcnstlerischem Reiz und warmer Atmosph\u00e4re.<\/p>\n\n\n\n<p><strong>Langlebigkeit und Sicherheit<\/strong>: Hochwertiges Material und Hochtemperaturbrand machen es mikrowellen-, sp\u00fclmaschinen-, backofen- und k\u00fchlschrankgeeignet. Die glatte Glasur ist leicht zu reinigen, und die Farben verblassen auch bei l\u00e4ngerem Gebrauch nicht.<\/p>\n\n\n\n<p><strong>Elegantes Formdesign<\/strong>: Das runde Design mit Blumenmuster ist benutzerfreundlich und hat einen einzigartigen visuellen Effekt.<\/p>\n\n\n\n<p><strong>Praktische Anpassungsf\u00e4higkeit<\/strong>: Er eignet sich f\u00fcr das t\u00e4gliche Servieren von Speisen und Fr\u00fcchten sowie f\u00fcr das Backen im Ofen. Sie eignet sich f\u00fcr Szenarien wie Familienessen und G\u00e4stebewirtung.<\/p>\n\n\n\n<p><strong>Schnelle Lieferung:<\/strong> Gro\u00dfer Lagerbestand verf\u00fcgbar, kein Warten auf den Produktionszyklus, Bestellungen k\u00f6nnen schnell nach der Bestellung versandt werden, wodurch die Zeit von der Beschaffung bis zum Regal verk\u00fcrzt wird, geeignet f\u00fcr Restaurants, Hotels und anderen dringenden Nachschubbedarf.<\/p>\n<\/div>\n\n\n\n<div class=\"wp-block-column is-layout-flow wp-block-column-is-layout-flow\">\n<figure class=\"wp-block-image size-full\"><img decoding=\"async\" width=\"800\" height=\"800\" src=\"https:\/\/www.lianyuanceramic.com\/wp-content\/uploads\/2025\/11\/wholesale-handmade-ceramic-decal-plates.webp\" alt=\"Gro\u00dfhandel handgemachte Keramik Abziehbild Platten\" class=\"wp-image-2467\" srcset=\"https:\/\/www.lianyuanceramic.com\/wp-content\/uploads\/2025\/11\/wholesale-handmade-ceramic-decal-plates.webp 800w, https:\/\/www.lianyuanceramic.com\/wp-content\/uploads\/2025\/11\/wholesale-handmade-ceramic-decal-plates-300x300.webp 300w, https:\/\/www.lianyuanceramic.com\/wp-content\/uploads\/2025\/11\/wholesale-handmade-ceramic-decal-plates-150x150.webp 150w, https:\/\/www.lianyuanceramic.com\/wp-content\/uploads\/2025\/11\/wholesale-handmade-ceramic-decal-plates-768x768.webp 768w, https:\/\/www.lianyuanceramic.com\/wp-content\/uploads\/2025\/11\/wholesale-handmade-ceramic-decal-plates-12x12.webp 12w, https:\/\/www.lianyuanceramic.com\/wp-content\/uploads\/2025\/11\/wholesale-handmade-ceramic-decal-plates-600x600.webp 600w, https:\/\/www.lianyuanceramic.com\/wp-content\/uploads\/2025\/11\/wholesale-handmade-ceramic-decal-plates-100x100.webp 100w\" sizes=\"(max-width: 800px) 100vw, 800px\" \/><\/figure>\n<\/div>\n<\/div>\n\n\n\n<div class=\"wp-block-columns is-layout-flex wp-container-core-columns-is-layout-9d6595d7 wp-block-columns-is-layout-flex\">\n<div class=\"wp-block-column is-layout-flow wp-block-column-is-layout-flow\">\n<figure class=\"wp-block-image size-full\"><img decoding=\"async\" width=\"800\" height=\"800\" src=\"https:\/\/www.lianyuanceramic.com\/wp-content\/uploads\/2025\/11\/Custom-ceramic-flower-pattern-round-plates.webp\" alt=\"Individuelle runde Keramikteller mit Blumenmuster\" class=\"wp-image-2465\" srcset=\"https:\/\/www.lianyuanceramic.com\/wp-content\/uploads\/2025\/11\/Custom-ceramic-flower-pattern-round-plates.webp 800w, https:\/\/www.lianyuanceramic.com\/wp-content\/uploads\/2025\/11\/Custom-ceramic-flower-pattern-round-plates-300x300.webp 300w, https:\/\/www.lianyuanceramic.com\/wp-content\/uploads\/2025\/11\/Custom-ceramic-flower-pattern-round-plates-150x150.webp 150w, https:\/\/www.lianyuanceramic.com\/wp-content\/uploads\/2025\/11\/Custom-ceramic-flower-pattern-round-plates-768x768.webp 768w, https:\/\/www.lianyuanceramic.com\/wp-content\/uploads\/2025\/11\/Custom-ceramic-flower-pattern-round-plates-12x12.webp 12w, https:\/\/www.lianyuanceramic.com\/wp-content\/uploads\/2025\/11\/Custom-ceramic-flower-pattern-round-plates-600x600.webp 600w, https:\/\/www.lianyuanceramic.com\/wp-content\/uploads\/2025\/11\/Custom-ceramic-flower-pattern-round-plates-100x100.webp 100w\" sizes=\"(max-width: 800px) 100vw, 800px\" \/><\/figure>\n<\/div>\n\n\n\n<div class=\"wp-block-column is-layout-flow wp-block-column-is-layout-flow\">\n<h2 class=\"wp-block-heading\">Kundenspezifische Keramik-Platten:<\/h2>\n\n\n\n<p>Lianyuan, der Hersteller von keramischem Geschirr, kann Ihnen einen kompletten Anpassungsservice anbieten, um Ihre Ideen zu verwirklichen.<\/p>\n\n\n\n<p><strong>Gr\u00f6\u00dfe und Form<\/strong><br>Enth\u00e4lt runde, ovale, rechteckige und kundenspezifische Gr\u00f6\u00dfen.<\/p>\n\n\n\n<p><strong>Material und Dicke<\/strong><br>Dauerhafte Keramik, hitzebest\u00e4ndiger Ton, Porzellan, Steinzeug, nach Ma\u00df in verschiedenen St\u00e4rken und Hitzebest\u00e4ndigkeiten.<\/p>\n\n\n\n<p><strong>Beendet<\/strong><br>Zu den Optionen geh\u00f6ren matte, gl\u00e4nzende oder strukturierte Oberfl\u00e4chen.<\/p>\n\n\n\n<p><strong>Dekoration\/Muster<\/strong><br>Individuelle Grafiken, Designs oder Logos, einschlie\u00dflich Abziehbilder, handbemalt und gepr\u00e4gt.<\/p>\n\n\n\n<p><strong>Paket<\/strong><br>Ma\u00dfgeschneiderte Verpackungen f\u00fcr Gro\u00dfbestellungen, Geschenksets oder den Vertrieb im Einzelhandel mit personalisierter Beschriftung oder Branding.<\/p>\n<\/div>\n<\/div>","protected":false},"excerpt":{"rendered":"<p>Keramikteller Gro\u00dfhandel, Polnisch Vintage floral Keramik-Teller-Set, Mikrowelle, Geschirrsp\u00fcler und Backofen resistent, in runden und quadratischen Formen erh\u00e4ltlich. Gro\u00dfer Vorrat, Gro\u00dfhandelsauftr\u00e4ge willkommen, schneller Versand. Kontaktieren Sie uns f\u00fcr Preise!<\/p>\n<h2>Keramikplatten Parameter<\/h2>\n<table style=\"border-collapse: collapse; width: 370.82pt;\" border=\"0\" width=\"618\" cellspacing=\"0\" cellpadding=\"0\">\n<tbody>\n<tr style=\"height: 15.60pt;\">\n<td class=\"et3\" style=\"height: 15.60pt; width: 108.00pt;\" width=\"180\" height=\"26\">Hersteller<\/td>\n<td class=\"et3\" style=\"width: 263.25pt;\" width=\"438\">Lianyuan<\/td>\n<\/tr>\n<tr style=\"height: 15.60pt;\">\n<td class=\"et3\" style=\"height: 15.60pt;\" height=\"26\">Produkttyp<\/td>\n<td class=\"et3\">Serviergeschirr, Backformen<\/td>\n<\/tr>\n<tr style=\"height: 15.60pt;\">\n<td class=\"et3\" style=\"height: 15.60pt;\" height=\"26\">Muster<\/td>\n<td class=\"et3\">Blumen<\/td>\n<\/tr>\n<tr style=\"height: 15.60pt;\">\n<td class=\"et3\" style=\"height: 15.60pt;\" height=\"26\">Farbe<\/td>\n<td class=\"et3\">Rot, gr\u00fcn<\/td>\n<\/tr>\n<tr style=\"height: 15.60pt;\">\n<td class=\"et3\" style=\"height: 15.60pt;\" height=\"26\">Material<\/td>\n<td class=\"et3\">Dauerhaftes Porzellan<\/td>\n<\/tr>\n<tr style=\"height: 15.60pt;\">\n<td class=\"et3\" style=\"height: 15.60pt;\" height=\"26\">Handwerkliches K\u00f6nnen<\/td>\n<td class=\"et3\">Inglasiertes Abziehbild und handbemalt<\/td>\n<\/tr>\n<tr style=\"height: 15.60pt;\">\n<td class=\"et3\" style=\"height: 15.60pt;\" height=\"26\">Anmeldung<\/td>\n<td class=\"et3\">Mikrowellen- und sp\u00fclmaschinenfest, backofenfest<\/td>\n<\/tr>\n<tr style=\"height: 15.60pt;\">\n<td class=\"et3\" style=\"height: 15.60pt;\" height=\"26\">Benutzerdefiniert<\/td>\n<td class=\"et3\">Farbe\/Gr\u00f6\u00dfe\/Logo\/Verpackung<\/td>\n<\/tr>\n<\/tbody>\n<\/table>","protected":false},"featured_media":2463,"comment_status":"open","ping_status":"closed","template":"","meta":{"_acf_changed":true},"product_brand":[],"product_cat":[34],"product_tag":[30,29,27],"class_list":{"0":"post-2462","1":"product","2":"type-product","3":"status-publish","4":"has-post-thumbnail","6":"product_cat-bulk-ceramic-tableware-in-stock","7":"product_tag-custom-porcelain-dinnerware","8":"product_tag-hand-painted-embossed-dinnerware-wholesale","9":"product_tag-wholesale-decal-ceramics","11":"first","12":"instock","13":"shipping-taxable","14":"product-type-simple"},"acf":[],"_links":{"self":[{"href":"https:\/\/www.lianyuanceramic.com\/de\/wp-json\/wp\/v2\/product\/2462","targetHints":{"allow":["GET"]}}],"collection":[{"href":"https:\/\/www.lianyuanceramic.com\/de\/wp-json\/wp\/v2\/product"}],"about":[{"href":"https:\/\/www.lianyuanceramic.com\/de\/wp-json\/wp\/v2\/types\/product"}],"replies":[{"embeddable":true,"href":"https:\/\/www.lianyuanceramic.com\/de\/wp-json\/wp\/v2\/comments?post=2462"}],"wp:featuredmedia":[{"embeddable":true,"href":"https:\/\/www.lianyuanceramic.com\/de\/wp-json\/wp\/v2\/media\/2463"}],"wp:attachment":[{"href":"https:\/\/www.lianyuanceramic.com\/de\/wp-json\/wp\/v2\/media?parent=2462"}],"wp:term":[{"taxonomy":"product_brand","embeddable":true,"href":"https:\/\/www.lianyuanceramic.com\/de\/wp-json\/wp\/v2\/product_brand?post=2462"},{"taxonomy":"product_cat","embeddable":true,"href":"https:\/\/www.lianyuanceramic.com\/de\/wp-json\/wp\/v2\/product_cat?post=2462"},{"taxonomy":"product_tag","embeddable":true,"href":"https:\/\/www.lianyuanceramic.com\/de\/wp-json\/wp\/v2\/product_tag?post=2462"}],"curies":[{"name":"wp","href":"https:\/\/api.w.org\/{rel}","templated":true}]}}