{"id":2431,"date":"2025-11-25T01:31:09","date_gmt":"2025-11-25T01:31:09","guid":{"rendered":"https:\/\/www.lianyuanceramic.com\/?post_type=product&#038;p=2431"},"modified":"2025-11-25T01:31:11","modified_gmt":"2025-11-25T01:31:11","slug":"bulk-ceramic-plates","status":"publish","type":"product","link":"https:\/\/www.lianyuanceramic.com\/de\/produkt\/bulk-ceramic-plates\/","title":{"rendered":"Bulk Keramik Teller Druck Blume Muster Abziehbild Abendessen Teller Set mit Doppel-Ohr-Griff"},"content":{"rendered":"<div class=\"wp-block-columns is-layout-flex wp-container-core-columns-is-layout-9d6595d7 wp-block-columns-is-layout-flex\">\n<div class=\"wp-block-column is-layout-flow wp-block-column-is-layout-flow\">\n<h2 class=\"wp-block-heading\">Keramische Platten Merkmale:<\/h2>\n\n\n\n<p><strong>Einzigartige Dekoration mit Blumenmuster<\/strong>: Die Oberfl\u00e4che des Tellers ist mit lebhaften floralen Mustern verziert, die Blumen und Zweige in verschiedenen Farben wie Blau, Gr\u00fcn, Gelb und Orange zeigen und einen k\u00fcnstlerischen Retro-Stil vermitteln.<\/p>\n\n\n\n<p><strong>Hochwertiges Material: <\/strong>Aus hochwertigem Keramikmaterial gefertigt, ist er hitzebest\u00e4ndig und leicht zu reinigen und zeichnet sich durch Langlebigkeit und Zweckm\u00e4\u00dfigkeit aus. Er erf\u00fcllt die Anforderungen des t\u00e4glichen Essens und der Aufbewahrung von Speisen nach dem Kochen.<\/p>\n\n\n\n<p><strong>Praktisches Formdesign<\/strong>: Das quadratische Design mit zwei gr\u00fcnen Griffen erleichtert die Handhabung und sorgt f\u00fcr einen einzigartigen optischen Effekt.<\/p>\n\n\n\n<p><strong>Mehrere Anwendungen<\/strong>: Geeignet zum Aufbewahren von Obst, Snacks usw., kann aber auch als dekorativer Teller verwendet werden, um den Stil eines Esszimmers oder einer Wohnumgebung zu verbessern.<\/p>\n\n\n\n<p><strong>Schnelle Lieferung: <\/strong>Gro\u00dfer Lagerbestand, schnelle Reaktion auf Bestellungen und schneller Versand. Verk\u00fcrzen Sie Ihre Wartezeit erheblich und nutzen Sie Ihre Marktchancen schnell.<\/p>\n<\/div>\n\n\n\n<div class=\"wp-block-column is-layout-flow wp-block-column-is-layout-flow\">\n<h2 class=\"wp-block-heading\">Kundenspezifische Keramik-Platten<\/h2>\n\n\n\n<p>Lianyuan bietet verschiedene individuelle Geschirroptionen an, die auf die Bed\u00fcrfnisse der Marke oder Modetrends abgestimmt sind und sich ideal f\u00fcr den privaten und gewerblichen Gebrauch eignen.<\/p>\n\n\n\n<p><strong>Entwurf:&nbsp;<\/strong>Verschiedene Formen und Muster.<\/p>\n\n\n\n<p><strong>Zusammensetzung des Sets:<\/strong>&nbsp;Individuelle Keramik-Tassensets mit Kombinationen aus Tassen, Schalen und L\u00f6ffeln.<\/p>\n\n\n\n<p><strong>Gr\u00f6\u00dfe:&nbsp;<\/strong>W\u00e4hlen Sie aus verschiedenen Gr\u00f6\u00dfen f\u00fcr unterschiedliche Mahlzeitenportionen.<\/p>\n\n\n\n<p><strong>Material:<\/strong>&nbsp;Keramik, Porzellan, Knochenporzellan oder erkundigen Sie sich nach Alternativen.<\/p>\n\n\n\n<p><strong>Handwerkliches K\u00f6nnen:&nbsp;<\/strong>Glasurabziehbilder, Ofenwechsel, handbemalt, Reliefmuster oder andere.<\/p>\n\n\n\n<p><strong>Verpackung:&nbsp;<\/strong>Bulk Pack, Farbkarton, Geschenkkarton, Pr\u00e4sentationskarton, Versandkarton, etc.<\/p>\n<\/div>\n<\/div>\n\n\n\n<div class=\"wp-block-columns is-layout-flex wp-container-core-columns-is-layout-9d6595d7 wp-block-columns-is-layout-flex\">\n<div class=\"wp-block-column is-layout-flow wp-block-column-is-layout-flow\">\n<figure class=\"wp-block-image size-full\"><img decoding=\"async\" width=\"800\" height=\"800\" src=\"https:\/\/www.lianyuanceramic.com\/wp-content\/uploads\/2025\/11\/custom-ceramic-dinner-plates.webp\" alt=\"individuelle keramische Essteller\" class=\"wp-image-2438\" srcset=\"https:\/\/www.lianyuanceramic.com\/wp-content\/uploads\/2025\/11\/custom-ceramic-dinner-plates.webp 800w, https:\/\/www.lianyuanceramic.com\/wp-content\/uploads\/2025\/11\/custom-ceramic-dinner-plates-300x300.webp 300w, https:\/\/www.lianyuanceramic.com\/wp-content\/uploads\/2025\/11\/custom-ceramic-dinner-plates-150x150.webp 150w, https:\/\/www.lianyuanceramic.com\/wp-content\/uploads\/2025\/11\/custom-ceramic-dinner-plates-768x768.webp 768w, https:\/\/www.lianyuanceramic.com\/wp-content\/uploads\/2025\/11\/custom-ceramic-dinner-plates-12x12.webp 12w, https:\/\/www.lianyuanceramic.com\/wp-content\/uploads\/2025\/11\/custom-ceramic-dinner-plates-600x600.webp 600w, https:\/\/www.lianyuanceramic.com\/wp-content\/uploads\/2025\/11\/custom-ceramic-dinner-plates-100x100.webp 100w\" sizes=\"(max-width: 800px) 100vw, 800px\" \/><\/figure>\n<\/div>\n\n\n\n<div class=\"wp-block-column is-layout-flow wp-block-column-is-layout-flow\">\n<figure class=\"wp-block-image size-full\"><img decoding=\"async\" width=\"800\" height=\"800\" src=\"https:\/\/www.lianyuanceramic.com\/wp-content\/uploads\/2025\/11\/wholesale-ceramic-hand-painted-plates.webp\" alt=\"Gro\u00dfhandel Keramik handbemalte Teller\" class=\"wp-image-2437\" srcset=\"https:\/\/www.lianyuanceramic.com\/wp-content\/uploads\/2025\/11\/wholesale-ceramic-hand-painted-plates.webp 800w, https:\/\/www.lianyuanceramic.com\/wp-content\/uploads\/2025\/11\/wholesale-ceramic-hand-painted-plates-300x300.webp 300w, https:\/\/www.lianyuanceramic.com\/wp-content\/uploads\/2025\/11\/wholesale-ceramic-hand-painted-plates-150x150.webp 150w, https:\/\/www.lianyuanceramic.com\/wp-content\/uploads\/2025\/11\/wholesale-ceramic-hand-painted-plates-768x768.webp 768w, https:\/\/www.lianyuanceramic.com\/wp-content\/uploads\/2025\/11\/wholesale-ceramic-hand-painted-plates-12x12.webp 12w, https:\/\/www.lianyuanceramic.com\/wp-content\/uploads\/2025\/11\/wholesale-ceramic-hand-painted-plates-600x600.webp 600w, https:\/\/www.lianyuanceramic.com\/wp-content\/uploads\/2025\/11\/wholesale-ceramic-hand-painted-plates-100x100.webp 100w\" sizes=\"(max-width: 800px) 100vw, 800px\" \/><\/figure>\n<\/div>\n<\/div>\n\n\n\n<p><\/p>","protected":false},"excerpt":{"rendered":"<p><span class=\"a-list-item\">Die gro\u00dfen Keramikteller von Lianyuan sind mit einem handgemalten Blumendekor versehen. Sie sind mikrowellen-, sp\u00fclmaschinen-, gefrierschrank- und ofenfest und behalten dabei ihre Sch\u00f6nheit. So lassen sich Mahlzeiten m\u00fchelos vorbereiten, servieren und abwaschen, sowohl f\u00fcr zwanglose Mahlzeiten als auch f\u00fcr besondere Anl\u00e4sse. Gro\u00dfbestellungen sind m\u00f6glich. Bitte kontaktieren Sie uns, um weitere Produktinformationen zu erhalten!<\/span><\/p>\n<h2>Keramikplatte Parameter<\/h2>\n<table style=\"border-collapse: collapse; width: 370.82pt;\" border=\"0\" width=\"618\" cellspacing=\"0\" cellpadding=\"0\">\n<tbody>\n<tr style=\"height: 15.60pt;\">\n<td class=\"et3\" style=\"height: 15.60pt; width: 108.00pt;\" width=\"180\" height=\"26\">Hersteller<\/td>\n<td class=\"et3\" style=\"width: 263.25pt;\" width=\"438\">Lianyuan<\/td>\n<\/tr>\n<tr style=\"height: 15.60pt;\">\n<td class=\"et3\" style=\"height: 15.60pt;\" height=\"26\">Produkttyp<\/td>\n<td class=\"et3\">Serviergeschirr, Backformen<\/td>\n<\/tr>\n<tr style=\"height: 15.60pt;\">\n<td class=\"et3\" style=\"height: 15.60pt;\" height=\"26\">Muster<\/td>\n<td class=\"et3\">Blumen<\/td>\n<\/tr>\n<tr style=\"height: 15.60pt;\">\n<td class=\"et3\" style=\"height: 15.60pt;\" height=\"26\">Farbe<\/td>\n<td class=\"et3\">Rot, Gr\u00fcn<\/td>\n<\/tr>\n<tr style=\"height: 15.60pt;\">\n<td class=\"et3\" style=\"height: 15.60pt;\" height=\"26\">Material<\/td>\n<td class=\"et3\">Dauerhaftes Porzellan<\/td>\n<\/tr>\n<tr style=\"height: 15.60pt;\">\n<td class=\"et3\" style=\"height: 15.60pt;\" height=\"26\">Handwerkliches K\u00f6nnen<\/td>\n<td class=\"et3\">Inglasiertes Abziehbild und handbemalt<\/td>\n<\/tr>\n<tr style=\"height: 15.60pt;\">\n<td class=\"et3\" style=\"height: 15.60pt;\" height=\"26\">Anmeldung<\/td>\n<td class=\"et3\">Mikrowellen- und sp\u00fclmaschinenfest, ofenfest<\/td>\n<\/tr>\n<tr style=\"height: 15.60pt;\">\n<td class=\"et3\" style=\"height: 15.60pt;\" height=\"26\">Benutzerdefiniert<\/td>\n<td class=\"et3\">Farbe\/Gr\u00f6\u00dfe\/Logo\/Verpackung<\/td>\n<\/tr>\n<\/tbody>\n<\/table>","protected":false},"featured_media":2432,"comment_status":"open","ping_status":"closed","template":"","meta":{"_acf_changed":false},"product_brand":[],"product_cat":[34],"product_tag":[30,29,27],"class_list":{"0":"post-2431","1":"product","2":"type-product","3":"status-publish","4":"has-post-thumbnail","6":"product_cat-bulk-ceramic-tableware-in-stock","7":"product_tag-custom-porcelain-dinnerware","8":"product_tag-hand-painted-embossed-dinnerware-wholesale","9":"product_tag-wholesale-decal-ceramics","11":"first","12":"instock","13":"shipping-taxable","14":"product-type-simple"},"acf":[],"_links":{"self":[{"href":"https:\/\/www.lianyuanceramic.com\/de\/wp-json\/wp\/v2\/product\/2431","targetHints":{"allow":["GET"]}}],"collection":[{"href":"https:\/\/www.lianyuanceramic.com\/de\/wp-json\/wp\/v2\/product"}],"about":[{"href":"https:\/\/www.lianyuanceramic.com\/de\/wp-json\/wp\/v2\/types\/product"}],"replies":[{"embeddable":true,"href":"https:\/\/www.lianyuanceramic.com\/de\/wp-json\/wp\/v2\/comments?post=2431"}],"wp:featuredmedia":[{"embeddable":true,"href":"https:\/\/www.lianyuanceramic.com\/de\/wp-json\/wp\/v2\/media\/2432"}],"wp:attachment":[{"href":"https:\/\/www.lianyuanceramic.com\/de\/wp-json\/wp\/v2\/media?parent=2431"}],"wp:term":[{"taxonomy":"product_brand","embeddable":true,"href":"https:\/\/www.lianyuanceramic.com\/de\/wp-json\/wp\/v2\/product_brand?post=2431"},{"taxonomy":"product_cat","embeddable":true,"href":"https:\/\/www.lianyuanceramic.com\/de\/wp-json\/wp\/v2\/product_cat?post=2431"},{"taxonomy":"product_tag","embeddable":true,"href":"https:\/\/www.lianyuanceramic.com\/de\/wp-json\/wp\/v2\/product_tag?post=2431"}],"curies":[{"name":"wp","href":"https:\/\/api.w.org\/{rel}","templated":true}]}}